
{"id":9820,"date":"2022-09-17T14:54:36","date_gmt":"2022-09-17T20:54:36","guid":{"rendered":"https:\/\/dev.alberta.college\/?post_type=product&#038;p=9820"},"modified":"2024-03-28T13:11:21","modified_gmt":"2024-03-28T19:11:21","slug":"the-royal-alberta-college-and-ibm-introduction-to-emerging-technology","status":"publish","type":"product","link":"https:\/\/alberta.college\/fr\/courses\/the-royal-alberta-college-and-ibm-introduction-to-emerging-technology\/","title":{"rendered":"Le Royal Alberta College et IBM \u2013 Introduction aux technologies \u00e9mergentes"},"content":{"rendered":"<p><span style=\"font-weight: 400;\">Dans ce cours, les apprenants b\u00e9n\u00e9ficieront d&#039;une introduction \u00e0 six technologies \u00e9mergentes qui alimentent les emplois d&#039;aujourd&#039;hui. Vous en apprendrez un peu plus sur chacun d&#039;eux, comme les concepts fondamentaux, la terminologie et la fa\u00e7on dont ils sont utilis\u00e9s, puis vous pourrez d\u00e9cider o\u00f9 vous souhaitez approfondir.\u00a0<\/span><\/p>\n<p><span style=\"font-weight: 400;\">R\u00e9sultat de l&#039;apprenant\u00a0:\u00a0<\/span><\/p>\n<ul>\n<li><span style=\"font-weight: 400;\">Diff\u00e9rentes fa\u00e7ons de stocker et de g\u00e9rer les donn\u00e9es avec la derni\u00e8re technologie cloud<\/span><\/li>\n<li><span style=\"font-weight: 400;\">Compr\u00e9hension de la blockchain et des multiples langages de programmation couramment utilis\u00e9s dans la technologie actuelle\u00a0<\/span><\/li>\n<li><span style=\"font-weight: 400;\">Isolez les cyberattaques et \u00e9liminez la menace<\/span><\/li>\n<li><span style=\"font-weight: 400;\">Comment stocker les donn\u00e9es et comment fonctionne l&#039;analyse des donn\u00e9es <\/span><\/li>\n<\/ul>","protected":false},"excerpt":{"rendered":"<p>Dans ce cours, les apprenants b\u00e9n\u00e9ficieront d&#039;une introduction \u00e0 six technologies \u00e9mergentes qui alimentent les emplois d&#039;aujourd&#039;hui. Vous en apprendrez un peu plus sur chacun d&#039;eux, comme les concepts fondamentaux, la terminologie et la fa\u00e7on dont ils sont utilis\u00e9s, puis [\u2026]<\/p>","protected":false},"featured_media":9839,"template":"","meta":[],"product_cat":[75],"product_tag":[87],"yoast_head":"<!-- This site is optimized with the Yoast SEO plugin v23.5 - https:\/\/yoast.com\/wordpress\/plugins\/seo\/ -->\n<title>The Royal Alberta College and IBM \u2013 Introduction to Emerging Technology - The Royal Alberta College<\/title>\n<meta name=\"robots\" content=\"index, follow, max-snippet:-1, max-image-preview:large, max-video-preview:-1\" \/>\n<link rel=\"canonical\" href=\"https:\/\/www.alberta.college\/courses\/the-royal-alberta-college-and-ibm-introduction-to-emerging-technology\/\" \/>\n<meta property=\"og:locale\" content=\"fr_CA\" \/>\n<meta property=\"og:type\" content=\"article\" \/>\n<meta property=\"og:title\" content=\"The Royal Alberta College and IBM \u2013 Introduction to Emerging Technology - The Royal Alberta College\" \/>\n<meta property=\"og:description\" content=\"In this course, learners will get an introduction to six emerging technologies that power today&#8217;s jobs. You&#8217;ll learn a little about each\u2014like foundational concepts, terminology, and how it&#8217;s used\u2014and then [&hellip;]\" \/>\n<meta property=\"og:url\" content=\"https:\/\/www.alberta.college\/courses\/the-royal-alberta-college-and-ibm-introduction-to-emerging-technology\/\" \/>\n<meta property=\"og:site_name\" content=\"The Royal Alberta College\" \/>\n<meta property=\"article:publisher\" content=\"https:\/\/www.facebook.com\/RoyalAlbertaCollege\" \/>\n<meta property=\"article:modified_time\" content=\"2024-03-28T19:11:21+00:00\" \/>\n<meta property=\"og:image\" content=\"https:\/\/www.alberta.college\/wp-content\/uploads\/2022\/09\/Intro-to-Emerging-Technology.png\" \/>\n\t<meta property=\"og:image:width\" content=\"2432\" \/>\n\t<meta property=\"og:image:height\" content=\"1460\" \/>\n\t<meta property=\"og:image:type\" content=\"image\/png\" \/>\n<meta name=\"twitter:card\" content=\"summary_large_image\" \/>\n<meta name=\"twitter:site\" content=\"@alberta_college\" \/>\n<meta name=\"twitter:label1\" content=\"Estimation du temps de lecture\" \/>\n\t<meta name=\"twitter:data1\" content=\"1 minute\" \/>\n<script type=\"application\/ld+json\" class=\"yoast-schema-graph\">{\"@context\":\"https:\/\/schema.org\",\"@graph\":[{\"@type\":\"WebPage\",\"@id\":\"https:\/\/www.alberta.college\/courses\/the-royal-alberta-college-and-ibm-introduction-to-emerging-technology\/\",\"url\":\"https:\/\/www.alberta.college\/courses\/the-royal-alberta-college-and-ibm-introduction-to-emerging-technology\/\",\"name\":\"The Royal Alberta College and IBM \u2013 Introduction to Emerging Technology - The Royal Alberta College\",\"isPartOf\":{\"@id\":\"https:\/\/www.alberta.college\/fr\/#website\"},\"primaryImageOfPage\":{\"@id\":\"https:\/\/www.alberta.college\/courses\/the-royal-alberta-college-and-ibm-introduction-to-emerging-technology\/#primaryimage\"},\"image\":{\"@id\":\"https:\/\/www.alberta.college\/courses\/the-royal-alberta-college-and-ibm-introduction-to-emerging-technology\/#primaryimage\"},\"thumbnailUrl\":\"https:\/\/alberta.college\/wp-content\/uploads\/2022\/09\/Intro-to-Emerging-Technology.png\",\"datePublished\":\"2022-09-17T20:54:36+00:00\",\"dateModified\":\"2024-03-28T19:11:21+00:00\",\"breadcrumb\":{\"@id\":\"https:\/\/www.alberta.college\/courses\/the-royal-alberta-college-and-ibm-introduction-to-emerging-technology\/#breadcrumb\"},\"inLanguage\":\"fr-CA\",\"potentialAction\":[{\"@type\":\"ReadAction\",\"target\":[\"https:\/\/www.alberta.college\/courses\/the-royal-alberta-college-and-ibm-introduction-to-emerging-technology\/\"]}]},{\"@type\":\"ImageObject\",\"inLanguage\":\"fr-CA\",\"@id\":\"https:\/\/www.alberta.college\/courses\/the-royal-alberta-college-and-ibm-introduction-to-emerging-technology\/#primaryimage\",\"url\":\"https:\/\/alberta.college\/wp-content\/uploads\/2022\/09\/Intro-to-Emerging-Technology.png\",\"contentUrl\":\"https:\/\/alberta.college\/wp-content\/uploads\/2022\/09\/Intro-to-Emerging-Technology.png\",\"width\":2432,\"height\":1460},{\"@type\":\"BreadcrumbList\",\"@id\":\"https:\/\/www.alberta.college\/courses\/the-royal-alberta-college-and-ibm-introduction-to-emerging-technology\/#breadcrumb\",\"itemListElement\":[{\"@type\":\"ListItem\",\"position\":1,\"name\":\"Home\",\"item\":\"https:\/\/www.alberta.college\/fr\/\"},{\"@type\":\"ListItem\",\"position\":2,\"name\":\"Shop\",\"item\":\"https:\/\/alberta.college\/fr\/shop\/\"},{\"@type\":\"ListItem\",\"position\":3,\"name\":\"The Royal Alberta College and IBM \u2013 Introduction to Emerging Technology\"}]},{\"@type\":\"WebSite\",\"@id\":\"https:\/\/www.alberta.college\/fr\/#website\",\"url\":\"https:\/\/www.alberta.college\/fr\/\",\"name\":\"The Royal Alberta College\",\"description\":\"High-Quality Affordable, Accessible Education for everyone\",\"publisher\":{\"@id\":\"https:\/\/www.alberta.college\/fr\/#organization\"},\"potentialAction\":[{\"@type\":\"SearchAction\",\"target\":{\"@type\":\"EntryPoint\",\"urlTemplate\":\"https:\/\/www.alberta.college\/fr\/?s={search_term_string}\"},\"query-input\":{\"@type\":\"PropertyValueSpecification\",\"valueRequired\":true,\"valueName\":\"search_term_string\"}}],\"inLanguage\":\"fr-CA\"},{\"@type\":\"Organization\",\"@id\":\"https:\/\/www.alberta.college\/fr\/#organization\",\"name\":\"The Royal Alberta College\",\"url\":\"https:\/\/www.alberta.college\/fr\/\",\"logo\":{\"@type\":\"ImageObject\",\"inLanguage\":\"fr-CA\",\"@id\":\"https:\/\/www.alberta.college\/fr\/#\/schema\/logo\/image\/\",\"url\":\"https:\/\/alberta.college\/wp-content\/uploads\/2021\/05\/rac-logo.png\",\"contentUrl\":\"https:\/\/alberta.college\/wp-content\/uploads\/2021\/05\/rac-logo.png\",\"width\":400,\"height\":242,\"caption\":\"The Royal Alberta College\"},\"image\":{\"@id\":\"https:\/\/www.alberta.college\/fr\/#\/schema\/logo\/image\/\"},\"sameAs\":[\"https:\/\/www.facebook.com\/RoyalAlbertaCollege\",\"https:\/\/x.com\/alberta_college\"]}]}<\/script>\n<!-- \/ Yoast SEO plugin. -->","yoast_head_json":{"title":"The Royal Alberta College and IBM \u2013 Introduction to Emerging Technology - The Royal Alberta College","robots":{"index":"index","follow":"follow","max-snippet":"max-snippet:-1","max-image-preview":"max-image-preview:large","max-video-preview":"max-video-preview:-1"},"canonical":"https:\/\/www.alberta.college\/courses\/the-royal-alberta-college-and-ibm-introduction-to-emerging-technology\/","og_locale":"fr_CA","og_type":"article","og_title":"The Royal Alberta College and IBM \u2013 Introduction to Emerging Technology - The Royal Alberta College","og_description":"In this course, learners will get an introduction to six emerging technologies that power today&#8217;s jobs. You&#8217;ll learn a little about each\u2014like foundational concepts, terminology, and how it&#8217;s used\u2014and then [&hellip;]","og_url":"https:\/\/www.alberta.college\/courses\/the-royal-alberta-college-and-ibm-introduction-to-emerging-technology\/","og_site_name":"The Royal Alberta College","article_publisher":"https:\/\/www.facebook.com\/RoyalAlbertaCollege","article_modified_time":"2024-03-28T19:11:21+00:00","og_image":[{"width":2432,"height":1460,"url":"https:\/\/www.alberta.college\/wp-content\/uploads\/2022\/09\/Intro-to-Emerging-Technology.png","type":"image\/png"}],"twitter_card":"summary_large_image","twitter_site":"@alberta_college","twitter_misc":{"Estimation du temps de lecture":"1 minute"},"schema":{"@context":"https:\/\/schema.org","@graph":[{"@type":"WebPage","@id":"https:\/\/www.alberta.college\/courses\/the-royal-alberta-college-and-ibm-introduction-to-emerging-technology\/","url":"https:\/\/www.alberta.college\/courses\/the-royal-alberta-college-and-ibm-introduction-to-emerging-technology\/","name":"The Royal Alberta College and IBM \u2013 Introduction to Emerging Technology - The Royal Alberta College","isPartOf":{"@id":"https:\/\/www.alberta.college\/fr\/#website"},"primaryImageOfPage":{"@id":"https:\/\/www.alberta.college\/courses\/the-royal-alberta-college-and-ibm-introduction-to-emerging-technology\/#primaryimage"},"image":{"@id":"https:\/\/www.alberta.college\/courses\/the-royal-alberta-college-and-ibm-introduction-to-emerging-technology\/#primaryimage"},"thumbnailUrl":"https:\/\/alberta.college\/wp-content\/uploads\/2022\/09\/Intro-to-Emerging-Technology.png","datePublished":"2022-09-17T20:54:36+00:00","dateModified":"2024-03-28T19:11:21+00:00","breadcrumb":{"@id":"https:\/\/www.alberta.college\/courses\/the-royal-alberta-college-and-ibm-introduction-to-emerging-technology\/#breadcrumb"},"inLanguage":"fr-CA","potentialAction":[{"@type":"ReadAction","target":["https:\/\/www.alberta.college\/courses\/the-royal-alberta-college-and-ibm-introduction-to-emerging-technology\/"]}]},{"@type":"ImageObject","inLanguage":"fr-CA","@id":"https:\/\/www.alberta.college\/courses\/the-royal-alberta-college-and-ibm-introduction-to-emerging-technology\/#primaryimage","url":"https:\/\/alberta.college\/wp-content\/uploads\/2022\/09\/Intro-to-Emerging-Technology.png","contentUrl":"https:\/\/alberta.college\/wp-content\/uploads\/2022\/09\/Intro-to-Emerging-Technology.png","width":2432,"height":1460},{"@type":"BreadcrumbList","@id":"https:\/\/www.alberta.college\/courses\/the-royal-alberta-college-and-ibm-introduction-to-emerging-technology\/#breadcrumb","itemListElement":[{"@type":"ListItem","position":1,"name":"Home","item":"https:\/\/www.alberta.college\/fr\/"},{"@type":"ListItem","position":2,"name":"Shop","item":"https:\/\/alberta.college\/fr\/shop\/"},{"@type":"ListItem","position":3,"name":"The Royal Alberta College and IBM \u2013 Introduction to Emerging Technology"}]},{"@type":"WebSite","@id":"https:\/\/www.alberta.college\/fr\/#website","url":"https:\/\/www.alberta.college\/fr\/","name":"The Royal Alberta College","description":"High-Quality Affordable, Accessible Education for everyone","publisher":{"@id":"https:\/\/www.alberta.college\/fr\/#organization"},"potentialAction":[{"@type":"SearchAction","target":{"@type":"EntryPoint","urlTemplate":"https:\/\/www.alberta.college\/fr\/?s={search_term_string}"},"query-input":{"@type":"PropertyValueSpecification","valueRequired":true,"valueName":"search_term_string"}}],"inLanguage":"fr-CA"},{"@type":"Organization","@id":"https:\/\/www.alberta.college\/fr\/#organization","name":"The Royal Alberta College","url":"https:\/\/www.alberta.college\/fr\/","logo":{"@type":"ImageObject","inLanguage":"fr-CA","@id":"https:\/\/www.alberta.college\/fr\/#\/schema\/logo\/image\/","url":"https:\/\/alberta.college\/wp-content\/uploads\/2021\/05\/rac-logo.png","contentUrl":"https:\/\/alberta.college\/wp-content\/uploads\/2021\/05\/rac-logo.png","width":400,"height":242,"caption":"The Royal Alberta College"},"image":{"@id":"https:\/\/www.alberta.college\/fr\/#\/schema\/logo\/image\/"},"sameAs":["https:\/\/www.facebook.com\/RoyalAlbertaCollege","https:\/\/x.com\/alberta_college"]}]}},"jetpack_sharing_enabled":true,"_links":{"self":[{"href":"https:\/\/alberta.college\/fr\/wp-json\/wp\/v2\/product\/9820"}],"collection":[{"href":"https:\/\/alberta.college\/fr\/wp-json\/wp\/v2\/product"}],"about":[{"href":"https:\/\/alberta.college\/fr\/wp-json\/wp\/v2\/types\/product"}],"wp:featuredmedia":[{"embeddable":true,"href":"https:\/\/alberta.college\/fr\/wp-json\/wp\/v2\/media\/9839"}],"wp:attachment":[{"href":"https:\/\/alberta.college\/fr\/wp-json\/wp\/v2\/media?parent=9820"}],"wp:term":[{"taxonomy":"product_cat","embeddable":true,"href":"https:\/\/alberta.college\/fr\/wp-json\/wp\/v2\/product_cat?post=9820"},{"taxonomy":"product_tag","embeddable":true,"href":"https:\/\/alberta.college\/fr\/wp-json\/wp\/v2\/product_tag?post=9820"}],"curies":[{"name":"wp","href":"https:\/\/api.w.org\/{rel}","templated":true}]}}