
{"id":27740,"date":"2025-01-21T13:54:51","date_gmt":"2025-01-21T20:54:51","guid":{"rendered":"https:\/\/alberta.college\/?post_type=product&#038;p=27740"},"modified":"2025-01-21T14:15:06","modified_gmt":"2025-01-21T21:15:06","slug":"rac-google-ai","status":"publish","type":"product","link":"https:\/\/alberta.college\/fr\/courses\/rac-google-ai\/","title":{"rendered":"RAC \u2013 Programme d\u2019intelligence artificielle de Google"},"content":{"rendered":"<h2 class=\"m-r-1 m-b-0 bold headline-4-text\">A propos de ce Certificat Professionnel<\/h2>\n<div class=\"m-t-1 m-b-3 description\" data-e2e=\"description\">\n<div class=\"description\">\n<div class=\"rc-CML override-cml-headers\" dir=\"auto\">\n<div class=\"css-18w79dz\" data-testid=\"cml-viewer\">\n<p>Google AI Essentials est un cours en autonomie con\u00e7u pour aider les personnes de tous les m\u00e9tiers et de tous les secteurs \u00e0 acqu\u00e9rir les comp\u00e9tences essentielles en IA pour accro\u00eetre leur productivit\u00e9, sans aucune exp\u00e9rience requise. Le cours est dispens\u00e9 par des experts en IA de Google qui s&#039;efforcent de rendre cette technologie utile \u00e0 tous.<\/p>\n<p aria-hidden=\"false\">En moins de 10 heures, ils feront plus que vous enseigner l&#039;IA : ils vous montreront comment l&#039;utiliser dans le monde r\u00e9el. Bloqu\u00e9 au d\u00e9but d&#039;un projet ? Vous apprendrez \u00e0 utiliser les outils d&#039;IA pour g\u00e9n\u00e9rer des id\u00e9es et du contenu. Vous planifiez un \u00e9v\u00e9nement ? Vous utiliserez les outils d&#039;IA pour vous aider \u00e0 rechercher, \u00e0 organiser et \u00e0 prendre des d\u00e9cisions plus \u00e9clair\u00e9es. Vous vous noyez dans une bo\u00eete de r\u00e9ception inond\u00e9e ? Vous utiliserez les outils d&#039;IA pour acc\u00e9l\u00e9rer ces t\u00e2ches de travail quotidiennes, comme la r\u00e9daction de r\u00e9ponses par e-mail. Vous apprendrez \u00e9galement \u00e0 r\u00e9diger des invites efficaces et \u00e0 utiliser l&#039;IA de mani\u00e8re responsable en identifiant les biais potentiels de l&#039;IA et en \u00e9vitant de nuire. Une fois le cours termin\u00e9, vous obtiendrez un certificat de Google \u00e0 partager avec votre r\u00e9seau et vos employeurs potentiels. En utilisant l&#039;IA comme un outil de collaboration utile, vous pouvez vous pr\u00e9parer \u00e0 r\u00e9ussir dans le milieu de travail dynamique d&#039;aujourd&#039;hui - et vous n&#039;avez m\u00eame pas besoin de comp\u00e9tences en programmation pour l&#039;utiliser.<\/p>\n<\/div>\n<\/div>\n<\/div>\n<\/div>","protected":false},"excerpt":{"rendered":"<p>\u00c0 propos de ce certificat professionnel Google AI Essentials est un cours \u00e0 rythme libre con\u00e7u pour aider les personnes de tous les r\u00f4les et de tous les secteurs \u00e0 acqu\u00e9rir des comp\u00e9tences essentielles en IA pour augmenter leur productivit\u00e9, aucune exp\u00e9rience requise. [\u2026]<\/p>","protected":false},"featured_media":20922,"template":"","meta":[],"product_cat":[97],"product_tag":[86,87],"yoast_head":"<!-- This site is optimized with the Yoast SEO plugin v23.5 - https:\/\/yoast.com\/wordpress\/plugins\/seo\/ -->\n<title>RAC - Google Artificial Intelligence Program - The Royal Alberta College<\/title>\n<meta name=\"robots\" content=\"index, follow, max-snippet:-1, max-image-preview:large, max-video-preview:-1\" \/>\n<link rel=\"canonical\" href=\"https:\/\/www.alberta.college\/fr\/courses\/rac-google-ai\/\" \/>\n<meta property=\"og:locale\" content=\"fr_CA\" \/>\n<meta property=\"og:type\" content=\"article\" \/>\n<meta property=\"og:title\" content=\"RAC - Google Artificial Intelligence Program - The Royal Alberta College\" \/>\n<meta property=\"og:description\" content=\"About this Professional Certificate Google AI Essentials is a self-paced course designed to help people across roles and industries get essential AI skills to boost their productivity, zero experience required. [&hellip;]\" \/>\n<meta property=\"og:url\" content=\"https:\/\/www.alberta.college\/fr\/courses\/rac-google-ai\/\" \/>\n<meta property=\"og:site_name\" content=\"The Royal Alberta College\" \/>\n<meta property=\"article:publisher\" content=\"https:\/\/www.facebook.com\/RoyalAlbertaCollege\" \/>\n<meta property=\"article:modified_time\" content=\"2025-01-21T21:15:06+00:00\" \/>\n<meta property=\"og:image\" content=\"https:\/\/www.alberta.college\/wp-content\/uploads\/2023\/05\/Cybersecurity.png\" \/>\n\t<meta property=\"og:image:width\" content=\"2432\" \/>\n\t<meta property=\"og:image:height\" content=\"1460\" \/>\n\t<meta property=\"og:image:type\" content=\"image\/png\" \/>\n<meta name=\"twitter:card\" content=\"summary_large_image\" \/>\n<meta name=\"twitter:site\" content=\"@alberta_college\" \/>\n<meta name=\"twitter:label1\" content=\"Estimation du temps de lecture\" \/>\n\t<meta name=\"twitter:data1\" content=\"2 minutes\" \/>\n<script type=\"application\/ld+json\" class=\"yoast-schema-graph\">{\"@context\":\"https:\/\/schema.org\",\"@graph\":[{\"@type\":\"WebPage\",\"@id\":\"https:\/\/www.alberta.college\/fr\/courses\/rac-google-ai\/\",\"url\":\"https:\/\/www.alberta.college\/fr\/courses\/rac-google-ai\/\",\"name\":\"RAC - Google Artificial Intelligence Program - The Royal Alberta College\",\"isPartOf\":{\"@id\":\"https:\/\/www.alberta.college\/fr\/#website\"},\"primaryImageOfPage\":{\"@id\":\"https:\/\/www.alberta.college\/fr\/courses\/rac-google-ai\/#primaryimage\"},\"image\":{\"@id\":\"https:\/\/www.alberta.college\/fr\/courses\/rac-google-ai\/#primaryimage\"},\"thumbnailUrl\":\"https:\/\/alberta.college\/wp-content\/uploads\/2023\/05\/Cybersecurity.png\",\"datePublished\":\"2025-01-21T20:54:51+00:00\",\"dateModified\":\"2025-01-21T21:15:06+00:00\",\"breadcrumb\":{\"@id\":\"https:\/\/www.alberta.college\/fr\/courses\/rac-google-ai\/#breadcrumb\"},\"inLanguage\":\"fr-CA\",\"potentialAction\":[{\"@type\":\"ReadAction\",\"target\":[\"https:\/\/www.alberta.college\/fr\/courses\/rac-google-ai\/\"]}]},{\"@type\":\"ImageObject\",\"inLanguage\":\"fr-CA\",\"@id\":\"https:\/\/www.alberta.college\/fr\/courses\/rac-google-ai\/#primaryimage\",\"url\":\"https:\/\/alberta.college\/wp-content\/uploads\/2023\/05\/Cybersecurity.png\",\"contentUrl\":\"https:\/\/alberta.college\/wp-content\/uploads\/2023\/05\/Cybersecurity.png\",\"width\":2432,\"height\":1460},{\"@type\":\"BreadcrumbList\",\"@id\":\"https:\/\/www.alberta.college\/fr\/courses\/rac-google-ai\/#breadcrumb\",\"itemListElement\":[{\"@type\":\"ListItem\",\"position\":1,\"name\":\"Home\",\"item\":\"https:\/\/www.alberta.college\/fr\/\"},{\"@type\":\"ListItem\",\"position\":2,\"name\":\"Shop\",\"item\":\"https:\/\/alberta.college\/fr\/shop\/\"},{\"@type\":\"ListItem\",\"position\":3,\"name\":\"RAC &#8211; Google Artificial Intelligence Program\"}]},{\"@type\":\"WebSite\",\"@id\":\"https:\/\/www.alberta.college\/fr\/#website\",\"url\":\"https:\/\/www.alberta.college\/fr\/\",\"name\":\"The Royal Alberta College\",\"description\":\"High-Quality Affordable, Accessible Education for everyone\",\"publisher\":{\"@id\":\"https:\/\/www.alberta.college\/fr\/#organization\"},\"potentialAction\":[{\"@type\":\"SearchAction\",\"target\":{\"@type\":\"EntryPoint\",\"urlTemplate\":\"https:\/\/www.alberta.college\/fr\/?s={search_term_string}\"},\"query-input\":{\"@type\":\"PropertyValueSpecification\",\"valueRequired\":true,\"valueName\":\"search_term_string\"}}],\"inLanguage\":\"fr-CA\"},{\"@type\":\"Organization\",\"@id\":\"https:\/\/www.alberta.college\/fr\/#organization\",\"name\":\"The Royal Alberta College\",\"url\":\"https:\/\/www.alberta.college\/fr\/\",\"logo\":{\"@type\":\"ImageObject\",\"inLanguage\":\"fr-CA\",\"@id\":\"https:\/\/www.alberta.college\/fr\/#\/schema\/logo\/image\/\",\"url\":\"https:\/\/alberta.college\/wp-content\/uploads\/2021\/05\/rac-logo.png\",\"contentUrl\":\"https:\/\/alberta.college\/wp-content\/uploads\/2021\/05\/rac-logo.png\",\"width\":400,\"height\":242,\"caption\":\"The Royal Alberta College\"},\"image\":{\"@id\":\"https:\/\/www.alberta.college\/fr\/#\/schema\/logo\/image\/\"},\"sameAs\":[\"https:\/\/www.facebook.com\/RoyalAlbertaCollege\",\"https:\/\/x.com\/alberta_college\"]}]}<\/script>\n<!-- \/ Yoast SEO plugin. -->","yoast_head_json":{"title":"RAC - Google Artificial Intelligence Program - The Royal Alberta College","robots":{"index":"index","follow":"follow","max-snippet":"max-snippet:-1","max-image-preview":"max-image-preview:large","max-video-preview":"max-video-preview:-1"},"canonical":"https:\/\/www.alberta.college\/fr\/courses\/rac-google-ai\/","og_locale":"fr_CA","og_type":"article","og_title":"RAC - Google Artificial Intelligence Program - The Royal Alberta College","og_description":"About this Professional Certificate Google AI Essentials is a self-paced course designed to help people across roles and industries get essential AI skills to boost their productivity, zero experience required. [&hellip;]","og_url":"https:\/\/www.alberta.college\/fr\/courses\/rac-google-ai\/","og_site_name":"The Royal Alberta College","article_publisher":"https:\/\/www.facebook.com\/RoyalAlbertaCollege","article_modified_time":"2025-01-21T21:15:06+00:00","og_image":[{"width":2432,"height":1460,"url":"https:\/\/www.alberta.college\/wp-content\/uploads\/2023\/05\/Cybersecurity.png","type":"image\/png"}],"twitter_card":"summary_large_image","twitter_site":"@alberta_college","twitter_misc":{"Estimation du temps de lecture":"2 minutes"},"schema":{"@context":"https:\/\/schema.org","@graph":[{"@type":"WebPage","@id":"https:\/\/www.alberta.college\/fr\/courses\/rac-google-ai\/","url":"https:\/\/www.alberta.college\/fr\/courses\/rac-google-ai\/","name":"RAC - Google Artificial Intelligence Program - The Royal Alberta College","isPartOf":{"@id":"https:\/\/www.alberta.college\/fr\/#website"},"primaryImageOfPage":{"@id":"https:\/\/www.alberta.college\/fr\/courses\/rac-google-ai\/#primaryimage"},"image":{"@id":"https:\/\/www.alberta.college\/fr\/courses\/rac-google-ai\/#primaryimage"},"thumbnailUrl":"https:\/\/alberta.college\/wp-content\/uploads\/2023\/05\/Cybersecurity.png","datePublished":"2025-01-21T20:54:51+00:00","dateModified":"2025-01-21T21:15:06+00:00","breadcrumb":{"@id":"https:\/\/www.alberta.college\/fr\/courses\/rac-google-ai\/#breadcrumb"},"inLanguage":"fr-CA","potentialAction":[{"@type":"ReadAction","target":["https:\/\/www.alberta.college\/fr\/courses\/rac-google-ai\/"]}]},{"@type":"ImageObject","inLanguage":"fr-CA","@id":"https:\/\/www.alberta.college\/fr\/courses\/rac-google-ai\/#primaryimage","url":"https:\/\/alberta.college\/wp-content\/uploads\/2023\/05\/Cybersecurity.png","contentUrl":"https:\/\/alberta.college\/wp-content\/uploads\/2023\/05\/Cybersecurity.png","width":2432,"height":1460},{"@type":"BreadcrumbList","@id":"https:\/\/www.alberta.college\/fr\/courses\/rac-google-ai\/#breadcrumb","itemListElement":[{"@type":"ListItem","position":1,"name":"Home","item":"https:\/\/www.alberta.college\/fr\/"},{"@type":"ListItem","position":2,"name":"Shop","item":"https:\/\/alberta.college\/fr\/shop\/"},{"@type":"ListItem","position":3,"name":"RAC &#8211; Google Artificial Intelligence Program"}]},{"@type":"WebSite","@id":"https:\/\/www.alberta.college\/fr\/#website","url":"https:\/\/www.alberta.college\/fr\/","name":"The Royal Alberta College","description":"High-Quality Affordable, Accessible Education for everyone","publisher":{"@id":"https:\/\/www.alberta.college\/fr\/#organization"},"potentialAction":[{"@type":"SearchAction","target":{"@type":"EntryPoint","urlTemplate":"https:\/\/www.alberta.college\/fr\/?s={search_term_string}"},"query-input":{"@type":"PropertyValueSpecification","valueRequired":true,"valueName":"search_term_string"}}],"inLanguage":"fr-CA"},{"@type":"Organization","@id":"https:\/\/www.alberta.college\/fr\/#organization","name":"The Royal Alberta College","url":"https:\/\/www.alberta.college\/fr\/","logo":{"@type":"ImageObject","inLanguage":"fr-CA","@id":"https:\/\/www.alberta.college\/fr\/#\/schema\/logo\/image\/","url":"https:\/\/alberta.college\/wp-content\/uploads\/2021\/05\/rac-logo.png","contentUrl":"https:\/\/alberta.college\/wp-content\/uploads\/2021\/05\/rac-logo.png","width":400,"height":242,"caption":"The Royal Alberta College"},"image":{"@id":"https:\/\/www.alberta.college\/fr\/#\/schema\/logo\/image\/"},"sameAs":["https:\/\/www.facebook.com\/RoyalAlbertaCollege","https:\/\/x.com\/alberta_college"]}]}},"jetpack_sharing_enabled":true,"_links":{"self":[{"href":"https:\/\/alberta.college\/fr\/wp-json\/wp\/v2\/product\/27740"}],"collection":[{"href":"https:\/\/alberta.college\/fr\/wp-json\/wp\/v2\/product"}],"about":[{"href":"https:\/\/alberta.college\/fr\/wp-json\/wp\/v2\/types\/product"}],"wp:featuredmedia":[{"embeddable":true,"href":"https:\/\/alberta.college\/fr\/wp-json\/wp\/v2\/media\/20922"}],"wp:attachment":[{"href":"https:\/\/alberta.college\/fr\/wp-json\/wp\/v2\/media?parent=27740"}],"wp:term":[{"taxonomy":"product_cat","embeddable":true,"href":"https:\/\/alberta.college\/fr\/wp-json\/wp\/v2\/product_cat?post=27740"},{"taxonomy":"product_tag","embeddable":true,"href":"https:\/\/alberta.college\/fr\/wp-json\/wp\/v2\/product_tag?post=27740"}],"curies":[{"name":"wp","href":"https:\/\/api.w.org\/{rel}","templated":true}]}}