
{"id":20917,"date":"2023-05-09T12:39:09","date_gmt":"2023-05-09T18:39:09","guid":{"rendered":"https:\/\/alberta.college\/?post_type=product&#038;p=20917"},"modified":"2025-04-14T11:27:22","modified_gmt":"2025-04-14T17:27:22","slug":"rac-google-cybersecurity-program","status":"publish","type":"product","link":"https:\/\/alberta.college\/fr\/courses\/rac-google-cybersecurity-program\/","title":{"rendered":"RAC \u2013 Programme de cybers\u00e9curit\u00e9 de Google"},"content":{"rendered":"<h2 class=\"m-r-1 m-b-0 bold headline-4-text\">A propos de ce Certificat Professionnel<\/h2>\n<div class=\"m-t-1 m-b-3 description\" data-e2e=\"description\">\n<div class=\"description\">\n<div class=\"rc-CML override-cml-headers\" dir=\"auto\">\n<div class=\"css-18w79dz\" data-testid=\"cml-viewer\">\n<p data-text-variant=\"body1\">Pr\u00e9parez-vous \u00e0 une nouvelle carri\u00e8re dans le domaine \u00e0 forte croissance de la cybers\u00e9curit\u00e9, sans dipl\u00f4me ni exp\u00e9rience requis. B\u00e9n\u00e9ficiez d&#039;une formation professionnelle con\u00e7ue et dispens\u00e9e par des experts en la mati\u00e8re chez Google et ayez la possibilit\u00e9 d&#039;entrer en contact avec les meilleurs employeurs.<\/p>\n<p data-text-variant=\"body1\">Les organisations doivent continuellement se prot\u00e9ger elles-m\u00eames et prot\u00e9ger les personnes qu\u2019elles servent contre les cybermenaces, comme la fraude et le phishing. Ils s&#039;appuient sur la cybers\u00e9curit\u00e9 pour maintenir la confidentialit\u00e9, l&#039;int\u00e9grit\u00e9 et la disponibilit\u00e9 de leurs syst\u00e8mes et informations internes. Les analystes en cybers\u00e9curit\u00e9 utilisent un ensemble de m\u00e9thodes et de technologies pour se prot\u00e9ger contre les menaces et les acc\u00e8s non autoris\u00e9s, ainsi que pour cr\u00e9er et mettre en \u0153uvre des solutions en cas de menace.<\/p>\n<p data-text-variant=\"body1\">Au cours des 8 cours de ce programme de certificat, vous apprendrez aupr\u00e8s d&#039;experts en cybers\u00e9curit\u00e9 de Google et acquerrez des comp\u00e9tences recherch\u00e9es qui vous pr\u00e9pareront \u00e0 des r\u00f4les de d\u00e9butant tels qu&#039;analyste en cybers\u00e9curit\u00e9, analyste de centre d&#039;op\u00e9rations de s\u00e9curit\u00e9 (SOC), etc. Avec moins de 10 heures par semaine, vous pouvez compl\u00e9ter le certificat en moins de 6 mois.<\/p>\n<p>Une fois le certificat obtenu, vous pouvez postuler directement \u00e0 des emplois chez Google et chez plus de 150 employeurs am\u00e9ricains, notamment American Express, Deloitte, Colgate-Palmolive, Mandiant (qui fait d\u00e9sormais partie de Google Cloud), T-Mobile et Walmart.<\/p>\n<p>Le certificat de cybers\u00e9curit\u00e9 de Google vous aide \u00e0 vous pr\u00e9parer \u00e0 l&#039;examen CompTIA Security+, la certification leader du secteur pour les postes de cybers\u00e9curit\u00e9. Vous obtiendrez un double dipl\u00f4me lorsque vous aurez compl\u00e9t\u00e9 les deux.<\/p>\n<\/div>\n<\/div>\n<\/div>\n<\/div>","protected":false},"excerpt":{"rendered":"<p>\u00c0 propos de ce certificat professionnel Pr\u00e9parez-vous \u00e0 une nouvelle carri\u00e8re dans le domaine \u00e0 forte croissance de la cybers\u00e9curit\u00e9, aucun dipl\u00f4me ni exp\u00e9rience n&#039;est requis. B\u00e9n\u00e9ficiez d&#039;une formation professionnelle con\u00e7ue et dispens\u00e9e par des experts en la mati\u00e8re [\u2026]<\/p>","protected":false},"featured_media":20922,"template":"","meta":[],"product_cat":[97],"product_tag":[86,87],"yoast_head":"<!-- This site is optimized with the Yoast SEO plugin v23.5 - https:\/\/yoast.com\/wordpress\/plugins\/seo\/ -->\n<title>RAC - Google Cybersecurity Program - The Royal Alberta College<\/title>\n<meta name=\"robots\" content=\"index, follow, max-snippet:-1, max-image-preview:large, max-video-preview:-1\" \/>\n<link rel=\"canonical\" href=\"https:\/\/www.alberta.college\/courses\/rac-google-cybersecurity-program\/\" \/>\n<meta property=\"og:locale\" content=\"fr_CA\" \/>\n<meta property=\"og:type\" content=\"article\" \/>\n<meta property=\"og:title\" content=\"RAC - Google Cybersecurity Program - The Royal Alberta College\" \/>\n<meta property=\"og:description\" content=\"About this Professional Certificate Prepare for a new career in the high-growth field of cybersecurity, no degree or experience required. Get professional training designed and delivered by subject matter experts [&hellip;]\" \/>\n<meta property=\"og:url\" content=\"https:\/\/www.alberta.college\/courses\/rac-google-cybersecurity-program\/\" \/>\n<meta property=\"og:site_name\" content=\"The Royal Alberta College\" \/>\n<meta property=\"article:publisher\" content=\"https:\/\/www.facebook.com\/RoyalAlbertaCollege\" \/>\n<meta property=\"article:modified_time\" content=\"2025-04-14T17:27:22+00:00\" \/>\n<meta property=\"og:image\" content=\"https:\/\/www.alberta.college\/wp-content\/uploads\/2023\/05\/Cybersecurity.png\" \/>\n\t<meta property=\"og:image:width\" content=\"2432\" \/>\n\t<meta property=\"og:image:height\" content=\"1460\" \/>\n\t<meta property=\"og:image:type\" content=\"image\/png\" \/>\n<meta name=\"twitter:card\" content=\"summary_large_image\" \/>\n<meta name=\"twitter:site\" content=\"@alberta_college\" \/>\n<meta name=\"twitter:label1\" content=\"Estimation du temps de lecture\" \/>\n\t<meta name=\"twitter:data1\" content=\"2 minutes\" \/>\n<script type=\"application\/ld+json\" class=\"yoast-schema-graph\">{\"@context\":\"https:\/\/schema.org\",\"@graph\":[{\"@type\":\"WebPage\",\"@id\":\"https:\/\/www.alberta.college\/courses\/rac-google-cybersecurity-program\/\",\"url\":\"https:\/\/www.alberta.college\/courses\/rac-google-cybersecurity-program\/\",\"name\":\"RAC - Google Cybersecurity Program - The Royal Alberta College\",\"isPartOf\":{\"@id\":\"https:\/\/www.alberta.college\/fr\/#website\"},\"primaryImageOfPage\":{\"@id\":\"https:\/\/www.alberta.college\/courses\/rac-google-cybersecurity-program\/#primaryimage\"},\"image\":{\"@id\":\"https:\/\/www.alberta.college\/courses\/rac-google-cybersecurity-program\/#primaryimage\"},\"thumbnailUrl\":\"https:\/\/alberta.college\/wp-content\/uploads\/2023\/05\/Cybersecurity.png\",\"datePublished\":\"2023-05-09T18:39:09+00:00\",\"dateModified\":\"2025-04-14T17:27:22+00:00\",\"breadcrumb\":{\"@id\":\"https:\/\/www.alberta.college\/courses\/rac-google-cybersecurity-program\/#breadcrumb\"},\"inLanguage\":\"fr-CA\",\"potentialAction\":[{\"@type\":\"ReadAction\",\"target\":[\"https:\/\/www.alberta.college\/courses\/rac-google-cybersecurity-program\/\"]}]},{\"@type\":\"ImageObject\",\"inLanguage\":\"fr-CA\",\"@id\":\"https:\/\/www.alberta.college\/courses\/rac-google-cybersecurity-program\/#primaryimage\",\"url\":\"https:\/\/alberta.college\/wp-content\/uploads\/2023\/05\/Cybersecurity.png\",\"contentUrl\":\"https:\/\/alberta.college\/wp-content\/uploads\/2023\/05\/Cybersecurity.png\",\"width\":2432,\"height\":1460},{\"@type\":\"BreadcrumbList\",\"@id\":\"https:\/\/www.alberta.college\/courses\/rac-google-cybersecurity-program\/#breadcrumb\",\"itemListElement\":[{\"@type\":\"ListItem\",\"position\":1,\"name\":\"Home\",\"item\":\"https:\/\/www.alberta.college\/fr\/\"},{\"@type\":\"ListItem\",\"position\":2,\"name\":\"Shop\",\"item\":\"https:\/\/alberta.college\/fr\/shop\/\"},{\"@type\":\"ListItem\",\"position\":3,\"name\":\"RAC &#8211; Google Cybersecurity Program\"}]},{\"@type\":\"WebSite\",\"@id\":\"https:\/\/www.alberta.college\/fr\/#website\",\"url\":\"https:\/\/www.alberta.college\/fr\/\",\"name\":\"The Royal Alberta College\",\"description\":\"High-Quality Affordable, Accessible Education for everyone\",\"publisher\":{\"@id\":\"https:\/\/www.alberta.college\/fr\/#organization\"},\"potentialAction\":[{\"@type\":\"SearchAction\",\"target\":{\"@type\":\"EntryPoint\",\"urlTemplate\":\"https:\/\/www.alberta.college\/fr\/?s={search_term_string}\"},\"query-input\":{\"@type\":\"PropertyValueSpecification\",\"valueRequired\":true,\"valueName\":\"search_term_string\"}}],\"inLanguage\":\"fr-CA\"},{\"@type\":\"Organization\",\"@id\":\"https:\/\/www.alberta.college\/fr\/#organization\",\"name\":\"The Royal Alberta College\",\"url\":\"https:\/\/www.alberta.college\/fr\/\",\"logo\":{\"@type\":\"ImageObject\",\"inLanguage\":\"fr-CA\",\"@id\":\"https:\/\/www.alberta.college\/fr\/#\/schema\/logo\/image\/\",\"url\":\"https:\/\/alberta.college\/wp-content\/uploads\/2021\/05\/rac-logo.png\",\"contentUrl\":\"https:\/\/alberta.college\/wp-content\/uploads\/2021\/05\/rac-logo.png\",\"width\":400,\"height\":242,\"caption\":\"The Royal Alberta College\"},\"image\":{\"@id\":\"https:\/\/www.alberta.college\/fr\/#\/schema\/logo\/image\/\"},\"sameAs\":[\"https:\/\/www.facebook.com\/RoyalAlbertaCollege\",\"https:\/\/x.com\/alberta_college\"]}]}<\/script>\n<!-- \/ Yoast SEO plugin. -->","yoast_head_json":{"title":"RAC - Google Cybersecurity Program - The Royal Alberta College","robots":{"index":"index","follow":"follow","max-snippet":"max-snippet:-1","max-image-preview":"max-image-preview:large","max-video-preview":"max-video-preview:-1"},"canonical":"https:\/\/www.alberta.college\/courses\/rac-google-cybersecurity-program\/","og_locale":"fr_CA","og_type":"article","og_title":"RAC - Google Cybersecurity Program - The Royal Alberta College","og_description":"About this Professional Certificate Prepare for a new career in the high-growth field of cybersecurity, no degree or experience required. Get professional training designed and delivered by subject matter experts [&hellip;]","og_url":"https:\/\/www.alberta.college\/courses\/rac-google-cybersecurity-program\/","og_site_name":"The Royal Alberta College","article_publisher":"https:\/\/www.facebook.com\/RoyalAlbertaCollege","article_modified_time":"2025-04-14T17:27:22+00:00","og_image":[{"width":2432,"height":1460,"url":"https:\/\/www.alberta.college\/wp-content\/uploads\/2023\/05\/Cybersecurity.png","type":"image\/png"}],"twitter_card":"summary_large_image","twitter_site":"@alberta_college","twitter_misc":{"Estimation du temps de lecture":"2 minutes"},"schema":{"@context":"https:\/\/schema.org","@graph":[{"@type":"WebPage","@id":"https:\/\/www.alberta.college\/courses\/rac-google-cybersecurity-program\/","url":"https:\/\/www.alberta.college\/courses\/rac-google-cybersecurity-program\/","name":"RAC - Google Cybersecurity Program - The Royal Alberta College","isPartOf":{"@id":"https:\/\/www.alberta.college\/fr\/#website"},"primaryImageOfPage":{"@id":"https:\/\/www.alberta.college\/courses\/rac-google-cybersecurity-program\/#primaryimage"},"image":{"@id":"https:\/\/www.alberta.college\/courses\/rac-google-cybersecurity-program\/#primaryimage"},"thumbnailUrl":"https:\/\/alberta.college\/wp-content\/uploads\/2023\/05\/Cybersecurity.png","datePublished":"2023-05-09T18:39:09+00:00","dateModified":"2025-04-14T17:27:22+00:00","breadcrumb":{"@id":"https:\/\/www.alberta.college\/courses\/rac-google-cybersecurity-program\/#breadcrumb"},"inLanguage":"fr-CA","potentialAction":[{"@type":"ReadAction","target":["https:\/\/www.alberta.college\/courses\/rac-google-cybersecurity-program\/"]}]},{"@type":"ImageObject","inLanguage":"fr-CA","@id":"https:\/\/www.alberta.college\/courses\/rac-google-cybersecurity-program\/#primaryimage","url":"https:\/\/alberta.college\/wp-content\/uploads\/2023\/05\/Cybersecurity.png","contentUrl":"https:\/\/alberta.college\/wp-content\/uploads\/2023\/05\/Cybersecurity.png","width":2432,"height":1460},{"@type":"BreadcrumbList","@id":"https:\/\/www.alberta.college\/courses\/rac-google-cybersecurity-program\/#breadcrumb","itemListElement":[{"@type":"ListItem","position":1,"name":"Home","item":"https:\/\/www.alberta.college\/fr\/"},{"@type":"ListItem","position":2,"name":"Shop","item":"https:\/\/alberta.college\/fr\/shop\/"},{"@type":"ListItem","position":3,"name":"RAC &#8211; Google Cybersecurity Program"}]},{"@type":"WebSite","@id":"https:\/\/www.alberta.college\/fr\/#website","url":"https:\/\/www.alberta.college\/fr\/","name":"The Royal Alberta College","description":"High-Quality Affordable, Accessible Education for everyone","publisher":{"@id":"https:\/\/www.alberta.college\/fr\/#organization"},"potentialAction":[{"@type":"SearchAction","target":{"@type":"EntryPoint","urlTemplate":"https:\/\/www.alberta.college\/fr\/?s={search_term_string}"},"query-input":{"@type":"PropertyValueSpecification","valueRequired":true,"valueName":"search_term_string"}}],"inLanguage":"fr-CA"},{"@type":"Organization","@id":"https:\/\/www.alberta.college\/fr\/#organization","name":"The Royal Alberta College","url":"https:\/\/www.alberta.college\/fr\/","logo":{"@type":"ImageObject","inLanguage":"fr-CA","@id":"https:\/\/www.alberta.college\/fr\/#\/schema\/logo\/image\/","url":"https:\/\/alberta.college\/wp-content\/uploads\/2021\/05\/rac-logo.png","contentUrl":"https:\/\/alberta.college\/wp-content\/uploads\/2021\/05\/rac-logo.png","width":400,"height":242,"caption":"The Royal Alberta College"},"image":{"@id":"https:\/\/www.alberta.college\/fr\/#\/schema\/logo\/image\/"},"sameAs":["https:\/\/www.facebook.com\/RoyalAlbertaCollege","https:\/\/x.com\/alberta_college"]}]}},"jetpack_sharing_enabled":true,"_links":{"self":[{"href":"https:\/\/alberta.college\/fr\/wp-json\/wp\/v2\/product\/20917"}],"collection":[{"href":"https:\/\/alberta.college\/fr\/wp-json\/wp\/v2\/product"}],"about":[{"href":"https:\/\/alberta.college\/fr\/wp-json\/wp\/v2\/types\/product"}],"wp:featuredmedia":[{"embeddable":true,"href":"https:\/\/alberta.college\/fr\/wp-json\/wp\/v2\/media\/20922"}],"wp:attachment":[{"href":"https:\/\/alberta.college\/fr\/wp-json\/wp\/v2\/media?parent=20917"}],"wp:term":[{"taxonomy":"product_cat","embeddable":true,"href":"https:\/\/alberta.college\/fr\/wp-json\/wp\/v2\/product_cat?post=20917"},{"taxonomy":"product_tag","embeddable":true,"href":"https:\/\/alberta.college\/fr\/wp-json\/wp\/v2\/product_tag?post=20917"}],"curies":[{"name":"wp","href":"https:\/\/api.w.org\/{rel}","templated":true}]}}