
{"id":20237,"date":"2023-04-26T08:56:58","date_gmt":"2023-04-26T14:56:58","guid":{"rendered":"https:\/\/alberta.college\/?post_type=product&#038;p=20237"},"modified":"2025-04-14T11:27:31","modified_gmt":"2025-04-14T17:27:31","slug":"rac-google-advanced-data-analytics","status":"publish","type":"product","link":"https:\/\/alberta.college\/fr\/courses\/rac-google-advanced-data-analytics\/","title":{"rendered":"RAC \u2013 Programme d\u2019analyse de donn\u00e9es avanc\u00e9e"},"content":{"rendered":"<h2 class=\"m-r-1 m-b-0 bold headline-4-text\">A propos de ce Certificat Professionnel<\/h2>\n<div class=\"m-t-1 m-b-3 description\" data-e2e=\"description\">\n<div class=\"description\">\n<div class=\"rc-CML override-cml-headers\" dir=\"auto\">\n<div class=\"css-18w79dz\" data-testid=\"cml-viewer\">\n<p data-text-variant=\"body1\">B\u00e9n\u00e9ficiez d&#039;une formation professionnelle con\u00e7ue par Google et passez \u00e0 l&#039;\u00e9tape suivante de votre carri\u00e8re gr\u00e2ce \u00e0 des comp\u00e9tences avanc\u00e9es en analyse de donn\u00e9es. <strong>Il existe plus de 144 000 emplois ouverts dans le domaine de l&#039;analyse avanc\u00e9e des donn\u00e9es et le salaire m\u00e9dian pour les postes de d\u00e9butant est de $118 000.\u00b9\u00a0<\/strong><\/p>\n<p data-text-variant=\"body1\"><strong>Professionnels des donn\u00e9es avanc\u00e9s<\/strong> sont responsables de la collecte, de l\u2019analyse et de l\u2019interpr\u00e9tation de quantit\u00e9s extr\u00eamement importantes de donn\u00e9es. Ces t\u00e2ches n\u00e9cessitent la manipulation de grands ensembles de donn\u00e9es et l&#039;utilisation d&#039;analyses avanc\u00e9es, notamment l&#039;apprentissage automatique, la mod\u00e9lisation pr\u00e9dictive et la conception exp\u00e9rimentale.<\/p>\n<p data-text-variant=\"body1\">Ce certificat s&#039;appuie sur vos comp\u00e9tences et votre exp\u00e9rience en analyse de donn\u00e9es pour faire passer votre carri\u00e8re au niveau sup\u00e9rieur. Il est con\u00e7u pour les dipl\u00f4m\u00e9s du <a href=\"https:\/\/www.coursera.org\/professional-certificates\/google-data-analytics?utm_source=gg&amp;utm_medium=sem&amp;utm_campaign=15-GoogleDataAnalytics-US&amp;utm_content=B2C&amp;campaignid=12504215975&amp;adgroupid=122709142687&amp;device=c&amp;keyword=coursera%20data%20analytics%20course&amp;matchtype=b&amp;network=g&amp;devicemodel=&amp;adpostion=&amp;creativeid=504570191907&amp;hide_mobile_promo&amp;gclid=CjwKCAjwpqCZBhAbEiwAa7pXeXTXNzMhnelPXtCkGi7HQhR7Z-mtcWveZLYX8eqr9mxb1T_NQvmFjhoCHdsQAvD_BwE\" target=\"_blank\" rel=\"noopener nofollow noreferrer\">Certificat d&#039;analyse de donn\u00e9es Google<\/a> ou des personnes ayant une exp\u00e9rience \u00e9quivalente en analyse de donn\u00e9es. D\u00e9veloppez vos connaissances avec des projets pratiques et pratiques, mettant en vedette Jupyter Notebook, Python et Tableau.<\/p>\n<p data-text-variant=\"body1\">Apr\u00e8s sept cours, vous serez pr\u00eat \u00e0 occuper des postes tels qu&#039;analyste de donn\u00e9es senior, scientifique de donn\u00e9es junior, analyste en science des donn\u00e9es, etc. \u00c0 moins de 10 heures par semaine, le programme de certificat peut \u00eatre compl\u00e9t\u00e9 en moins de six mois. Une fois termin\u00e9, vous pouvez postuler \u00e0 des emplois aupr\u00e8s de Google et de plus de 150 employeurs am\u00e9ricains, dont Deloitte, Target et Verizon.<\/p>\n<p data-text-variant=\"body1\"><strong>751\u00a0TP3T des dipl\u00f4m\u00e9s du certificat signalent un r\u00e9sultat de carri\u00e8re positif (par exemple, nouvel emploi, promotion ou augmentation) dans les six mois suivant l&#039;obtention de leur dipl\u00f4me.<\/strong><sup><strong>2<\/strong><\/sup><\/p>\n<p data-text-variant=\"body1\">\u00b9 Offres d&#039;emploi Lightcast\u2122 aux \u00c9tats-Unis (12 derniers mois\u00a0: 1\/1\/2022 \u2013 31\/12\/2022)<\/p>\n<p><sup>2<\/sup>D&#039;apr\u00e8s une enqu\u00eate aupr\u00e8s des dipl\u00f4m\u00e9s du programme, \u00c9tats-Unis 2022<\/p>\n<\/div>\n<\/div>\n<\/div>\n<\/div>\n<div class=\"m-t-1 m-b-3 description\" data-e2e=\"description\">\n<div class=\"description\">\n<div class=\"rc-CML override-cml-headers\" dir=\"auto\">\n<div class=\"css-18w79dz\" data-testid=\"cml-viewer\">\n<p data-text-variant=\"body1\">\n<\/div>\n<\/div>\n<\/div>\n<\/div>","protected":false},"excerpt":{"rendered":"<p>\u00c0 propos de ce certificat professionnel B\u00e9n\u00e9ficiez d&#039;une formation professionnelle con\u00e7ue par Google et passez \u00e0 l&#039;\u00e9tape suivante de votre carri\u00e8re gr\u00e2ce \u00e0 des comp\u00e9tences avanc\u00e9es en analyse de donn\u00e9es. Il y a plus de 144 000 emplois ouverts dans [\u2026]<\/p>","protected":false},"featured_media":20243,"template":"","meta":[],"product_cat":[97],"product_tag":[86,87],"yoast_head":"<!-- This site is optimized with the Yoast SEO plugin v23.5 - https:\/\/yoast.com\/wordpress\/plugins\/seo\/ -->\n<title>RAC - Advanced Data Analytics Program - The Royal Alberta College<\/title>\n<meta name=\"robots\" content=\"index, follow, max-snippet:-1, max-image-preview:large, max-video-preview:-1\" \/>\n<link rel=\"canonical\" href=\"http:\/\/52.60.82.137\/fr\/courses\/rac-google-advanced-data-analytics\/\" \/>\n<meta property=\"og:locale\" content=\"fr_CA\" \/>\n<meta property=\"og:type\" content=\"article\" \/>\n<meta property=\"og:title\" content=\"RAC - Advanced Data Analytics Program - The Royal Alberta College\" \/>\n<meta property=\"og:description\" content=\"About this Professional Certificate Get professional training designed by Google and take the next step in your career with advanced data analytics skills. There are over 144,000 open jobs in [&hellip;]\" \/>\n<meta property=\"og:url\" content=\"http:\/\/52.60.82.137\/fr\/courses\/rac-google-advanced-data-analytics\/\" \/>\n<meta property=\"og:site_name\" content=\"The Royal Alberta College\" \/>\n<meta property=\"article:publisher\" content=\"https:\/\/www.facebook.com\/RoyalAlbertaCollege\" \/>\n<meta property=\"article:modified_time\" content=\"2025-04-14T17:27:31+00:00\" \/>\n<meta property=\"og:image\" content=\"https:\/\/52.60.82.137\/wp-content\/uploads\/2023\/04\/Advanced-Data-Analytics.png\" \/>\n\t<meta property=\"og:image:width\" content=\"2432\" \/>\n\t<meta property=\"og:image:height\" content=\"1460\" \/>\n\t<meta property=\"og:image:type\" content=\"image\/png\" \/>\n<meta name=\"twitter:card\" content=\"summary_large_image\" \/>\n<meta name=\"twitter:site\" content=\"@alberta_college\" \/>\n<meta name=\"twitter:label1\" content=\"Estimation du temps de lecture\" \/>\n\t<meta name=\"twitter:data1\" content=\"2 minutes\" \/>\n<script type=\"application\/ld+json\" class=\"yoast-schema-graph\">{\"@context\":\"https:\/\/schema.org\",\"@graph\":[{\"@type\":\"WebPage\",\"@id\":\"http:\/\/52.60.82.137\/fr\/courses\/rac-google-advanced-data-analytics\/\",\"url\":\"http:\/\/52.60.82.137\/fr\/courses\/rac-google-advanced-data-analytics\/\",\"name\":\"RAC - Advanced Data Analytics Program - The Royal Alberta College\",\"isPartOf\":{\"@id\":\"https:\/\/alberta.college\/#website\"},\"primaryImageOfPage\":{\"@id\":\"http:\/\/52.60.82.137\/fr\/courses\/rac-google-advanced-data-analytics\/#primaryimage\"},\"image\":{\"@id\":\"http:\/\/52.60.82.137\/fr\/courses\/rac-google-advanced-data-analytics\/#primaryimage\"},\"thumbnailUrl\":\"https:\/\/alberta.college\/wp-content\/uploads\/2023\/04\/Advanced-Data-Analytics.png\",\"datePublished\":\"2023-04-26T14:56:58+00:00\",\"dateModified\":\"2025-04-14T17:27:31+00:00\",\"breadcrumb\":{\"@id\":\"http:\/\/52.60.82.137\/fr\/courses\/rac-google-advanced-data-analytics\/#breadcrumb\"},\"inLanguage\":\"fr-CA\",\"potentialAction\":[{\"@type\":\"ReadAction\",\"target\":[\"http:\/\/52.60.82.137\/fr\/courses\/rac-google-advanced-data-analytics\/\"]}]},{\"@type\":\"ImageObject\",\"inLanguage\":\"fr-CA\",\"@id\":\"http:\/\/52.60.82.137\/fr\/courses\/rac-google-advanced-data-analytics\/#primaryimage\",\"url\":\"https:\/\/alberta.college\/wp-content\/uploads\/2023\/04\/Advanced-Data-Analytics.png\",\"contentUrl\":\"https:\/\/alberta.college\/wp-content\/uploads\/2023\/04\/Advanced-Data-Analytics.png\",\"width\":2432,\"height\":1460},{\"@type\":\"BreadcrumbList\",\"@id\":\"http:\/\/52.60.82.137\/fr\/courses\/rac-google-advanced-data-analytics\/#breadcrumb\",\"itemListElement\":[{\"@type\":\"ListItem\",\"position\":1,\"name\":\"Home\",\"item\":\"https:\/\/alberta.college\/\"},{\"@type\":\"ListItem\",\"position\":2,\"name\":\"Shop\",\"item\":\"https:\/\/www.alberta.college\/fr\/shop\/\"},{\"@type\":\"ListItem\",\"position\":3,\"name\":\"RAC &#8211; Advanced Data Analytics Program\"}]},{\"@type\":\"WebSite\",\"@id\":\"https:\/\/alberta.college\/#website\",\"url\":\"https:\/\/alberta.college\/\",\"name\":\"The Royal Alberta College\",\"description\":\"High-Quality Affordable, Accessible Education for everyone\",\"publisher\":{\"@id\":\"https:\/\/alberta.college\/#organization\"},\"potentialAction\":[{\"@type\":\"SearchAction\",\"target\":{\"@type\":\"EntryPoint\",\"urlTemplate\":\"https:\/\/alberta.college\/?s={search_term_string}\"},\"query-input\":{\"@type\":\"PropertyValueSpecification\",\"valueRequired\":true,\"valueName\":\"search_term_string\"}}],\"inLanguage\":\"fr-CA\"},{\"@type\":\"Organization\",\"@id\":\"https:\/\/alberta.college\/#organization\",\"name\":\"The Royal Alberta College\",\"url\":\"https:\/\/alberta.college\/\",\"logo\":{\"@type\":\"ImageObject\",\"inLanguage\":\"fr-CA\",\"@id\":\"https:\/\/alberta.college\/#\/schema\/logo\/image\/\",\"url\":\"https:\/\/alberta.college\/wp-content\/uploads\/2021\/05\/rac-logo.png\",\"contentUrl\":\"https:\/\/alberta.college\/wp-content\/uploads\/2021\/05\/rac-logo.png\",\"width\":400,\"height\":242,\"caption\":\"The Royal Alberta College\"},\"image\":{\"@id\":\"https:\/\/alberta.college\/#\/schema\/logo\/image\/\"},\"sameAs\":[\"https:\/\/www.facebook.com\/RoyalAlbertaCollege\",\"https:\/\/x.com\/alberta_college\"]}]}<\/script>\n<!-- \/ Yoast SEO plugin. -->","yoast_head_json":{"title":"RAC - Advanced Data Analytics Program - The Royal Alberta College","robots":{"index":"index","follow":"follow","max-snippet":"max-snippet:-1","max-image-preview":"max-image-preview:large","max-video-preview":"max-video-preview:-1"},"canonical":"http:\/\/52.60.82.137\/fr\/courses\/rac-google-advanced-data-analytics\/","og_locale":"fr_CA","og_type":"article","og_title":"RAC - Advanced Data Analytics Program - The Royal Alberta College","og_description":"About this Professional Certificate Get professional training designed by Google and take the next step in your career with advanced data analytics skills. There are over 144,000 open jobs in [&hellip;]","og_url":"http:\/\/52.60.82.137\/fr\/courses\/rac-google-advanced-data-analytics\/","og_site_name":"The Royal Alberta College","article_publisher":"https:\/\/www.facebook.com\/RoyalAlbertaCollege","article_modified_time":"2025-04-14T17:27:31+00:00","og_image":[{"width":2432,"height":1460,"url":"https:\/\/52.60.82.137\/wp-content\/uploads\/2023\/04\/Advanced-Data-Analytics.png","type":"image\/png"}],"twitter_card":"summary_large_image","twitter_site":"@alberta_college","twitter_misc":{"Estimation du temps de lecture":"2 minutes"},"schema":{"@context":"https:\/\/schema.org","@graph":[{"@type":"WebPage","@id":"http:\/\/52.60.82.137\/fr\/courses\/rac-google-advanced-data-analytics\/","url":"http:\/\/52.60.82.137\/fr\/courses\/rac-google-advanced-data-analytics\/","name":"RAC - Advanced Data Analytics Program - The Royal Alberta College","isPartOf":{"@id":"https:\/\/alberta.college\/#website"},"primaryImageOfPage":{"@id":"http:\/\/52.60.82.137\/fr\/courses\/rac-google-advanced-data-analytics\/#primaryimage"},"image":{"@id":"http:\/\/52.60.82.137\/fr\/courses\/rac-google-advanced-data-analytics\/#primaryimage"},"thumbnailUrl":"https:\/\/alberta.college\/wp-content\/uploads\/2023\/04\/Advanced-Data-Analytics.png","datePublished":"2023-04-26T14:56:58+00:00","dateModified":"2025-04-14T17:27:31+00:00","breadcrumb":{"@id":"http:\/\/52.60.82.137\/fr\/courses\/rac-google-advanced-data-analytics\/#breadcrumb"},"inLanguage":"fr-CA","potentialAction":[{"@type":"ReadAction","target":["http:\/\/52.60.82.137\/fr\/courses\/rac-google-advanced-data-analytics\/"]}]},{"@type":"ImageObject","inLanguage":"fr-CA","@id":"http:\/\/52.60.82.137\/fr\/courses\/rac-google-advanced-data-analytics\/#primaryimage","url":"https:\/\/alberta.college\/wp-content\/uploads\/2023\/04\/Advanced-Data-Analytics.png","contentUrl":"https:\/\/alberta.college\/wp-content\/uploads\/2023\/04\/Advanced-Data-Analytics.png","width":2432,"height":1460},{"@type":"BreadcrumbList","@id":"http:\/\/52.60.82.137\/fr\/courses\/rac-google-advanced-data-analytics\/#breadcrumb","itemListElement":[{"@type":"ListItem","position":1,"name":"Home","item":"https:\/\/alberta.college\/"},{"@type":"ListItem","position":2,"name":"Shop","item":"https:\/\/www.alberta.college\/fr\/shop\/"},{"@type":"ListItem","position":3,"name":"RAC &#8211; Advanced Data Analytics Program"}]},{"@type":"WebSite","@id":"https:\/\/alberta.college\/#website","url":"https:\/\/alberta.college\/","name":"The Royal Alberta College","description":"High-Quality Affordable, Accessible Education for everyone","publisher":{"@id":"https:\/\/alberta.college\/#organization"},"potentialAction":[{"@type":"SearchAction","target":{"@type":"EntryPoint","urlTemplate":"https:\/\/alberta.college\/?s={search_term_string}"},"query-input":{"@type":"PropertyValueSpecification","valueRequired":true,"valueName":"search_term_string"}}],"inLanguage":"fr-CA"},{"@type":"Organization","@id":"https:\/\/alberta.college\/#organization","name":"The Royal Alberta College","url":"https:\/\/alberta.college\/","logo":{"@type":"ImageObject","inLanguage":"fr-CA","@id":"https:\/\/alberta.college\/#\/schema\/logo\/image\/","url":"https:\/\/alberta.college\/wp-content\/uploads\/2021\/05\/rac-logo.png","contentUrl":"https:\/\/alberta.college\/wp-content\/uploads\/2021\/05\/rac-logo.png","width":400,"height":242,"caption":"The Royal Alberta College"},"image":{"@id":"https:\/\/alberta.college\/#\/schema\/logo\/image\/"},"sameAs":["https:\/\/www.facebook.com\/RoyalAlbertaCollege","https:\/\/x.com\/alberta_college"]}]}},"jetpack_sharing_enabled":true,"_links":{"self":[{"href":"https:\/\/alberta.college\/fr\/wp-json\/wp\/v2\/product\/20237"}],"collection":[{"href":"https:\/\/alberta.college\/fr\/wp-json\/wp\/v2\/product"}],"about":[{"href":"https:\/\/alberta.college\/fr\/wp-json\/wp\/v2\/types\/product"}],"wp:featuredmedia":[{"embeddable":true,"href":"https:\/\/alberta.college\/fr\/wp-json\/wp\/v2\/media\/20243"}],"wp:attachment":[{"href":"https:\/\/alberta.college\/fr\/wp-json\/wp\/v2\/media?parent=20237"}],"wp:term":[{"taxonomy":"product_cat","embeddable":true,"href":"https:\/\/alberta.college\/fr\/wp-json\/wp\/v2\/product_cat?post=20237"},{"taxonomy":"product_tag","embeddable":true,"href":"https:\/\/alberta.college\/fr\/wp-json\/wp\/v2\/product_tag?post=20237"}],"curies":[{"name":"wp","href":"https:\/\/api.w.org\/{rel}","templated":true}]}}