
{"id":20236,"date":"2023-04-26T08:53:29","date_gmt":"2023-04-26T14:53:29","guid":{"rendered":"https:\/\/alberta.college\/?post_type=product&#038;p=20236"},"modified":"2025-04-14T11:27:38","modified_gmt":"2025-04-14T17:27:38","slug":"rac-google-bussiness-intelligence","status":"publish","type":"product","link":"https:\/\/alberta.college\/fr\/courses\/rac-google-bussiness-intelligence\/","title":{"rendered":"RAC \u2013 Programme de Business Intelligence de Google"},"content":{"rendered":"<h2 class=\"m-r-1 m-b-0 bold headline-4-text\">A propos de ce Certificat Professionnel<\/h2>\n<div class=\"m-t-1 m-b-3 description\" data-e2e=\"description\">\n<div class=\"description\">\n<div class=\"rc-CML override-cml-headers\" dir=\"auto\">\n<div class=\"css-18w79dz\" data-testid=\"cml-viewer\">\n<p data-text-variant=\"body1\">B\u00e9n\u00e9ficiez d&#039;une formation professionnelle con\u00e7ue par Google et franchissez une nouvelle \u00e9tape dans votre carri\u00e8re gr\u00e2ce \u00e0 des comp\u00e9tences avanc\u00e9es dans le domaine en forte croissance de la business intelligence. <strong>Il existe plus de 166 000 emplois ouverts dans le domaine de la business intelligence et le salaire m\u00e9dian pour les postes de d\u00e9butant est de $96 000.\u00b9<\/strong><\/p>\n<p data-text-variant=\"body1\"><strong>Professionnels de l&#039;intelligence d&#039;affaires<\/strong> collecter, organiser, interpr\u00e9ter et cr\u00e9er des rapports sur les donn\u00e9es pour aider les organisations \u00e0 prendre des d\u00e9cisions commerciales \u00e9clair\u00e9es. Certaines responsabilit\u00e9s incluent la mesure des performances, le suivi des revenus ou des d\u00e9penses et le suivi des progr\u00e8s.<\/p>\n<p data-text-variant=\"body1\">Ce certificat s&#039;appuie sur vos comp\u00e9tences et votre exp\u00e9rience en analyse de donn\u00e9es pour faire passer votre carri\u00e8re au niveau sup\u00e9rieur. Il est con\u00e7u pour les dipl\u00f4m\u00e9s du <a href=\"https:\/\/www.coursera.org\/professional-certificates\/google-data-analytics?utm_source=gg&amp;utm_medium=sem&amp;utm_campaign=15-GoogleDataAnalytics-US&amp;utm_content=B2C&amp;campaignid=12504215975&amp;adgroupid=122709142687&amp;device=c&amp;keyword=coursera%20data%20analytics%20course&amp;matchtype=b&amp;network=g&amp;devicemodel=&amp;adpostion=&amp;creativeid=504570191907&amp;hide_mobile_promo&amp;gclid=CjwKCAjwpqCZBhAbEiwAa7pXeXTXNzMhnelPXtCkGi7HQhR7Z-mtcWveZLYX8eqr9mxb1T_NQvmFjhoCHdsQAvD_BwE\" target=\"_blank\" rel=\"noopener nofollow noreferrer\">Certificat d&#039;analyse de donn\u00e9es Google<\/a> ou des personnes ayant une exp\u00e9rience \u00e9quivalente en analyse de donn\u00e9es. D\u00e9veloppez vos connaissances avec des projets pratiques et concrets, mettant en vedette BigQuery, SQL et Tableau.<\/p>\n<p data-text-variant=\"body1\">Apr\u00e8s trois cours, vous serez pr\u00e9par\u00e9 \u00e0 des emplois tels qu&#039;analyste en intelligence d&#039;affaires, ing\u00e9nieur en intelligence d&#039;affaires, d\u00e9veloppeur en intelligence d&#039;affaires, etc. \u00c0 moins de 10 heures par semaine, le programme de certificat peut \u00eatre compl\u00e9t\u00e9 en moins de deux mois. Une fois termin\u00e9, vous pouvez postuler \u00e0 des emplois aupr\u00e8s de Google et de plus de 150 employeurs am\u00e9ricains, dont Deloitte, Target et Verizon.<\/p>\n<p data-text-variant=\"body1\"><strong>75% des dipl\u00f4m\u00e9s du certificat d\u00e9clarent un r\u00e9sultat de carri\u00e8re positif (par exemple, nouvel emploi, promotion ou augmentation) dans les six mois suivant l&#039;obtention de leur dipl\u00f4me.<\/strong><sup><strong>2<\/strong><\/sup><\/p>\n<\/div>\n<\/div>\n<\/div>\n<\/div>","protected":false},"excerpt":{"rendered":"<p>\u00c0 propos de ce certificat professionnel B\u00e9n\u00e9ficiez d&#039;une formation professionnelle con\u00e7ue par Google et franchissez la prochaine \u00e9tape de votre carri\u00e8re gr\u00e2ce \u00e0 des comp\u00e9tences avanc\u00e9es dans le domaine en forte croissance de la business intelligence. Il y a [\u2026]<\/p>","protected":false},"featured_media":20242,"template":"","meta":[],"product_cat":[97],"product_tag":[86,87],"yoast_head":"<!-- This site is optimized with the Yoast SEO plugin v23.5 - https:\/\/yoast.com\/wordpress\/plugins\/seo\/ -->\n<title>RAC - Google Business Intelligence Program - The Royal Alberta College<\/title>\n<meta name=\"robots\" content=\"index, follow, max-snippet:-1, max-image-preview:large, max-video-preview:-1\" \/>\n<link rel=\"canonical\" href=\"https:\/\/www.alberta.college\/courses\/rac-google-bussiness-intelligence\/\" \/>\n<meta property=\"og:locale\" content=\"fr_CA\" \/>\n<meta property=\"og:type\" content=\"article\" \/>\n<meta property=\"og:title\" content=\"RAC - Google Business Intelligence Program - The Royal Alberta College\" \/>\n<meta property=\"og:description\" content=\"About this Professional Certificate Get professional training designed by Google and take the next step in your career with advanced skills in the high-growth field of business intelligence. There are [&hellip;]\" \/>\n<meta property=\"og:url\" content=\"https:\/\/www.alberta.college\/courses\/rac-google-bussiness-intelligence\/\" \/>\n<meta property=\"og:site_name\" content=\"The Royal Alberta College\" \/>\n<meta property=\"article:publisher\" content=\"https:\/\/www.facebook.com\/RoyalAlbertaCollege\" \/>\n<meta property=\"article:modified_time\" content=\"2025-04-14T17:27:38+00:00\" \/>\n<meta property=\"og:image\" content=\"https:\/\/www.alberta.college\/wp-content\/uploads\/2023\/04\/Business-Intelligence.png\" \/>\n\t<meta property=\"og:image:width\" content=\"2432\" \/>\n\t<meta property=\"og:image:height\" content=\"1460\" \/>\n\t<meta property=\"og:image:type\" content=\"image\/png\" \/>\n<meta name=\"twitter:card\" content=\"summary_large_image\" \/>\n<meta name=\"twitter:site\" content=\"@alberta_college\" \/>\n<meta name=\"twitter:label1\" content=\"Estimation du temps de lecture\" \/>\n\t<meta name=\"twitter:data1\" content=\"2 minutes\" \/>\n<script type=\"application\/ld+json\" class=\"yoast-schema-graph\">{\"@context\":\"https:\/\/schema.org\",\"@graph\":[{\"@type\":\"WebPage\",\"@id\":\"https:\/\/www.alberta.college\/courses\/rac-google-bussiness-intelligence\/\",\"url\":\"https:\/\/www.alberta.college\/courses\/rac-google-bussiness-intelligence\/\",\"name\":\"RAC - Google Business Intelligence Program - The Royal Alberta College\",\"isPartOf\":{\"@id\":\"https:\/\/alberta.college\/#website\"},\"primaryImageOfPage\":{\"@id\":\"https:\/\/www.alberta.college\/courses\/rac-google-bussiness-intelligence\/#primaryimage\"},\"image\":{\"@id\":\"https:\/\/www.alberta.college\/courses\/rac-google-bussiness-intelligence\/#primaryimage\"},\"thumbnailUrl\":\"https:\/\/alberta.college\/wp-content\/uploads\/2023\/04\/Business-Intelligence.png\",\"datePublished\":\"2023-04-26T14:53:29+00:00\",\"dateModified\":\"2025-04-14T17:27:38+00:00\",\"breadcrumb\":{\"@id\":\"https:\/\/www.alberta.college\/courses\/rac-google-bussiness-intelligence\/#breadcrumb\"},\"inLanguage\":\"fr-CA\",\"potentialAction\":[{\"@type\":\"ReadAction\",\"target\":[\"https:\/\/www.alberta.college\/courses\/rac-google-bussiness-intelligence\/\"]}]},{\"@type\":\"ImageObject\",\"inLanguage\":\"fr-CA\",\"@id\":\"https:\/\/www.alberta.college\/courses\/rac-google-bussiness-intelligence\/#primaryimage\",\"url\":\"https:\/\/alberta.college\/wp-content\/uploads\/2023\/04\/Business-Intelligence.png\",\"contentUrl\":\"https:\/\/alberta.college\/wp-content\/uploads\/2023\/04\/Business-Intelligence.png\",\"width\":2432,\"height\":1460},{\"@type\":\"BreadcrumbList\",\"@id\":\"https:\/\/www.alberta.college\/courses\/rac-google-bussiness-intelligence\/#breadcrumb\",\"itemListElement\":[{\"@type\":\"ListItem\",\"position\":1,\"name\":\"Home\",\"item\":\"https:\/\/alberta.college\/\"},{\"@type\":\"ListItem\",\"position\":2,\"name\":\"Shop\",\"item\":\"https:\/\/www.alberta.college\/fr\/shop\/\"},{\"@type\":\"ListItem\",\"position\":3,\"name\":\"RAC &#8211; Google Business Intelligence Program\"}]},{\"@type\":\"WebSite\",\"@id\":\"https:\/\/alberta.college\/#website\",\"url\":\"https:\/\/alberta.college\/\",\"name\":\"The Royal Alberta College\",\"description\":\"High-Quality Affordable, Accessible Education for everyone\",\"publisher\":{\"@id\":\"https:\/\/alberta.college\/#organization\"},\"potentialAction\":[{\"@type\":\"SearchAction\",\"target\":{\"@type\":\"EntryPoint\",\"urlTemplate\":\"https:\/\/alberta.college\/?s={search_term_string}\"},\"query-input\":{\"@type\":\"PropertyValueSpecification\",\"valueRequired\":true,\"valueName\":\"search_term_string\"}}],\"inLanguage\":\"fr-CA\"},{\"@type\":\"Organization\",\"@id\":\"https:\/\/alberta.college\/#organization\",\"name\":\"The Royal Alberta College\",\"url\":\"https:\/\/alberta.college\/\",\"logo\":{\"@type\":\"ImageObject\",\"inLanguage\":\"fr-CA\",\"@id\":\"https:\/\/alberta.college\/#\/schema\/logo\/image\/\",\"url\":\"https:\/\/alberta.college\/wp-content\/uploads\/2021\/05\/rac-logo.png\",\"contentUrl\":\"https:\/\/alberta.college\/wp-content\/uploads\/2021\/05\/rac-logo.png\",\"width\":400,\"height\":242,\"caption\":\"The Royal Alberta College\"},\"image\":{\"@id\":\"https:\/\/alberta.college\/#\/schema\/logo\/image\/\"},\"sameAs\":[\"https:\/\/www.facebook.com\/RoyalAlbertaCollege\",\"https:\/\/x.com\/alberta_college\"]}]}<\/script>\n<!-- \/ Yoast SEO plugin. -->","yoast_head_json":{"title":"RAC - Google Business Intelligence Program - The Royal Alberta College","robots":{"index":"index","follow":"follow","max-snippet":"max-snippet:-1","max-image-preview":"max-image-preview:large","max-video-preview":"max-video-preview:-1"},"canonical":"https:\/\/www.alberta.college\/courses\/rac-google-bussiness-intelligence\/","og_locale":"fr_CA","og_type":"article","og_title":"RAC - Google Business Intelligence Program - The Royal Alberta College","og_description":"About this Professional Certificate Get professional training designed by Google and take the next step in your career with advanced skills in the high-growth field of business intelligence. There are [&hellip;]","og_url":"https:\/\/www.alberta.college\/courses\/rac-google-bussiness-intelligence\/","og_site_name":"The Royal Alberta College","article_publisher":"https:\/\/www.facebook.com\/RoyalAlbertaCollege","article_modified_time":"2025-04-14T17:27:38+00:00","og_image":[{"width":2432,"height":1460,"url":"https:\/\/www.alberta.college\/wp-content\/uploads\/2023\/04\/Business-Intelligence.png","type":"image\/png"}],"twitter_card":"summary_large_image","twitter_site":"@alberta_college","twitter_misc":{"Estimation du temps de lecture":"2 minutes"},"schema":{"@context":"https:\/\/schema.org","@graph":[{"@type":"WebPage","@id":"https:\/\/www.alberta.college\/courses\/rac-google-bussiness-intelligence\/","url":"https:\/\/www.alberta.college\/courses\/rac-google-bussiness-intelligence\/","name":"RAC - Google Business Intelligence Program - The Royal Alberta College","isPartOf":{"@id":"https:\/\/alberta.college\/#website"},"primaryImageOfPage":{"@id":"https:\/\/www.alberta.college\/courses\/rac-google-bussiness-intelligence\/#primaryimage"},"image":{"@id":"https:\/\/www.alberta.college\/courses\/rac-google-bussiness-intelligence\/#primaryimage"},"thumbnailUrl":"https:\/\/alberta.college\/wp-content\/uploads\/2023\/04\/Business-Intelligence.png","datePublished":"2023-04-26T14:53:29+00:00","dateModified":"2025-04-14T17:27:38+00:00","breadcrumb":{"@id":"https:\/\/www.alberta.college\/courses\/rac-google-bussiness-intelligence\/#breadcrumb"},"inLanguage":"fr-CA","potentialAction":[{"@type":"ReadAction","target":["https:\/\/www.alberta.college\/courses\/rac-google-bussiness-intelligence\/"]}]},{"@type":"ImageObject","inLanguage":"fr-CA","@id":"https:\/\/www.alberta.college\/courses\/rac-google-bussiness-intelligence\/#primaryimage","url":"https:\/\/alberta.college\/wp-content\/uploads\/2023\/04\/Business-Intelligence.png","contentUrl":"https:\/\/alberta.college\/wp-content\/uploads\/2023\/04\/Business-Intelligence.png","width":2432,"height":1460},{"@type":"BreadcrumbList","@id":"https:\/\/www.alberta.college\/courses\/rac-google-bussiness-intelligence\/#breadcrumb","itemListElement":[{"@type":"ListItem","position":1,"name":"Home","item":"https:\/\/alberta.college\/"},{"@type":"ListItem","position":2,"name":"Shop","item":"https:\/\/www.alberta.college\/fr\/shop\/"},{"@type":"ListItem","position":3,"name":"RAC &#8211; Google Business Intelligence Program"}]},{"@type":"WebSite","@id":"https:\/\/alberta.college\/#website","url":"https:\/\/alberta.college\/","name":"The Royal Alberta College","description":"High-Quality Affordable, Accessible Education for everyone","publisher":{"@id":"https:\/\/alberta.college\/#organization"},"potentialAction":[{"@type":"SearchAction","target":{"@type":"EntryPoint","urlTemplate":"https:\/\/alberta.college\/?s={search_term_string}"},"query-input":{"@type":"PropertyValueSpecification","valueRequired":true,"valueName":"search_term_string"}}],"inLanguage":"fr-CA"},{"@type":"Organization","@id":"https:\/\/alberta.college\/#organization","name":"The Royal Alberta College","url":"https:\/\/alberta.college\/","logo":{"@type":"ImageObject","inLanguage":"fr-CA","@id":"https:\/\/alberta.college\/#\/schema\/logo\/image\/","url":"https:\/\/alberta.college\/wp-content\/uploads\/2021\/05\/rac-logo.png","contentUrl":"https:\/\/alberta.college\/wp-content\/uploads\/2021\/05\/rac-logo.png","width":400,"height":242,"caption":"The Royal Alberta College"},"image":{"@id":"https:\/\/alberta.college\/#\/schema\/logo\/image\/"},"sameAs":["https:\/\/www.facebook.com\/RoyalAlbertaCollege","https:\/\/x.com\/alberta_college"]}]}},"jetpack_sharing_enabled":true,"_links":{"self":[{"href":"https:\/\/alberta.college\/fr\/wp-json\/wp\/v2\/product\/20236"}],"collection":[{"href":"https:\/\/alberta.college\/fr\/wp-json\/wp\/v2\/product"}],"about":[{"href":"https:\/\/alberta.college\/fr\/wp-json\/wp\/v2\/types\/product"}],"wp:featuredmedia":[{"embeddable":true,"href":"https:\/\/alberta.college\/fr\/wp-json\/wp\/v2\/media\/20242"}],"wp:attachment":[{"href":"https:\/\/alberta.college\/fr\/wp-json\/wp\/v2\/media?parent=20236"}],"wp:term":[{"taxonomy":"product_cat","embeddable":true,"href":"https:\/\/alberta.college\/fr\/wp-json\/wp\/v2\/product_cat?post=20236"},{"taxonomy":"product_tag","embeddable":true,"href":"https:\/\/alberta.college\/fr\/wp-json\/wp\/v2\/product_tag?post=20236"}],"curies":[{"name":"wp","href":"https:\/\/api.w.org\/{rel}","templated":true}]}}