
{"id":18067,"date":"2023-03-09T12:17:48","date_gmt":"2023-03-09T19:17:48","guid":{"rendered":"https:\/\/alberta.college\/?post_type=product&#038;p=18067"},"modified":"2025-04-14T11:27:57","modified_gmt":"2025-04-14T17:27:57","slug":"the-royal-alberta-college-and-ibm-web-development-fundamentals","status":"publish","type":"product","link":"https:\/\/alberta.college\/fr\/courses\/the-royal-alberta-college-and-ibm-web-development-fundamentals\/","title":{"rendered":"Le Royal Alberta College et IBM \u2013 Fondamentaux du d\u00e9veloppement web"},"content":{"rendered":"<h2 class=\"m-r-1 m-b-0 bold headline-4-text\"><span style=\"font-family: -apple-system, BlinkMacSystemFont, 'Segoe UI', Roboto, Oxygen-Sans, Ubuntu, Cantarell, 'Helvetica Neue', sans-serif; font-size: 16px;\">A propos de ce Certificat Professionnel<\/span><\/h2>\n<div class=\"m-t-1 m-b-3 description\" data-e2e=\"description\">\n<div class=\"description\">\n<div class=\"rc-CML override-cml-headers\" dir=\"auto\">\n<div class=\"css-b1j1et\" data-testid=\"cml-viewer\">\n<div class=\"m-t-1 m-b-3 description\" data-e2e=\"description\">\n<div class=\"description\">\n<div class=\"rc-CML override-cml-headers\" dir=\"auto\">\n<div class=\"css-b1j1et\" data-testid=\"cml-viewer\">\n<p><span data-sheets-value=\"{&quot;1&quot;:2,&quot;2&quot;:&quot;Learn the basics about the languages, tools, and processes to develop websites. Then, get hands-on practice creating an interactive task list web page in a series of simulations. Finish by gathering tips and resources that can help you launch a great career in web development.&quot;}\" data-sheets-userformat=\"{&quot;2&quot;:14851,&quot;3&quot;:{&quot;1&quot;:0},&quot;4&quot;:{&quot;1&quot;:2,&quot;2&quot;:16777215},&quot;12&quot;:0,&quot;14&quot;:{&quot;1&quot;:2,&quot;2&quot;:0},&quot;15&quot;:&quot;Arial&quot;,&quot;16&quot;:11}\">Apprenez les bases des langages, des outils et des processus permettant de d\u00e9velopper des sites Web. Ensuite, entra\u00eenez-vous \u00e0 cr\u00e9er une page Web interactive de liste de t\u00e2ches dans une s\u00e9rie de simulations. Terminez en rassemblant des conseils et des ressources qui peuvent vous aider \u00e0 lancer une belle carri\u00e8re dans le d\u00e9veloppement Web.<\/span><\/p>\n<\/div>\n<\/div>\n<\/div>\n<\/div>\n<\/div>\n<\/div>\n<\/div>\n<\/div>","protected":false},"excerpt":{"rendered":"<p>\u00c0 propos de ce certificat professionnel Apprenez les bases des langages, des outils et des processus permettant de d\u00e9velopper des sites Web. Ensuite, entra\u00eenez-vous concr\u00e8tement \u00e0 cr\u00e9er une page Web interactive de liste de t\u00e2ches dans une s\u00e9rie [\u2026]<\/p>","protected":false},"featured_media":18068,"template":"","meta":[],"product_cat":[75],"product_tag":[87],"yoast_head":"<!-- This site is optimized with the Yoast SEO plugin v23.5 - https:\/\/yoast.com\/wordpress\/plugins\/seo\/ -->\n<title>The Royal Alberta College and IBM - Web Development Fundamentals - The Royal Alberta College<\/title>\n<meta name=\"robots\" content=\"index, follow, max-snippet:-1, max-image-preview:large, max-video-preview:-1\" \/>\n<link rel=\"canonical\" href=\"https:\/\/alberta.college\/fr\/courses\/the-royal-alberta-college-and-ibm-web-development-fundamentals\/\" \/>\n<meta property=\"og:locale\" content=\"fr_CA\" \/>\n<meta property=\"og:type\" content=\"article\" \/>\n<meta property=\"og:title\" content=\"The Royal Alberta College and IBM - Web Development Fundamentals - The Royal Alberta College\" \/>\n<meta property=\"og:description\" content=\"About this Professional Certificate Learn the basics about the languages, tools, and processes to develop websites. Then, get hands-on practice creating an interactive task list web page in a series [&hellip;]\" \/>\n<meta property=\"og:url\" content=\"https:\/\/alberta.college\/fr\/courses\/the-royal-alberta-college-and-ibm-web-development-fundamentals\/\" \/>\n<meta property=\"og:site_name\" content=\"The Royal Alberta College\" \/>\n<meta property=\"article:publisher\" content=\"https:\/\/www.facebook.com\/RoyalAlbertaCollege\" \/>\n<meta property=\"article:modified_time\" content=\"2025-04-14T17:27:57+00:00\" \/>\n<meta property=\"og:image\" content=\"https:\/\/alberta.college\/wp-content\/uploads\/2023\/03\/Web-Development-Fundamentals-1024x615.png\" \/>\n\t<meta property=\"og:image:width\" content=\"1024\" \/>\n\t<meta property=\"og:image:height\" content=\"615\" \/>\n\t<meta property=\"og:image:type\" content=\"image\/png\" \/>\n<meta name=\"twitter:card\" content=\"summary_large_image\" \/>\n<meta name=\"twitter:site\" content=\"@alberta_college\" \/>\n<meta name=\"twitter:label1\" content=\"Estimation du temps de lecture\" \/>\n\t<meta name=\"twitter:data1\" content=\"1 minute\" \/>\n<script type=\"application\/ld+json\" class=\"yoast-schema-graph\">{\"@context\":\"https:\/\/schema.org\",\"@graph\":[{\"@type\":\"WebPage\",\"@id\":\"https:\/\/alberta.college\/fr\/courses\/the-royal-alberta-college-and-ibm-web-development-fundamentals\/\",\"url\":\"https:\/\/alberta.college\/fr\/courses\/the-royal-alberta-college-and-ibm-web-development-fundamentals\/\",\"name\":\"The Royal Alberta College and IBM - Web Development Fundamentals - The Royal Alberta College\",\"isPartOf\":{\"@id\":\"https:\/\/www.alberta.college\/fr\/#website\"},\"primaryImageOfPage\":{\"@id\":\"https:\/\/alberta.college\/fr\/courses\/the-royal-alberta-college-and-ibm-web-development-fundamentals\/#primaryimage\"},\"image\":{\"@id\":\"https:\/\/alberta.college\/fr\/courses\/the-royal-alberta-college-and-ibm-web-development-fundamentals\/#primaryimage\"},\"thumbnailUrl\":\"https:\/\/alberta.college\/wp-content\/uploads\/2023\/03\/Web-Development-Fundamentals.png\",\"datePublished\":\"2023-03-09T19:17:48+00:00\",\"dateModified\":\"2025-04-14T17:27:57+00:00\",\"breadcrumb\":{\"@id\":\"https:\/\/alberta.college\/fr\/courses\/the-royal-alberta-college-and-ibm-web-development-fundamentals\/#breadcrumb\"},\"inLanguage\":\"fr-CA\",\"potentialAction\":[{\"@type\":\"ReadAction\",\"target\":[\"https:\/\/alberta.college\/fr\/courses\/the-royal-alberta-college-and-ibm-web-development-fundamentals\/\"]}]},{\"@type\":\"ImageObject\",\"inLanguage\":\"fr-CA\",\"@id\":\"https:\/\/alberta.college\/fr\/courses\/the-royal-alberta-college-and-ibm-web-development-fundamentals\/#primaryimage\",\"url\":\"https:\/\/alberta.college\/wp-content\/uploads\/2023\/03\/Web-Development-Fundamentals.png\",\"contentUrl\":\"https:\/\/alberta.college\/wp-content\/uploads\/2023\/03\/Web-Development-Fundamentals.png\",\"width\":2432,\"height\":1460},{\"@type\":\"BreadcrumbList\",\"@id\":\"https:\/\/alberta.college\/fr\/courses\/the-royal-alberta-college-and-ibm-web-development-fundamentals\/#breadcrumb\",\"itemListElement\":[{\"@type\":\"ListItem\",\"position\":1,\"name\":\"Home\",\"item\":\"https:\/\/www.alberta.college\/fr\/\"},{\"@type\":\"ListItem\",\"position\":2,\"name\":\"Shop\",\"item\":\"https:\/\/alberta.college\/fr\/shop\/\"},{\"@type\":\"ListItem\",\"position\":3,\"name\":\"The Royal Alberta College and IBM &#8211; Web Development Fundamentals\"}]},{\"@type\":\"WebSite\",\"@id\":\"https:\/\/www.alberta.college\/fr\/#website\",\"url\":\"https:\/\/www.alberta.college\/fr\/\",\"name\":\"The Royal Alberta College\",\"description\":\"High-Quality Affordable, Accessible Education for everyone\",\"publisher\":{\"@id\":\"https:\/\/www.alberta.college\/fr\/#organization\"},\"potentialAction\":[{\"@type\":\"SearchAction\",\"target\":{\"@type\":\"EntryPoint\",\"urlTemplate\":\"https:\/\/www.alberta.college\/fr\/?s={search_term_string}\"},\"query-input\":{\"@type\":\"PropertyValueSpecification\",\"valueRequired\":true,\"valueName\":\"search_term_string\"}}],\"inLanguage\":\"fr-CA\"},{\"@type\":\"Organization\",\"@id\":\"https:\/\/www.alberta.college\/fr\/#organization\",\"name\":\"The Royal Alberta College\",\"url\":\"https:\/\/www.alberta.college\/fr\/\",\"logo\":{\"@type\":\"ImageObject\",\"inLanguage\":\"fr-CA\",\"@id\":\"https:\/\/www.alberta.college\/fr\/#\/schema\/logo\/image\/\",\"url\":\"https:\/\/alberta.college\/wp-content\/uploads\/2021\/05\/rac-logo.png\",\"contentUrl\":\"https:\/\/alberta.college\/wp-content\/uploads\/2021\/05\/rac-logo.png\",\"width\":400,\"height\":242,\"caption\":\"The Royal Alberta College\"},\"image\":{\"@id\":\"https:\/\/www.alberta.college\/fr\/#\/schema\/logo\/image\/\"},\"sameAs\":[\"https:\/\/www.facebook.com\/RoyalAlbertaCollege\",\"https:\/\/x.com\/alberta_college\"]}]}<\/script>\n<!-- \/ Yoast SEO plugin. -->","yoast_head_json":{"title":"The Royal Alberta College and IBM - Web Development Fundamentals - The Royal Alberta College","robots":{"index":"index","follow":"follow","max-snippet":"max-snippet:-1","max-image-preview":"max-image-preview:large","max-video-preview":"max-video-preview:-1"},"canonical":"https:\/\/alberta.college\/fr\/courses\/the-royal-alberta-college-and-ibm-web-development-fundamentals\/","og_locale":"fr_CA","og_type":"article","og_title":"The Royal Alberta College and IBM - Web Development Fundamentals - The Royal Alberta College","og_description":"About this Professional Certificate Learn the basics about the languages, tools, and processes to develop websites. Then, get hands-on practice creating an interactive task list web page in a series [&hellip;]","og_url":"https:\/\/alberta.college\/fr\/courses\/the-royal-alberta-college-and-ibm-web-development-fundamentals\/","og_site_name":"The Royal Alberta College","article_publisher":"https:\/\/www.facebook.com\/RoyalAlbertaCollege","article_modified_time":"2025-04-14T17:27:57+00:00","og_image":[{"width":1024,"height":615,"url":"https:\/\/alberta.college\/wp-content\/uploads\/2023\/03\/Web-Development-Fundamentals-1024x615.png","type":"image\/png"}],"twitter_card":"summary_large_image","twitter_site":"@alberta_college","twitter_misc":{"Estimation du temps de lecture":"1 minute"},"schema":{"@context":"https:\/\/schema.org","@graph":[{"@type":"WebPage","@id":"https:\/\/alberta.college\/fr\/courses\/the-royal-alberta-college-and-ibm-web-development-fundamentals\/","url":"https:\/\/alberta.college\/fr\/courses\/the-royal-alberta-college-and-ibm-web-development-fundamentals\/","name":"The Royal Alberta College and IBM - Web Development Fundamentals - The Royal Alberta College","isPartOf":{"@id":"https:\/\/www.alberta.college\/fr\/#website"},"primaryImageOfPage":{"@id":"https:\/\/alberta.college\/fr\/courses\/the-royal-alberta-college-and-ibm-web-development-fundamentals\/#primaryimage"},"image":{"@id":"https:\/\/alberta.college\/fr\/courses\/the-royal-alberta-college-and-ibm-web-development-fundamentals\/#primaryimage"},"thumbnailUrl":"https:\/\/alberta.college\/wp-content\/uploads\/2023\/03\/Web-Development-Fundamentals.png","datePublished":"2023-03-09T19:17:48+00:00","dateModified":"2025-04-14T17:27:57+00:00","breadcrumb":{"@id":"https:\/\/alberta.college\/fr\/courses\/the-royal-alberta-college-and-ibm-web-development-fundamentals\/#breadcrumb"},"inLanguage":"fr-CA","potentialAction":[{"@type":"ReadAction","target":["https:\/\/alberta.college\/fr\/courses\/the-royal-alberta-college-and-ibm-web-development-fundamentals\/"]}]},{"@type":"ImageObject","inLanguage":"fr-CA","@id":"https:\/\/alberta.college\/fr\/courses\/the-royal-alberta-college-and-ibm-web-development-fundamentals\/#primaryimage","url":"https:\/\/alberta.college\/wp-content\/uploads\/2023\/03\/Web-Development-Fundamentals.png","contentUrl":"https:\/\/alberta.college\/wp-content\/uploads\/2023\/03\/Web-Development-Fundamentals.png","width":2432,"height":1460},{"@type":"BreadcrumbList","@id":"https:\/\/alberta.college\/fr\/courses\/the-royal-alberta-college-and-ibm-web-development-fundamentals\/#breadcrumb","itemListElement":[{"@type":"ListItem","position":1,"name":"Home","item":"https:\/\/www.alberta.college\/fr\/"},{"@type":"ListItem","position":2,"name":"Shop","item":"https:\/\/alberta.college\/fr\/shop\/"},{"@type":"ListItem","position":3,"name":"The Royal Alberta College and IBM &#8211; Web Development Fundamentals"}]},{"@type":"WebSite","@id":"https:\/\/www.alberta.college\/fr\/#website","url":"https:\/\/www.alberta.college\/fr\/","name":"The Royal Alberta College","description":"High-Quality Affordable, Accessible Education for everyone","publisher":{"@id":"https:\/\/www.alberta.college\/fr\/#organization"},"potentialAction":[{"@type":"SearchAction","target":{"@type":"EntryPoint","urlTemplate":"https:\/\/www.alberta.college\/fr\/?s={search_term_string}"},"query-input":{"@type":"PropertyValueSpecification","valueRequired":true,"valueName":"search_term_string"}}],"inLanguage":"fr-CA"},{"@type":"Organization","@id":"https:\/\/www.alberta.college\/fr\/#organization","name":"The Royal Alberta College","url":"https:\/\/www.alberta.college\/fr\/","logo":{"@type":"ImageObject","inLanguage":"fr-CA","@id":"https:\/\/www.alberta.college\/fr\/#\/schema\/logo\/image\/","url":"https:\/\/alberta.college\/wp-content\/uploads\/2021\/05\/rac-logo.png","contentUrl":"https:\/\/alberta.college\/wp-content\/uploads\/2021\/05\/rac-logo.png","width":400,"height":242,"caption":"The Royal Alberta College"},"image":{"@id":"https:\/\/www.alberta.college\/fr\/#\/schema\/logo\/image\/"},"sameAs":["https:\/\/www.facebook.com\/RoyalAlbertaCollege","https:\/\/x.com\/alberta_college"]}]}},"jetpack_sharing_enabled":true,"_links":{"self":[{"href":"https:\/\/alberta.college\/fr\/wp-json\/wp\/v2\/product\/18067"}],"collection":[{"href":"https:\/\/alberta.college\/fr\/wp-json\/wp\/v2\/product"}],"about":[{"href":"https:\/\/alberta.college\/fr\/wp-json\/wp\/v2\/types\/product"}],"wp:featuredmedia":[{"embeddable":true,"href":"https:\/\/alberta.college\/fr\/wp-json\/wp\/v2\/media\/18068"}],"wp:attachment":[{"href":"https:\/\/alberta.college\/fr\/wp-json\/wp\/v2\/media?parent=18067"}],"wp:term":[{"taxonomy":"product_cat","embeddable":true,"href":"https:\/\/alberta.college\/fr\/wp-json\/wp\/v2\/product_cat?post=18067"},{"taxonomy":"product_tag","embeddable":true,"href":"https:\/\/alberta.college\/fr\/wp-json\/wp\/v2\/product_tag?post=18067"}],"curies":[{"name":"wp","href":"https:\/\/api.w.org\/{rel}","templated":true}]}}