
{"id":18065,"date":"2023-03-09T12:16:23","date_gmt":"2023-03-09T19:16:23","guid":{"rendered":"https:\/\/alberta.college\/?post_type=product&#038;p=18065"},"modified":"2025-04-14T11:28:07","modified_gmt":"2025-04-14T17:28:07","slug":"the-royal-alberta-college-and-ibm-project-management-fundamentals","status":"publish","type":"product","link":"https:\/\/alberta.college\/fr\/courses\/the-royal-alberta-college-and-ibm-project-management-fundamentals\/","title":{"rendered":"Le Royal Alberta College et IBM \u2013 Fondamentaux de la gestion de projet"},"content":{"rendered":"<h2 class=\"m-r-1 m-b-0 bold headline-4-text\"><span style=\"font-family: -apple-system, BlinkMacSystemFont, 'Segoe UI', Roboto, Oxygen-Sans, Ubuntu, Cantarell, 'Helvetica Neue', sans-serif; font-size: 16px;\">A propos de ce Certificat Professionnel<\/span><\/h2>\n<div class=\"m-t-1 m-b-3 description\" data-e2e=\"description\">\n<div class=\"description\">\n<div class=\"rc-CML override-cml-headers\" dir=\"auto\">\n<div class=\"css-b1j1et\" data-testid=\"cml-viewer\">\n<div class=\"m-t-1 m-b-3 description\" data-e2e=\"description\">\n<div class=\"description\">\n<div class=\"rc-CML override-cml-headers\" dir=\"auto\">\n<div class=\"css-b1j1et\" data-testid=\"cml-viewer\">\n<p><span data-sheets-value=\"{&quot;1&quot;:2,&quot;2&quot;:&quot;This is an introductory learning experience designed to provide you with foundational knowledge about project management concepts. This course introduces you to the basic principles of project management and what it takes to be a successful project manager.&quot;}\" data-sheets-userformat=\"{&quot;2&quot;:14851,&quot;3&quot;:{&quot;1&quot;:0},&quot;4&quot;:{&quot;1&quot;:2,&quot;2&quot;:16053492},&quot;12&quot;:0,&quot;14&quot;:{&quot;1&quot;:2,&quot;2&quot;:2500134},&quot;15&quot;:&quot;Arial&quot;,&quot;16&quot;:10}\">Il s&#039;agit d&#039;une exp\u00e9rience d&#039;apprentissage d&#039;introduction con\u00e7ue pour vous fournir des connaissances fondamentales sur les concepts de gestion de projet. Ce cours vous pr\u00e9sente les principes de base de la gestion de projet et ce qu&#039;il faut pour devenir un chef de projet performant.<\/span><\/p>\n<\/div>\n<\/div>\n<\/div>\n<\/div>\n<\/div>\n<\/div>\n<\/div>\n<\/div>","protected":false},"excerpt":{"rendered":"<p>\u00c0 propos de ce certificat professionnel Il s&#039;agit d&#039;une exp\u00e9rience d&#039;apprentissage d&#039;introduction con\u00e7ue pour vous fournir des connaissances de base sur les concepts de gestion de projet. Ce cours vous pr\u00e9sente les principes de base de [\u2026]<\/p>","protected":false},"featured_media":18066,"template":"","meta":[],"product_cat":[75],"product_tag":[86,87],"yoast_head":"<!-- This site is optimized with the Yoast SEO plugin v23.5 - https:\/\/yoast.com\/wordpress\/plugins\/seo\/ -->\n<title>The Royal Alberta College and IBM - Project Management Fundamentals - The Royal Alberta College<\/title>\n<meta name=\"robots\" content=\"index, follow, max-snippet:-1, max-image-preview:large, max-video-preview:-1\" \/>\n<link rel=\"canonical\" href=\"https:\/\/alberta.college\/fr\/courses\/the-royal-alberta-college-and-ibm-project-management-fundamentals\/\" \/>\n<meta property=\"og:locale\" content=\"fr_CA\" \/>\n<meta property=\"og:type\" content=\"article\" \/>\n<meta property=\"og:title\" content=\"The Royal Alberta College and IBM - Project Management Fundamentals - The Royal Alberta College\" \/>\n<meta property=\"og:description\" content=\"About this Professional Certificate This is an introductory learning experience designed to provide you with foundational knowledge about project management concepts. This course introduces you to the basic principles of [&hellip;]\" \/>\n<meta property=\"og:url\" content=\"https:\/\/alberta.college\/fr\/courses\/the-royal-alberta-college-and-ibm-project-management-fundamentals\/\" \/>\n<meta property=\"og:site_name\" content=\"The Royal Alberta College\" \/>\n<meta property=\"article:publisher\" content=\"https:\/\/www.facebook.com\/RoyalAlbertaCollege\" \/>\n<meta property=\"article:modified_time\" content=\"2025-04-14T17:28:07+00:00\" \/>\n<meta property=\"og:image\" content=\"https:\/\/alberta.college\/wp-content\/uploads\/2023\/03\/Project-Management-Fundamentals.png\" \/>\n\t<meta property=\"og:image:width\" content=\"2432\" \/>\n\t<meta property=\"og:image:height\" content=\"1460\" \/>\n\t<meta property=\"og:image:type\" content=\"image\/png\" \/>\n<meta name=\"twitter:card\" content=\"summary_large_image\" \/>\n<meta name=\"twitter:site\" content=\"@alberta_college\" \/>\n<meta name=\"twitter:label1\" content=\"Estimation du temps de lecture\" \/>\n\t<meta name=\"twitter:data1\" content=\"1 minute\" \/>\n<script type=\"application\/ld+json\" class=\"yoast-schema-graph\">{\"@context\":\"https:\/\/schema.org\",\"@graph\":[{\"@type\":\"WebPage\",\"@id\":\"https:\/\/alberta.college\/fr\/courses\/the-royal-alberta-college-and-ibm-project-management-fundamentals\/\",\"url\":\"https:\/\/alberta.college\/fr\/courses\/the-royal-alberta-college-and-ibm-project-management-fundamentals\/\",\"name\":\"The Royal Alberta College and IBM - Project Management Fundamentals - The Royal Alberta College\",\"isPartOf\":{\"@id\":\"https:\/\/alberta.college\/#website\"},\"primaryImageOfPage\":{\"@id\":\"https:\/\/alberta.college\/fr\/courses\/the-royal-alberta-college-and-ibm-project-management-fundamentals\/#primaryimage\"},\"image\":{\"@id\":\"https:\/\/alberta.college\/fr\/courses\/the-royal-alberta-college-and-ibm-project-management-fundamentals\/#primaryimage\"},\"thumbnailUrl\":\"https:\/\/alberta.college\/wp-content\/uploads\/2023\/03\/Project-Management-Fundamentals.png\",\"datePublished\":\"2023-03-09T19:16:23+00:00\",\"dateModified\":\"2025-04-14T17:28:07+00:00\",\"breadcrumb\":{\"@id\":\"https:\/\/alberta.college\/fr\/courses\/the-royal-alberta-college-and-ibm-project-management-fundamentals\/#breadcrumb\"},\"inLanguage\":\"fr-CA\",\"potentialAction\":[{\"@type\":\"ReadAction\",\"target\":[\"https:\/\/alberta.college\/fr\/courses\/the-royal-alberta-college-and-ibm-project-management-fundamentals\/\"]}]},{\"@type\":\"ImageObject\",\"inLanguage\":\"fr-CA\",\"@id\":\"https:\/\/alberta.college\/fr\/courses\/the-royal-alberta-college-and-ibm-project-management-fundamentals\/#primaryimage\",\"url\":\"https:\/\/alberta.college\/wp-content\/uploads\/2023\/03\/Project-Management-Fundamentals.png\",\"contentUrl\":\"https:\/\/alberta.college\/wp-content\/uploads\/2023\/03\/Project-Management-Fundamentals.png\",\"width\":2432,\"height\":1460},{\"@type\":\"BreadcrumbList\",\"@id\":\"https:\/\/alberta.college\/fr\/courses\/the-royal-alberta-college-and-ibm-project-management-fundamentals\/#breadcrumb\",\"itemListElement\":[{\"@type\":\"ListItem\",\"position\":1,\"name\":\"Home\",\"item\":\"https:\/\/alberta.college\/\"},{\"@type\":\"ListItem\",\"position\":2,\"name\":\"Shop\",\"item\":\"https:\/\/www.alberta.college\/fr\/shop\/\"},{\"@type\":\"ListItem\",\"position\":3,\"name\":\"The Royal Alberta College and IBM &#8211; Project Management Fundamentals\"}]},{\"@type\":\"WebSite\",\"@id\":\"https:\/\/alberta.college\/#website\",\"url\":\"https:\/\/alberta.college\/\",\"name\":\"The Royal Alberta College\",\"description\":\"High-Quality Affordable, Accessible Education for everyone\",\"publisher\":{\"@id\":\"https:\/\/alberta.college\/#organization\"},\"potentialAction\":[{\"@type\":\"SearchAction\",\"target\":{\"@type\":\"EntryPoint\",\"urlTemplate\":\"https:\/\/alberta.college\/?s={search_term_string}\"},\"query-input\":{\"@type\":\"PropertyValueSpecification\",\"valueRequired\":true,\"valueName\":\"search_term_string\"}}],\"inLanguage\":\"fr-CA\"},{\"@type\":\"Organization\",\"@id\":\"https:\/\/alberta.college\/#organization\",\"name\":\"The Royal Alberta College\",\"url\":\"https:\/\/alberta.college\/\",\"logo\":{\"@type\":\"ImageObject\",\"inLanguage\":\"fr-CA\",\"@id\":\"https:\/\/alberta.college\/#\/schema\/logo\/image\/\",\"url\":\"https:\/\/alberta.college\/wp-content\/uploads\/2021\/05\/rac-logo.png\",\"contentUrl\":\"https:\/\/alberta.college\/wp-content\/uploads\/2021\/05\/rac-logo.png\",\"width\":400,\"height\":242,\"caption\":\"The Royal Alberta College\"},\"image\":{\"@id\":\"https:\/\/alberta.college\/#\/schema\/logo\/image\/\"},\"sameAs\":[\"https:\/\/www.facebook.com\/RoyalAlbertaCollege\",\"https:\/\/x.com\/alberta_college\"]}]}<\/script>\n<!-- \/ Yoast SEO plugin. -->","yoast_head_json":{"title":"The Royal Alberta College and IBM - Project Management Fundamentals - The Royal Alberta College","robots":{"index":"index","follow":"follow","max-snippet":"max-snippet:-1","max-image-preview":"max-image-preview:large","max-video-preview":"max-video-preview:-1"},"canonical":"https:\/\/alberta.college\/fr\/courses\/the-royal-alberta-college-and-ibm-project-management-fundamentals\/","og_locale":"fr_CA","og_type":"article","og_title":"The Royal Alberta College and IBM - Project Management Fundamentals - The Royal Alberta College","og_description":"About this Professional Certificate This is an introductory learning experience designed to provide you with foundational knowledge about project management concepts. This course introduces you to the basic principles of [&hellip;]","og_url":"https:\/\/alberta.college\/fr\/courses\/the-royal-alberta-college-and-ibm-project-management-fundamentals\/","og_site_name":"The Royal Alberta College","article_publisher":"https:\/\/www.facebook.com\/RoyalAlbertaCollege","article_modified_time":"2025-04-14T17:28:07+00:00","og_image":[{"width":2432,"height":1460,"url":"https:\/\/alberta.college\/wp-content\/uploads\/2023\/03\/Project-Management-Fundamentals.png","type":"image\/png"}],"twitter_card":"summary_large_image","twitter_site":"@alberta_college","twitter_misc":{"Estimation du temps de lecture":"1 minute"},"schema":{"@context":"https:\/\/schema.org","@graph":[{"@type":"WebPage","@id":"https:\/\/alberta.college\/fr\/courses\/the-royal-alberta-college-and-ibm-project-management-fundamentals\/","url":"https:\/\/alberta.college\/fr\/courses\/the-royal-alberta-college-and-ibm-project-management-fundamentals\/","name":"The Royal Alberta College and IBM - Project Management Fundamentals - The Royal Alberta College","isPartOf":{"@id":"https:\/\/alberta.college\/#website"},"primaryImageOfPage":{"@id":"https:\/\/alberta.college\/fr\/courses\/the-royal-alberta-college-and-ibm-project-management-fundamentals\/#primaryimage"},"image":{"@id":"https:\/\/alberta.college\/fr\/courses\/the-royal-alberta-college-and-ibm-project-management-fundamentals\/#primaryimage"},"thumbnailUrl":"https:\/\/alberta.college\/wp-content\/uploads\/2023\/03\/Project-Management-Fundamentals.png","datePublished":"2023-03-09T19:16:23+00:00","dateModified":"2025-04-14T17:28:07+00:00","breadcrumb":{"@id":"https:\/\/alberta.college\/fr\/courses\/the-royal-alberta-college-and-ibm-project-management-fundamentals\/#breadcrumb"},"inLanguage":"fr-CA","potentialAction":[{"@type":"ReadAction","target":["https:\/\/alberta.college\/fr\/courses\/the-royal-alberta-college-and-ibm-project-management-fundamentals\/"]}]},{"@type":"ImageObject","inLanguage":"fr-CA","@id":"https:\/\/alberta.college\/fr\/courses\/the-royal-alberta-college-and-ibm-project-management-fundamentals\/#primaryimage","url":"https:\/\/alberta.college\/wp-content\/uploads\/2023\/03\/Project-Management-Fundamentals.png","contentUrl":"https:\/\/alberta.college\/wp-content\/uploads\/2023\/03\/Project-Management-Fundamentals.png","width":2432,"height":1460},{"@type":"BreadcrumbList","@id":"https:\/\/alberta.college\/fr\/courses\/the-royal-alberta-college-and-ibm-project-management-fundamentals\/#breadcrumb","itemListElement":[{"@type":"ListItem","position":1,"name":"Home","item":"https:\/\/alberta.college\/"},{"@type":"ListItem","position":2,"name":"Shop","item":"https:\/\/www.alberta.college\/fr\/shop\/"},{"@type":"ListItem","position":3,"name":"The Royal Alberta College and IBM &#8211; Project Management Fundamentals"}]},{"@type":"WebSite","@id":"https:\/\/alberta.college\/#website","url":"https:\/\/alberta.college\/","name":"The Royal Alberta College","description":"High-Quality Affordable, Accessible Education for everyone","publisher":{"@id":"https:\/\/alberta.college\/#organization"},"potentialAction":[{"@type":"SearchAction","target":{"@type":"EntryPoint","urlTemplate":"https:\/\/alberta.college\/?s={search_term_string}"},"query-input":{"@type":"PropertyValueSpecification","valueRequired":true,"valueName":"search_term_string"}}],"inLanguage":"fr-CA"},{"@type":"Organization","@id":"https:\/\/alberta.college\/#organization","name":"The Royal Alberta College","url":"https:\/\/alberta.college\/","logo":{"@type":"ImageObject","inLanguage":"fr-CA","@id":"https:\/\/alberta.college\/#\/schema\/logo\/image\/","url":"https:\/\/alberta.college\/wp-content\/uploads\/2021\/05\/rac-logo.png","contentUrl":"https:\/\/alberta.college\/wp-content\/uploads\/2021\/05\/rac-logo.png","width":400,"height":242,"caption":"The Royal Alberta College"},"image":{"@id":"https:\/\/alberta.college\/#\/schema\/logo\/image\/"},"sameAs":["https:\/\/www.facebook.com\/RoyalAlbertaCollege","https:\/\/x.com\/alberta_college"]}]}},"jetpack_sharing_enabled":true,"_links":{"self":[{"href":"https:\/\/alberta.college\/fr\/wp-json\/wp\/v2\/product\/18065"}],"collection":[{"href":"https:\/\/alberta.college\/fr\/wp-json\/wp\/v2\/product"}],"about":[{"href":"https:\/\/alberta.college\/fr\/wp-json\/wp\/v2\/types\/product"}],"wp:featuredmedia":[{"embeddable":true,"href":"https:\/\/alberta.college\/fr\/wp-json\/wp\/v2\/media\/18066"}],"wp:attachment":[{"href":"https:\/\/alberta.college\/fr\/wp-json\/wp\/v2\/media?parent=18065"}],"wp:term":[{"taxonomy":"product_cat","embeddable":true,"href":"https:\/\/alberta.college\/fr\/wp-json\/wp\/v2\/product_cat?post=18065"},{"taxonomy":"product_tag","embeddable":true,"href":"https:\/\/alberta.college\/fr\/wp-json\/wp\/v2\/product_tag?post=18065"}],"curies":[{"name":"wp","href":"https:\/\/api.w.org\/{rel}","templated":true}]}}