
{"id":18060,"date":"2023-03-09T10:53:28","date_gmt":"2023-03-09T17:53:28","guid":{"rendered":"https:\/\/alberta.college\/?post_type=product&#038;p=18060"},"modified":"2025-04-14T11:28:26","modified_gmt":"2025-04-14T17:28:26","slug":"rac-artificial-intelligence-fundamentals","status":"publish","type":"product","link":"https:\/\/alberta.college\/fr\/courses\/rac-artificial-intelligence-fundamentals\/","title":{"rendered":"Le Royal Alberta College et IBM \u2013 Fondamentaux de l'intelligence artificielle"},"content":{"rendered":"<h2 class=\"m-r-1 m-b-0 bold headline-4-text\"><span style=\"font-family: -apple-system, BlinkMacSystemFont, 'Segoe UI', Roboto, Oxygen-Sans, Ubuntu, Cantarell, 'Helvetica Neue', sans-serif; font-size: 16px;\">A propos de ce Certificat Professionnel<\/span><\/h2>\n<div class=\"m-t-1 m-b-3 description\" data-e2e=\"description\">\n<div class=\"description\">\n<div class=\"rc-CML override-cml-headers\" dir=\"auto\">\n<div class=\"css-b1j1et\" data-testid=\"cml-viewer\">\n<div class=\"m-t-1 m-b-3 description\" data-e2e=\"description\">\n<div class=\"description\">\n<div class=\"rc-CML override-cml-headers\" dir=\"auto\">\n<div class=\"css-b1j1et\" data-testid=\"cml-viewer\">\n<p><span data-sheets-value=\"{&quot;1&quot;:2,&quot;2&quot;:&quot;Does artificial intelligence (AI) spark your interest? Here\u2019s your chance to visualize yourself in an AI career! You\u2019ll explore AI\u2019s history, then see how it can change the world. Along the way, you\u2019ll deep dive into ways that AI makes predictions, understands language and images, and learns using circuits inspired by the human brain. After a hands-on simulation in which you build and test a machine learning model, you\u2019ll finish with tips on how to find your own career in artificial intelligence.&quot;}\" data-sheets-userformat=\"{&quot;2&quot;:769,&quot;3&quot;:{&quot;1&quot;:0},&quot;11&quot;:4,&quot;12&quot;:0}\">L\u2019intelligence artificielle (IA) suscite-t-elle votre int\u00e9r\u00eat ? Voici votre chance de vous visualiser dans une carri\u00e8re en IA\u00a0! Vous explorerez l\u2019histoire de l\u2019IA, puis d\u00e9couvrirez comment elle peut changer le monde. En cours de route, vous d\u00e9couvrirez en profondeur la mani\u00e8re dont l&#039;IA fait des pr\u00e9dictions, comprend le langage et les images et apprend \u00e0 l&#039;aide de circuits inspir\u00e9s du cerveau humain. Apr\u00e8s une simulation pratique dans laquelle vous construisez et testez un mod\u00e8le d&#039;apprentissage automatique, vous terminerez par des conseils sur la fa\u00e7on de trouver votre propre carri\u00e8re dans l&#039;intelligence artificielle.<\/span><\/p>\n<\/div>\n<\/div>\n<\/div>\n<\/div>\n<\/div>\n<\/div>\n<\/div>\n<\/div>","protected":false},"excerpt":{"rendered":"<p>\u00c0 propos de ce Certificat Professionnel L&#039;intelligence artificielle (IA) suscite-t-elle votre int\u00e9r\u00eat ? Voici votre chance de vous visualiser dans une carri\u00e8re en IA\u00a0! Vous explorerez l&#039;histoire de l&#039;IA, puis verrez comment elle [\u2026]<\/p>","protected":false},"featured_media":18061,"template":"","meta":[],"product_cat":[75],"product_tag":[87],"yoast_head":"<!-- This site is optimized with the Yoast SEO plugin v23.5 - https:\/\/yoast.com\/wordpress\/plugins\/seo\/ -->\n<title>The Royal Alberta College and IBM - Artificial Intelligence Fundamentals - The Royal Alberta College<\/title>\n<meta name=\"robots\" content=\"index, follow, max-snippet:-1, max-image-preview:large, max-video-preview:-1\" \/>\n<link rel=\"canonical\" href=\"https:\/\/www.alberta.college\/fr\/courses\/rac-artificial-intelligence-fundamentals\/\" \/>\n<meta property=\"og:locale\" content=\"fr_CA\" \/>\n<meta property=\"og:type\" content=\"article\" \/>\n<meta property=\"og:title\" content=\"The Royal Alberta College and IBM - Artificial Intelligence Fundamentals - The Royal Alberta College\" \/>\n<meta property=\"og:description\" content=\"About this Professional Certificate Does artificial intelligence (AI) spark your interest? Here\u2019s your chance to visualize yourself in an AI career! You will explore AI\u2019s history, then see how it [&hellip;]\" \/>\n<meta property=\"og:url\" content=\"https:\/\/www.alberta.college\/fr\/courses\/rac-artificial-intelligence-fundamentals\/\" \/>\n<meta property=\"og:site_name\" content=\"The Royal Alberta College\" \/>\n<meta property=\"article:publisher\" content=\"https:\/\/www.facebook.com\/RoyalAlbertaCollege\" \/>\n<meta property=\"article:modified_time\" content=\"2025-04-14T17:28:26+00:00\" \/>\n<meta property=\"og:image\" content=\"https:\/\/www.alberta.college\/wp-content\/uploads\/2023\/03\/Artificial-Intelligence-Fundamentals-1024x615.png\" \/>\n\t<meta property=\"og:image:width\" content=\"1024\" \/>\n\t<meta property=\"og:image:height\" content=\"615\" \/>\n\t<meta property=\"og:image:type\" content=\"image\/png\" \/>\n<meta name=\"twitter:card\" content=\"summary_large_image\" \/>\n<meta name=\"twitter:site\" content=\"@alberta_college\" \/>\n<meta name=\"twitter:label1\" content=\"Estimation du temps de lecture\" \/>\n\t<meta name=\"twitter:data1\" content=\"1 minute\" \/>\n<script type=\"application\/ld+json\" class=\"yoast-schema-graph\">{\"@context\":\"https:\/\/schema.org\",\"@graph\":[{\"@type\":\"WebPage\",\"@id\":\"https:\/\/www.alberta.college\/fr\/courses\/rac-artificial-intelligence-fundamentals\/\",\"url\":\"https:\/\/www.alberta.college\/fr\/courses\/rac-artificial-intelligence-fundamentals\/\",\"name\":\"The Royal Alberta College and IBM - Artificial Intelligence Fundamentals - The Royal Alberta College\",\"isPartOf\":{\"@id\":\"https:\/\/www.alberta.college\/fr\/#website\"},\"primaryImageOfPage\":{\"@id\":\"https:\/\/www.alberta.college\/fr\/courses\/rac-artificial-intelligence-fundamentals\/#primaryimage\"},\"image\":{\"@id\":\"https:\/\/www.alberta.college\/fr\/courses\/rac-artificial-intelligence-fundamentals\/#primaryimage\"},\"thumbnailUrl\":\"https:\/\/alberta.college\/wp-content\/uploads\/2023\/03\/Artificial-Intelligence-Fundamentals.png\",\"datePublished\":\"2023-03-09T17:53:28+00:00\",\"dateModified\":\"2025-04-14T17:28:26+00:00\",\"breadcrumb\":{\"@id\":\"https:\/\/www.alberta.college\/fr\/courses\/rac-artificial-intelligence-fundamentals\/#breadcrumb\"},\"inLanguage\":\"fr-CA\",\"potentialAction\":[{\"@type\":\"ReadAction\",\"target\":[\"https:\/\/www.alberta.college\/fr\/courses\/rac-artificial-intelligence-fundamentals\/\"]}]},{\"@type\":\"ImageObject\",\"inLanguage\":\"fr-CA\",\"@id\":\"https:\/\/www.alberta.college\/fr\/courses\/rac-artificial-intelligence-fundamentals\/#primaryimage\",\"url\":\"https:\/\/alberta.college\/wp-content\/uploads\/2023\/03\/Artificial-Intelligence-Fundamentals.png\",\"contentUrl\":\"https:\/\/alberta.college\/wp-content\/uploads\/2023\/03\/Artificial-Intelligence-Fundamentals.png\",\"width\":2432,\"height\":1460},{\"@type\":\"BreadcrumbList\",\"@id\":\"https:\/\/www.alberta.college\/fr\/courses\/rac-artificial-intelligence-fundamentals\/#breadcrumb\",\"itemListElement\":[{\"@type\":\"ListItem\",\"position\":1,\"name\":\"Home\",\"item\":\"https:\/\/www.alberta.college\/fr\/\"},{\"@type\":\"ListItem\",\"position\":2,\"name\":\"Shop\",\"item\":\"https:\/\/alberta.college\/fr\/shop\/\"},{\"@type\":\"ListItem\",\"position\":3,\"name\":\"The Royal Alberta College and IBM &#8211; Artificial Intelligence Fundamentals\"}]},{\"@type\":\"WebSite\",\"@id\":\"https:\/\/www.alberta.college\/fr\/#website\",\"url\":\"https:\/\/www.alberta.college\/fr\/\",\"name\":\"The Royal Alberta College\",\"description\":\"High-Quality Affordable, Accessible Education for everyone\",\"publisher\":{\"@id\":\"https:\/\/www.alberta.college\/fr\/#organization\"},\"potentialAction\":[{\"@type\":\"SearchAction\",\"target\":{\"@type\":\"EntryPoint\",\"urlTemplate\":\"https:\/\/www.alberta.college\/fr\/?s={search_term_string}\"},\"query-input\":{\"@type\":\"PropertyValueSpecification\",\"valueRequired\":true,\"valueName\":\"search_term_string\"}}],\"inLanguage\":\"fr-CA\"},{\"@type\":\"Organization\",\"@id\":\"https:\/\/www.alberta.college\/fr\/#organization\",\"name\":\"The Royal Alberta College\",\"url\":\"https:\/\/www.alberta.college\/fr\/\",\"logo\":{\"@type\":\"ImageObject\",\"inLanguage\":\"fr-CA\",\"@id\":\"https:\/\/www.alberta.college\/fr\/#\/schema\/logo\/image\/\",\"url\":\"https:\/\/alberta.college\/wp-content\/uploads\/2021\/05\/rac-logo.png\",\"contentUrl\":\"https:\/\/alberta.college\/wp-content\/uploads\/2021\/05\/rac-logo.png\",\"width\":400,\"height\":242,\"caption\":\"The Royal Alberta College\"},\"image\":{\"@id\":\"https:\/\/www.alberta.college\/fr\/#\/schema\/logo\/image\/\"},\"sameAs\":[\"https:\/\/www.facebook.com\/RoyalAlbertaCollege\",\"https:\/\/x.com\/alberta_college\"]}]}<\/script>\n<!-- \/ Yoast SEO plugin. -->","yoast_head_json":{"title":"The Royal Alberta College and IBM - Artificial Intelligence Fundamentals - The Royal Alberta College","robots":{"index":"index","follow":"follow","max-snippet":"max-snippet:-1","max-image-preview":"max-image-preview:large","max-video-preview":"max-video-preview:-1"},"canonical":"https:\/\/www.alberta.college\/fr\/courses\/rac-artificial-intelligence-fundamentals\/","og_locale":"fr_CA","og_type":"article","og_title":"The Royal Alberta College and IBM - Artificial Intelligence Fundamentals - The Royal Alberta College","og_description":"About this Professional Certificate Does artificial intelligence (AI) spark your interest? Here\u2019s your chance to visualize yourself in an AI career! You will explore AI\u2019s history, then see how it [&hellip;]","og_url":"https:\/\/www.alberta.college\/fr\/courses\/rac-artificial-intelligence-fundamentals\/","og_site_name":"The Royal Alberta College","article_publisher":"https:\/\/www.facebook.com\/RoyalAlbertaCollege","article_modified_time":"2025-04-14T17:28:26+00:00","og_image":[{"width":1024,"height":615,"url":"https:\/\/www.alberta.college\/wp-content\/uploads\/2023\/03\/Artificial-Intelligence-Fundamentals-1024x615.png","type":"image\/png"}],"twitter_card":"summary_large_image","twitter_site":"@alberta_college","twitter_misc":{"Estimation du temps de lecture":"1 minute"},"schema":{"@context":"https:\/\/schema.org","@graph":[{"@type":"WebPage","@id":"https:\/\/www.alberta.college\/fr\/courses\/rac-artificial-intelligence-fundamentals\/","url":"https:\/\/www.alberta.college\/fr\/courses\/rac-artificial-intelligence-fundamentals\/","name":"The Royal Alberta College and IBM - Artificial Intelligence Fundamentals - The Royal Alberta College","isPartOf":{"@id":"https:\/\/www.alberta.college\/fr\/#website"},"primaryImageOfPage":{"@id":"https:\/\/www.alberta.college\/fr\/courses\/rac-artificial-intelligence-fundamentals\/#primaryimage"},"image":{"@id":"https:\/\/www.alberta.college\/fr\/courses\/rac-artificial-intelligence-fundamentals\/#primaryimage"},"thumbnailUrl":"https:\/\/alberta.college\/wp-content\/uploads\/2023\/03\/Artificial-Intelligence-Fundamentals.png","datePublished":"2023-03-09T17:53:28+00:00","dateModified":"2025-04-14T17:28:26+00:00","breadcrumb":{"@id":"https:\/\/www.alberta.college\/fr\/courses\/rac-artificial-intelligence-fundamentals\/#breadcrumb"},"inLanguage":"fr-CA","potentialAction":[{"@type":"ReadAction","target":["https:\/\/www.alberta.college\/fr\/courses\/rac-artificial-intelligence-fundamentals\/"]}]},{"@type":"ImageObject","inLanguage":"fr-CA","@id":"https:\/\/www.alberta.college\/fr\/courses\/rac-artificial-intelligence-fundamentals\/#primaryimage","url":"https:\/\/alberta.college\/wp-content\/uploads\/2023\/03\/Artificial-Intelligence-Fundamentals.png","contentUrl":"https:\/\/alberta.college\/wp-content\/uploads\/2023\/03\/Artificial-Intelligence-Fundamentals.png","width":2432,"height":1460},{"@type":"BreadcrumbList","@id":"https:\/\/www.alberta.college\/fr\/courses\/rac-artificial-intelligence-fundamentals\/#breadcrumb","itemListElement":[{"@type":"ListItem","position":1,"name":"Home","item":"https:\/\/www.alberta.college\/fr\/"},{"@type":"ListItem","position":2,"name":"Shop","item":"https:\/\/alberta.college\/fr\/shop\/"},{"@type":"ListItem","position":3,"name":"The Royal Alberta College and IBM &#8211; Artificial Intelligence Fundamentals"}]},{"@type":"WebSite","@id":"https:\/\/www.alberta.college\/fr\/#website","url":"https:\/\/www.alberta.college\/fr\/","name":"The Royal Alberta College","description":"High-Quality Affordable, Accessible Education for everyone","publisher":{"@id":"https:\/\/www.alberta.college\/fr\/#organization"},"potentialAction":[{"@type":"SearchAction","target":{"@type":"EntryPoint","urlTemplate":"https:\/\/www.alberta.college\/fr\/?s={search_term_string}"},"query-input":{"@type":"PropertyValueSpecification","valueRequired":true,"valueName":"search_term_string"}}],"inLanguage":"fr-CA"},{"@type":"Organization","@id":"https:\/\/www.alberta.college\/fr\/#organization","name":"The Royal Alberta College","url":"https:\/\/www.alberta.college\/fr\/","logo":{"@type":"ImageObject","inLanguage":"fr-CA","@id":"https:\/\/www.alberta.college\/fr\/#\/schema\/logo\/image\/","url":"https:\/\/alberta.college\/wp-content\/uploads\/2021\/05\/rac-logo.png","contentUrl":"https:\/\/alberta.college\/wp-content\/uploads\/2021\/05\/rac-logo.png","width":400,"height":242,"caption":"The Royal Alberta College"},"image":{"@id":"https:\/\/www.alberta.college\/fr\/#\/schema\/logo\/image\/"},"sameAs":["https:\/\/www.facebook.com\/RoyalAlbertaCollege","https:\/\/x.com\/alberta_college"]}]}},"jetpack_sharing_enabled":true,"_links":{"self":[{"href":"https:\/\/alberta.college\/fr\/wp-json\/wp\/v2\/product\/18060"}],"collection":[{"href":"https:\/\/alberta.college\/fr\/wp-json\/wp\/v2\/product"}],"about":[{"href":"https:\/\/alberta.college\/fr\/wp-json\/wp\/v2\/types\/product"}],"wp:featuredmedia":[{"embeddable":true,"href":"https:\/\/alberta.college\/fr\/wp-json\/wp\/v2\/media\/18061"}],"wp:attachment":[{"href":"https:\/\/alberta.college\/fr\/wp-json\/wp\/v2\/media?parent=18060"}],"wp:term":[{"taxonomy":"product_cat","embeddable":true,"href":"https:\/\/alberta.college\/fr\/wp-json\/wp\/v2\/product_cat?post=18060"},{"taxonomy":"product_tag","embeddable":true,"href":"https:\/\/alberta.college\/fr\/wp-json\/wp\/v2\/product_tag?post=18060"}],"curies":[{"name":"wp","href":"https:\/\/api.w.org\/{rel}","templated":true}]}}