
{"id":15827,"date":"2023-01-27T10:14:45","date_gmt":"2023-01-27T17:14:45","guid":{"rendered":"http:\/\/15.222.4.10\/?post_type=product&#038;p=15827"},"modified":"2025-04-14T11:28:33","modified_gmt":"2025-04-14T17:28:33","slug":"rac-google-project-manager-program","status":"publish","type":"product","link":"https:\/\/alberta.college\/fr\/courses\/rac-google-project-manager-program\/","title":{"rendered":"RAC \u2013 Programme de gestion de projet Google"},"content":{"rendered":"<h2 class=\"m-r-1 m-b-0 bold headline-4-text\"><span style=\"font-family: -apple-system, BlinkMacSystemFont, 'Segoe UI', Roboto, Oxygen-Sans, Ubuntu, Cantarell, 'Helvetica Neue', sans-serif; font-size: 16px;\">A propos de ce Certificat Professionnel<\/span><\/h2>\n<div class=\"m-t-1 m-b-3 description\" data-e2e=\"description\">\n<div class=\"description\">\n<div class=\"rc-CML override-cml-headers\" dir=\"auto\">\n<div class=\"css-b1j1et\" data-testid=\"cml-viewer\">\n<div class=\"m-t-1 m-b-3 description\" data-e2e=\"description\">\n<div class=\"description\">\n<div class=\"rc-CML override-cml-headers\" dir=\"auto\">\n<div class=\"css-b1j1et\" data-testid=\"cml-viewer\">\n<p>Pr\u00e9parez-vous \u00e0 une nouvelle carri\u00e8re dans le domaine \u00e0 forte croissance de la gestion de projet, aucune exp\u00e9rience ni dipl\u00f4me requis. B\u00e9n\u00e9ficiez d&#039;une formation professionnelle con\u00e7ue par Google et acc\u00e9dez rapidement \u00e0 un emploi r\u00e9mun\u00e9r\u00e9 de mani\u00e8re comp\u00e9titive. <strong>Il existe 479 000 offres d&#039;emploi aux \u00c9tats-Unis dans le domaine de la gestion de projet, avec un salaire m\u00e9dian d&#039;entr\u00e9e de $73 000.\u00b9<\/strong><\/p>\n<p><strong>Chefs de projet<\/strong> sont des r\u00e9solveurs naturels de probl\u00e8mes. Ils \u00e9tablissent le plan, guident leurs co\u00e9quipiers et g\u00e8rent les changements, les risques et les parties prenantes.<\/p>\n<p>Acqu\u00e9rez des comp\u00e9tences recherch\u00e9es qui vous pr\u00e9pareront \u00e0 un emploi de d\u00e9butant. Apprenez aupr\u00e8s des employ\u00e9s de Google dont les bases en gestion de projet ont servi de rampe de lancement pour leur propre carri\u00e8re.<\/p>\n<p>Une fois termin\u00e9, vous pouvez postuler directement \u00e0 des emplois aupr\u00e8s de Google et de plus de 150 employeurs am\u00e9ricains, dont Walmart, Best Buy et Astreya.<\/p>\n<p>Ce programme vous qualifie pour plus de 100 heures de formation en gestion de projet, ce qui vous aide \u00e0 vous pr\u00e9parer \u00e0 <a href=\"https:\/\/www.pmi.org\/\" target=\"_blank\" rel=\"noopener nofollow noreferrer\">Institut de gestion de projet<\/a> Des certifications comme celles mondialement reconnues <a href=\"https:\/\/www.pmi.org\/certifications\/certified-associate-capm?utm_job_number=16&amp;utm_campaign_name=capm_lead_generation&amp;utm_region_name=north_america&amp;utm_program_origin=planned_campaign&amp;utm_program_type=continuous_campaign&amp;utm_campaign_intent=acquisition&amp;utm_funnel_stage=lead_acquisition&amp;utm_initiative=certification&amp;utm_product=capm&amp;utm_marketing_channel=paid_media&amp;utm_marketing_subchannel=search_ppc_nonbranded&amp;utm_start_date=07012019&amp;utm_end_date=12312030&amp;utm_source=google&amp;utm_custom_field_one=capm_certification_north_america&amp;utm_custom_field_two=capm_certifiedassocinprojectmgmt&amp;utm_custom_field_three=427370065638&amp;utm_custom_field_four=certified%20associate%20in%20project%20management&amp;utm_custom_field_five=e&amp;gclid=CjwKCAiAkJKCBhAyEiwAKQBCkgwy-7haeOw1QrUjzLbGKtO4OgBW2EUgXGAKcvbs1nnFAhVj2n44RhoCsDIQAvD_BwE\" target=\"_blank\" rel=\"noopener nofollow noreferrer\">Associ\u00e9 certifi\u00e9 en gestion de projet (CAPM)\u00ae.<\/a><\/p>\n<p><strong>75% des dipl\u00f4m\u00e9s du Google Career Certificate aux \u00c9tats-Unis signalent une am\u00e9lioration de leur trajectoire de carri\u00e8re (par exemple, nouvel emploi ou carri\u00e8re, promotion ou augmentation) dans les 6 mois suivant l&#039;obtention du certificat\u00b2.<\/strong><\/p>\n<p>D\u00e9couvrez tous les certificats de carri\u00e8re Google <a title=\"https:\/\/www.coursera.org\/google-career-certificates\" href=\"https:\/\/www.coursera.org\/google-career-certificates\" target=\"_blank\" rel=\"noopener nofollow noreferrer\">ici<\/a>.<\/p>\n<p>\u00b9US Burning Glass Labor Insight Report sur les donn\u00e9es salariales (m\u00e9diane avec 0 \u00e0 5 ans d&#039;exp\u00e9rience) et les donn\u00e9es sur les offres d&#039;emploi. Donn\u00e9es sur les postes pertinents pour les programmes en vedette (01\/04\/2021 \u2013 31\/03\/22).<\/p>\n<\/div>\n<\/div>\n<\/div>\n<\/div>\n<p>&nbsp;<\/p>\n<\/div>\n<\/div>\n<\/div>\n<\/div>","protected":false},"excerpt":{"rendered":"<p>\u00c0 propos de ce certificat professionnel Pr\u00e9parez-vous \u00e0 une nouvelle carri\u00e8re dans le domaine \u00e0 forte croissance de la gestion de projet, aucune exp\u00e9rience ni dipl\u00f4me requis. B\u00e9n\u00e9ficiez d\u2019une formation professionnelle con\u00e7ue par Google et continuez [\u2026]<\/p>","protected":false},"featured_media":15828,"template":"","meta":[],"product_cat":[97],"product_tag":[86,87],"yoast_head":"<!-- This site is optimized with the Yoast SEO plugin v23.5 - https:\/\/yoast.com\/wordpress\/plugins\/seo\/ -->\n<title>RAC - Google Project Manager Program - The Royal Alberta College<\/title>\n<meta name=\"robots\" content=\"index, follow, max-snippet:-1, max-image-preview:large, max-video-preview:-1\" \/>\n<link rel=\"canonical\" href=\"https:\/\/alberta.college\/fr\/courses\/rac-google-project-manager-program\/\" \/>\n<meta property=\"og:locale\" content=\"fr_CA\" \/>\n<meta property=\"og:type\" content=\"article\" \/>\n<meta property=\"og:title\" content=\"RAC - Google Project Manager Program - The Royal Alberta College\" \/>\n<meta property=\"og:description\" content=\"About this Professional Certificate Prepare for a new career in the high-growth field of project management, no experience or degree required. Get professional training designed by Google and get on [&hellip;]\" \/>\n<meta property=\"og:url\" content=\"https:\/\/alberta.college\/fr\/courses\/rac-google-project-manager-program\/\" \/>\n<meta property=\"og:site_name\" content=\"The Royal Alberta College\" \/>\n<meta property=\"article:publisher\" content=\"https:\/\/www.facebook.com\/RoyalAlbertaCollege\" \/>\n<meta property=\"article:modified_time\" content=\"2025-04-14T17:28:33+00:00\" \/>\n<meta property=\"og:image\" content=\"https:\/\/alberta.college\/wp-content\/uploads\/2023\/01\/Project-Management.png\" \/>\n\t<meta property=\"og:image:width\" content=\"2432\" \/>\n\t<meta property=\"og:image:height\" content=\"1460\" \/>\n\t<meta property=\"og:image:type\" content=\"image\/png\" \/>\n<meta name=\"twitter:card\" content=\"summary_large_image\" \/>\n<meta name=\"twitter:site\" content=\"@alberta_college\" \/>\n<meta name=\"twitter:label1\" content=\"Estimation du temps de lecture\" \/>\n\t<meta name=\"twitter:data1\" content=\"2 minutes\" \/>\n<script type=\"application\/ld+json\" class=\"yoast-schema-graph\">{\"@context\":\"https:\/\/schema.org\",\"@graph\":[{\"@type\":\"WebPage\",\"@id\":\"https:\/\/alberta.college\/fr\/courses\/rac-google-project-manager-program\/\",\"url\":\"https:\/\/alberta.college\/fr\/courses\/rac-google-project-manager-program\/\",\"name\":\"RAC - Google Project Manager Program - The Royal Alberta College\",\"isPartOf\":{\"@id\":\"https:\/\/www.alberta.college\/fr\/#website\"},\"primaryImageOfPage\":{\"@id\":\"https:\/\/alberta.college\/fr\/courses\/rac-google-project-manager-program\/#primaryimage\"},\"image\":{\"@id\":\"https:\/\/alberta.college\/fr\/courses\/rac-google-project-manager-program\/#primaryimage\"},\"thumbnailUrl\":\"https:\/\/alberta.college\/wp-content\/uploads\/2023\/01\/Project-Management.png\",\"datePublished\":\"2023-01-27T17:14:45+00:00\",\"dateModified\":\"2025-04-14T17:28:33+00:00\",\"breadcrumb\":{\"@id\":\"https:\/\/alberta.college\/fr\/courses\/rac-google-project-manager-program\/#breadcrumb\"},\"inLanguage\":\"fr-CA\",\"potentialAction\":[{\"@type\":\"ReadAction\",\"target\":[\"https:\/\/alberta.college\/fr\/courses\/rac-google-project-manager-program\/\"]}]},{\"@type\":\"ImageObject\",\"inLanguage\":\"fr-CA\",\"@id\":\"https:\/\/alberta.college\/fr\/courses\/rac-google-project-manager-program\/#primaryimage\",\"url\":\"https:\/\/alberta.college\/wp-content\/uploads\/2023\/01\/Project-Management.png\",\"contentUrl\":\"https:\/\/alberta.college\/wp-content\/uploads\/2023\/01\/Project-Management.png\",\"width\":2432,\"height\":1460},{\"@type\":\"BreadcrumbList\",\"@id\":\"https:\/\/alberta.college\/fr\/courses\/rac-google-project-manager-program\/#breadcrumb\",\"itemListElement\":[{\"@type\":\"ListItem\",\"position\":1,\"name\":\"Home\",\"item\":\"https:\/\/www.alberta.college\/fr\/\"},{\"@type\":\"ListItem\",\"position\":2,\"name\":\"Shop\",\"item\":\"https:\/\/alberta.college\/fr\/shop\/\"},{\"@type\":\"ListItem\",\"position\":3,\"name\":\"RAC &#8211; Google Project Manager Program\"}]},{\"@type\":\"WebSite\",\"@id\":\"https:\/\/www.alberta.college\/fr\/#website\",\"url\":\"https:\/\/www.alberta.college\/fr\/\",\"name\":\"The Royal Alberta College\",\"description\":\"High-Quality Affordable, Accessible Education for everyone\",\"publisher\":{\"@id\":\"https:\/\/www.alberta.college\/fr\/#organization\"},\"potentialAction\":[{\"@type\":\"SearchAction\",\"target\":{\"@type\":\"EntryPoint\",\"urlTemplate\":\"https:\/\/www.alberta.college\/fr\/?s={search_term_string}\"},\"query-input\":{\"@type\":\"PropertyValueSpecification\",\"valueRequired\":true,\"valueName\":\"search_term_string\"}}],\"inLanguage\":\"fr-CA\"},{\"@type\":\"Organization\",\"@id\":\"https:\/\/www.alberta.college\/fr\/#organization\",\"name\":\"The Royal Alberta College\",\"url\":\"https:\/\/www.alberta.college\/fr\/\",\"logo\":{\"@type\":\"ImageObject\",\"inLanguage\":\"fr-CA\",\"@id\":\"https:\/\/www.alberta.college\/fr\/#\/schema\/logo\/image\/\",\"url\":\"https:\/\/alberta.college\/wp-content\/uploads\/2021\/05\/rac-logo.png\",\"contentUrl\":\"https:\/\/alberta.college\/wp-content\/uploads\/2021\/05\/rac-logo.png\",\"width\":400,\"height\":242,\"caption\":\"The Royal Alberta College\"},\"image\":{\"@id\":\"https:\/\/www.alberta.college\/fr\/#\/schema\/logo\/image\/\"},\"sameAs\":[\"https:\/\/www.facebook.com\/RoyalAlbertaCollege\",\"https:\/\/x.com\/alberta_college\"]}]}<\/script>\n<!-- \/ Yoast SEO plugin. -->","yoast_head_json":{"title":"RAC - Google Project Manager Program - The Royal Alberta College","robots":{"index":"index","follow":"follow","max-snippet":"max-snippet:-1","max-image-preview":"max-image-preview:large","max-video-preview":"max-video-preview:-1"},"canonical":"https:\/\/alberta.college\/fr\/courses\/rac-google-project-manager-program\/","og_locale":"fr_CA","og_type":"article","og_title":"RAC - Google Project Manager Program - The Royal Alberta College","og_description":"About this Professional Certificate Prepare for a new career in the high-growth field of project management, no experience or degree required. Get professional training designed by Google and get on [&hellip;]","og_url":"https:\/\/alberta.college\/fr\/courses\/rac-google-project-manager-program\/","og_site_name":"The Royal Alberta College","article_publisher":"https:\/\/www.facebook.com\/RoyalAlbertaCollege","article_modified_time":"2025-04-14T17:28:33+00:00","og_image":[{"width":2432,"height":1460,"url":"https:\/\/alberta.college\/wp-content\/uploads\/2023\/01\/Project-Management.png","type":"image\/png"}],"twitter_card":"summary_large_image","twitter_site":"@alberta_college","twitter_misc":{"Estimation du temps de lecture":"2 minutes"},"schema":{"@context":"https:\/\/schema.org","@graph":[{"@type":"WebPage","@id":"https:\/\/alberta.college\/fr\/courses\/rac-google-project-manager-program\/","url":"https:\/\/alberta.college\/fr\/courses\/rac-google-project-manager-program\/","name":"RAC - Google Project Manager Program - The Royal Alberta College","isPartOf":{"@id":"https:\/\/www.alberta.college\/fr\/#website"},"primaryImageOfPage":{"@id":"https:\/\/alberta.college\/fr\/courses\/rac-google-project-manager-program\/#primaryimage"},"image":{"@id":"https:\/\/alberta.college\/fr\/courses\/rac-google-project-manager-program\/#primaryimage"},"thumbnailUrl":"https:\/\/alberta.college\/wp-content\/uploads\/2023\/01\/Project-Management.png","datePublished":"2023-01-27T17:14:45+00:00","dateModified":"2025-04-14T17:28:33+00:00","breadcrumb":{"@id":"https:\/\/alberta.college\/fr\/courses\/rac-google-project-manager-program\/#breadcrumb"},"inLanguage":"fr-CA","potentialAction":[{"@type":"ReadAction","target":["https:\/\/alberta.college\/fr\/courses\/rac-google-project-manager-program\/"]}]},{"@type":"ImageObject","inLanguage":"fr-CA","@id":"https:\/\/alberta.college\/fr\/courses\/rac-google-project-manager-program\/#primaryimage","url":"https:\/\/alberta.college\/wp-content\/uploads\/2023\/01\/Project-Management.png","contentUrl":"https:\/\/alberta.college\/wp-content\/uploads\/2023\/01\/Project-Management.png","width":2432,"height":1460},{"@type":"BreadcrumbList","@id":"https:\/\/alberta.college\/fr\/courses\/rac-google-project-manager-program\/#breadcrumb","itemListElement":[{"@type":"ListItem","position":1,"name":"Home","item":"https:\/\/www.alberta.college\/fr\/"},{"@type":"ListItem","position":2,"name":"Shop","item":"https:\/\/alberta.college\/fr\/shop\/"},{"@type":"ListItem","position":3,"name":"RAC &#8211; Google Project Manager Program"}]},{"@type":"WebSite","@id":"https:\/\/www.alberta.college\/fr\/#website","url":"https:\/\/www.alberta.college\/fr\/","name":"The Royal Alberta College","description":"High-Quality Affordable, Accessible Education for everyone","publisher":{"@id":"https:\/\/www.alberta.college\/fr\/#organization"},"potentialAction":[{"@type":"SearchAction","target":{"@type":"EntryPoint","urlTemplate":"https:\/\/www.alberta.college\/fr\/?s={search_term_string}"},"query-input":{"@type":"PropertyValueSpecification","valueRequired":true,"valueName":"search_term_string"}}],"inLanguage":"fr-CA"},{"@type":"Organization","@id":"https:\/\/www.alberta.college\/fr\/#organization","name":"The Royal Alberta College","url":"https:\/\/www.alberta.college\/fr\/","logo":{"@type":"ImageObject","inLanguage":"fr-CA","@id":"https:\/\/www.alberta.college\/fr\/#\/schema\/logo\/image\/","url":"https:\/\/alberta.college\/wp-content\/uploads\/2021\/05\/rac-logo.png","contentUrl":"https:\/\/alberta.college\/wp-content\/uploads\/2021\/05\/rac-logo.png","width":400,"height":242,"caption":"The Royal Alberta College"},"image":{"@id":"https:\/\/www.alberta.college\/fr\/#\/schema\/logo\/image\/"},"sameAs":["https:\/\/www.facebook.com\/RoyalAlbertaCollege","https:\/\/x.com\/alberta_college"]}]}},"jetpack_sharing_enabled":true,"_links":{"self":[{"href":"https:\/\/alberta.college\/fr\/wp-json\/wp\/v2\/product\/15827"}],"collection":[{"href":"https:\/\/alberta.college\/fr\/wp-json\/wp\/v2\/product"}],"about":[{"href":"https:\/\/alberta.college\/fr\/wp-json\/wp\/v2\/types\/product"}],"wp:featuredmedia":[{"embeddable":true,"href":"https:\/\/alberta.college\/fr\/wp-json\/wp\/v2\/media\/15828"}],"wp:attachment":[{"href":"https:\/\/alberta.college\/fr\/wp-json\/wp\/v2\/media?parent=15827"}],"wp:term":[{"taxonomy":"product_cat","embeddable":true,"href":"https:\/\/alberta.college\/fr\/wp-json\/wp\/v2\/product_cat?post=15827"},{"taxonomy":"product_tag","embeddable":true,"href":"https:\/\/alberta.college\/fr\/wp-json\/wp\/v2\/product_tag?post=15827"}],"curies":[{"name":"wp","href":"https:\/\/api.w.org\/{rel}","templated":true}]}}