
{"id":15819,"date":"2023-01-26T15:04:28","date_gmt":"2023-01-26T22:04:28","guid":{"rendered":"http:\/\/15.222.4.10\/?post_type=product&#038;p=15819"},"modified":"2025-04-14T11:29:05","modified_gmt":"2025-04-14T17:29:05","slug":"rac-google-digital-marketer-program","status":"publish","type":"product","link":"https:\/\/alberta.college\/fr\/courses\/rac-google-digital-marketer-program\/","title":{"rendered":"RAC \u2013 Programme de marketing num\u00e9rique Google"},"content":{"rendered":"<h2 class=\"m-r-1 m-b-0 bold headline-4-text\">A propos de ce Certificat Professionnel<\/h2>\n<div class=\"m-t-1 m-b-3 description\" data-e2e=\"description\">\n<div class=\"description\">\n<div class=\"rc-CML override-cml-headers\" dir=\"auto\">\n<div class=\"css-b1j1et\" data-testid=\"cml-viewer\">\n<p>Pr\u00e9parez-vous \u00e0 une nouvelle carri\u00e8re dans les domaines \u00e0 forte croissance du marketing num\u00e9rique et du commerce \u00e9lectronique, en moins de six mois, sans exp\u00e9rience ni dipl\u00f4me requis. Les entreprises ont plus que jamais besoin de talents en marketing num\u00e9rique et en commerce \u00e9lectronique ; <a href=\"https:\/\/www.gartner.com\/en\/marketing\/research\/state-of-digital-commerce-sem-digcomm?utm_source=google&amp;utm_medium=cpc&amp;utm_campaign=GML_NA_2021_GML_CPC_LG1_ALWAYSON&amp;utm_adgroup=130458827183&amp;utm_term=growth%20in%20e%20commerce&amp;ad=572772144918&amp;matchtype=p&amp;gclid=CjwKCAjwrqqSBhBbEiwAlQeqGlylXrxqpD1b5KwbKUdVkjnFH8T-gSoCT0KxgLloBORIsYegpy7CqRoCFRUQAvD_BwE\" target=\"_blank\" rel=\"noopener nofollow noreferrer\">86% des chefs d&#039;entreprise <\/a>rapportent que le commerce num\u00e9rique sera la voie la plus importante vers la croissance. Il existe 218 000 offres d&#039;emploi aux \u00c9tats-Unis dans ce domaine en pleine croissance, avec un salaire m\u00e9dian d&#039;entr\u00e9e de $51 000.\u00b9<\/p>\n<p>Tout au long de ce programme, vous acquerrez des comp\u00e9tences recherch\u00e9es qui vous pr\u00e9pareront \u00e0 un emploi de d\u00e9butant et apprendrez \u00e0 utiliser des outils et des plateformes telles que Canva, Constant Contact, Google Ads, Google Analytics, Hootsuite, HubSpot, Mailchimp, Shopify et Twitter. . Vous apprendrez aupr\u00e8s d&#039;experts en la mati\u00e8re chez Google et aurez la possibilit\u00e9 de cr\u00e9er votre propre portefeuille avec des projets tels que des personnalit\u00e9s de clients et des calendriers de r\u00e9seaux sociaux \u00e0 montrer aux employeurs potentiels.<\/p>\n<p>Aux \u00c9tats-Unis, 751\u00a0TP3T des dipl\u00f4m\u00e9s du Google Career Certificate d\u00e9clarent avoir constat\u00e9 un impact positif sur leur carri\u00e8re en six mois\u00b2.<\/p>\n<p>D\u00e9couvrez tous les certificats de carri\u00e8re Google <a href=\"https:\/\/www.coursera.org\/google-career-certificates\" target=\"_blank\" rel=\"noopener nofollow noreferrer\">ici<\/a>.<\/p>\n<p>Ce programme ne contient aucune information confidentielle. Toutes les fonctionnalit\u00e9s de recherche Google enseign\u00e9es sont accessibles au public. Vous pouvez en savoir plus dans la recherche Google officielle.\u00a0<a href=\"https:\/\/developers.google.com\/search\/docs\" target=\"_blank\" rel=\"noopener nofollow noreferrer\">Documentation<\/a>.<\/p>\n<p>\u00b9US Burning Glass Labor Insight Report sur les donn\u00e9es salariales (m\u00e9diane avec 0 \u00e0 5 ans d&#039;exp\u00e9rience) et les donn\u00e9es sur les offres d&#039;emploi. Donn\u00e9es sur les postes pertinents pour les programmes en vedette (01\/04\/2021 \u2013 31\/03\/22).<\/p>\n<p>\u00b2Bas\u00e9 sur les r\u00e9ponses \u00e0 une enqu\u00eate aupr\u00e8s des dipl\u00f4m\u00e9s du programme, \u00c9tats-Unis, 2021<\/p>\n<\/div>\n<\/div>\n<\/div>\n<\/div>","protected":false},"excerpt":{"rendered":"<p>\u00c0 propos de ce certificat professionnel Pr\u00e9parez-vous \u00e0 une nouvelle carri\u00e8re dans les domaines \u00e0 forte croissance du marketing num\u00e9rique et du commerce \u00e9lectronique, en moins de six mois, sans exp\u00e9rience ni dipl\u00f4me requis. Les entreprises ont besoin du num\u00e9rique [\u2026]<\/p>","protected":false},"featured_media":15820,"template":"","meta":[],"product_cat":[97],"product_tag":[89],"yoast_head":"<!-- This site is optimized with the Yoast SEO plugin v23.5 - https:\/\/yoast.com\/wordpress\/plugins\/seo\/ -->\n<title>RAC - Google Digital Marketer Program - The Royal Alberta College<\/title>\n<meta name=\"robots\" content=\"index, follow, max-snippet:-1, max-image-preview:large, max-video-preview:-1\" \/>\n<link rel=\"canonical\" href=\"https:\/\/www.alberta.college\/courses\/rac-google-digital-marketer-program\/\" \/>\n<meta property=\"og:locale\" content=\"fr_CA\" \/>\n<meta property=\"og:type\" content=\"article\" \/>\n<meta property=\"og:title\" content=\"RAC - Google Digital Marketer Program - The Royal Alberta College\" \/>\n<meta property=\"og:description\" content=\"About this Professional Certificate Prepare for a new career in the high-growth fields of digital marketing and e-commerce, in under six months, no experience or degree required. Businesses need digital [&hellip;]\" \/>\n<meta property=\"og:url\" content=\"https:\/\/www.alberta.college\/courses\/rac-google-digital-marketer-program\/\" \/>\n<meta property=\"og:site_name\" content=\"The Royal Alberta College\" \/>\n<meta property=\"article:publisher\" content=\"https:\/\/www.facebook.com\/RoyalAlbertaCollege\" \/>\n<meta property=\"article:modified_time\" content=\"2025-04-14T17:29:05+00:00\" \/>\n<meta property=\"og:image\" content=\"https:\/\/www.alberta.college\/wp-content\/uploads\/2023\/01\/Digital-Marketing-E-commerce.png\" \/>\n\t<meta property=\"og:image:width\" content=\"2432\" \/>\n\t<meta property=\"og:image:height\" content=\"1460\" \/>\n\t<meta property=\"og:image:type\" content=\"image\/png\" \/>\n<meta name=\"twitter:card\" content=\"summary_large_image\" \/>\n<meta name=\"twitter:site\" content=\"@alberta_college\" \/>\n<meta name=\"twitter:label1\" content=\"Estimation du temps de lecture\" \/>\n\t<meta name=\"twitter:data1\" content=\"2 minutes\" \/>\n<script type=\"application\/ld+json\" class=\"yoast-schema-graph\">{\"@context\":\"https:\/\/schema.org\",\"@graph\":[{\"@type\":\"WebPage\",\"@id\":\"https:\/\/www.alberta.college\/courses\/rac-google-digital-marketer-program\/\",\"url\":\"https:\/\/www.alberta.college\/courses\/rac-google-digital-marketer-program\/\",\"name\":\"RAC - Google Digital Marketer Program - The Royal Alberta College\",\"isPartOf\":{\"@id\":\"https:\/\/www.alberta.college\/fr\/#website\"},\"primaryImageOfPage\":{\"@id\":\"https:\/\/www.alberta.college\/courses\/rac-google-digital-marketer-program\/#primaryimage\"},\"image\":{\"@id\":\"https:\/\/www.alberta.college\/courses\/rac-google-digital-marketer-program\/#primaryimage\"},\"thumbnailUrl\":\"https:\/\/alberta.college\/wp-content\/uploads\/2023\/01\/Digital-Marketing-E-commerce.png\",\"datePublished\":\"2023-01-26T22:04:28+00:00\",\"dateModified\":\"2025-04-14T17:29:05+00:00\",\"breadcrumb\":{\"@id\":\"https:\/\/www.alberta.college\/courses\/rac-google-digital-marketer-program\/#breadcrumb\"},\"inLanguage\":\"fr-CA\",\"potentialAction\":[{\"@type\":\"ReadAction\",\"target\":[\"https:\/\/www.alberta.college\/courses\/rac-google-digital-marketer-program\/\"]}]},{\"@type\":\"ImageObject\",\"inLanguage\":\"fr-CA\",\"@id\":\"https:\/\/www.alberta.college\/courses\/rac-google-digital-marketer-program\/#primaryimage\",\"url\":\"https:\/\/alberta.college\/wp-content\/uploads\/2023\/01\/Digital-Marketing-E-commerce.png\",\"contentUrl\":\"https:\/\/alberta.college\/wp-content\/uploads\/2023\/01\/Digital-Marketing-E-commerce.png\",\"width\":2432,\"height\":1460},{\"@type\":\"BreadcrumbList\",\"@id\":\"https:\/\/www.alberta.college\/courses\/rac-google-digital-marketer-program\/#breadcrumb\",\"itemListElement\":[{\"@type\":\"ListItem\",\"position\":1,\"name\":\"Home\",\"item\":\"https:\/\/www.alberta.college\/fr\/\"},{\"@type\":\"ListItem\",\"position\":2,\"name\":\"Shop\",\"item\":\"https:\/\/alberta.college\/fr\/shop\/\"},{\"@type\":\"ListItem\",\"position\":3,\"name\":\"RAC &#8211; Google Digital Marketer Program\"}]},{\"@type\":\"WebSite\",\"@id\":\"https:\/\/www.alberta.college\/fr\/#website\",\"url\":\"https:\/\/www.alberta.college\/fr\/\",\"name\":\"The Royal Alberta College\",\"description\":\"High-Quality Affordable, Accessible Education for everyone\",\"publisher\":{\"@id\":\"https:\/\/www.alberta.college\/fr\/#organization\"},\"potentialAction\":[{\"@type\":\"SearchAction\",\"target\":{\"@type\":\"EntryPoint\",\"urlTemplate\":\"https:\/\/www.alberta.college\/fr\/?s={search_term_string}\"},\"query-input\":{\"@type\":\"PropertyValueSpecification\",\"valueRequired\":true,\"valueName\":\"search_term_string\"}}],\"inLanguage\":\"fr-CA\"},{\"@type\":\"Organization\",\"@id\":\"https:\/\/www.alberta.college\/fr\/#organization\",\"name\":\"The Royal Alberta College\",\"url\":\"https:\/\/www.alberta.college\/fr\/\",\"logo\":{\"@type\":\"ImageObject\",\"inLanguage\":\"fr-CA\",\"@id\":\"https:\/\/www.alberta.college\/fr\/#\/schema\/logo\/image\/\",\"url\":\"https:\/\/alberta.college\/wp-content\/uploads\/2021\/05\/rac-logo.png\",\"contentUrl\":\"https:\/\/alberta.college\/wp-content\/uploads\/2021\/05\/rac-logo.png\",\"width\":400,\"height\":242,\"caption\":\"The Royal Alberta College\"},\"image\":{\"@id\":\"https:\/\/www.alberta.college\/fr\/#\/schema\/logo\/image\/\"},\"sameAs\":[\"https:\/\/www.facebook.com\/RoyalAlbertaCollege\",\"https:\/\/x.com\/alberta_college\"]}]}<\/script>\n<!-- \/ Yoast SEO plugin. -->","yoast_head_json":{"title":"RAC - Google Digital Marketer Program - The Royal Alberta College","robots":{"index":"index","follow":"follow","max-snippet":"max-snippet:-1","max-image-preview":"max-image-preview:large","max-video-preview":"max-video-preview:-1"},"canonical":"https:\/\/www.alberta.college\/courses\/rac-google-digital-marketer-program\/","og_locale":"fr_CA","og_type":"article","og_title":"RAC - Google Digital Marketer Program - The Royal Alberta College","og_description":"About this Professional Certificate Prepare for a new career in the high-growth fields of digital marketing and e-commerce, in under six months, no experience or degree required. Businesses need digital [&hellip;]","og_url":"https:\/\/www.alberta.college\/courses\/rac-google-digital-marketer-program\/","og_site_name":"The Royal Alberta College","article_publisher":"https:\/\/www.facebook.com\/RoyalAlbertaCollege","article_modified_time":"2025-04-14T17:29:05+00:00","og_image":[{"width":2432,"height":1460,"url":"https:\/\/www.alberta.college\/wp-content\/uploads\/2023\/01\/Digital-Marketing-E-commerce.png","type":"image\/png"}],"twitter_card":"summary_large_image","twitter_site":"@alberta_college","twitter_misc":{"Estimation du temps de lecture":"2 minutes"},"schema":{"@context":"https:\/\/schema.org","@graph":[{"@type":"WebPage","@id":"https:\/\/www.alberta.college\/courses\/rac-google-digital-marketer-program\/","url":"https:\/\/www.alberta.college\/courses\/rac-google-digital-marketer-program\/","name":"RAC - Google Digital Marketer Program - The Royal Alberta College","isPartOf":{"@id":"https:\/\/www.alberta.college\/fr\/#website"},"primaryImageOfPage":{"@id":"https:\/\/www.alberta.college\/courses\/rac-google-digital-marketer-program\/#primaryimage"},"image":{"@id":"https:\/\/www.alberta.college\/courses\/rac-google-digital-marketer-program\/#primaryimage"},"thumbnailUrl":"https:\/\/alberta.college\/wp-content\/uploads\/2023\/01\/Digital-Marketing-E-commerce.png","datePublished":"2023-01-26T22:04:28+00:00","dateModified":"2025-04-14T17:29:05+00:00","breadcrumb":{"@id":"https:\/\/www.alberta.college\/courses\/rac-google-digital-marketer-program\/#breadcrumb"},"inLanguage":"fr-CA","potentialAction":[{"@type":"ReadAction","target":["https:\/\/www.alberta.college\/courses\/rac-google-digital-marketer-program\/"]}]},{"@type":"ImageObject","inLanguage":"fr-CA","@id":"https:\/\/www.alberta.college\/courses\/rac-google-digital-marketer-program\/#primaryimage","url":"https:\/\/alberta.college\/wp-content\/uploads\/2023\/01\/Digital-Marketing-E-commerce.png","contentUrl":"https:\/\/alberta.college\/wp-content\/uploads\/2023\/01\/Digital-Marketing-E-commerce.png","width":2432,"height":1460},{"@type":"BreadcrumbList","@id":"https:\/\/www.alberta.college\/courses\/rac-google-digital-marketer-program\/#breadcrumb","itemListElement":[{"@type":"ListItem","position":1,"name":"Home","item":"https:\/\/www.alberta.college\/fr\/"},{"@type":"ListItem","position":2,"name":"Shop","item":"https:\/\/alberta.college\/fr\/shop\/"},{"@type":"ListItem","position":3,"name":"RAC &#8211; Google Digital Marketer Program"}]},{"@type":"WebSite","@id":"https:\/\/www.alberta.college\/fr\/#website","url":"https:\/\/www.alberta.college\/fr\/","name":"The Royal Alberta College","description":"High-Quality Affordable, Accessible Education for everyone","publisher":{"@id":"https:\/\/www.alberta.college\/fr\/#organization"},"potentialAction":[{"@type":"SearchAction","target":{"@type":"EntryPoint","urlTemplate":"https:\/\/www.alberta.college\/fr\/?s={search_term_string}"},"query-input":{"@type":"PropertyValueSpecification","valueRequired":true,"valueName":"search_term_string"}}],"inLanguage":"fr-CA"},{"@type":"Organization","@id":"https:\/\/www.alberta.college\/fr\/#organization","name":"The Royal Alberta College","url":"https:\/\/www.alberta.college\/fr\/","logo":{"@type":"ImageObject","inLanguage":"fr-CA","@id":"https:\/\/www.alberta.college\/fr\/#\/schema\/logo\/image\/","url":"https:\/\/alberta.college\/wp-content\/uploads\/2021\/05\/rac-logo.png","contentUrl":"https:\/\/alberta.college\/wp-content\/uploads\/2021\/05\/rac-logo.png","width":400,"height":242,"caption":"The Royal Alberta College"},"image":{"@id":"https:\/\/www.alberta.college\/fr\/#\/schema\/logo\/image\/"},"sameAs":["https:\/\/www.facebook.com\/RoyalAlbertaCollege","https:\/\/x.com\/alberta_college"]}]}},"jetpack_sharing_enabled":true,"_links":{"self":[{"href":"https:\/\/alberta.college\/fr\/wp-json\/wp\/v2\/product\/15819"}],"collection":[{"href":"https:\/\/alberta.college\/fr\/wp-json\/wp\/v2\/product"}],"about":[{"href":"https:\/\/alberta.college\/fr\/wp-json\/wp\/v2\/types\/product"}],"wp:featuredmedia":[{"embeddable":true,"href":"https:\/\/alberta.college\/fr\/wp-json\/wp\/v2\/media\/15820"}],"wp:attachment":[{"href":"https:\/\/alberta.college\/fr\/wp-json\/wp\/v2\/media?parent=15819"}],"wp:term":[{"taxonomy":"product_cat","embeddable":true,"href":"https:\/\/alberta.college\/fr\/wp-json\/wp\/v2\/product_cat?post=15819"},{"taxonomy":"product_tag","embeddable":true,"href":"https:\/\/alberta.college\/fr\/wp-json\/wp\/v2\/product_tag?post=15819"}],"curies":[{"name":"wp","href":"https:\/\/api.w.org\/{rel}","templated":true}]}}