
{"id":15817,"date":"2023-01-26T14:37:24","date_gmt":"2023-01-26T21:37:24","guid":{"rendered":"http:\/\/15.222.4.10\/?post_type=product&#038;p=15817"},"modified":"2025-04-17T13:45:06","modified_gmt":"2025-04-17T19:45:06","slug":"rac-google-data-analyst-program","status":"publish","type":"product","link":"https:\/\/alberta.college\/fr\/courses\/rac-google-data-analyst-program\/","title":{"rendered":"RAC \u2013 Programme d\u2019analyste de donn\u00e9es Google"},"content":{"rendered":"<p>Pr\u00e9parez-vous \u00e0 une nouvelle carri\u00e8re dans le domaine \u00e0 forte croissance de l\u2019analyse de donn\u00e9es, aucune exp\u00e9rience ni dipl\u00f4me requis. B\u00e9n\u00e9ficiez d&#039;une formation professionnelle con\u00e7ue par Google et avez la possibilit\u00e9 d&#039;entrer en contact avec les meilleurs employeurs. <strong>Il existe 380 000 offres d&#039;emploi aux \u00c9tats-Unis dans le domaine de l&#039;analyse de donn\u00e9es, avec un salaire m\u00e9dian d&#039;entr\u00e9e de $74 000.\u00b9<\/strong><\/p>\n<p><strong>Analyse des donn\u00e9es<\/strong> est la collecte, la transformation et l&#039;organisation de donn\u00e9es afin de tirer des conclusions, de faire des pr\u00e9dictions et de prendre des d\u00e9cisions \u00e9clair\u00e9es.<\/p>\n<p>Au cours de 8 cours, acqu\u00e9rez des comp\u00e9tences recherch\u00e9es qui vous pr\u00e9parent \u00e0 un emploi de d\u00e9butant. Vous apprendrez des employ\u00e9s de Google dont les bases en mati\u00e8re d&#039;analyse de donn\u00e9es ont servi de rampe de lancement pour leur propre carri\u00e8re. Avec moins de 10 heures par semaine, vous pouvez compl\u00e9ter le certificat en moins de 6 mois.<\/p>\n<p>Vous vous pr\u00e9parerez \u00e0 des emplois incluant un analyste de donn\u00e9es junior ou associ\u00e9, un administrateur de bases de donn\u00e9es, etc. Une fois le certificat obtenu, vous pouvez postuler directement \u00e0 des emplois chez Google et plus de 150 employeurs am\u00e9ricains, dont Walmart, Best Buy et Astreya.<\/p>\n<p><strong>75% des dipl\u00f4m\u00e9s du Google Career Certificate aux \u00c9tats-Unis signalent une am\u00e9lioration de leur trajectoire de carri\u00e8re (par exemple, nouvel emploi ou carri\u00e8re, promotion ou augmentation) dans les 6 mois suivant l&#039;obtention du certificat\u00b2.<\/strong><\/p>\n<p>\u00b9US Burning Glass Labor Insight Report sur les donn\u00e9es salariales (m\u00e9diane avec 0 \u00e0 5 ans d&#039;exp\u00e9rience) et les donn\u00e9es sur les offres d&#039;emploi. Donn\u00e9es sur les postes pertinents pour les programmes en vedette (01\/04\/2021 \u2013 31\/03\/22).<\/p>\n<p>\u00b2\u00a0Bas\u00e9 sur les r\u00e9ponses \u00e0 l&#039;enqu\u00eate men\u00e9e aupr\u00e8s des dipl\u00f4m\u00e9s du programme, \u00c9tats-Unis\u00a02021<\/p>","protected":false},"excerpt":{"rendered":"<p>Pr\u00e9parez-vous \u00e0 une nouvelle carri\u00e8re dans le domaine \u00e0 forte croissance de l&#039;analyse de donn\u00e9es, aucune exp\u00e9rience ni dipl\u00f4me requis. B\u00e9n\u00e9ficiez d&#039;une formation professionnelle con\u00e7ue par Google et ayez la possibilit\u00e9 de vous connecter avec [\u2026]<\/p>","protected":false},"featured_media":15818,"template":"","meta":[],"product_cat":[97],"product_tag":[87],"yoast_head":"<!-- This site is optimized with the Yoast SEO plugin v23.5 - https:\/\/yoast.com\/wordpress\/plugins\/seo\/ -->\n<title>RAC - Google Data Analyst Program - The Royal Alberta College<\/title>\n<meta name=\"robots\" content=\"index, follow, max-snippet:-1, max-image-preview:large, max-video-preview:-1\" \/>\n<link rel=\"canonical\" href=\"https:\/\/www.alberta.college\/courses\/rac-google-data-analyst-program\/\" \/>\n<meta property=\"og:locale\" content=\"fr_CA\" \/>\n<meta property=\"og:type\" content=\"article\" \/>\n<meta property=\"og:title\" content=\"RAC - Google Data Analyst Program - The Royal Alberta College\" \/>\n<meta property=\"og:description\" content=\"Prepare for a new career in the high-growth field of data analytics, no experience or degree required. Get professional training designed by Google and have the opportunity to connect with [&hellip;]\" \/>\n<meta property=\"og:url\" content=\"https:\/\/www.alberta.college\/courses\/rac-google-data-analyst-program\/\" \/>\n<meta property=\"og:site_name\" content=\"The Royal Alberta College\" \/>\n<meta property=\"article:publisher\" content=\"https:\/\/www.facebook.com\/RoyalAlbertaCollege\" \/>\n<meta property=\"article:modified_time\" content=\"2025-04-17T19:45:06+00:00\" \/>\n<meta property=\"og:image\" content=\"https:\/\/www.alberta.college\/wp-content\/uploads\/2023\/01\/Data-Analytics.png\" \/>\n\t<meta property=\"og:image:width\" content=\"2432\" \/>\n\t<meta property=\"og:image:height\" content=\"1460\" \/>\n\t<meta property=\"og:image:type\" content=\"image\/png\" \/>\n<meta name=\"twitter:card\" content=\"summary_large_image\" \/>\n<meta name=\"twitter:site\" content=\"@alberta_college\" \/>\n<meta name=\"twitter:label1\" content=\"Estimation du temps de lecture\" \/>\n\t<meta name=\"twitter:data1\" content=\"2 minutes\" \/>\n<script type=\"application\/ld+json\" class=\"yoast-schema-graph\">{\"@context\":\"https:\/\/schema.org\",\"@graph\":[{\"@type\":\"WebPage\",\"@id\":\"https:\/\/www.alberta.college\/courses\/rac-google-data-analyst-program\/\",\"url\":\"https:\/\/www.alberta.college\/courses\/rac-google-data-analyst-program\/\",\"name\":\"RAC - Google Data Analyst Program - The Royal Alberta College\",\"isPartOf\":{\"@id\":\"https:\/\/alberta.college\/#website\"},\"primaryImageOfPage\":{\"@id\":\"https:\/\/www.alberta.college\/courses\/rac-google-data-analyst-program\/#primaryimage\"},\"image\":{\"@id\":\"https:\/\/www.alberta.college\/courses\/rac-google-data-analyst-program\/#primaryimage\"},\"thumbnailUrl\":\"https:\/\/alberta.college\/wp-content\/uploads\/2023\/01\/Data-Analytics.png\",\"datePublished\":\"2023-01-26T21:37:24+00:00\",\"dateModified\":\"2025-04-17T19:45:06+00:00\",\"breadcrumb\":{\"@id\":\"https:\/\/www.alberta.college\/courses\/rac-google-data-analyst-program\/#breadcrumb\"},\"inLanguage\":\"fr-CA\",\"potentialAction\":[{\"@type\":\"ReadAction\",\"target\":[\"https:\/\/www.alberta.college\/courses\/rac-google-data-analyst-program\/\"]}]},{\"@type\":\"ImageObject\",\"inLanguage\":\"fr-CA\",\"@id\":\"https:\/\/www.alberta.college\/courses\/rac-google-data-analyst-program\/#primaryimage\",\"url\":\"https:\/\/alberta.college\/wp-content\/uploads\/2023\/01\/Data-Analytics.png\",\"contentUrl\":\"https:\/\/alberta.college\/wp-content\/uploads\/2023\/01\/Data-Analytics.png\",\"width\":2432,\"height\":1460},{\"@type\":\"BreadcrumbList\",\"@id\":\"https:\/\/www.alberta.college\/courses\/rac-google-data-analyst-program\/#breadcrumb\",\"itemListElement\":[{\"@type\":\"ListItem\",\"position\":1,\"name\":\"Home\",\"item\":\"https:\/\/alberta.college\/\"},{\"@type\":\"ListItem\",\"position\":2,\"name\":\"Shop\",\"item\":\"https:\/\/www.alberta.college\/fr\/shop\/\"},{\"@type\":\"ListItem\",\"position\":3,\"name\":\"RAC &#8211; Google Data Analyst Program\"}]},{\"@type\":\"WebSite\",\"@id\":\"https:\/\/alberta.college\/#website\",\"url\":\"https:\/\/alberta.college\/\",\"name\":\"The Royal Alberta College\",\"description\":\"High-Quality Affordable, Accessible Education for everyone\",\"publisher\":{\"@id\":\"https:\/\/alberta.college\/#organization\"},\"potentialAction\":[{\"@type\":\"SearchAction\",\"target\":{\"@type\":\"EntryPoint\",\"urlTemplate\":\"https:\/\/alberta.college\/?s={search_term_string}\"},\"query-input\":{\"@type\":\"PropertyValueSpecification\",\"valueRequired\":true,\"valueName\":\"search_term_string\"}}],\"inLanguage\":\"fr-CA\"},{\"@type\":\"Organization\",\"@id\":\"https:\/\/alberta.college\/#organization\",\"name\":\"The Royal Alberta College\",\"url\":\"https:\/\/alberta.college\/\",\"logo\":{\"@type\":\"ImageObject\",\"inLanguage\":\"fr-CA\",\"@id\":\"https:\/\/alberta.college\/#\/schema\/logo\/image\/\",\"url\":\"https:\/\/alberta.college\/wp-content\/uploads\/2021\/05\/rac-logo.png\",\"contentUrl\":\"https:\/\/alberta.college\/wp-content\/uploads\/2021\/05\/rac-logo.png\",\"width\":400,\"height\":242,\"caption\":\"The Royal Alberta College\"},\"image\":{\"@id\":\"https:\/\/alberta.college\/#\/schema\/logo\/image\/\"},\"sameAs\":[\"https:\/\/www.facebook.com\/RoyalAlbertaCollege\",\"https:\/\/x.com\/alberta_college\"]}]}<\/script>\n<!-- \/ Yoast SEO plugin. -->","yoast_head_json":{"title":"RAC - Google Data Analyst Program - The Royal Alberta College","robots":{"index":"index","follow":"follow","max-snippet":"max-snippet:-1","max-image-preview":"max-image-preview:large","max-video-preview":"max-video-preview:-1"},"canonical":"https:\/\/www.alberta.college\/courses\/rac-google-data-analyst-program\/","og_locale":"fr_CA","og_type":"article","og_title":"RAC - Google Data Analyst Program - The Royal Alberta College","og_description":"Prepare for a new career in the high-growth field of data analytics, no experience or degree required. Get professional training designed by Google and have the opportunity to connect with [&hellip;]","og_url":"https:\/\/www.alberta.college\/courses\/rac-google-data-analyst-program\/","og_site_name":"The Royal Alberta College","article_publisher":"https:\/\/www.facebook.com\/RoyalAlbertaCollege","article_modified_time":"2025-04-17T19:45:06+00:00","og_image":[{"width":2432,"height":1460,"url":"https:\/\/www.alberta.college\/wp-content\/uploads\/2023\/01\/Data-Analytics.png","type":"image\/png"}],"twitter_card":"summary_large_image","twitter_site":"@alberta_college","twitter_misc":{"Estimation du temps de lecture":"2 minutes"},"schema":{"@context":"https:\/\/schema.org","@graph":[{"@type":"WebPage","@id":"https:\/\/www.alberta.college\/courses\/rac-google-data-analyst-program\/","url":"https:\/\/www.alberta.college\/courses\/rac-google-data-analyst-program\/","name":"RAC - Google Data Analyst Program - The Royal Alberta College","isPartOf":{"@id":"https:\/\/alberta.college\/#website"},"primaryImageOfPage":{"@id":"https:\/\/www.alberta.college\/courses\/rac-google-data-analyst-program\/#primaryimage"},"image":{"@id":"https:\/\/www.alberta.college\/courses\/rac-google-data-analyst-program\/#primaryimage"},"thumbnailUrl":"https:\/\/alberta.college\/wp-content\/uploads\/2023\/01\/Data-Analytics.png","datePublished":"2023-01-26T21:37:24+00:00","dateModified":"2025-04-17T19:45:06+00:00","breadcrumb":{"@id":"https:\/\/www.alberta.college\/courses\/rac-google-data-analyst-program\/#breadcrumb"},"inLanguage":"fr-CA","potentialAction":[{"@type":"ReadAction","target":["https:\/\/www.alberta.college\/courses\/rac-google-data-analyst-program\/"]}]},{"@type":"ImageObject","inLanguage":"fr-CA","@id":"https:\/\/www.alberta.college\/courses\/rac-google-data-analyst-program\/#primaryimage","url":"https:\/\/alberta.college\/wp-content\/uploads\/2023\/01\/Data-Analytics.png","contentUrl":"https:\/\/alberta.college\/wp-content\/uploads\/2023\/01\/Data-Analytics.png","width":2432,"height":1460},{"@type":"BreadcrumbList","@id":"https:\/\/www.alberta.college\/courses\/rac-google-data-analyst-program\/#breadcrumb","itemListElement":[{"@type":"ListItem","position":1,"name":"Home","item":"https:\/\/alberta.college\/"},{"@type":"ListItem","position":2,"name":"Shop","item":"https:\/\/www.alberta.college\/fr\/shop\/"},{"@type":"ListItem","position":3,"name":"RAC &#8211; Google Data Analyst Program"}]},{"@type":"WebSite","@id":"https:\/\/alberta.college\/#website","url":"https:\/\/alberta.college\/","name":"The Royal Alberta College","description":"High-Quality Affordable, Accessible Education for everyone","publisher":{"@id":"https:\/\/alberta.college\/#organization"},"potentialAction":[{"@type":"SearchAction","target":{"@type":"EntryPoint","urlTemplate":"https:\/\/alberta.college\/?s={search_term_string}"},"query-input":{"@type":"PropertyValueSpecification","valueRequired":true,"valueName":"search_term_string"}}],"inLanguage":"fr-CA"},{"@type":"Organization","@id":"https:\/\/alberta.college\/#organization","name":"The Royal Alberta College","url":"https:\/\/alberta.college\/","logo":{"@type":"ImageObject","inLanguage":"fr-CA","@id":"https:\/\/alberta.college\/#\/schema\/logo\/image\/","url":"https:\/\/alberta.college\/wp-content\/uploads\/2021\/05\/rac-logo.png","contentUrl":"https:\/\/alberta.college\/wp-content\/uploads\/2021\/05\/rac-logo.png","width":400,"height":242,"caption":"The Royal Alberta College"},"image":{"@id":"https:\/\/alberta.college\/#\/schema\/logo\/image\/"},"sameAs":["https:\/\/www.facebook.com\/RoyalAlbertaCollege","https:\/\/x.com\/alberta_college"]}]}},"jetpack_sharing_enabled":true,"_links":{"self":[{"href":"https:\/\/alberta.college\/fr\/wp-json\/wp\/v2\/product\/15817"}],"collection":[{"href":"https:\/\/alberta.college\/fr\/wp-json\/wp\/v2\/product"}],"about":[{"href":"https:\/\/alberta.college\/fr\/wp-json\/wp\/v2\/types\/product"}],"wp:featuredmedia":[{"embeddable":true,"href":"https:\/\/alberta.college\/fr\/wp-json\/wp\/v2\/media\/15818"}],"wp:attachment":[{"href":"https:\/\/alberta.college\/fr\/wp-json\/wp\/v2\/media?parent=15817"}],"wp:term":[{"taxonomy":"product_cat","embeddable":true,"href":"https:\/\/alberta.college\/fr\/wp-json\/wp\/v2\/product_cat?post=15817"},{"taxonomy":"product_tag","embeddable":true,"href":"https:\/\/alberta.college\/fr\/wp-json\/wp\/v2\/product_tag?post=15817"}],"curies":[{"name":"wp","href":"https:\/\/api.w.org\/{rel}","templated":true}]}}