
{"id":15813,"date":"2023-01-26T14:37:03","date_gmt":"2023-01-26T21:37:03","guid":{"rendered":"http:\/\/15.222.4.10\/?post_type=product&#038;p=15813"},"modified":"2025-02-03T10:43:24","modified_gmt":"2025-02-03T17:43:24","slug":"rac-google-it-support-program","status":"publish","type":"product","link":"https:\/\/alberta.college\/fr\/courses\/rac-google-it-support-program\/","title":{"rendered":"RAC \u2013 Programme d&#039;assistance informatique Google"},"content":{"rendered":"<h2 class=\"m-r-1 m-b-0 bold headline-4-text\">A propos de ce Certificat Professionnel<\/h2>\n<div class=\"m-t-1 m-b-3 description\" data-e2e=\"description\">\n<div class=\"description\">\n<div class=\"rc-CML override-cml-headers\" dir=\"auto\">\n<div class=\"css-b1j1et\" data-testid=\"cml-viewer\">\n<p>Pr\u00e9parez-vous \u00e0 une carri\u00e8re dans le domaine \u00e0 forte croissance de l\u2019informatique, aucune exp\u00e9rience ni dipl\u00f4me requis. B\u00e9n\u00e9ficiez d&#039;une formation professionnelle con\u00e7ue par Google et acc\u00e9dez rapidement \u00e0 un emploi r\u00e9mun\u00e9r\u00e9 de mani\u00e8re comp\u00e9titive. <strong>Il y a 400 000 offres d&#039;emploi aux \u00c9tats-Unis dans le domaine informatique et un salaire m\u00e9dian d&#039;entr\u00e9e de gamme de $52 000 dans le support informatique.\u00b9<\/strong><\/p>\n<p>Au cours de 5 cours, acqu\u00e9rez des comp\u00e9tences recherch\u00e9es qui vous pr\u00e9parent \u00e0 un emploi de d\u00e9butant. Une fois termin\u00e9, vous pouvez postuler directement \u00e0 des emplois aupr\u00e8s de Google et de plus de 150 employeurs am\u00e9ricains, dont Walmart, Best Buy et Astreya.<\/p>\n<p><strong>75% des dipl\u00f4m\u00e9s du Google Career Certificate aux \u00c9tats-Unis signalent une am\u00e9lioration de leur trajectoire de carri\u00e8re (par exemple, nouvel emploi ou carri\u00e8re, promotion ou augmentation) dans les 6 mois suivant l&#039;obtention du certificat\u00b2.<\/strong><\/p>\n<p>Ce programme vous pr\u00e9pare \u00e9galement au <a href=\"https:\/\/www.comptia.org\/certifications\/a\" target=\"_blank\" rel=\"noopener nofollow noreferrer\">CompTIA A+<\/a> examens, la certification standard de l&#039;industrie pour l&#039;informatique - vous obtiendrez un <a href=\"https:\/\/www.blog.google\/outreach-initiatives\/grow-with-google\/-it-support-comptia\/\" target=\"_blank\" rel=\"noopener nofollow noreferrer\">double dipl\u00f4me <\/a>lorsque vous aurez termin\u00e9 les deux.<\/p>\n<p>Ce programme est approuv\u00e9 par l&#039;ACE\u00ae\u00a0: une fois termin\u00e9, vous pouvez gagner jusqu&#039;\u00e0 12 cr\u00e9dits universitaires, l&#039;\u00e9quivalent de 4 cours de niveau associ\u00e9.<\/p>\n<p>\u00b9US Burning Glass Labor Insight Report sur les donn\u00e9es salariales (m\u00e9diane avec 0 \u00e0 5 ans d&#039;exp\u00e9rience) et les donn\u00e9es sur les offres d&#039;emploi. Donn\u00e9es sur les postes pertinents pour les programmes en vedette (01\/04\/2021 \u2013 31\/03\/22).<\/p>\n<p>\u00b2\u00a0Bas\u00e9 sur les r\u00e9ponses \u00e0 l&#039;enqu\u00eate men\u00e9e aupr\u00e8s des dipl\u00f4m\u00e9s du programme, \u00c9tats-Unis\u00a02021<\/p>\n<\/div>\n<\/div>\n<\/div>\n<\/div>","protected":false},"excerpt":{"rendered":"<p>\u00c0 propos de ce certificat professionnel Pr\u00e9parez-vous \u00e0 une carri\u00e8re dans le domaine \u00e0 forte croissance de l&#039;informatique, aucune exp\u00e9rience ni dipl\u00f4me requis. B\u00e9n\u00e9ficiez d\u2019une formation professionnelle con\u00e7ue par Google et acc\u00e9dez \u00e0 la voie rapide [\u2026]<\/p>","protected":false},"featured_media":15816,"template":"","meta":[],"product_cat":[97],"product_tag":[87],"yoast_head":"<!-- This site is optimized with the Yoast SEO plugin v23.5 - https:\/\/yoast.com\/wordpress\/plugins\/seo\/ -->\n<title>RAC - Google IT Support Program - The Royal Alberta College<\/title>\n<meta name=\"robots\" content=\"index, follow, max-snippet:-1, max-image-preview:large, max-video-preview:-1\" \/>\n<link rel=\"canonical\" href=\"https:\/\/alberta.college\/fr\/courses\/rac-google-it-support-program\/\" \/>\n<meta property=\"og:locale\" content=\"fr_CA\" \/>\n<meta property=\"og:type\" content=\"article\" \/>\n<meta property=\"og:title\" content=\"RAC - Google IT Support Program - The Royal Alberta College\" \/>\n<meta property=\"og:description\" content=\"About this Professional Certificate Prepare for a career in the high-growth field of IT, no experience or degree required. Get professional training designed by Google and get on the fast-track [&hellip;]\" \/>\n<meta property=\"og:url\" content=\"https:\/\/alberta.college\/fr\/courses\/rac-google-it-support-program\/\" \/>\n<meta property=\"og:site_name\" content=\"The Royal Alberta College\" \/>\n<meta property=\"article:publisher\" content=\"https:\/\/www.facebook.com\/RoyalAlbertaCollege\" \/>\n<meta property=\"article:modified_time\" content=\"2025-02-03T17:43:24+00:00\" \/>\n<meta property=\"og:image\" content=\"https:\/\/alberta.college\/wp-content\/uploads\/2023\/01\/IT-Support.png\" \/>\n\t<meta property=\"og:image:width\" content=\"2432\" \/>\n\t<meta property=\"og:image:height\" content=\"1460\" \/>\n\t<meta property=\"og:image:type\" content=\"image\/png\" \/>\n<meta name=\"twitter:card\" content=\"summary_large_image\" \/>\n<meta name=\"twitter:site\" content=\"@alberta_college\" \/>\n<meta name=\"twitter:label1\" content=\"Estimation du temps de lecture\" \/>\n\t<meta name=\"twitter:data1\" content=\"2 minutes\" \/>\n<script type=\"application\/ld+json\" class=\"yoast-schema-graph\">{\"@context\":\"https:\/\/schema.org\",\"@graph\":[{\"@type\":\"WebPage\",\"@id\":\"https:\/\/alberta.college\/courses\/rac-google-it-support-program\/\",\"url\":\"https:\/\/alberta.college\/courses\/rac-google-it-support-program\/\",\"name\":\"RAC - Google IT Support Program - The Royal Alberta College\",\"isPartOf\":{\"@id\":\"https:\/\/alberta.college\/#website\"},\"primaryImageOfPage\":{\"@id\":\"https:\/\/alberta.college\/courses\/rac-google-it-support-program\/#primaryimage\"},\"image\":{\"@id\":\"https:\/\/alberta.college\/courses\/rac-google-it-support-program\/#primaryimage\"},\"thumbnailUrl\":\"https:\/\/alberta.college\/wp-content\/uploads\/2023\/01\/IT-Support.png\",\"datePublished\":\"2023-01-26T21:37:03+00:00\",\"dateModified\":\"2025-02-03T17:43:24+00:00\",\"breadcrumb\":{\"@id\":\"https:\/\/alberta.college\/courses\/rac-google-it-support-program\/#breadcrumb\"},\"inLanguage\":\"fr-CA\",\"potentialAction\":[{\"@type\":\"ReadAction\",\"target\":[\"https:\/\/alberta.college\/courses\/rac-google-it-support-program\/\"]}]},{\"@type\":\"ImageObject\",\"inLanguage\":\"fr-CA\",\"@id\":\"https:\/\/alberta.college\/courses\/rac-google-it-support-program\/#primaryimage\",\"url\":\"https:\/\/alberta.college\/wp-content\/uploads\/2023\/01\/IT-Support.png\",\"contentUrl\":\"https:\/\/alberta.college\/wp-content\/uploads\/2023\/01\/IT-Support.png\",\"width\":2432,\"height\":1460},{\"@type\":\"BreadcrumbList\",\"@id\":\"https:\/\/alberta.college\/courses\/rac-google-it-support-program\/#breadcrumb\",\"itemListElement\":[{\"@type\":\"ListItem\",\"position\":1,\"name\":\"Home\",\"item\":\"https:\/\/alberta.college\/\"},{\"@type\":\"ListItem\",\"position\":2,\"name\":\"Shop\",\"item\":\"https:\/\/www.alberta.college\/fr\/shop\/\"},{\"@type\":\"ListItem\",\"position\":3,\"name\":\"RAC &#8211; Google IT Support Program\"}]},{\"@type\":\"WebSite\",\"@id\":\"https:\/\/alberta.college\/#website\",\"url\":\"https:\/\/alberta.college\/\",\"name\":\"The Royal Alberta College\",\"description\":\"High-Quality Affordable, Accessible Education for everyone\",\"publisher\":{\"@id\":\"https:\/\/alberta.college\/#organization\"},\"potentialAction\":[{\"@type\":\"SearchAction\",\"target\":{\"@type\":\"EntryPoint\",\"urlTemplate\":\"https:\/\/alberta.college\/?s={search_term_string}\"},\"query-input\":{\"@type\":\"PropertyValueSpecification\",\"valueRequired\":true,\"valueName\":\"search_term_string\"}}],\"inLanguage\":\"fr-CA\"},{\"@type\":\"Organization\",\"@id\":\"https:\/\/alberta.college\/#organization\",\"name\":\"The Royal Alberta College\",\"url\":\"https:\/\/alberta.college\/\",\"logo\":{\"@type\":\"ImageObject\",\"inLanguage\":\"fr-CA\",\"@id\":\"https:\/\/alberta.college\/#\/schema\/logo\/image\/\",\"url\":\"https:\/\/alberta.college\/wp-content\/uploads\/2021\/05\/rac-logo.png\",\"contentUrl\":\"https:\/\/alberta.college\/wp-content\/uploads\/2021\/05\/rac-logo.png\",\"width\":400,\"height\":242,\"caption\":\"The Royal Alberta College\"},\"image\":{\"@id\":\"https:\/\/alberta.college\/#\/schema\/logo\/image\/\"},\"sameAs\":[\"https:\/\/www.facebook.com\/RoyalAlbertaCollege\",\"https:\/\/x.com\/alberta_college\"]}]}<\/script>\n<!-- \/ Yoast SEO plugin. -->","yoast_head_json":{"title":"RAC - Google IT Support Program - The Royal Alberta College","robots":{"index":"index","follow":"follow","max-snippet":"max-snippet:-1","max-image-preview":"max-image-preview:large","max-video-preview":"max-video-preview:-1"},"canonical":"https:\/\/alberta.college\/fr\/courses\/rac-google-it-support-program\/","og_locale":"fr_CA","og_type":"article","og_title":"RAC - Google IT Support Program - The Royal Alberta College","og_description":"About this Professional Certificate Prepare for a career in the high-growth field of IT, no experience or degree required. Get professional training designed by Google and get on the fast-track [&hellip;]","og_url":"https:\/\/alberta.college\/fr\/courses\/rac-google-it-support-program\/","og_site_name":"The Royal Alberta College","article_publisher":"https:\/\/www.facebook.com\/RoyalAlbertaCollege","article_modified_time":"2025-02-03T17:43:24+00:00","og_image":[{"width":2432,"height":1460,"url":"https:\/\/alberta.college\/wp-content\/uploads\/2023\/01\/IT-Support.png","type":"image\/png"}],"twitter_card":"summary_large_image","twitter_site":"@alberta_college","twitter_misc":{"Estimation du temps de lecture":"2 minutes"},"schema":{"@context":"https:\/\/schema.org","@graph":[{"@type":"WebPage","@id":"https:\/\/alberta.college\/courses\/rac-google-it-support-program\/","url":"https:\/\/alberta.college\/courses\/rac-google-it-support-program\/","name":"RAC - Google IT Support Program - The Royal Alberta College","isPartOf":{"@id":"https:\/\/alberta.college\/#website"},"primaryImageOfPage":{"@id":"https:\/\/alberta.college\/courses\/rac-google-it-support-program\/#primaryimage"},"image":{"@id":"https:\/\/alberta.college\/courses\/rac-google-it-support-program\/#primaryimage"},"thumbnailUrl":"https:\/\/alberta.college\/wp-content\/uploads\/2023\/01\/IT-Support.png","datePublished":"2023-01-26T21:37:03+00:00","dateModified":"2025-02-03T17:43:24+00:00","breadcrumb":{"@id":"https:\/\/alberta.college\/courses\/rac-google-it-support-program\/#breadcrumb"},"inLanguage":"fr-CA","potentialAction":[{"@type":"ReadAction","target":["https:\/\/alberta.college\/courses\/rac-google-it-support-program\/"]}]},{"@type":"ImageObject","inLanguage":"fr-CA","@id":"https:\/\/alberta.college\/courses\/rac-google-it-support-program\/#primaryimage","url":"https:\/\/alberta.college\/wp-content\/uploads\/2023\/01\/IT-Support.png","contentUrl":"https:\/\/alberta.college\/wp-content\/uploads\/2023\/01\/IT-Support.png","width":2432,"height":1460},{"@type":"BreadcrumbList","@id":"https:\/\/alberta.college\/courses\/rac-google-it-support-program\/#breadcrumb","itemListElement":[{"@type":"ListItem","position":1,"name":"Home","item":"https:\/\/alberta.college\/"},{"@type":"ListItem","position":2,"name":"Shop","item":"https:\/\/www.alberta.college\/fr\/shop\/"},{"@type":"ListItem","position":3,"name":"RAC &#8211; Google IT Support Program"}]},{"@type":"WebSite","@id":"https:\/\/alberta.college\/#website","url":"https:\/\/alberta.college\/","name":"The Royal Alberta College","description":"High-Quality Affordable, Accessible Education for everyone","publisher":{"@id":"https:\/\/alberta.college\/#organization"},"potentialAction":[{"@type":"SearchAction","target":{"@type":"EntryPoint","urlTemplate":"https:\/\/alberta.college\/?s={search_term_string}"},"query-input":{"@type":"PropertyValueSpecification","valueRequired":true,"valueName":"search_term_string"}}],"inLanguage":"fr-CA"},{"@type":"Organization","@id":"https:\/\/alberta.college\/#organization","name":"The Royal Alberta College","url":"https:\/\/alberta.college\/","logo":{"@type":"ImageObject","inLanguage":"fr-CA","@id":"https:\/\/alberta.college\/#\/schema\/logo\/image\/","url":"https:\/\/alberta.college\/wp-content\/uploads\/2021\/05\/rac-logo.png","contentUrl":"https:\/\/alberta.college\/wp-content\/uploads\/2021\/05\/rac-logo.png","width":400,"height":242,"caption":"The Royal Alberta College"},"image":{"@id":"https:\/\/alberta.college\/#\/schema\/logo\/image\/"},"sameAs":["https:\/\/www.facebook.com\/RoyalAlbertaCollege","https:\/\/x.com\/alberta_college"]}]}},"jetpack_sharing_enabled":true,"_links":{"self":[{"href":"https:\/\/alberta.college\/fr\/wp-json\/wp\/v2\/product\/15813"}],"collection":[{"href":"https:\/\/alberta.college\/fr\/wp-json\/wp\/v2\/product"}],"about":[{"href":"https:\/\/alberta.college\/fr\/wp-json\/wp\/v2\/types\/product"}],"wp:featuredmedia":[{"embeddable":true,"href":"https:\/\/alberta.college\/fr\/wp-json\/wp\/v2\/media\/15816"}],"wp:attachment":[{"href":"https:\/\/alberta.college\/fr\/wp-json\/wp\/v2\/media?parent=15813"}],"wp:term":[{"taxonomy":"product_cat","embeddable":true,"href":"https:\/\/alberta.college\/fr\/wp-json\/wp\/v2\/product_cat?post=15813"},{"taxonomy":"product_tag","embeddable":true,"href":"https:\/\/alberta.college\/fr\/wp-json\/wp\/v2\/product_tag?post=15813"}],"curies":[{"name":"wp","href":"https:\/\/api.w.org\/{rel}","templated":true}]}}