
{"id":10878,"date":"2022-11-02T15:22:37","date_gmt":"2022-11-02T21:22:37","guid":{"rendered":"http:\/\/15.222.4.10\/?post_type=product&#038;p=10878"},"modified":"2025-04-14T11:29:26","modified_gmt":"2025-04-14T17:29:26","slug":"the-royal-alberta-college-and-ibm-introduction-to-job-interview-skills","status":"publish","type":"product","link":"https:\/\/alberta.college\/fr\/courses\/the-royal-alberta-college-and-ibm-introduction-to-job-interview-skills\/","title":{"rendered":"Le Royal Alberta College et IBM \u2013 Introduction aux techniques d&#039;entrevue d&#039;emploi"},"content":{"rendered":"<p class=\"Paragraph_paragraph__2Gj1e FullPageDescription_title__3hGxD\">Dans ce cours, vous apprendrez \u00e0 r\u00e9ussir un entretien et \u00e0 d\u00e9crocher l&#039;emploi de vos r\u00eaves. Tout au long du cours, vous apprendrez le format de l&#039;entretien et comment r\u00e9pondre \u00e0 des questions sp\u00e9cifiques de l&#039;entretien en toute confiance.<\/p>\n<div>\n<div class=\"FullPageDescription_wrapper__2gX5c ToggleFullPageDescription_description__2LPaU exclude-styles-from-reset m-t-1\">\n<p>Objectifs couverts :<\/p>\n<ul>\n<li>ACE un entretien et d\u00e9crochez l&#039;emploi de vos r\u00eaves<\/li>\n<li>Comment g\u00e9rer n&#039;importe quel entretien en toute confiance<\/li>\n<li>M\u00e9thode STAR \u00e9prouv\u00e9e pour r\u00e9pondre aux questions difficiles<\/li>\n<li>Questions comportementales, situationnelles et techniques<\/li>\n<li>Conseils d\u2019entretien les plus importants<\/li>\n<li>Format de l&#039;entretien<\/li>\n<\/ul>\n<\/div>\n<\/div>","protected":false},"excerpt":{"rendered":"<p>3 heures<\/p>","protected":false},"featured_media":17802,"template":"","meta":[],"product_cat":[105],"product_tag":[88],"yoast_head":"<!-- This site is optimized with the Yoast SEO plugin v23.5 - https:\/\/yoast.com\/wordpress\/plugins\/seo\/ -->\n<title>The Royal Alberta College and IBM - Introduction to Job Interview Skills - The Royal Alberta College<\/title>\n<meta name=\"robots\" content=\"index, follow, max-snippet:-1, max-image-preview:large, max-video-preview:-1\" \/>\n<link rel=\"canonical\" href=\"https:\/\/52.60.82.137\/fr\/courses\/the-royal-alberta-college-and-ibm-introduction-to-job-interview-skills\/\" \/>\n<meta property=\"og:locale\" content=\"fr_CA\" \/>\n<meta property=\"og:type\" content=\"article\" \/>\n<meta property=\"og:title\" content=\"The Royal Alberta College and IBM - Introduction to Job Interview Skills - The Royal Alberta College\" \/>\n<meta property=\"og:description\" content=\"3 hours\" \/>\n<meta property=\"og:url\" content=\"https:\/\/52.60.82.137\/fr\/courses\/the-royal-alberta-college-and-ibm-introduction-to-job-interview-skills\/\" \/>\n<meta property=\"og:site_name\" content=\"The Royal Alberta College\" \/>\n<meta property=\"article:publisher\" content=\"https:\/\/www.facebook.com\/RoyalAlbertaCollege\" \/>\n<meta property=\"article:modified_time\" content=\"2025-04-14T17:29:26+00:00\" \/>\n<meta property=\"og:image\" content=\"https:\/\/52.60.82.137\/wp-content\/uploads\/2022\/11\/Intro-to-Job-Interview-Skills-1-1024x615.png\" \/>\n\t<meta property=\"og:image:width\" content=\"1024\" \/>\n\t<meta property=\"og:image:height\" content=\"615\" \/>\n\t<meta property=\"og:image:type\" content=\"image\/png\" \/>\n<meta name=\"twitter:card\" content=\"summary_large_image\" \/>\n<meta name=\"twitter:site\" content=\"@alberta_college\" \/>\n<meta name=\"twitter:label1\" content=\"Estimation du temps de lecture\" \/>\n\t<meta name=\"twitter:data1\" content=\"1 minute\" \/>\n<script type=\"application\/ld+json\" class=\"yoast-schema-graph\">{\"@context\":\"https:\/\/schema.org\",\"@graph\":[{\"@type\":\"WebPage\",\"@id\":\"https:\/\/52.60.82.137\/fr\/courses\/the-royal-alberta-college-and-ibm-introduction-to-job-interview-skills\/\",\"url\":\"https:\/\/52.60.82.137\/fr\/courses\/the-royal-alberta-college-and-ibm-introduction-to-job-interview-skills\/\",\"name\":\"The Royal Alberta College and IBM - Introduction to Job Interview Skills - The Royal Alberta College\",\"isPartOf\":{\"@id\":\"https:\/\/alberta.college\/#website\"},\"primaryImageOfPage\":{\"@id\":\"https:\/\/52.60.82.137\/fr\/courses\/the-royal-alberta-college-and-ibm-introduction-to-job-interview-skills\/#primaryimage\"},\"image\":{\"@id\":\"https:\/\/52.60.82.137\/fr\/courses\/the-royal-alberta-college-and-ibm-introduction-to-job-interview-skills\/#primaryimage\"},\"thumbnailUrl\":\"https:\/\/alberta.college\/wp-content\/uploads\/2022\/11\/Intro-to-Job-Interview-Skills-1.png\",\"datePublished\":\"2022-11-02T21:22:37+00:00\",\"dateModified\":\"2025-04-14T17:29:26+00:00\",\"breadcrumb\":{\"@id\":\"https:\/\/52.60.82.137\/fr\/courses\/the-royal-alberta-college-and-ibm-introduction-to-job-interview-skills\/#breadcrumb\"},\"inLanguage\":\"fr-CA\",\"potentialAction\":[{\"@type\":\"ReadAction\",\"target\":[\"https:\/\/52.60.82.137\/fr\/courses\/the-royal-alberta-college-and-ibm-introduction-to-job-interview-skills\/\"]}]},{\"@type\":\"ImageObject\",\"inLanguage\":\"fr-CA\",\"@id\":\"https:\/\/52.60.82.137\/fr\/courses\/the-royal-alberta-college-and-ibm-introduction-to-job-interview-skills\/#primaryimage\",\"url\":\"https:\/\/alberta.college\/wp-content\/uploads\/2022\/11\/Intro-to-Job-Interview-Skills-1.png\",\"contentUrl\":\"https:\/\/alberta.college\/wp-content\/uploads\/2022\/11\/Intro-to-Job-Interview-Skills-1.png\",\"width\":2432,\"height\":1460},{\"@type\":\"BreadcrumbList\",\"@id\":\"https:\/\/52.60.82.137\/fr\/courses\/the-royal-alberta-college-and-ibm-introduction-to-job-interview-skills\/#breadcrumb\",\"itemListElement\":[{\"@type\":\"ListItem\",\"position\":1,\"name\":\"Home\",\"item\":\"https:\/\/alberta.college\/\"},{\"@type\":\"ListItem\",\"position\":2,\"name\":\"Shop\",\"item\":\"https:\/\/52.60.82.137\/shop\/\"},{\"@type\":\"ListItem\",\"position\":3,\"name\":\"The Royal Alberta College and IBM &#8211; Introduction to Job Interview Skills\"}]},{\"@type\":\"WebSite\",\"@id\":\"https:\/\/alberta.college\/#website\",\"url\":\"https:\/\/alberta.college\/\",\"name\":\"The Royal Alberta College\",\"description\":\"High-Quality Affordable, Accessible Education for everyone\",\"publisher\":{\"@id\":\"https:\/\/alberta.college\/#organization\"},\"potentialAction\":[{\"@type\":\"SearchAction\",\"target\":{\"@type\":\"EntryPoint\",\"urlTemplate\":\"https:\/\/alberta.college\/?s={search_term_string}\"},\"query-input\":{\"@type\":\"PropertyValueSpecification\",\"valueRequired\":true,\"valueName\":\"search_term_string\"}}],\"inLanguage\":\"fr-CA\"},{\"@type\":\"Organization\",\"@id\":\"https:\/\/alberta.college\/#organization\",\"name\":\"The Royal Alberta College\",\"url\":\"https:\/\/alberta.college\/\",\"logo\":{\"@type\":\"ImageObject\",\"inLanguage\":\"fr-CA\",\"@id\":\"https:\/\/alberta.college\/#\/schema\/logo\/image\/\",\"url\":\"https:\/\/alberta.college\/wp-content\/uploads\/2021\/05\/rac-logo.png\",\"contentUrl\":\"https:\/\/alberta.college\/wp-content\/uploads\/2021\/05\/rac-logo.png\",\"width\":400,\"height\":242,\"caption\":\"The Royal Alberta College\"},\"image\":{\"@id\":\"https:\/\/alberta.college\/#\/schema\/logo\/image\/\"},\"sameAs\":[\"https:\/\/www.facebook.com\/RoyalAlbertaCollege\",\"https:\/\/x.com\/alberta_college\"]}]}<\/script>\n<!-- \/ Yoast SEO plugin. -->","yoast_head_json":{"title":"The Royal Alberta College and IBM - Introduction to Job Interview Skills - The Royal Alberta College","robots":{"index":"index","follow":"follow","max-snippet":"max-snippet:-1","max-image-preview":"max-image-preview:large","max-video-preview":"max-video-preview:-1"},"canonical":"https:\/\/52.60.82.137\/fr\/courses\/the-royal-alberta-college-and-ibm-introduction-to-job-interview-skills\/","og_locale":"fr_CA","og_type":"article","og_title":"The Royal Alberta College and IBM - Introduction to Job Interview Skills - The Royal Alberta College","og_description":"3 hours","og_url":"https:\/\/52.60.82.137\/fr\/courses\/the-royal-alberta-college-and-ibm-introduction-to-job-interview-skills\/","og_site_name":"The Royal Alberta College","article_publisher":"https:\/\/www.facebook.com\/RoyalAlbertaCollege","article_modified_time":"2025-04-14T17:29:26+00:00","og_image":[{"width":1024,"height":615,"url":"https:\/\/52.60.82.137\/wp-content\/uploads\/2022\/11\/Intro-to-Job-Interview-Skills-1-1024x615.png","type":"image\/png"}],"twitter_card":"summary_large_image","twitter_site":"@alberta_college","twitter_misc":{"Estimation du temps de lecture":"1 minute"},"schema":{"@context":"https:\/\/schema.org","@graph":[{"@type":"WebPage","@id":"https:\/\/52.60.82.137\/fr\/courses\/the-royal-alberta-college-and-ibm-introduction-to-job-interview-skills\/","url":"https:\/\/52.60.82.137\/fr\/courses\/the-royal-alberta-college-and-ibm-introduction-to-job-interview-skills\/","name":"The Royal Alberta College and IBM - Introduction to Job Interview Skills - The Royal Alberta College","isPartOf":{"@id":"https:\/\/alberta.college\/#website"},"primaryImageOfPage":{"@id":"https:\/\/52.60.82.137\/fr\/courses\/the-royal-alberta-college-and-ibm-introduction-to-job-interview-skills\/#primaryimage"},"image":{"@id":"https:\/\/52.60.82.137\/fr\/courses\/the-royal-alberta-college-and-ibm-introduction-to-job-interview-skills\/#primaryimage"},"thumbnailUrl":"https:\/\/alberta.college\/wp-content\/uploads\/2022\/11\/Intro-to-Job-Interview-Skills-1.png","datePublished":"2022-11-02T21:22:37+00:00","dateModified":"2025-04-14T17:29:26+00:00","breadcrumb":{"@id":"https:\/\/52.60.82.137\/fr\/courses\/the-royal-alberta-college-and-ibm-introduction-to-job-interview-skills\/#breadcrumb"},"inLanguage":"fr-CA","potentialAction":[{"@type":"ReadAction","target":["https:\/\/52.60.82.137\/fr\/courses\/the-royal-alberta-college-and-ibm-introduction-to-job-interview-skills\/"]}]},{"@type":"ImageObject","inLanguage":"fr-CA","@id":"https:\/\/52.60.82.137\/fr\/courses\/the-royal-alberta-college-and-ibm-introduction-to-job-interview-skills\/#primaryimage","url":"https:\/\/alberta.college\/wp-content\/uploads\/2022\/11\/Intro-to-Job-Interview-Skills-1.png","contentUrl":"https:\/\/alberta.college\/wp-content\/uploads\/2022\/11\/Intro-to-Job-Interview-Skills-1.png","width":2432,"height":1460},{"@type":"BreadcrumbList","@id":"https:\/\/52.60.82.137\/fr\/courses\/the-royal-alberta-college-and-ibm-introduction-to-job-interview-skills\/#breadcrumb","itemListElement":[{"@type":"ListItem","position":1,"name":"Home","item":"https:\/\/alberta.college\/"},{"@type":"ListItem","position":2,"name":"Shop","item":"https:\/\/52.60.82.137\/shop\/"},{"@type":"ListItem","position":3,"name":"The Royal Alberta College and IBM &#8211; Introduction to Job Interview Skills"}]},{"@type":"WebSite","@id":"https:\/\/alberta.college\/#website","url":"https:\/\/alberta.college\/","name":"The Royal Alberta College","description":"High-Quality Affordable, Accessible Education for everyone","publisher":{"@id":"https:\/\/alberta.college\/#organization"},"potentialAction":[{"@type":"SearchAction","target":{"@type":"EntryPoint","urlTemplate":"https:\/\/alberta.college\/?s={search_term_string}"},"query-input":{"@type":"PropertyValueSpecification","valueRequired":true,"valueName":"search_term_string"}}],"inLanguage":"fr-CA"},{"@type":"Organization","@id":"https:\/\/alberta.college\/#organization","name":"The Royal Alberta College","url":"https:\/\/alberta.college\/","logo":{"@type":"ImageObject","inLanguage":"fr-CA","@id":"https:\/\/alberta.college\/#\/schema\/logo\/image\/","url":"https:\/\/alberta.college\/wp-content\/uploads\/2021\/05\/rac-logo.png","contentUrl":"https:\/\/alberta.college\/wp-content\/uploads\/2021\/05\/rac-logo.png","width":400,"height":242,"caption":"The Royal Alberta College"},"image":{"@id":"https:\/\/alberta.college\/#\/schema\/logo\/image\/"},"sameAs":["https:\/\/www.facebook.com\/RoyalAlbertaCollege","https:\/\/x.com\/alberta_college"]}]}},"jetpack_sharing_enabled":true,"_links":{"self":[{"href":"https:\/\/alberta.college\/fr\/wp-json\/wp\/v2\/product\/10878"}],"collection":[{"href":"https:\/\/alberta.college\/fr\/wp-json\/wp\/v2\/product"}],"about":[{"href":"https:\/\/alberta.college\/fr\/wp-json\/wp\/v2\/types\/product"}],"wp:featuredmedia":[{"embeddable":true,"href":"https:\/\/alberta.college\/fr\/wp-json\/wp\/v2\/media\/17802"}],"wp:attachment":[{"href":"https:\/\/alberta.college\/fr\/wp-json\/wp\/v2\/media?parent=10878"}],"wp:term":[{"taxonomy":"product_cat","embeddable":true,"href":"https:\/\/alberta.college\/fr\/wp-json\/wp\/v2\/product_cat?post=10878"},{"taxonomy":"product_tag","embeddable":true,"href":"https:\/\/alberta.college\/fr\/wp-json\/wp\/v2\/product_tag?post=10878"}],"curies":[{"name":"wp","href":"https:\/\/api.w.org\/{rel}","templated":true}]}}