
{"id":10796,"date":"2022-11-01T15:55:55","date_gmt":"2022-11-01T21:55:55","guid":{"rendered":"http:\/\/15.222.4.10\/?post_type=product&#038;p=10796"},"modified":"2025-04-14T11:29:36","modified_gmt":"2025-04-14T17:29:36","slug":"the-royal-alberta-college-and-ibm-introduction-to-grant-writing","status":"publish","type":"product","link":"https:\/\/alberta.college\/fr\/courses\/the-royal-alberta-college-and-ibm-introduction-to-grant-writing\/","title":{"rendered":"Le Royal Alberta College et IBM \u2013 Introduction \u00e0 la r\u00e9daction de subventions"},"content":{"rendered":"<p>La r\u00e9daction d&#039;une demande de subvention est le processus de demande de financement pour un projet ou une organisation. Avec l&#039;aide de ce cours court, les apprenants apprendront un guide pour r\u00e9diger des demandes de subvention ainsi que des comp\u00e9tences importantes pour obtenir un financement. Ce cours est destin\u00e9 aux auteurs \u00e0 but non lucratif et ind\u00e9pendants.<br \/>\nTu vas apprendre:<\/p>\n<ul>\n<li>Comment identifier les bailleurs de fonds gouvernementaux et priv\u00e9s concern\u00e9s<\/li>\n<li>Comment r\u00e9diger un texte passe-partout de proposition solide et efficace qui peut \u00eatre utilis\u00e9 pendant des ann\u00e9es<\/li>\n<li>Comment aligner strat\u00e9giquement les priorit\u00e9s des bailleurs de fonds, la mission organisationnelle, la conception des programmes et les budgets des programmes<\/li>\n<li>Utiliser l&#039;exemple de langage fourni comme guide dans la r\u00e9daction de votre propre proposition<\/li>\n<\/ul>","protected":false},"excerpt":{"rendered":"<p>2 heures<\/p>","protected":false},"featured_media":17801,"template":"","meta":[],"product_cat":[105],"product_tag":[86],"yoast_head":"<!-- This site is optimized with the Yoast SEO plugin v23.5 - https:\/\/yoast.com\/wordpress\/plugins\/seo\/ -->\n<title>The Royal Alberta College and IBM - Introduction to Grant Writing - The Royal Alberta College<\/title>\n<meta name=\"robots\" content=\"index, follow, max-snippet:-1, max-image-preview:large, max-video-preview:-1\" \/>\n<link rel=\"canonical\" href=\"https:\/\/alberta.college\/fr\/courses\/the-royal-alberta-college-and-ibm-introduction-to-grant-writing\/\" \/>\n<meta property=\"og:locale\" content=\"fr_CA\" \/>\n<meta property=\"og:type\" content=\"article\" \/>\n<meta property=\"og:title\" content=\"The Royal Alberta College and IBM - Introduction to Grant Writing - The Royal Alberta College\" \/>\n<meta property=\"og:description\" content=\"2 hours\" \/>\n<meta property=\"og:url\" content=\"https:\/\/alberta.college\/fr\/courses\/the-royal-alberta-college-and-ibm-introduction-to-grant-writing\/\" \/>\n<meta property=\"og:site_name\" content=\"The Royal Alberta College\" \/>\n<meta property=\"article:publisher\" content=\"https:\/\/www.facebook.com\/RoyalAlbertaCollege\" \/>\n<meta property=\"article:modified_time\" content=\"2025-04-14T17:29:36+00:00\" \/>\n<meta property=\"og:image\" content=\"https:\/\/alberta.college\/wp-content\/uploads\/2022\/11\/Intro-to-Grant-Writing-1.png\" \/>\n\t<meta property=\"og:image:width\" content=\"2432\" \/>\n\t<meta property=\"og:image:height\" content=\"1460\" \/>\n\t<meta property=\"og:image:type\" content=\"image\/png\" \/>\n<meta name=\"twitter:card\" content=\"summary_large_image\" \/>\n<meta name=\"twitter:site\" content=\"@alberta_college\" \/>\n<meta name=\"twitter:label1\" content=\"Estimation du temps de lecture\" \/>\n\t<meta name=\"twitter:data1\" content=\"1 minute\" \/>\n<script type=\"application\/ld+json\" class=\"yoast-schema-graph\">{\"@context\":\"https:\/\/schema.org\",\"@graph\":[{\"@type\":\"WebPage\",\"@id\":\"https:\/\/alberta.college\/fr\/courses\/the-royal-alberta-college-and-ibm-introduction-to-grant-writing\/\",\"url\":\"https:\/\/alberta.college\/fr\/courses\/the-royal-alberta-college-and-ibm-introduction-to-grant-writing\/\",\"name\":\"The Royal Alberta College and IBM - Introduction to Grant Writing - The Royal Alberta College\",\"isPartOf\":{\"@id\":\"https:\/\/www.alberta.college\/fr\/#website\"},\"primaryImageOfPage\":{\"@id\":\"https:\/\/alberta.college\/fr\/courses\/the-royal-alberta-college-and-ibm-introduction-to-grant-writing\/#primaryimage\"},\"image\":{\"@id\":\"https:\/\/alberta.college\/fr\/courses\/the-royal-alberta-college-and-ibm-introduction-to-grant-writing\/#primaryimage\"},\"thumbnailUrl\":\"https:\/\/alberta.college\/wp-content\/uploads\/2022\/11\/Intro-to-Grant-Writing-1.png\",\"datePublished\":\"2022-11-01T21:55:55+00:00\",\"dateModified\":\"2025-04-14T17:29:36+00:00\",\"breadcrumb\":{\"@id\":\"https:\/\/alberta.college\/fr\/courses\/the-royal-alberta-college-and-ibm-introduction-to-grant-writing\/#breadcrumb\"},\"inLanguage\":\"fr-CA\",\"potentialAction\":[{\"@type\":\"ReadAction\",\"target\":[\"https:\/\/alberta.college\/fr\/courses\/the-royal-alberta-college-and-ibm-introduction-to-grant-writing\/\"]}]},{\"@type\":\"ImageObject\",\"inLanguage\":\"fr-CA\",\"@id\":\"https:\/\/alberta.college\/fr\/courses\/the-royal-alberta-college-and-ibm-introduction-to-grant-writing\/#primaryimage\",\"url\":\"https:\/\/alberta.college\/wp-content\/uploads\/2022\/11\/Intro-to-Grant-Writing-1.png\",\"contentUrl\":\"https:\/\/alberta.college\/wp-content\/uploads\/2022\/11\/Intro-to-Grant-Writing-1.png\",\"width\":2432,\"height\":1460},{\"@type\":\"BreadcrumbList\",\"@id\":\"https:\/\/alberta.college\/fr\/courses\/the-royal-alberta-college-and-ibm-introduction-to-grant-writing\/#breadcrumb\",\"itemListElement\":[{\"@type\":\"ListItem\",\"position\":1,\"name\":\"Home\",\"item\":\"https:\/\/www.alberta.college\/fr\/\"},{\"@type\":\"ListItem\",\"position\":2,\"name\":\"Shop\",\"item\":\"https:\/\/alberta.college\/fr\/shop\/\"},{\"@type\":\"ListItem\",\"position\":3,\"name\":\"The Royal Alberta College and IBM &#8211; Introduction to Grant Writing\"}]},{\"@type\":\"WebSite\",\"@id\":\"https:\/\/www.alberta.college\/fr\/#website\",\"url\":\"https:\/\/www.alberta.college\/fr\/\",\"name\":\"The Royal Alberta College\",\"description\":\"High-Quality Affordable, Accessible Education for everyone\",\"publisher\":{\"@id\":\"https:\/\/www.alberta.college\/fr\/#organization\"},\"potentialAction\":[{\"@type\":\"SearchAction\",\"target\":{\"@type\":\"EntryPoint\",\"urlTemplate\":\"https:\/\/www.alberta.college\/fr\/?s={search_term_string}\"},\"query-input\":{\"@type\":\"PropertyValueSpecification\",\"valueRequired\":true,\"valueName\":\"search_term_string\"}}],\"inLanguage\":\"fr-CA\"},{\"@type\":\"Organization\",\"@id\":\"https:\/\/www.alberta.college\/fr\/#organization\",\"name\":\"The Royal Alberta College\",\"url\":\"https:\/\/www.alberta.college\/fr\/\",\"logo\":{\"@type\":\"ImageObject\",\"inLanguage\":\"fr-CA\",\"@id\":\"https:\/\/www.alberta.college\/fr\/#\/schema\/logo\/image\/\",\"url\":\"https:\/\/alberta.college\/wp-content\/uploads\/2021\/05\/rac-logo.png\",\"contentUrl\":\"https:\/\/alberta.college\/wp-content\/uploads\/2021\/05\/rac-logo.png\",\"width\":400,\"height\":242,\"caption\":\"The Royal Alberta College\"},\"image\":{\"@id\":\"https:\/\/www.alberta.college\/fr\/#\/schema\/logo\/image\/\"},\"sameAs\":[\"https:\/\/www.facebook.com\/RoyalAlbertaCollege\",\"https:\/\/x.com\/alberta_college\"]}]}<\/script>\n<!-- \/ Yoast SEO plugin. -->","yoast_head_json":{"title":"The Royal Alberta College and IBM - Introduction to Grant Writing - The Royal Alberta College","robots":{"index":"index","follow":"follow","max-snippet":"max-snippet:-1","max-image-preview":"max-image-preview:large","max-video-preview":"max-video-preview:-1"},"canonical":"https:\/\/alberta.college\/fr\/courses\/the-royal-alberta-college-and-ibm-introduction-to-grant-writing\/","og_locale":"fr_CA","og_type":"article","og_title":"The Royal Alberta College and IBM - Introduction to Grant Writing - The Royal Alberta College","og_description":"2 hours","og_url":"https:\/\/alberta.college\/fr\/courses\/the-royal-alberta-college-and-ibm-introduction-to-grant-writing\/","og_site_name":"The Royal Alberta College","article_publisher":"https:\/\/www.facebook.com\/RoyalAlbertaCollege","article_modified_time":"2025-04-14T17:29:36+00:00","og_image":[{"width":2432,"height":1460,"url":"https:\/\/alberta.college\/wp-content\/uploads\/2022\/11\/Intro-to-Grant-Writing-1.png","type":"image\/png"}],"twitter_card":"summary_large_image","twitter_site":"@alberta_college","twitter_misc":{"Estimation du temps de lecture":"1 minute"},"schema":{"@context":"https:\/\/schema.org","@graph":[{"@type":"WebPage","@id":"https:\/\/alberta.college\/fr\/courses\/the-royal-alberta-college-and-ibm-introduction-to-grant-writing\/","url":"https:\/\/alberta.college\/fr\/courses\/the-royal-alberta-college-and-ibm-introduction-to-grant-writing\/","name":"The Royal Alberta College and IBM - Introduction to Grant Writing - The Royal Alberta College","isPartOf":{"@id":"https:\/\/www.alberta.college\/fr\/#website"},"primaryImageOfPage":{"@id":"https:\/\/alberta.college\/fr\/courses\/the-royal-alberta-college-and-ibm-introduction-to-grant-writing\/#primaryimage"},"image":{"@id":"https:\/\/alberta.college\/fr\/courses\/the-royal-alberta-college-and-ibm-introduction-to-grant-writing\/#primaryimage"},"thumbnailUrl":"https:\/\/alberta.college\/wp-content\/uploads\/2022\/11\/Intro-to-Grant-Writing-1.png","datePublished":"2022-11-01T21:55:55+00:00","dateModified":"2025-04-14T17:29:36+00:00","breadcrumb":{"@id":"https:\/\/alberta.college\/fr\/courses\/the-royal-alberta-college-and-ibm-introduction-to-grant-writing\/#breadcrumb"},"inLanguage":"fr-CA","potentialAction":[{"@type":"ReadAction","target":["https:\/\/alberta.college\/fr\/courses\/the-royal-alberta-college-and-ibm-introduction-to-grant-writing\/"]}]},{"@type":"ImageObject","inLanguage":"fr-CA","@id":"https:\/\/alberta.college\/fr\/courses\/the-royal-alberta-college-and-ibm-introduction-to-grant-writing\/#primaryimage","url":"https:\/\/alberta.college\/wp-content\/uploads\/2022\/11\/Intro-to-Grant-Writing-1.png","contentUrl":"https:\/\/alberta.college\/wp-content\/uploads\/2022\/11\/Intro-to-Grant-Writing-1.png","width":2432,"height":1460},{"@type":"BreadcrumbList","@id":"https:\/\/alberta.college\/fr\/courses\/the-royal-alberta-college-and-ibm-introduction-to-grant-writing\/#breadcrumb","itemListElement":[{"@type":"ListItem","position":1,"name":"Home","item":"https:\/\/www.alberta.college\/fr\/"},{"@type":"ListItem","position":2,"name":"Shop","item":"https:\/\/alberta.college\/fr\/shop\/"},{"@type":"ListItem","position":3,"name":"The Royal Alberta College and IBM &#8211; Introduction to Grant Writing"}]},{"@type":"WebSite","@id":"https:\/\/www.alberta.college\/fr\/#website","url":"https:\/\/www.alberta.college\/fr\/","name":"The Royal Alberta College","description":"High-Quality Affordable, Accessible Education for everyone","publisher":{"@id":"https:\/\/www.alberta.college\/fr\/#organization"},"potentialAction":[{"@type":"SearchAction","target":{"@type":"EntryPoint","urlTemplate":"https:\/\/www.alberta.college\/fr\/?s={search_term_string}"},"query-input":{"@type":"PropertyValueSpecification","valueRequired":true,"valueName":"search_term_string"}}],"inLanguage":"fr-CA"},{"@type":"Organization","@id":"https:\/\/www.alberta.college\/fr\/#organization","name":"The Royal Alberta College","url":"https:\/\/www.alberta.college\/fr\/","logo":{"@type":"ImageObject","inLanguage":"fr-CA","@id":"https:\/\/www.alberta.college\/fr\/#\/schema\/logo\/image\/","url":"https:\/\/alberta.college\/wp-content\/uploads\/2021\/05\/rac-logo.png","contentUrl":"https:\/\/alberta.college\/wp-content\/uploads\/2021\/05\/rac-logo.png","width":400,"height":242,"caption":"The Royal Alberta College"},"image":{"@id":"https:\/\/www.alberta.college\/fr\/#\/schema\/logo\/image\/"},"sameAs":["https:\/\/www.facebook.com\/RoyalAlbertaCollege","https:\/\/x.com\/alberta_college"]}]}},"jetpack_sharing_enabled":true,"_links":{"self":[{"href":"https:\/\/alberta.college\/fr\/wp-json\/wp\/v2\/product\/10796"}],"collection":[{"href":"https:\/\/alberta.college\/fr\/wp-json\/wp\/v2\/product"}],"about":[{"href":"https:\/\/alberta.college\/fr\/wp-json\/wp\/v2\/types\/product"}],"wp:featuredmedia":[{"embeddable":true,"href":"https:\/\/alberta.college\/fr\/wp-json\/wp\/v2\/media\/17801"}],"wp:attachment":[{"href":"https:\/\/alberta.college\/fr\/wp-json\/wp\/v2\/media?parent=10796"}],"wp:term":[{"taxonomy":"product_cat","embeddable":true,"href":"https:\/\/alberta.college\/fr\/wp-json\/wp\/v2\/product_cat?post=10796"},{"taxonomy":"product_tag","embeddable":true,"href":"https:\/\/alberta.college\/fr\/wp-json\/wp\/v2\/product_tag?post=10796"}],"curies":[{"name":"wp","href":"https:\/\/api.w.org\/{rel}","templated":true}]}}