
{"id":10794,"date":"2022-11-01T15:52:42","date_gmt":"2022-11-01T21:52:42","guid":{"rendered":"http:\/\/15.222.4.10\/?post_type=product&#038;p=10794"},"modified":"2025-04-14T11:30:02","modified_gmt":"2025-04-14T17:30:02","slug":"the-royal-alberta-college-and-ibm-introduction-to-cybersecurity","status":"publish","type":"product","link":"https:\/\/alberta.college\/fr\/courses\/the-royal-alberta-college-and-ibm-introduction-to-cybersecurity\/","title":{"rendered":"Le Royal Alberta College et IBM \u2013 Introduction \u00e0 la cybers\u00e9curit\u00e9"},"content":{"rendered":"<p>C&#039;est un\u00a0<strong>Niveau d\u00e9butant absolu<\/strong>\u00a0complet<strong>\u00a0cours\u00a0<\/strong>qui comprend des explications \u00e9tape par \u00e9tape de\u00a0<strong>concepts de s\u00e9curit\u00e9 de base<\/strong>\u00a0avec suivi\u00a0<strong>quiz<\/strong>\u00a0et\u00a0<strong>mains sur les laboratoires<\/strong>\u00a0pour assurer un apprentissage solide au stagiaire.<\/p>\n<p>Con\u00e7u par un sp\u00e9cialiste de la cybers\u00e9curit\u00e9\u00a0<strong>expert<\/strong>\u00a0avec un\u00a0<strong>Doctorat<\/strong>\u00a0et des certifications premium en cybers\u00e9curit\u00e9, ce cours a \u00e9t\u00e9 con\u00e7u pour\u00a0<strong>rendre l&#039;apprentissage extr\u00eamement simple\u00a0<\/strong>complexe<strong>\u00a0<\/strong>Concepts de cybers\u00e9curit\u00e9. Con\u00e7u pour\u00a0<strong>Cybers\u00e9curit\u00e9 d\u00e9butant\u00a0<\/strong>professionnels, ce cours<strong>\u00a0<\/strong>vous aidera \u00e0 ma\u00eetriser les grands domaines et \u00e0 lancer une\u00a0<strong>carri\u00e8re r\u00e9ussie<\/strong>\u00a0dans le secteur de la cybers\u00e9curit\u00e9. C&#039;est \u00e9galement un bon point de d\u00e9part pour les \u00e9tudiants ciblant des certifications en cybers\u00e9curit\u00e9 comme\u00a0<strong>CompTIAS\u00e9curit\u00e9+<\/strong>\u00a0et\u00a0<strong>CEH<\/strong>.\u00a0<strong>Veuillez consulter nos exemples de vid\u00e9os gratuits pour voir comment des concepts complexes ont \u00e9t\u00e9 expliqu\u00e9s de mani\u00e8re simple\u00a0!<\/strong><\/p>\n<p><strong>Les principales caract\u00e9ristiques comprennent\u00a0:<\/strong><\/p>\n<ul>\n<li><strong>\u00c9tape par \u00e9tape et facile \u00e0 suivre<\/strong>\u00a0des vid\u00e9os qui ne supposent aucune connaissance pr\u00e9alable<\/li>\n<li><strong>Mains dans les laboratoires\u00a0<\/strong>d\u00e9velopper les comp\u00e9tences pratiques requises dans les emplois<\/li>\n<li>Des quiz \u00e0 la fin de chaque section pour tester les connaissances sur chaque domaine<\/li>\n<li><strong>Instructeur de doctorat\u00a0<\/strong>avec plus de 10 ans d&#039;exp\u00e9rience dans l&#039;industrie ainsi qu&#039;une exp\u00e9rience en enseignement<\/li>\n<li>\u00c9chantillon\u00a0<strong>questions d&#039;entretien<\/strong>\u00a0et des conseils<\/li>\n<li><strong>CISSP<\/strong>\u00a0instructeur certifi\u00e9<\/li>\n<\/ul>\n<p><strong>Domaines couverts :<\/strong><\/p>\n<ul>\n<li><strong>Fondements de la cybers\u00e9curit\u00e9<\/strong>\u00a0(CIA, Gouvernance de la S\u00e9curit\u00e9, F\u00e9d\u00e9ration des Identit\u00e9s, Cryptographie, Hachage, Signatures Num\u00e9riques)<\/li>\n<li><strong>S\u00e9curit\u00e9 Internet<\/strong>\u00a0(Introduction aux r\u00e9seaux informatiques, protocoles, HTTP, TLS\/SSL, VPN, IPSec, SSH, pare-feu, NAT, analyses de ports)<\/li>\n<li><strong>Cyber-attaques<\/strong>\u00a0(Attaque Man-in-the-Middle, DoS\/DDoS, attaques par mot de passe, ing\u00e9nierie sociale, attaques r\u00e9seau)<\/li>\n<li><strong>S\u00e9curit\u00e9 des applications Web\u00a0<\/strong>(Architecture d&#039;application Web, injections SQL, injections SQL aveugles, scripts intersites)<\/li>\n<li><strong>Logiciel malveillant<\/strong>\u00a0(Virus, vers, chevaux de Troie, logiciels espions, logiciels publicitaires, ransomwares, bombes logiques et root kits, anti-malware)<\/li>\n<\/ul>\n<p>Contrairement \u00e0 d&#039;autres cours, il s&#039;agit d&#039;un cours complet qui couvre \u00e0 la fois\u00a0<strong>th\u00e9orie<\/strong>\u00a0et\u00a0<strong>pratique<\/strong>.<br \/>\nNotre\u00a0<strong>6 laboratoires pratiques<\/strong>\u00a0vous apprendra des comp\u00e9tences que vous pourrez directement utiliser dans votre travail\u00a0:<\/p>\n<ul>\n<li>Pratiquez la cryptographie en g\u00e9n\u00e9rant des cl\u00e9s publiques-priv\u00e9es \u00e0 l&#039;aide de RSA, chiffrez les donn\u00e9es \u00e0 l&#039;aide d&#039;une cl\u00e9 publique et d\u00e9chiffrez \u00e0 l&#039;aide d&#039;une cl\u00e9 priv\u00e9e.<\/li>\n<li>Utiliser le hachage pour v\u00e9rifier l&#039;int\u00e9grit\u00e9 des donn\u00e9es re\u00e7ues en tirant parti de l&#039;algorithme de hachage MD5<\/li>\n<li>Rep\u00e9rez les e-mails de phishing, v\u00e9rifiez si les liens ou les pi\u00e8ces jointes sont malveillants et si vous devez bloquer le domaine<\/li>\n<li>Effectuez une analyse des ports et d\u00e9couvrez quels services s&#039;ex\u00e9cutent sur votre serveur Web<\/li>\n<li>R\u00e9alisez une v\u00e9ritable attaque par injection SQL sur un site Web et apprenez \u00e0 pr\u00e9venir ces attaques<\/li>\n<li>R\u00e9alisez une attaque aveugle par injection SQL sur un site Web en tirant parti des techniques d&#039;inf\u00e9rence bool\u00e9enne et temporelle.<\/li>\n<\/ul>\n<p>\u00c0 qui s&#039;adresse ce cours\u00a0:<\/p>\n<ul>\n<li>D\u00e9butants absolus pour comprendre les principes fondamentaux et les fondations n\u00e9cessaires pour r\u00e9ussir en mati\u00e8re de cybers\u00e9curit\u00e9.<\/li>\n<\/ul>","protected":false},"excerpt":{"rendered":"<p>6 heures<\/p>","protected":false},"featured_media":17797,"template":"","meta":[],"product_cat":[105],"product_tag":[87],"yoast_head":"<!-- This site is optimized with the Yoast SEO plugin v23.5 - https:\/\/yoast.com\/wordpress\/plugins\/seo\/ -->\n<title>The Royal Alberta College and IBM - Introduction to Cyber Security - The Royal Alberta College<\/title>\n<meta name=\"robots\" content=\"index, follow, max-snippet:-1, max-image-preview:large, max-video-preview:-1\" \/>\n<link rel=\"canonical\" href=\"https:\/\/www.alberta.college\/courses\/the-royal-alberta-college-and-ibm-introduction-to-cybersecurity\/\" \/>\n<meta property=\"og:locale\" content=\"fr_CA\" \/>\n<meta property=\"og:type\" content=\"article\" \/>\n<meta property=\"og:title\" content=\"The Royal Alberta College and IBM - Introduction to Cyber Security - The Royal Alberta College\" \/>\n<meta property=\"og:description\" content=\"6 hours\" \/>\n<meta property=\"og:url\" content=\"https:\/\/www.alberta.college\/courses\/the-royal-alberta-college-and-ibm-introduction-to-cybersecurity\/\" \/>\n<meta property=\"og:site_name\" content=\"The Royal Alberta College\" \/>\n<meta property=\"article:publisher\" content=\"https:\/\/www.facebook.com\/RoyalAlbertaCollege\" \/>\n<meta property=\"article:modified_time\" content=\"2025-04-14T17:30:02+00:00\" \/>\n<meta property=\"og:image\" content=\"https:\/\/www.alberta.college\/wp-content\/uploads\/2022\/11\/Intro-to-Cyber-Security-1.png\" \/>\n\t<meta property=\"og:image:width\" content=\"2432\" \/>\n\t<meta property=\"og:image:height\" content=\"1460\" \/>\n\t<meta property=\"og:image:type\" content=\"image\/png\" \/>\n<meta name=\"twitter:card\" content=\"summary_large_image\" \/>\n<meta name=\"twitter:site\" content=\"@alberta_college\" \/>\n<meta name=\"twitter:label1\" content=\"Estimation du temps de lecture\" \/>\n\t<meta name=\"twitter:data1\" content=\"2 minutes\" \/>\n<script type=\"application\/ld+json\" class=\"yoast-schema-graph\">{\"@context\":\"https:\/\/schema.org\",\"@graph\":[{\"@type\":\"WebPage\",\"@id\":\"https:\/\/www.alberta.college\/courses\/the-royal-alberta-college-and-ibm-introduction-to-cybersecurity\/\",\"url\":\"https:\/\/www.alberta.college\/courses\/the-royal-alberta-college-and-ibm-introduction-to-cybersecurity\/\",\"name\":\"The Royal Alberta College and IBM - Introduction to Cyber Security - The Royal Alberta College\",\"isPartOf\":{\"@id\":\"https:\/\/www.alberta.college\/fr\/#website\"},\"primaryImageOfPage\":{\"@id\":\"https:\/\/www.alberta.college\/courses\/the-royal-alberta-college-and-ibm-introduction-to-cybersecurity\/#primaryimage\"},\"image\":{\"@id\":\"https:\/\/www.alberta.college\/courses\/the-royal-alberta-college-and-ibm-introduction-to-cybersecurity\/#primaryimage\"},\"thumbnailUrl\":\"https:\/\/alberta.college\/wp-content\/uploads\/2022\/11\/Intro-to-Cyber-Security-1.png\",\"datePublished\":\"2022-11-01T21:52:42+00:00\",\"dateModified\":\"2025-04-14T17:30:02+00:00\",\"breadcrumb\":{\"@id\":\"https:\/\/www.alberta.college\/courses\/the-royal-alberta-college-and-ibm-introduction-to-cybersecurity\/#breadcrumb\"},\"inLanguage\":\"fr-CA\",\"potentialAction\":[{\"@type\":\"ReadAction\",\"target\":[\"https:\/\/www.alberta.college\/courses\/the-royal-alberta-college-and-ibm-introduction-to-cybersecurity\/\"]}]},{\"@type\":\"ImageObject\",\"inLanguage\":\"fr-CA\",\"@id\":\"https:\/\/www.alberta.college\/courses\/the-royal-alberta-college-and-ibm-introduction-to-cybersecurity\/#primaryimage\",\"url\":\"https:\/\/alberta.college\/wp-content\/uploads\/2022\/11\/Intro-to-Cyber-Security-1.png\",\"contentUrl\":\"https:\/\/alberta.college\/wp-content\/uploads\/2022\/11\/Intro-to-Cyber-Security-1.png\",\"width\":2432,\"height\":1460},{\"@type\":\"BreadcrumbList\",\"@id\":\"https:\/\/www.alberta.college\/courses\/the-royal-alberta-college-and-ibm-introduction-to-cybersecurity\/#breadcrumb\",\"itemListElement\":[{\"@type\":\"ListItem\",\"position\":1,\"name\":\"Home\",\"item\":\"https:\/\/www.alberta.college\/fr\/\"},{\"@type\":\"ListItem\",\"position\":2,\"name\":\"Shop\",\"item\":\"https:\/\/alberta.college\/fr\/shop\/\"},{\"@type\":\"ListItem\",\"position\":3,\"name\":\"The Royal Alberta College and IBM &#8211; Introduction to Cyber Security\"}]},{\"@type\":\"WebSite\",\"@id\":\"https:\/\/www.alberta.college\/fr\/#website\",\"url\":\"https:\/\/www.alberta.college\/fr\/\",\"name\":\"The Royal Alberta College\",\"description\":\"High-Quality Affordable, Accessible Education for everyone\",\"publisher\":{\"@id\":\"https:\/\/www.alberta.college\/fr\/#organization\"},\"potentialAction\":[{\"@type\":\"SearchAction\",\"target\":{\"@type\":\"EntryPoint\",\"urlTemplate\":\"https:\/\/www.alberta.college\/fr\/?s={search_term_string}\"},\"query-input\":{\"@type\":\"PropertyValueSpecification\",\"valueRequired\":true,\"valueName\":\"search_term_string\"}}],\"inLanguage\":\"fr-CA\"},{\"@type\":\"Organization\",\"@id\":\"https:\/\/www.alberta.college\/fr\/#organization\",\"name\":\"The Royal Alberta College\",\"url\":\"https:\/\/www.alberta.college\/fr\/\",\"logo\":{\"@type\":\"ImageObject\",\"inLanguage\":\"fr-CA\",\"@id\":\"https:\/\/www.alberta.college\/fr\/#\/schema\/logo\/image\/\",\"url\":\"https:\/\/alberta.college\/wp-content\/uploads\/2021\/05\/rac-logo.png\",\"contentUrl\":\"https:\/\/alberta.college\/wp-content\/uploads\/2021\/05\/rac-logo.png\",\"width\":400,\"height\":242,\"caption\":\"The Royal Alberta College\"},\"image\":{\"@id\":\"https:\/\/www.alberta.college\/fr\/#\/schema\/logo\/image\/\"},\"sameAs\":[\"https:\/\/www.facebook.com\/RoyalAlbertaCollege\",\"https:\/\/x.com\/alberta_college\"]}]}<\/script>\n<!-- \/ Yoast SEO plugin. -->","yoast_head_json":{"title":"The Royal Alberta College and IBM - Introduction to Cyber Security - The Royal Alberta College","robots":{"index":"index","follow":"follow","max-snippet":"max-snippet:-1","max-image-preview":"max-image-preview:large","max-video-preview":"max-video-preview:-1"},"canonical":"https:\/\/www.alberta.college\/courses\/the-royal-alberta-college-and-ibm-introduction-to-cybersecurity\/","og_locale":"fr_CA","og_type":"article","og_title":"The Royal Alberta College and IBM - Introduction to Cyber Security - The Royal Alberta College","og_description":"6 hours","og_url":"https:\/\/www.alberta.college\/courses\/the-royal-alberta-college-and-ibm-introduction-to-cybersecurity\/","og_site_name":"The Royal Alberta College","article_publisher":"https:\/\/www.facebook.com\/RoyalAlbertaCollege","article_modified_time":"2025-04-14T17:30:02+00:00","og_image":[{"width":2432,"height":1460,"url":"https:\/\/www.alberta.college\/wp-content\/uploads\/2022\/11\/Intro-to-Cyber-Security-1.png","type":"image\/png"}],"twitter_card":"summary_large_image","twitter_site":"@alberta_college","twitter_misc":{"Estimation du temps de lecture":"2 minutes"},"schema":{"@context":"https:\/\/schema.org","@graph":[{"@type":"WebPage","@id":"https:\/\/www.alberta.college\/courses\/the-royal-alberta-college-and-ibm-introduction-to-cybersecurity\/","url":"https:\/\/www.alberta.college\/courses\/the-royal-alberta-college-and-ibm-introduction-to-cybersecurity\/","name":"The Royal Alberta College and IBM - Introduction to Cyber Security - The Royal Alberta College","isPartOf":{"@id":"https:\/\/www.alberta.college\/fr\/#website"},"primaryImageOfPage":{"@id":"https:\/\/www.alberta.college\/courses\/the-royal-alberta-college-and-ibm-introduction-to-cybersecurity\/#primaryimage"},"image":{"@id":"https:\/\/www.alberta.college\/courses\/the-royal-alberta-college-and-ibm-introduction-to-cybersecurity\/#primaryimage"},"thumbnailUrl":"https:\/\/alberta.college\/wp-content\/uploads\/2022\/11\/Intro-to-Cyber-Security-1.png","datePublished":"2022-11-01T21:52:42+00:00","dateModified":"2025-04-14T17:30:02+00:00","breadcrumb":{"@id":"https:\/\/www.alberta.college\/courses\/the-royal-alberta-college-and-ibm-introduction-to-cybersecurity\/#breadcrumb"},"inLanguage":"fr-CA","potentialAction":[{"@type":"ReadAction","target":["https:\/\/www.alberta.college\/courses\/the-royal-alberta-college-and-ibm-introduction-to-cybersecurity\/"]}]},{"@type":"ImageObject","inLanguage":"fr-CA","@id":"https:\/\/www.alberta.college\/courses\/the-royal-alberta-college-and-ibm-introduction-to-cybersecurity\/#primaryimage","url":"https:\/\/alberta.college\/wp-content\/uploads\/2022\/11\/Intro-to-Cyber-Security-1.png","contentUrl":"https:\/\/alberta.college\/wp-content\/uploads\/2022\/11\/Intro-to-Cyber-Security-1.png","width":2432,"height":1460},{"@type":"BreadcrumbList","@id":"https:\/\/www.alberta.college\/courses\/the-royal-alberta-college-and-ibm-introduction-to-cybersecurity\/#breadcrumb","itemListElement":[{"@type":"ListItem","position":1,"name":"Home","item":"https:\/\/www.alberta.college\/fr\/"},{"@type":"ListItem","position":2,"name":"Shop","item":"https:\/\/alberta.college\/fr\/shop\/"},{"@type":"ListItem","position":3,"name":"The Royal Alberta College and IBM &#8211; Introduction to Cyber Security"}]},{"@type":"WebSite","@id":"https:\/\/www.alberta.college\/fr\/#website","url":"https:\/\/www.alberta.college\/fr\/","name":"The Royal Alberta College","description":"High-Quality Affordable, Accessible Education for everyone","publisher":{"@id":"https:\/\/www.alberta.college\/fr\/#organization"},"potentialAction":[{"@type":"SearchAction","target":{"@type":"EntryPoint","urlTemplate":"https:\/\/www.alberta.college\/fr\/?s={search_term_string}"},"query-input":{"@type":"PropertyValueSpecification","valueRequired":true,"valueName":"search_term_string"}}],"inLanguage":"fr-CA"},{"@type":"Organization","@id":"https:\/\/www.alberta.college\/fr\/#organization","name":"The Royal Alberta College","url":"https:\/\/www.alberta.college\/fr\/","logo":{"@type":"ImageObject","inLanguage":"fr-CA","@id":"https:\/\/www.alberta.college\/fr\/#\/schema\/logo\/image\/","url":"https:\/\/alberta.college\/wp-content\/uploads\/2021\/05\/rac-logo.png","contentUrl":"https:\/\/alberta.college\/wp-content\/uploads\/2021\/05\/rac-logo.png","width":400,"height":242,"caption":"The Royal Alberta College"},"image":{"@id":"https:\/\/www.alberta.college\/fr\/#\/schema\/logo\/image\/"},"sameAs":["https:\/\/www.facebook.com\/RoyalAlbertaCollege","https:\/\/x.com\/alberta_college"]}]}},"jetpack_sharing_enabled":true,"_links":{"self":[{"href":"https:\/\/alberta.college\/fr\/wp-json\/wp\/v2\/product\/10794"}],"collection":[{"href":"https:\/\/alberta.college\/fr\/wp-json\/wp\/v2\/product"}],"about":[{"href":"https:\/\/alberta.college\/fr\/wp-json\/wp\/v2\/types\/product"}],"wp:featuredmedia":[{"embeddable":true,"href":"https:\/\/alberta.college\/fr\/wp-json\/wp\/v2\/media\/17797"}],"wp:attachment":[{"href":"https:\/\/alberta.college\/fr\/wp-json\/wp\/v2\/media?parent=10794"}],"wp:term":[{"taxonomy":"product_cat","embeddable":true,"href":"https:\/\/alberta.college\/fr\/wp-json\/wp\/v2\/product_cat?post=10794"},{"taxonomy":"product_tag","embeddable":true,"href":"https:\/\/alberta.college\/fr\/wp-json\/wp\/v2\/product_tag?post=10794"}],"curies":[{"name":"wp","href":"https:\/\/api.w.org\/{rel}","templated":true}]}}