
{"id":10792,"date":"2022-11-01T15:27:28","date_gmt":"2022-11-01T21:27:28","guid":{"rendered":"http:\/\/15.222.4.10\/?post_type=product&#038;p=10792"},"modified":"2025-04-14T11:30:23","modified_gmt":"2025-04-14T17:30:23","slug":"the-royal-alberta-college-and-ibm-professional-public-speaking","status":"publish","type":"product","link":"https:\/\/alberta.college\/fr\/courses\/the-royal-alberta-college-and-ibm-professional-public-speaking\/","title":{"rendered":"Le Royal Alberta College et IBM \u2013 Prise de parole en public"},"content":{"rendered":"<p>Dans ce cours, vous apprendrez les bases pour vous connecter avec n&#039;importe quel public, le faire se soucier de votre message et faire passer votre message sans divaguer. Vous apprendrez \u00e0 organiser vos id\u00e9es dans des cadres faciles \u00e0 retenir, \u00e0 r\u00e9fl\u00e9chir et \u00e0 parler debout, et \u00e0 influencer les autres avec des histoires puissantes. Si l\u2019anxi\u00e9t\u00e9 vous emp\u00eache de parler en public, suivez les conseils donn\u00e9s ici pour vaincre votre anxi\u00e9t\u00e9 de parole.<\/p>","protected":false},"excerpt":{"rendered":"<p>2 heures<\/p>","protected":false},"featured_media":17803,"template":"","meta":[],"product_cat":[105],"product_tag":[88],"yoast_head":"<!-- This site is optimized with the Yoast SEO plugin v23.5 - https:\/\/yoast.com\/wordpress\/plugins\/seo\/ -->\n<title>The Royal Alberta College and IBM - Professional Public Speaking - The Royal Alberta College<\/title>\n<meta name=\"robots\" content=\"index, follow, max-snippet:-1, max-image-preview:large, max-video-preview:-1\" \/>\n<link rel=\"canonical\" href=\"https:\/\/alberta.college\/fr\/courses\/the-royal-alberta-college-and-ibm-professional-public-speaking\/\" \/>\n<meta property=\"og:locale\" content=\"fr_CA\" \/>\n<meta property=\"og:type\" content=\"article\" \/>\n<meta property=\"og:title\" content=\"The Royal Alberta College and IBM - Professional Public Speaking - The Royal Alberta College\" \/>\n<meta property=\"og:description\" content=\"2 hours\" \/>\n<meta property=\"og:url\" content=\"https:\/\/alberta.college\/fr\/courses\/the-royal-alberta-college-and-ibm-professional-public-speaking\/\" \/>\n<meta property=\"og:site_name\" content=\"The Royal Alberta College\" \/>\n<meta property=\"article:publisher\" content=\"https:\/\/www.facebook.com\/RoyalAlbertaCollege\" \/>\n<meta property=\"article:modified_time\" content=\"2025-04-14T17:30:23+00:00\" \/>\n<meta property=\"og:image\" content=\"https:\/\/alberta.college\/wp-content\/uploads\/2022\/11\/Intro-to-Professional-Public-Speaking-1-1024x615.png\" \/>\n\t<meta property=\"og:image:width\" content=\"1024\" \/>\n\t<meta property=\"og:image:height\" content=\"615\" \/>\n\t<meta property=\"og:image:type\" content=\"image\/png\" \/>\n<meta name=\"twitter:card\" content=\"summary_large_image\" \/>\n<meta name=\"twitter:site\" content=\"@alberta_college\" \/>\n<meta name=\"twitter:label1\" content=\"Estimation du temps de lecture\" \/>\n\t<meta name=\"twitter:data1\" content=\"1 minute\" \/>\n<script type=\"application\/ld+json\" class=\"yoast-schema-graph\">{\"@context\":\"https:\/\/schema.org\",\"@graph\":[{\"@type\":\"WebPage\",\"@id\":\"https:\/\/alberta.college\/courses\/the-royal-alberta-college-and-ibm-professional-public-speaking\/\",\"url\":\"https:\/\/alberta.college\/courses\/the-royal-alberta-college-and-ibm-professional-public-speaking\/\",\"name\":\"The Royal Alberta College and IBM - Professional Public Speaking - The Royal Alberta College\",\"isPartOf\":{\"@id\":\"https:\/\/alberta.college\/#website\"},\"primaryImageOfPage\":{\"@id\":\"https:\/\/alberta.college\/courses\/the-royal-alberta-college-and-ibm-professional-public-speaking\/#primaryimage\"},\"image\":{\"@id\":\"https:\/\/alberta.college\/courses\/the-royal-alberta-college-and-ibm-professional-public-speaking\/#primaryimage\"},\"thumbnailUrl\":\"https:\/\/alberta.college\/wp-content\/uploads\/2022\/11\/Intro-to-Professional-Public-Speaking-1.png\",\"datePublished\":\"2022-11-01T21:27:28+00:00\",\"dateModified\":\"2025-04-14T17:30:23+00:00\",\"breadcrumb\":{\"@id\":\"https:\/\/alberta.college\/courses\/the-royal-alberta-college-and-ibm-professional-public-speaking\/#breadcrumb\"},\"inLanguage\":\"fr-CA\",\"potentialAction\":[{\"@type\":\"ReadAction\",\"target\":[\"https:\/\/alberta.college\/courses\/the-royal-alberta-college-and-ibm-professional-public-speaking\/\"]}]},{\"@type\":\"ImageObject\",\"inLanguage\":\"fr-CA\",\"@id\":\"https:\/\/alberta.college\/courses\/the-royal-alberta-college-and-ibm-professional-public-speaking\/#primaryimage\",\"url\":\"https:\/\/alberta.college\/wp-content\/uploads\/2022\/11\/Intro-to-Professional-Public-Speaking-1.png\",\"contentUrl\":\"https:\/\/alberta.college\/wp-content\/uploads\/2022\/11\/Intro-to-Professional-Public-Speaking-1.png\",\"width\":2432,\"height\":1460},{\"@type\":\"BreadcrumbList\",\"@id\":\"https:\/\/alberta.college\/courses\/the-royal-alberta-college-and-ibm-professional-public-speaking\/#breadcrumb\",\"itemListElement\":[{\"@type\":\"ListItem\",\"position\":1,\"name\":\"Home\",\"item\":\"https:\/\/alberta.college\/\"},{\"@type\":\"ListItem\",\"position\":2,\"name\":\"Shop\",\"item\":\"https:\/\/52.60.82.137\/shop\/\"},{\"@type\":\"ListItem\",\"position\":3,\"name\":\"The Royal Alberta College and IBM &#8211; Professional Public Speaking\"}]},{\"@type\":\"WebSite\",\"@id\":\"https:\/\/alberta.college\/#website\",\"url\":\"https:\/\/alberta.college\/\",\"name\":\"The Royal Alberta College\",\"description\":\"High-Quality Affordable, Accessible Education for everyone\",\"publisher\":{\"@id\":\"https:\/\/alberta.college\/#organization\"},\"potentialAction\":[{\"@type\":\"SearchAction\",\"target\":{\"@type\":\"EntryPoint\",\"urlTemplate\":\"https:\/\/alberta.college\/?s={search_term_string}\"},\"query-input\":{\"@type\":\"PropertyValueSpecification\",\"valueRequired\":true,\"valueName\":\"search_term_string\"}}],\"inLanguage\":\"fr-CA\"},{\"@type\":\"Organization\",\"@id\":\"https:\/\/alberta.college\/#organization\",\"name\":\"The Royal Alberta College\",\"url\":\"https:\/\/alberta.college\/\",\"logo\":{\"@type\":\"ImageObject\",\"inLanguage\":\"fr-CA\",\"@id\":\"https:\/\/alberta.college\/#\/schema\/logo\/image\/\",\"url\":\"https:\/\/alberta.college\/wp-content\/uploads\/2021\/05\/rac-logo.png\",\"contentUrl\":\"https:\/\/alberta.college\/wp-content\/uploads\/2021\/05\/rac-logo.png\",\"width\":400,\"height\":242,\"caption\":\"The Royal Alberta College\"},\"image\":{\"@id\":\"https:\/\/alberta.college\/#\/schema\/logo\/image\/\"},\"sameAs\":[\"https:\/\/www.facebook.com\/RoyalAlbertaCollege\",\"https:\/\/x.com\/alberta_college\"]}]}<\/script>\n<!-- \/ Yoast SEO plugin. -->","yoast_head_json":{"title":"The Royal Alberta College and IBM - Professional Public Speaking - The Royal Alberta College","robots":{"index":"index","follow":"follow","max-snippet":"max-snippet:-1","max-image-preview":"max-image-preview:large","max-video-preview":"max-video-preview:-1"},"canonical":"https:\/\/alberta.college\/fr\/courses\/the-royal-alberta-college-and-ibm-professional-public-speaking\/","og_locale":"fr_CA","og_type":"article","og_title":"The Royal Alberta College and IBM - Professional Public Speaking - The Royal Alberta College","og_description":"2 hours","og_url":"https:\/\/alberta.college\/fr\/courses\/the-royal-alberta-college-and-ibm-professional-public-speaking\/","og_site_name":"The Royal Alberta College","article_publisher":"https:\/\/www.facebook.com\/RoyalAlbertaCollege","article_modified_time":"2025-04-14T17:30:23+00:00","og_image":[{"width":1024,"height":615,"url":"https:\/\/alberta.college\/wp-content\/uploads\/2022\/11\/Intro-to-Professional-Public-Speaking-1-1024x615.png","type":"image\/png"}],"twitter_card":"summary_large_image","twitter_site":"@alberta_college","twitter_misc":{"Estimation du temps de lecture":"1 minute"},"schema":{"@context":"https:\/\/schema.org","@graph":[{"@type":"WebPage","@id":"https:\/\/alberta.college\/courses\/the-royal-alberta-college-and-ibm-professional-public-speaking\/","url":"https:\/\/alberta.college\/courses\/the-royal-alberta-college-and-ibm-professional-public-speaking\/","name":"The Royal Alberta College and IBM - Professional Public Speaking - The Royal Alberta College","isPartOf":{"@id":"https:\/\/alberta.college\/#website"},"primaryImageOfPage":{"@id":"https:\/\/alberta.college\/courses\/the-royal-alberta-college-and-ibm-professional-public-speaking\/#primaryimage"},"image":{"@id":"https:\/\/alberta.college\/courses\/the-royal-alberta-college-and-ibm-professional-public-speaking\/#primaryimage"},"thumbnailUrl":"https:\/\/alberta.college\/wp-content\/uploads\/2022\/11\/Intro-to-Professional-Public-Speaking-1.png","datePublished":"2022-11-01T21:27:28+00:00","dateModified":"2025-04-14T17:30:23+00:00","breadcrumb":{"@id":"https:\/\/alberta.college\/courses\/the-royal-alberta-college-and-ibm-professional-public-speaking\/#breadcrumb"},"inLanguage":"fr-CA","potentialAction":[{"@type":"ReadAction","target":["https:\/\/alberta.college\/courses\/the-royal-alberta-college-and-ibm-professional-public-speaking\/"]}]},{"@type":"ImageObject","inLanguage":"fr-CA","@id":"https:\/\/alberta.college\/courses\/the-royal-alberta-college-and-ibm-professional-public-speaking\/#primaryimage","url":"https:\/\/alberta.college\/wp-content\/uploads\/2022\/11\/Intro-to-Professional-Public-Speaking-1.png","contentUrl":"https:\/\/alberta.college\/wp-content\/uploads\/2022\/11\/Intro-to-Professional-Public-Speaking-1.png","width":2432,"height":1460},{"@type":"BreadcrumbList","@id":"https:\/\/alberta.college\/courses\/the-royal-alberta-college-and-ibm-professional-public-speaking\/#breadcrumb","itemListElement":[{"@type":"ListItem","position":1,"name":"Home","item":"https:\/\/alberta.college\/"},{"@type":"ListItem","position":2,"name":"Shop","item":"https:\/\/52.60.82.137\/shop\/"},{"@type":"ListItem","position":3,"name":"The Royal Alberta College and IBM &#8211; Professional Public Speaking"}]},{"@type":"WebSite","@id":"https:\/\/alberta.college\/#website","url":"https:\/\/alberta.college\/","name":"The Royal Alberta College","description":"High-Quality Affordable, Accessible Education for everyone","publisher":{"@id":"https:\/\/alberta.college\/#organization"},"potentialAction":[{"@type":"SearchAction","target":{"@type":"EntryPoint","urlTemplate":"https:\/\/alberta.college\/?s={search_term_string}"},"query-input":{"@type":"PropertyValueSpecification","valueRequired":true,"valueName":"search_term_string"}}],"inLanguage":"fr-CA"},{"@type":"Organization","@id":"https:\/\/alberta.college\/#organization","name":"The Royal Alberta College","url":"https:\/\/alberta.college\/","logo":{"@type":"ImageObject","inLanguage":"fr-CA","@id":"https:\/\/alberta.college\/#\/schema\/logo\/image\/","url":"https:\/\/alberta.college\/wp-content\/uploads\/2021\/05\/rac-logo.png","contentUrl":"https:\/\/alberta.college\/wp-content\/uploads\/2021\/05\/rac-logo.png","width":400,"height":242,"caption":"The Royal Alberta College"},"image":{"@id":"https:\/\/alberta.college\/#\/schema\/logo\/image\/"},"sameAs":["https:\/\/www.facebook.com\/RoyalAlbertaCollege","https:\/\/x.com\/alberta_college"]}]}},"jetpack_sharing_enabled":true,"_links":{"self":[{"href":"https:\/\/alberta.college\/fr\/wp-json\/wp\/v2\/product\/10792"}],"collection":[{"href":"https:\/\/alberta.college\/fr\/wp-json\/wp\/v2\/product"}],"about":[{"href":"https:\/\/alberta.college\/fr\/wp-json\/wp\/v2\/types\/product"}],"wp:featuredmedia":[{"embeddable":true,"href":"https:\/\/alberta.college\/fr\/wp-json\/wp\/v2\/media\/17803"}],"wp:attachment":[{"href":"https:\/\/alberta.college\/fr\/wp-json\/wp\/v2\/media?parent=10792"}],"wp:term":[{"taxonomy":"product_cat","embeddable":true,"href":"https:\/\/alberta.college\/fr\/wp-json\/wp\/v2\/product_cat?post=10792"},{"taxonomy":"product_tag","embeddable":true,"href":"https:\/\/alberta.college\/fr\/wp-json\/wp\/v2\/product_tag?post=10792"}],"curies":[{"name":"wp","href":"https:\/\/api.w.org\/{rel}","templated":true}]}}