
{"id":10790,"date":"2022-11-01T15:23:55","date_gmt":"2022-11-01T21:23:55","guid":{"rendered":"http:\/\/15.222.4.10\/?post_type=product&#038;p=10790"},"modified":"2025-04-14T11:30:44","modified_gmt":"2025-04-14T17:30:44","slug":"the-royal-alberta-college-and-ibm-introduction-to-english-writing-101","status":"publish","type":"product","link":"https:\/\/alberta.college\/fr\/courses\/the-royal-alberta-college-and-ibm-introduction-to-english-writing-101\/","title":{"rendered":"Le Royal Alberta College et IBM \u2013 Introduction \u00e0 l&#039;\u00e9criture anglaise"},"content":{"rendered":"<p>Aujourd\u2019hui, il est imp\u00e9ratif de savoir bien \u00e9crire pour fonctionner efficacement en soci\u00e9t\u00e9. La capacit\u00e9 d\u2019\u00e9crire de mani\u00e8re claire et pr\u00e9cise est une comp\u00e9tence inestimable qui vous aidera dans tous les aspects de votre vie. Dans ce cours d&#039;introduction \u00e0 l&#039;\u00e9criture, les apprenants d\u00e9couvriront les sept le\u00e7ons pour devenir un \u00e9crivain hors pair et comment utiliser correctement la ponctuation.<\/p>\n<p>Ce cours couvre :<\/p>\n<ul>\n<li>R\u00e9diger une prose claire, pr\u00e9cise et directe<\/li>\n<li>Trouver des fa\u00e7ons alternatives de construire des phrases<\/li>\n<li>Mieux communiquer avec les lecteurs<\/li>\n<li>\u00c9viter les mots et expressions clich\u00e9s<\/li>\n<li>D\u00e9velopper une meilleure ma\u00eetrise de la langue anglaise<\/li>\n<li>Apprendre les bases de la ponctuation anglaise<\/li>\n<\/ul>","protected":false},"excerpt":{"rendered":"<p>3 heures<\/p>","protected":false},"featured_media":17798,"template":"","meta":[],"product_cat":[105],"product_tag":[88],"yoast_head":"<!-- This site is optimized with the Yoast SEO plugin v23.5 - https:\/\/yoast.com\/wordpress\/plugins\/seo\/ -->\n<title>The Royal Alberta College and IBM - Introduction to English Writing - The Royal Alberta College<\/title>\n<meta name=\"robots\" content=\"index, follow, max-snippet:-1, max-image-preview:large, max-video-preview:-1\" \/>\n<link rel=\"canonical\" href=\"https:\/\/alberta.college\/fr\/courses\/the-royal-alberta-college-and-ibm-introduction-to-english-writing-101\/\" \/>\n<meta property=\"og:locale\" content=\"fr_CA\" \/>\n<meta property=\"og:type\" content=\"article\" \/>\n<meta property=\"og:title\" content=\"The Royal Alberta College and IBM - Introduction to English Writing - The Royal Alberta College\" \/>\n<meta property=\"og:description\" content=\"3 hours\" \/>\n<meta property=\"og:url\" content=\"https:\/\/alberta.college\/fr\/courses\/the-royal-alberta-college-and-ibm-introduction-to-english-writing-101\/\" \/>\n<meta property=\"og:site_name\" content=\"The Royal Alberta College\" \/>\n<meta property=\"article:publisher\" content=\"https:\/\/www.facebook.com\/RoyalAlbertaCollege\" \/>\n<meta property=\"article:modified_time\" content=\"2025-04-14T17:30:44+00:00\" \/>\n<meta property=\"og:image\" content=\"https:\/\/alberta.college\/wp-content\/uploads\/2022\/11\/Intro-to-English-Writing-1-1024x615.png\" \/>\n\t<meta property=\"og:image:width\" content=\"1024\" \/>\n\t<meta property=\"og:image:height\" content=\"615\" \/>\n\t<meta property=\"og:image:type\" content=\"image\/png\" \/>\n<meta name=\"twitter:card\" content=\"summary_large_image\" \/>\n<meta name=\"twitter:site\" content=\"@alberta_college\" \/>\n<meta name=\"twitter:label1\" content=\"Estimation du temps de lecture\" \/>\n\t<meta name=\"twitter:data1\" content=\"1 minute\" \/>\n<script type=\"application\/ld+json\" class=\"yoast-schema-graph\">{\"@context\":\"https:\/\/schema.org\",\"@graph\":[{\"@type\":\"WebPage\",\"@id\":\"https:\/\/alberta.college\/fr\/courses\/the-royal-alberta-college-and-ibm-introduction-to-english-writing-101\/\",\"url\":\"https:\/\/alberta.college\/fr\/courses\/the-royal-alberta-college-and-ibm-introduction-to-english-writing-101\/\",\"name\":\"The Royal Alberta College and IBM - Introduction to English Writing - The Royal Alberta College\",\"isPartOf\":{\"@id\":\"https:\/\/alberta.college\/#website\"},\"primaryImageOfPage\":{\"@id\":\"https:\/\/alberta.college\/fr\/courses\/the-royal-alberta-college-and-ibm-introduction-to-english-writing-101\/#primaryimage\"},\"image\":{\"@id\":\"https:\/\/alberta.college\/fr\/courses\/the-royal-alberta-college-and-ibm-introduction-to-english-writing-101\/#primaryimage\"},\"thumbnailUrl\":\"https:\/\/alberta.college\/wp-content\/uploads\/2022\/11\/Intro-to-English-Writing-1.png\",\"datePublished\":\"2022-11-01T21:23:55+00:00\",\"dateModified\":\"2025-04-14T17:30:44+00:00\",\"breadcrumb\":{\"@id\":\"https:\/\/alberta.college\/fr\/courses\/the-royal-alberta-college-and-ibm-introduction-to-english-writing-101\/#breadcrumb\"},\"inLanguage\":\"fr-CA\",\"potentialAction\":[{\"@type\":\"ReadAction\",\"target\":[\"https:\/\/alberta.college\/fr\/courses\/the-royal-alberta-college-and-ibm-introduction-to-english-writing-101\/\"]}]},{\"@type\":\"ImageObject\",\"inLanguage\":\"fr-CA\",\"@id\":\"https:\/\/alberta.college\/fr\/courses\/the-royal-alberta-college-and-ibm-introduction-to-english-writing-101\/#primaryimage\",\"url\":\"https:\/\/alberta.college\/wp-content\/uploads\/2022\/11\/Intro-to-English-Writing-1.png\",\"contentUrl\":\"https:\/\/alberta.college\/wp-content\/uploads\/2022\/11\/Intro-to-English-Writing-1.png\",\"width\":2432,\"height\":1460},{\"@type\":\"BreadcrumbList\",\"@id\":\"https:\/\/alberta.college\/fr\/courses\/the-royal-alberta-college-and-ibm-introduction-to-english-writing-101\/#breadcrumb\",\"itemListElement\":[{\"@type\":\"ListItem\",\"position\":1,\"name\":\"Home\",\"item\":\"https:\/\/alberta.college\/\"},{\"@type\":\"ListItem\",\"position\":2,\"name\":\"Shop\",\"item\":\"https:\/\/www.alberta.college\/fr\/shop\/\"},{\"@type\":\"ListItem\",\"position\":3,\"name\":\"The Royal Alberta College and IBM &#8211; Introduction to English Writing\"}]},{\"@type\":\"WebSite\",\"@id\":\"https:\/\/alberta.college\/#website\",\"url\":\"https:\/\/alberta.college\/\",\"name\":\"The Royal Alberta College\",\"description\":\"High-Quality Affordable, Accessible Education for everyone\",\"publisher\":{\"@id\":\"https:\/\/alberta.college\/#organization\"},\"potentialAction\":[{\"@type\":\"SearchAction\",\"target\":{\"@type\":\"EntryPoint\",\"urlTemplate\":\"https:\/\/alberta.college\/?s={search_term_string}\"},\"query-input\":{\"@type\":\"PropertyValueSpecification\",\"valueRequired\":true,\"valueName\":\"search_term_string\"}}],\"inLanguage\":\"fr-CA\"},{\"@type\":\"Organization\",\"@id\":\"https:\/\/alberta.college\/#organization\",\"name\":\"The Royal Alberta College\",\"url\":\"https:\/\/alberta.college\/\",\"logo\":{\"@type\":\"ImageObject\",\"inLanguage\":\"fr-CA\",\"@id\":\"https:\/\/alberta.college\/#\/schema\/logo\/image\/\",\"url\":\"https:\/\/alberta.college\/wp-content\/uploads\/2021\/05\/rac-logo.png\",\"contentUrl\":\"https:\/\/alberta.college\/wp-content\/uploads\/2021\/05\/rac-logo.png\",\"width\":400,\"height\":242,\"caption\":\"The Royal Alberta College\"},\"image\":{\"@id\":\"https:\/\/alberta.college\/#\/schema\/logo\/image\/\"},\"sameAs\":[\"https:\/\/www.facebook.com\/RoyalAlbertaCollege\",\"https:\/\/x.com\/alberta_college\"]}]}<\/script>\n<!-- \/ Yoast SEO plugin. -->","yoast_head_json":{"title":"The Royal Alberta College and IBM - Introduction to English Writing - The Royal Alberta College","robots":{"index":"index","follow":"follow","max-snippet":"max-snippet:-1","max-image-preview":"max-image-preview:large","max-video-preview":"max-video-preview:-1"},"canonical":"https:\/\/alberta.college\/fr\/courses\/the-royal-alberta-college-and-ibm-introduction-to-english-writing-101\/","og_locale":"fr_CA","og_type":"article","og_title":"The Royal Alberta College and IBM - Introduction to English Writing - The Royal Alberta College","og_description":"3 hours","og_url":"https:\/\/alberta.college\/fr\/courses\/the-royal-alberta-college-and-ibm-introduction-to-english-writing-101\/","og_site_name":"The Royal Alberta College","article_publisher":"https:\/\/www.facebook.com\/RoyalAlbertaCollege","article_modified_time":"2025-04-14T17:30:44+00:00","og_image":[{"width":1024,"height":615,"url":"https:\/\/alberta.college\/wp-content\/uploads\/2022\/11\/Intro-to-English-Writing-1-1024x615.png","type":"image\/png"}],"twitter_card":"summary_large_image","twitter_site":"@alberta_college","twitter_misc":{"Estimation du temps de lecture":"1 minute"},"schema":{"@context":"https:\/\/schema.org","@graph":[{"@type":"WebPage","@id":"https:\/\/alberta.college\/fr\/courses\/the-royal-alberta-college-and-ibm-introduction-to-english-writing-101\/","url":"https:\/\/alberta.college\/fr\/courses\/the-royal-alberta-college-and-ibm-introduction-to-english-writing-101\/","name":"The Royal Alberta College and IBM - Introduction to English Writing - The Royal Alberta College","isPartOf":{"@id":"https:\/\/alberta.college\/#website"},"primaryImageOfPage":{"@id":"https:\/\/alberta.college\/fr\/courses\/the-royal-alberta-college-and-ibm-introduction-to-english-writing-101\/#primaryimage"},"image":{"@id":"https:\/\/alberta.college\/fr\/courses\/the-royal-alberta-college-and-ibm-introduction-to-english-writing-101\/#primaryimage"},"thumbnailUrl":"https:\/\/alberta.college\/wp-content\/uploads\/2022\/11\/Intro-to-English-Writing-1.png","datePublished":"2022-11-01T21:23:55+00:00","dateModified":"2025-04-14T17:30:44+00:00","breadcrumb":{"@id":"https:\/\/alberta.college\/fr\/courses\/the-royal-alberta-college-and-ibm-introduction-to-english-writing-101\/#breadcrumb"},"inLanguage":"fr-CA","potentialAction":[{"@type":"ReadAction","target":["https:\/\/alberta.college\/fr\/courses\/the-royal-alberta-college-and-ibm-introduction-to-english-writing-101\/"]}]},{"@type":"ImageObject","inLanguage":"fr-CA","@id":"https:\/\/alberta.college\/fr\/courses\/the-royal-alberta-college-and-ibm-introduction-to-english-writing-101\/#primaryimage","url":"https:\/\/alberta.college\/wp-content\/uploads\/2022\/11\/Intro-to-English-Writing-1.png","contentUrl":"https:\/\/alberta.college\/wp-content\/uploads\/2022\/11\/Intro-to-English-Writing-1.png","width":2432,"height":1460},{"@type":"BreadcrumbList","@id":"https:\/\/alberta.college\/fr\/courses\/the-royal-alberta-college-and-ibm-introduction-to-english-writing-101\/#breadcrumb","itemListElement":[{"@type":"ListItem","position":1,"name":"Home","item":"https:\/\/alberta.college\/"},{"@type":"ListItem","position":2,"name":"Shop","item":"https:\/\/www.alberta.college\/fr\/shop\/"},{"@type":"ListItem","position":3,"name":"The Royal Alberta College and IBM &#8211; Introduction to English Writing"}]},{"@type":"WebSite","@id":"https:\/\/alberta.college\/#website","url":"https:\/\/alberta.college\/","name":"The Royal Alberta College","description":"High-Quality Affordable, Accessible Education for everyone","publisher":{"@id":"https:\/\/alberta.college\/#organization"},"potentialAction":[{"@type":"SearchAction","target":{"@type":"EntryPoint","urlTemplate":"https:\/\/alberta.college\/?s={search_term_string}"},"query-input":{"@type":"PropertyValueSpecification","valueRequired":true,"valueName":"search_term_string"}}],"inLanguage":"fr-CA"},{"@type":"Organization","@id":"https:\/\/alberta.college\/#organization","name":"The Royal Alberta College","url":"https:\/\/alberta.college\/","logo":{"@type":"ImageObject","inLanguage":"fr-CA","@id":"https:\/\/alberta.college\/#\/schema\/logo\/image\/","url":"https:\/\/alberta.college\/wp-content\/uploads\/2021\/05\/rac-logo.png","contentUrl":"https:\/\/alberta.college\/wp-content\/uploads\/2021\/05\/rac-logo.png","width":400,"height":242,"caption":"The Royal Alberta College"},"image":{"@id":"https:\/\/alberta.college\/#\/schema\/logo\/image\/"},"sameAs":["https:\/\/www.facebook.com\/RoyalAlbertaCollege","https:\/\/x.com\/alberta_college"]}]}},"jetpack_sharing_enabled":true,"_links":{"self":[{"href":"https:\/\/alberta.college\/fr\/wp-json\/wp\/v2\/product\/10790"}],"collection":[{"href":"https:\/\/alberta.college\/fr\/wp-json\/wp\/v2\/product"}],"about":[{"href":"https:\/\/alberta.college\/fr\/wp-json\/wp\/v2\/types\/product"}],"wp:featuredmedia":[{"embeddable":true,"href":"https:\/\/alberta.college\/fr\/wp-json\/wp\/v2\/media\/17798"}],"wp:attachment":[{"href":"https:\/\/alberta.college\/fr\/wp-json\/wp\/v2\/media?parent=10790"}],"wp:term":[{"taxonomy":"product_cat","embeddable":true,"href":"https:\/\/alberta.college\/fr\/wp-json\/wp\/v2\/product_cat?post=10790"},{"taxonomy":"product_tag","embeddable":true,"href":"https:\/\/alberta.college\/fr\/wp-json\/wp\/v2\/product_tag?post=10790"}],"curies":[{"name":"wp","href":"https:\/\/api.w.org\/{rel}","templated":true}]}}