
{"id":10789,"date":"2022-11-01T15:22:26","date_gmt":"2022-11-01T21:22:26","guid":{"rendered":"http:\/\/15.222.4.10\/?post_type=product&#038;p=10789"},"modified":"2025-04-14T11:31:00","modified_gmt":"2025-04-14T17:31:00","slug":"the-royal-alberta-college-and-ibm-introduction-to-data-science","status":"publish","type":"product","link":"https:\/\/alberta.college\/fr\/courses\/the-royal-alberta-college-and-ibm-introduction-to-data-science\/","title":{"rendered":"Le Royal Alberta College et IBM \u2013 Introduction \u00e0 la science des donn\u00e9es"},"content":{"rendered":"<p>L&#039;introduction \u00e0 la science des donn\u00e9es permettra aux apprenants de comprendre ce qu&#039;est la science des donn\u00e9es et comment elle fonctionne. Les participants exploreront les principes fondamentaux de l&#039;analyse des donn\u00e9es, de la visualisation des donn\u00e9es et des comp\u00e9tences concr\u00e8tes pour g\u00e9rer et partager efficacement les donn\u00e9es. \u00c0 la fin de ce cours, les apprenants auront acquis plus de confiance et de comp\u00e9tences en science des donn\u00e9es.<\/p>","protected":false},"excerpt":{"rendered":"<p>6 heures<\/p>","protected":false},"featured_media":17796,"template":"","meta":[],"product_cat":[105],"product_tag":[87],"yoast_head":"<!-- This site is optimized with the Yoast SEO plugin v23.5 - https:\/\/yoast.com\/wordpress\/plugins\/seo\/ -->\n<title>The Royal Alberta College and IBM - Introduction to Data Science - The Royal Alberta College<\/title>\n<meta name=\"robots\" content=\"index, follow, max-snippet:-1, max-image-preview:large, max-video-preview:-1\" \/>\n<link rel=\"canonical\" href=\"https:\/\/www.alberta.college\/fr\/courses\/the-royal-alberta-college-and-ibm-introduction-to-data-science\/\" \/>\n<meta property=\"og:locale\" content=\"fr_CA\" \/>\n<meta property=\"og:type\" content=\"article\" \/>\n<meta property=\"og:title\" content=\"The Royal Alberta College and IBM - Introduction to Data Science - The Royal Alberta College\" \/>\n<meta property=\"og:description\" content=\"6 hours\" \/>\n<meta property=\"og:url\" content=\"https:\/\/www.alberta.college\/fr\/courses\/the-royal-alberta-college-and-ibm-introduction-to-data-science\/\" \/>\n<meta property=\"og:site_name\" content=\"The Royal Alberta College\" \/>\n<meta property=\"article:publisher\" content=\"https:\/\/www.facebook.com\/RoyalAlbertaCollege\" \/>\n<meta property=\"article:modified_time\" content=\"2025-04-14T17:31:00+00:00\" \/>\n<meta property=\"og:image\" content=\"https:\/\/www.alberta.college\/wp-content\/uploads\/2022\/11\/Intro-to-Data-Science-1-1024x615.png\" \/>\n\t<meta property=\"og:image:width\" content=\"1024\" \/>\n\t<meta property=\"og:image:height\" content=\"615\" \/>\n\t<meta property=\"og:image:type\" content=\"image\/png\" \/>\n<meta name=\"twitter:card\" content=\"summary_large_image\" \/>\n<meta name=\"twitter:site\" content=\"@alberta_college\" \/>\n<meta name=\"twitter:label1\" content=\"Estimation du temps de lecture\" \/>\n\t<meta name=\"twitter:data1\" content=\"1 minute\" \/>\n<script type=\"application\/ld+json\" class=\"yoast-schema-graph\">{\"@context\":\"https:\/\/schema.org\",\"@graph\":[{\"@type\":\"WebPage\",\"@id\":\"https:\/\/www.alberta.college\/fr\/courses\/the-royal-alberta-college-and-ibm-introduction-to-data-science\/\",\"url\":\"https:\/\/www.alberta.college\/fr\/courses\/the-royal-alberta-college-and-ibm-introduction-to-data-science\/\",\"name\":\"The Royal Alberta College and IBM - Introduction to Data Science - The Royal Alberta College\",\"isPartOf\":{\"@id\":\"https:\/\/www.alberta.college\/fr\/#website\"},\"primaryImageOfPage\":{\"@id\":\"https:\/\/www.alberta.college\/fr\/courses\/the-royal-alberta-college-and-ibm-introduction-to-data-science\/#primaryimage\"},\"image\":{\"@id\":\"https:\/\/www.alberta.college\/fr\/courses\/the-royal-alberta-college-and-ibm-introduction-to-data-science\/#primaryimage\"},\"thumbnailUrl\":\"https:\/\/alberta.college\/wp-content\/uploads\/2022\/11\/Intro-to-Data-Science-1.png\",\"datePublished\":\"2022-11-01T21:22:26+00:00\",\"dateModified\":\"2025-04-14T17:31:00+00:00\",\"breadcrumb\":{\"@id\":\"https:\/\/www.alberta.college\/fr\/courses\/the-royal-alberta-college-and-ibm-introduction-to-data-science\/#breadcrumb\"},\"inLanguage\":\"fr-CA\",\"potentialAction\":[{\"@type\":\"ReadAction\",\"target\":[\"https:\/\/www.alberta.college\/fr\/courses\/the-royal-alberta-college-and-ibm-introduction-to-data-science\/\"]}]},{\"@type\":\"ImageObject\",\"inLanguage\":\"fr-CA\",\"@id\":\"https:\/\/www.alberta.college\/fr\/courses\/the-royal-alberta-college-and-ibm-introduction-to-data-science\/#primaryimage\",\"url\":\"https:\/\/alberta.college\/wp-content\/uploads\/2022\/11\/Intro-to-Data-Science-1.png\",\"contentUrl\":\"https:\/\/alberta.college\/wp-content\/uploads\/2022\/11\/Intro-to-Data-Science-1.png\",\"width\":2432,\"height\":1460},{\"@type\":\"BreadcrumbList\",\"@id\":\"https:\/\/www.alberta.college\/fr\/courses\/the-royal-alberta-college-and-ibm-introduction-to-data-science\/#breadcrumb\",\"itemListElement\":[{\"@type\":\"ListItem\",\"position\":1,\"name\":\"Home\",\"item\":\"https:\/\/www.alberta.college\/fr\/\"},{\"@type\":\"ListItem\",\"position\":2,\"name\":\"Shop\",\"item\":\"https:\/\/alberta.college\/fr\/shop\/\"},{\"@type\":\"ListItem\",\"position\":3,\"name\":\"The Royal Alberta College and IBM &#8211; Introduction to Data Science\"}]},{\"@type\":\"WebSite\",\"@id\":\"https:\/\/www.alberta.college\/fr\/#website\",\"url\":\"https:\/\/www.alberta.college\/fr\/\",\"name\":\"The Royal Alberta College\",\"description\":\"High-Quality Affordable, Accessible Education for everyone\",\"publisher\":{\"@id\":\"https:\/\/www.alberta.college\/fr\/#organization\"},\"potentialAction\":[{\"@type\":\"SearchAction\",\"target\":{\"@type\":\"EntryPoint\",\"urlTemplate\":\"https:\/\/www.alberta.college\/fr\/?s={search_term_string}\"},\"query-input\":{\"@type\":\"PropertyValueSpecification\",\"valueRequired\":true,\"valueName\":\"search_term_string\"}}],\"inLanguage\":\"fr-CA\"},{\"@type\":\"Organization\",\"@id\":\"https:\/\/www.alberta.college\/fr\/#organization\",\"name\":\"The Royal Alberta College\",\"url\":\"https:\/\/www.alberta.college\/fr\/\",\"logo\":{\"@type\":\"ImageObject\",\"inLanguage\":\"fr-CA\",\"@id\":\"https:\/\/www.alberta.college\/fr\/#\/schema\/logo\/image\/\",\"url\":\"https:\/\/alberta.college\/wp-content\/uploads\/2021\/05\/rac-logo.png\",\"contentUrl\":\"https:\/\/alberta.college\/wp-content\/uploads\/2021\/05\/rac-logo.png\",\"width\":400,\"height\":242,\"caption\":\"The Royal Alberta College\"},\"image\":{\"@id\":\"https:\/\/www.alberta.college\/fr\/#\/schema\/logo\/image\/\"},\"sameAs\":[\"https:\/\/www.facebook.com\/RoyalAlbertaCollege\",\"https:\/\/x.com\/alberta_college\"]}]}<\/script>\n<!-- \/ Yoast SEO plugin. -->","yoast_head_json":{"title":"The Royal Alberta College and IBM - Introduction to Data Science - The Royal Alberta College","robots":{"index":"index","follow":"follow","max-snippet":"max-snippet:-1","max-image-preview":"max-image-preview:large","max-video-preview":"max-video-preview:-1"},"canonical":"https:\/\/www.alberta.college\/fr\/courses\/the-royal-alberta-college-and-ibm-introduction-to-data-science\/","og_locale":"fr_CA","og_type":"article","og_title":"The Royal Alberta College and IBM - Introduction to Data Science - The Royal Alberta College","og_description":"6 hours","og_url":"https:\/\/www.alberta.college\/fr\/courses\/the-royal-alberta-college-and-ibm-introduction-to-data-science\/","og_site_name":"The Royal Alberta College","article_publisher":"https:\/\/www.facebook.com\/RoyalAlbertaCollege","article_modified_time":"2025-04-14T17:31:00+00:00","og_image":[{"width":1024,"height":615,"url":"https:\/\/www.alberta.college\/wp-content\/uploads\/2022\/11\/Intro-to-Data-Science-1-1024x615.png","type":"image\/png"}],"twitter_card":"summary_large_image","twitter_site":"@alberta_college","twitter_misc":{"Estimation du temps de lecture":"1 minute"},"schema":{"@context":"https:\/\/schema.org","@graph":[{"@type":"WebPage","@id":"https:\/\/www.alberta.college\/fr\/courses\/the-royal-alberta-college-and-ibm-introduction-to-data-science\/","url":"https:\/\/www.alberta.college\/fr\/courses\/the-royal-alberta-college-and-ibm-introduction-to-data-science\/","name":"The Royal Alberta College and IBM - Introduction to Data Science - The Royal Alberta College","isPartOf":{"@id":"https:\/\/www.alberta.college\/fr\/#website"},"primaryImageOfPage":{"@id":"https:\/\/www.alberta.college\/fr\/courses\/the-royal-alberta-college-and-ibm-introduction-to-data-science\/#primaryimage"},"image":{"@id":"https:\/\/www.alberta.college\/fr\/courses\/the-royal-alberta-college-and-ibm-introduction-to-data-science\/#primaryimage"},"thumbnailUrl":"https:\/\/alberta.college\/wp-content\/uploads\/2022\/11\/Intro-to-Data-Science-1.png","datePublished":"2022-11-01T21:22:26+00:00","dateModified":"2025-04-14T17:31:00+00:00","breadcrumb":{"@id":"https:\/\/www.alberta.college\/fr\/courses\/the-royal-alberta-college-and-ibm-introduction-to-data-science\/#breadcrumb"},"inLanguage":"fr-CA","potentialAction":[{"@type":"ReadAction","target":["https:\/\/www.alberta.college\/fr\/courses\/the-royal-alberta-college-and-ibm-introduction-to-data-science\/"]}]},{"@type":"ImageObject","inLanguage":"fr-CA","@id":"https:\/\/www.alberta.college\/fr\/courses\/the-royal-alberta-college-and-ibm-introduction-to-data-science\/#primaryimage","url":"https:\/\/alberta.college\/wp-content\/uploads\/2022\/11\/Intro-to-Data-Science-1.png","contentUrl":"https:\/\/alberta.college\/wp-content\/uploads\/2022\/11\/Intro-to-Data-Science-1.png","width":2432,"height":1460},{"@type":"BreadcrumbList","@id":"https:\/\/www.alberta.college\/fr\/courses\/the-royal-alberta-college-and-ibm-introduction-to-data-science\/#breadcrumb","itemListElement":[{"@type":"ListItem","position":1,"name":"Home","item":"https:\/\/www.alberta.college\/fr\/"},{"@type":"ListItem","position":2,"name":"Shop","item":"https:\/\/alberta.college\/fr\/shop\/"},{"@type":"ListItem","position":3,"name":"The Royal Alberta College and IBM &#8211; Introduction to Data Science"}]},{"@type":"WebSite","@id":"https:\/\/www.alberta.college\/fr\/#website","url":"https:\/\/www.alberta.college\/fr\/","name":"The Royal Alberta College","description":"High-Quality Affordable, Accessible Education for everyone","publisher":{"@id":"https:\/\/www.alberta.college\/fr\/#organization"},"potentialAction":[{"@type":"SearchAction","target":{"@type":"EntryPoint","urlTemplate":"https:\/\/www.alberta.college\/fr\/?s={search_term_string}"},"query-input":{"@type":"PropertyValueSpecification","valueRequired":true,"valueName":"search_term_string"}}],"inLanguage":"fr-CA"},{"@type":"Organization","@id":"https:\/\/www.alberta.college\/fr\/#organization","name":"The Royal Alberta College","url":"https:\/\/www.alberta.college\/fr\/","logo":{"@type":"ImageObject","inLanguage":"fr-CA","@id":"https:\/\/www.alberta.college\/fr\/#\/schema\/logo\/image\/","url":"https:\/\/alberta.college\/wp-content\/uploads\/2021\/05\/rac-logo.png","contentUrl":"https:\/\/alberta.college\/wp-content\/uploads\/2021\/05\/rac-logo.png","width":400,"height":242,"caption":"The Royal Alberta College"},"image":{"@id":"https:\/\/www.alberta.college\/fr\/#\/schema\/logo\/image\/"},"sameAs":["https:\/\/www.facebook.com\/RoyalAlbertaCollege","https:\/\/x.com\/alberta_college"]}]}},"jetpack_sharing_enabled":true,"_links":{"self":[{"href":"https:\/\/alberta.college\/fr\/wp-json\/wp\/v2\/product\/10789"}],"collection":[{"href":"https:\/\/alberta.college\/fr\/wp-json\/wp\/v2\/product"}],"about":[{"href":"https:\/\/alberta.college\/fr\/wp-json\/wp\/v2\/types\/product"}],"wp:featuredmedia":[{"embeddable":true,"href":"https:\/\/alberta.college\/fr\/wp-json\/wp\/v2\/media\/17796"}],"wp:attachment":[{"href":"https:\/\/alberta.college\/fr\/wp-json\/wp\/v2\/media?parent=10789"}],"wp:term":[{"taxonomy":"product_cat","embeddable":true,"href":"https:\/\/alberta.college\/fr\/wp-json\/wp\/v2\/product_cat?post=10789"},{"taxonomy":"product_tag","embeddable":true,"href":"https:\/\/alberta.college\/fr\/wp-json\/wp\/v2\/product_tag?post=10789"}],"curies":[{"name":"wp","href":"https:\/\/api.w.org\/{rel}","templated":true}]}}