
{"id":7040,"date":"2022-06-30T14:10:32","date_gmt":"2022-06-30T20:10:32","guid":{"rendered":"https:\/\/dev.alberta.college\/?page_id=7040"},"modified":"2023-03-24T15:57:08","modified_gmt":"2023-03-24T21:57:08","slug":"new-horizons-legal","status":"publish","type":"page","link":"https:\/\/alberta.college\/fr\/new-horizons-legal\/","title":{"rendered":"Vos droits l\u00e9gaux \u2013 Projet Nouveaux Horizons PSN"},"content":{"rendered":"<div data-elementor-type=\"wp-post\" data-elementor-id=\"7040\" class=\"elementor elementor-7040\" data-elementor-post-type=\"page\">\n\t\t\t\t\t\t<section class=\"elementor-section elementor-top-section elementor-element elementor-element-9d4d1a6 elementor-section-boxed elementor-section-height-default elementor-section-height-default\" data-id=\"9d4d1a6\" data-element_type=\"section\" data-settings=\"{&quot;background_background&quot;:&quot;classic&quot;,&quot;_ha_eqh_enable&quot;:false}\">\n\t\t\t\t\t\t<div class=\"elementor-container elementor-column-gap-default\">\n\t\t\t\t\t<div class=\"elementor-column elementor-col-100 elementor-top-column elementor-element elementor-element-d6f71ff\" data-id=\"d6f71ff\" data-element_type=\"column\">\n\t\t\t<div class=\"elementor-widget-wrap elementor-element-populated\">\n\t\t\t\t\t\t<div class=\"elementor-element elementor-element-45512a0 elementor-widget elementor-widget-image\" data-id=\"45512a0\" data-element_type=\"widget\" data-widget_type=\"image.default\">\n\t\t\t\t<div class=\"elementor-widget-container\">\n\t\t\t<style>\/*! elementor - v3.19.0 - 28-02-2024 *\/\n.elementor-widget-image{text-align:center}.elementor-widget-image a{display:inline-block}.elementor-widget-image a img[src$=\".svg\"]{width:48px}.elementor-widget-image img{vertical-align:middle;display:inline-block}<\/style>\t\t\t\t\t\t\t\t\t\t<img fetchpriority=\"high\" decoding=\"async\" width=\"800\" height=\"419\" src=\"https:\/\/alberta.college\/wp-content\/uploads\/2022\/07\/02-MainPageBanner-1024x536.png\" class=\"attachment-large size-large wp-image-7398\" alt=\"A project page with the information and resources to better equip Canadian seniors on how to better protect themselves against online fraud and scams\" srcset=\"https:\/\/alberta.college\/wp-content\/uploads\/2022\/07\/02-MainPageBanner-1024x536.png 1024w, https:\/\/alberta.college\/wp-content\/uploads\/2022\/07\/02-MainPageBanner-600x314.png 600w, https:\/\/alberta.college\/wp-content\/uploads\/2022\/07\/02-MainPageBanner-300x157.png 300w, https:\/\/alberta.college\/wp-content\/uploads\/2022\/07\/02-MainPageBanner-768x402.png 768w, https:\/\/alberta.college\/wp-content\/uploads\/2022\/07\/02-MainPageBanner.png 1200w\" sizes=\"(max-width: 800px) 100vw, 800px\" \/>\t\t\t\t\t\t\t\t\t\t\t\t\t<\/div>\n\t\t\t\t<\/div>\n\t\t\t\t\t<\/div>\n\t\t<\/div>\n\t\t\t\t\t<\/div>\n\t\t<\/section>\n\t\t\t\t<section class=\"elementor-section elementor-top-section elementor-element elementor-element-24a256d elementor-section-boxed elementor-section-height-default elementor-section-height-default\" data-id=\"24a256d\" data-element_type=\"section\" data-settings=\"{&quot;_ha_eqh_enable&quot;:false}\">\n\t\t\t\t\t\t<div class=\"elementor-container elementor-column-gap-default\">\n\t\t\t\t\t<div class=\"elementor-column elementor-col-100 elementor-top-column elementor-element elementor-element-41bf4db\" data-id=\"41bf4db\" data-element_type=\"column\">\n\t\t\t<div class=\"elementor-widget-wrap elementor-element-populated\">\n\t\t\t\t\t\t<div class=\"elementor-element elementor-element-4cc1952 elementor-widget elementor-widget-global elementor-global-18779 elementor-widget-button\" data-id=\"4cc1952\" data-element_type=\"widget\" data-widget_type=\"button.default\">\n\t\t\t\t<div class=\"elementor-widget-container\">\n\t\t\t\t\t<div class=\"elementor-button-wrapper\">\n\t\t\t<a class=\"elementor-button elementor-button-link elementor-size-sm\" href=\"https:\/\/alberta.college\/fr\/new-horizons-home\/\">\n\t\t\t\t\t\t<span class=\"elementor-button-content-wrapper\">\n\t\t\t\t\t\t<span class=\"elementor-button-icon elementor-align-icon-left\">\n\t\t\t\t<svg aria-hidden=\"true\" class=\"e-font-icon-svg e-fas-long-arrow-alt-left\" viewbox=\"0 0 448 512\" xmlns=\"http:\/\/www.w3.org\/2000\/svg\"><path d=\"M134.059 296H436c6.627 0 12-5.373 12-12v-56c0-6.627-5.373-12-12-12H134.059v-46.059c0-21.382-25.851-32.09-40.971-16.971L7.029 239.029c-9.373 9.373-9.373 24.569 0 33.941l86.059 86.059c15.119 15.119 40.971 4.411 40.971-16.971V296z\"><\/path><\/svg>\t\t\t<\/span>\n\t\t\t\t\t\t<span class=\"elementor-button-text\">Ramenez-moi \u00e0 la page d&#039;accueil<\/span>\n\t\t<\/span>\n\t\t\t\t\t<\/a>\n\t\t<\/div>\n\t\t\t\t<\/div>\n\t\t\t\t<\/div>\n\t\t\t\t<div class=\"elementor-element elementor-element-0322f5e elementor-widget elementor-widget-heading\" data-id=\"0322f5e\" data-element_type=\"widget\" data-widget_type=\"heading.default\">\n\t\t\t\t<div class=\"elementor-widget-container\">\n\t\t\t<style>\/*! elementor - v3.19.0 - 28-02-2024 *\/\n.elementor-heading-title{padding:0;margin:0;line-height:1}.elementor-widget-heading .elementor-heading-title[class*=elementor-size-]>a{color:inherit;font-size:inherit;line-height:inherit}.elementor-widget-heading .elementor-heading-title.elementor-size-small{font-size:15px}.elementor-widget-heading .elementor-heading-title.elementor-size-medium{font-size:19px}.elementor-widget-heading .elementor-heading-title.elementor-size-large{font-size:29px}.elementor-widget-heading .elementor-heading-title.elementor-size-xl{font-size:39px}.elementor-widget-heading .elementor-heading-title.elementor-size-xxl{font-size:59px}<\/style><h1 class=\"elementor-heading-title elementor-size-default\">Vos droits l\u00e9gaux<\/h1>\t\t<\/div>\n\t\t\t\t<\/div>\n\t\t\t\t\t<\/div>\n\t\t<\/div>\n\t\t\t\t\t<\/div>\n\t\t<\/section>\n\t\t\t\t<section class=\"elementor-section elementor-top-section elementor-element elementor-element-8195391 elementor-section-boxed elementor-section-height-default elementor-section-height-default\" data-id=\"8195391\" data-element_type=\"section\" data-settings=\"{&quot;_ha_eqh_enable&quot;:false}\">\n\t\t\t\t\t\t<div class=\"elementor-container elementor-column-gap-default\">\n\t\t\t\t\t<div class=\"elementor-column elementor-col-100 elementor-top-column elementor-element elementor-element-173555a\" data-id=\"173555a\" data-element_type=\"column\">\n\t\t\t<div class=\"elementor-widget-wrap elementor-element-populated\">\n\t\t\t\t\t\t<div class=\"elementor-element elementor-element-f9575ad elementor-widget elementor-widget-text-editor\" data-id=\"f9575ad\" data-element_type=\"widget\" data-widget_type=\"text-editor.default\">\n\t\t\t\t<div class=\"elementor-widget-container\">\n\t\t\t<style>\/*! elementor - v3.19.0 - 28-02-2024 *\/\n.elementor-widget-text-editor.elementor-drop-cap-view-stacked .elementor-drop-cap{background-color:#69727d;color:#fff}.elementor-widget-text-editor.elementor-drop-cap-view-framed .elementor-drop-cap{color:#69727d;border:3px solid;background-color:transparent}.elementor-widget-text-editor:not(.elementor-drop-cap-view-default) .elementor-drop-cap{margin-top:8px}.elementor-widget-text-editor:not(.elementor-drop-cap-view-default) .elementor-drop-cap-letter{width:1em;height:1em}.elementor-widget-text-editor .elementor-drop-cap{float:left;text-align:center;line-height:1;font-size:50px}.elementor-widget-text-editor .elementor-drop-cap-letter{display:inline-block}<\/style>\t\t\t\t<p dir=\"ltr\">Il existe des lois codifi\u00e9es en vigueur au Canada pour prot\u00e9ger les personnes qui ont \u00e9t\u00e9 amen\u00e9es \u00e0 divulguer des informations personnelles ou financi\u00e8res.\u00a0<\/p>\t\t\t\t\t\t<\/div>\n\t\t\t\t<\/div>\n\t\t\t\t\t<\/div>\n\t\t<\/div>\n\t\t\t\t\t<\/div>\n\t\t<\/section>\n\t\t\t\t<section class=\"elementor-section elementor-top-section elementor-element elementor-element-f7e9094 elementor-section-boxed elementor-section-height-default elementor-section-height-default\" data-id=\"f7e9094\" data-element_type=\"section\" data-settings=\"{&quot;background_background&quot;:&quot;classic&quot;,&quot;_ha_eqh_enable&quot;:false}\">\n\t\t\t\t\t\t<div class=\"elementor-container elementor-column-gap-default\">\n\t\t\t\t\t<div class=\"elementor-column elementor-col-100 elementor-top-column elementor-element elementor-element-17ffe87\" data-id=\"17ffe87\" data-element_type=\"column\">\n\t\t\t<div class=\"elementor-widget-wrap elementor-element-populated\">\n\t\t\t\t\t\t<div class=\"elementor-element elementor-element-6c9c191 elementor-widget elementor-widget-text-editor\" data-id=\"6c9c191\" data-element_type=\"widget\" data-widget_type=\"text-editor.default\">\n\t\t\t\t<div class=\"elementor-widget-container\">\n\t\t\t\t\t\t\t<p dir=\"ltr\">Il existe des lois codifi\u00e9es en vigueur au Canada pour prot\u00e9ger les personnes qui ont \u00e9t\u00e9 amen\u00e9es \u00e0 divulguer des informations personnelles ou financi\u00e8res.\u00a0<\/p><p dir=\"ltr\">D\u00e9crit dans le Code criminel canadien (LRC, 1985, c. C-46) sous l&#039;article 380 pour la fraude en ligne, la loi stipule\u00a0:\u00a0<\/p><ul><li dir=\"ltr\"><strong>380<\/strong>: Quiconque, par tromperie, mensonge ou autres moyens frauduleux, qu&#039;il s&#039;agisse ou non d&#039;un faux-semblant au sens de la pr\u00e9sente loi, fraude le public ou toute personne, identifi\u00e9e ou non, de tout bien, argent ou titre pr\u00e9cieux ou de tout service,\u00a0<ul><li dir=\"ltr\">est coupable d&#039;un acte criminel et passible d&#039;une peine d&#039;emprisonnement n&#039;exc\u00e9dant pas quatorze ans, lorsque l&#039;objet de l&#039;infraction est un acte testamentaire ou que la valeur de l&#039;objet de l&#039;infraction d\u00e9passe cinq mille dollars\u00a0; ou<\/li><li dir=\"ltr\">est coupable<ul><li dir=\"ltr\">d&#039;un acte criminel et est passible d&#039;un emprisonnement maximal de deux ans, ou<\/li><li dir=\"ltr\">d&#039;une infraction punissable sur d\u00e9claration sommaire de culpabilit\u00e9, lorsque la valeur de l&#039;objet de l&#039;infraction n&#039;exc\u00e8de pas cinq mille dollars.<\/li><\/ul><\/li><\/ul><\/li><\/ul><p dir=\"ltr\">Si vous ou quelqu&#039;un que vous connaissez avez \u00e9t\u00e9 victime d&#039;une fraude ou d&#039;une escroquerie en ligne, contactez imm\u00e9diatement votre service de police local.<\/p><p dir=\"ltr\">Vous pouvez ensuite contacter le Centre antifraude du Canada pour signaler l&#039;arnaque au\u00a0: 1-888-495-8501. En cas d&#039;appel \u00e0 Service Canada pour un num\u00e9ro d&#039;assurance sociale perdu ou vol\u00e9, composez le : 1-866-274-6627.\u00a0<\/p><p dir=\"ltr\">Comme l&#039;a d\u00e9clar\u00e9 l&#039;agence du revenu : \u00ab\u00a0Si l&#039;ARC a confirm\u00e9 que les renseignements d&#039;un contribuable ont \u00e9t\u00e9 compromis, l&#039;agence agira pour emp\u00eacher l&#039;utilisation frauduleuse des renseignements impliquant les syst\u00e8mes et les processus dont l&#039;ARC est responsable.\u00a0\u00bb<\/p><p dir=\"ltr\">De plus, la l\u00e9gislation canadienne anti-pourriel (LCAP) existe pour prot\u00e9ger les consommateurs et les entreprises contre l&#039;utilisation abusive de la technologie num\u00e9rique, y compris le pourriel et d&#039;autres menaces \u00e9lectroniques. Cr\u00e9\u00e9e en 2014 pour lutter contre le spam et les probl\u00e8mes connexes tels que le vol d&#039;identit\u00e9, le phishing ou le Canada, le Canada est pass\u00e9 de 7 des 100 plus grandes organisations de spam au monde \u00e0 seulement 2 en 2017. La l\u00e9gislation a fait une diff\u00e9rence positive et peut continuer ainsi d&#039;ici 2017. les personnes qui contactent leur Centre de signalement des pourriels \u00e0 spam@combattrelespam.gc.ca pour vous prot\u00e9ger et prot\u00e9ger les autres contre les escroqueries.\u00a0<\/p><p><a href=\"https:\/\/fightspam.gc.ca\/eic\/site\/030.nsf\/eng\/home\">https:\/\/fightspam.gc.ca\/eic\/site\/030.nsf\/eng\/home<\/a><\/p>\t\t\t\t\t\t<\/div>\n\t\t\t\t<\/div>\n\t\t\t\t\t<\/div>\n\t\t<\/div>\n\t\t\t\t\t<\/div>\n\t\t<\/section>\n\t\t\t\t<section class=\"elementor-section elementor-top-section elementor-element elementor-element-3f6f8d7 elementor-section-boxed elementor-section-height-default elementor-section-height-default\" data-id=\"3f6f8d7\" data-element_type=\"section\" data-settings=\"{&quot;background_background&quot;:&quot;classic&quot;,&quot;_ha_eqh_enable&quot;:false}\">\n\t\t\t\t\t\t<div class=\"elementor-container elementor-column-gap-default\">\n\t\t\t\t\t<div class=\"elementor-column elementor-col-100 elementor-top-column elementor-element elementor-element-11c6a56\" data-id=\"11c6a56\" data-element_type=\"column\">\n\t\t\t<div class=\"elementor-widget-wrap elementor-element-populated\">\n\t\t\t\t\t\t<div class=\"elementor-element elementor-element-706a9ca elementor-widget elementor-widget-image\" data-id=\"706a9ca\" data-element_type=\"widget\" data-widget_type=\"image.default\">\n\t\t\t\t<div class=\"elementor-widget-container\">\n\t\t\t\t\t\t\t\t\t\t\t\t\t<img decoding=\"async\" width=\"2529\" height=\"372\" src=\"https:\/\/alberta.college\/wp-content\/uploads\/2022\/07\/Logo_Funded-in-part-by.png\" class=\"attachment-full size-full wp-image-7361\" alt=\"\" srcset=\"https:\/\/alberta.college\/wp-content\/uploads\/2022\/07\/Logo_Funded-in-part-by.png 2529w, https:\/\/alberta.college\/wp-content\/uploads\/2022\/07\/Logo_Funded-in-part-by-600x88.png 600w, https:\/\/alberta.college\/wp-content\/uploads\/2022\/07\/Logo_Funded-in-part-by-300x44.png 300w, https:\/\/alberta.college\/wp-content\/uploads\/2022\/07\/Logo_Funded-in-part-by-1024x151.png 1024w, https:\/\/alberta.college\/wp-content\/uploads\/2022\/07\/Logo_Funded-in-part-by-768x113.png 768w, https:\/\/alberta.college\/wp-content\/uploads\/2022\/07\/Logo_Funded-in-part-by-1536x226.png 1536w, https:\/\/alberta.college\/wp-content\/uploads\/2022\/07\/Logo_Funded-in-part-by-2048x301.png 2048w\" sizes=\"(max-width: 2529px) 100vw, 2529px\" \/>\t\t\t\t\t\t\t\t\t\t\t\t\t<\/div>\n\t\t\t\t<\/div>\n\t\t\t\t\t<\/div>\n\t\t<\/div>\n\t\t\t\t\t<\/div>\n\t\t<\/section>\n\t\t\t\t<\/div>","protected":false},"excerpt":{"rendered":"<p>Ramenez-moi \u00e0 la page d&#039;accueil Vos droits l\u00e9gaux Il existe des lois codifi\u00e9es en vigueur au Canada pour prot\u00e9ger les personnes qui ont \u00e9t\u00e9 amen\u00e9es \u00e0 divulguer des informations personnelles ou financi\u00e8res. [\u2026]<\/p>","protected":false},"author":1,"featured_media":0,"parent":0,"menu_order":0,"comment_status":"closed","ping_status":"closed","template":"","meta":{"footnotes":""},"yoast_head":"<!-- This site is optimized with the Yoast SEO plugin v23.5 - https:\/\/yoast.com\/wordpress\/plugins\/seo\/ -->\n<title>Your Legal Rights - Project New Horizons NHP - The Royal Alberta College<\/title>\n<meta name=\"robots\" content=\"index, follow, max-snippet:-1, max-image-preview:large, max-video-preview:-1\" \/>\n<link rel=\"canonical\" href=\"https:\/\/alberta.college\/fr\/new-horizons-legal\/\" \/>\n<meta property=\"og:locale\" content=\"fr_CA\" \/>\n<meta property=\"og:type\" content=\"article\" \/>\n<meta property=\"og:title\" content=\"Your Legal Rights - Project New Horizons NHP - The Royal Alberta College\" \/>\n<meta property=\"og:description\" content=\"Take me back to the home page Your Legal Rights There are codified laws emplaced in Canada to protect individuals who have been tricked into giving personal or financial information.\u00a0 [&hellip;]\" \/>\n<meta property=\"og:url\" content=\"https:\/\/alberta.college\/fr\/new-horizons-legal\/\" \/>\n<meta property=\"og:site_name\" content=\"The Royal Alberta College\" \/>\n<meta property=\"article:publisher\" content=\"https:\/\/www.facebook.com\/RoyalAlbertaCollege\" \/>\n<meta property=\"article:modified_time\" content=\"2023-03-24T21:57:08+00:00\" \/>\n<meta property=\"og:image\" content=\"https:\/\/alberta.college\/wp-content\/uploads\/2022\/07\/02-MainPageBanner-1024x536.png\" \/>\n<meta name=\"twitter:card\" content=\"summary_large_image\" \/>\n<meta name=\"twitter:site\" content=\"@alberta_college\" \/>\n<meta name=\"twitter:label1\" content=\"Estimation du temps de lecture\" \/>\n\t<meta name=\"twitter:data1\" content=\"3 minutes\" \/>\n<script type=\"application\/ld+json\" class=\"yoast-schema-graph\">{\"@context\":\"https:\/\/schema.org\",\"@graph\":[{\"@type\":\"WebPage\",\"@id\":\"https:\/\/alberta.college\/new-horizons-legal\/\",\"url\":\"https:\/\/alberta.college\/new-horizons-legal\/\",\"name\":\"Your Legal Rights - Project New Horizons NHP - The Royal Alberta College\",\"isPartOf\":{\"@id\":\"https:\/\/alberta.college\/#website\"},\"primaryImageOfPage\":{\"@id\":\"https:\/\/alberta.college\/new-horizons-legal\/#primaryimage\"},\"image\":{\"@id\":\"https:\/\/alberta.college\/new-horizons-legal\/#primaryimage\"},\"thumbnailUrl\":\"https:\/\/alberta.college\/wp-content\/uploads\/2022\/07\/02-MainPageBanner-1024x536.png\",\"datePublished\":\"2022-06-30T20:10:32+00:00\",\"dateModified\":\"2023-03-24T21:57:08+00:00\",\"breadcrumb\":{\"@id\":\"https:\/\/alberta.college\/new-horizons-legal\/#breadcrumb\"},\"inLanguage\":\"fr-CA\",\"potentialAction\":[{\"@type\":\"ReadAction\",\"target\":[\"https:\/\/alberta.college\/new-horizons-legal\/\"]}]},{\"@type\":\"ImageObject\",\"inLanguage\":\"fr-CA\",\"@id\":\"https:\/\/alberta.college\/new-horizons-legal\/#primaryimage\",\"url\":\"https:\/\/alberta.college\/wp-content\/uploads\/2022\/07\/02-MainPageBanner-1024x536.png\",\"contentUrl\":\"https:\/\/alberta.college\/wp-content\/uploads\/2022\/07\/02-MainPageBanner-1024x536.png\"},{\"@type\":\"BreadcrumbList\",\"@id\":\"https:\/\/alberta.college\/new-horizons-legal\/#breadcrumb\",\"itemListElement\":[{\"@type\":\"ListItem\",\"position\":1,\"name\":\"Home\",\"item\":\"https:\/\/alberta.college\/\"},{\"@type\":\"ListItem\",\"position\":2,\"name\":\"Your Legal Rights &#8211; Project New Horizons NHP\"}]},{\"@type\":\"WebSite\",\"@id\":\"https:\/\/alberta.college\/#website\",\"url\":\"https:\/\/alberta.college\/\",\"name\":\"The Royal Alberta College\",\"description\":\"High-Quality Affordable, Accessible Education for everyone\",\"publisher\":{\"@id\":\"https:\/\/alberta.college\/#organization\"},\"potentialAction\":[{\"@type\":\"SearchAction\",\"target\":{\"@type\":\"EntryPoint\",\"urlTemplate\":\"https:\/\/alberta.college\/?s={search_term_string}\"},\"query-input\":{\"@type\":\"PropertyValueSpecification\",\"valueRequired\":true,\"valueName\":\"search_term_string\"}}],\"inLanguage\":\"fr-CA\"},{\"@type\":\"Organization\",\"@id\":\"https:\/\/alberta.college\/#organization\",\"name\":\"The Royal Alberta College\",\"url\":\"https:\/\/alberta.college\/\",\"logo\":{\"@type\":\"ImageObject\",\"inLanguage\":\"fr-CA\",\"@id\":\"https:\/\/alberta.college\/#\/schema\/logo\/image\/\",\"url\":\"https:\/\/alberta.college\/wp-content\/uploads\/2021\/05\/rac-logo.png\",\"contentUrl\":\"https:\/\/alberta.college\/wp-content\/uploads\/2021\/05\/rac-logo.png\",\"width\":400,\"height\":242,\"caption\":\"The Royal Alberta College\"},\"image\":{\"@id\":\"https:\/\/alberta.college\/#\/schema\/logo\/image\/\"},\"sameAs\":[\"https:\/\/www.facebook.com\/RoyalAlbertaCollege\",\"https:\/\/x.com\/alberta_college\"]}]}<\/script>\n<!-- \/ Yoast SEO plugin. -->","yoast_head_json":{"title":"Your Legal Rights - Project New Horizons NHP - The Royal Alberta College","robots":{"index":"index","follow":"follow","max-snippet":"max-snippet:-1","max-image-preview":"max-image-preview:large","max-video-preview":"max-video-preview:-1"},"canonical":"https:\/\/alberta.college\/fr\/new-horizons-legal\/","og_locale":"fr_CA","og_type":"article","og_title":"Your Legal Rights - Project New Horizons NHP - The Royal Alberta College","og_description":"Take me back to the home page Your Legal Rights There are codified laws emplaced in Canada to protect individuals who have been tricked into giving personal or financial information.\u00a0 [&hellip;]","og_url":"https:\/\/alberta.college\/fr\/new-horizons-legal\/","og_site_name":"The Royal Alberta College","article_publisher":"https:\/\/www.facebook.com\/RoyalAlbertaCollege","article_modified_time":"2023-03-24T21:57:08+00:00","og_image":[{"url":"https:\/\/alberta.college\/wp-content\/uploads\/2022\/07\/02-MainPageBanner-1024x536.png"}],"twitter_card":"summary_large_image","twitter_site":"@alberta_college","twitter_misc":{"Estimation du temps de lecture":"3 minutes"},"schema":{"@context":"https:\/\/schema.org","@graph":[{"@type":"WebPage","@id":"https:\/\/alberta.college\/new-horizons-legal\/","url":"https:\/\/alberta.college\/new-horizons-legal\/","name":"Your Legal Rights - Project New Horizons NHP - The Royal Alberta College","isPartOf":{"@id":"https:\/\/alberta.college\/#website"},"primaryImageOfPage":{"@id":"https:\/\/alberta.college\/new-horizons-legal\/#primaryimage"},"image":{"@id":"https:\/\/alberta.college\/new-horizons-legal\/#primaryimage"},"thumbnailUrl":"https:\/\/alberta.college\/wp-content\/uploads\/2022\/07\/02-MainPageBanner-1024x536.png","datePublished":"2022-06-30T20:10:32+00:00","dateModified":"2023-03-24T21:57:08+00:00","breadcrumb":{"@id":"https:\/\/alberta.college\/new-horizons-legal\/#breadcrumb"},"inLanguage":"fr-CA","potentialAction":[{"@type":"ReadAction","target":["https:\/\/alberta.college\/new-horizons-legal\/"]}]},{"@type":"ImageObject","inLanguage":"fr-CA","@id":"https:\/\/alberta.college\/new-horizons-legal\/#primaryimage","url":"https:\/\/alberta.college\/wp-content\/uploads\/2022\/07\/02-MainPageBanner-1024x536.png","contentUrl":"https:\/\/alberta.college\/wp-content\/uploads\/2022\/07\/02-MainPageBanner-1024x536.png"},{"@type":"BreadcrumbList","@id":"https:\/\/alberta.college\/new-horizons-legal\/#breadcrumb","itemListElement":[{"@type":"ListItem","position":1,"name":"Home","item":"https:\/\/alberta.college\/"},{"@type":"ListItem","position":2,"name":"Your Legal Rights &#8211; Project New Horizons NHP"}]},{"@type":"WebSite","@id":"https:\/\/alberta.college\/#website","url":"https:\/\/alberta.college\/","name":"The Royal Alberta College","description":"High-Quality Affordable, Accessible Education for everyone","publisher":{"@id":"https:\/\/alberta.college\/#organization"},"potentialAction":[{"@type":"SearchAction","target":{"@type":"EntryPoint","urlTemplate":"https:\/\/alberta.college\/?s={search_term_string}"},"query-input":{"@type":"PropertyValueSpecification","valueRequired":true,"valueName":"search_term_string"}}],"inLanguage":"fr-CA"},{"@type":"Organization","@id":"https:\/\/alberta.college\/#organization","name":"The Royal Alberta College","url":"https:\/\/alberta.college\/","logo":{"@type":"ImageObject","inLanguage":"fr-CA","@id":"https:\/\/alberta.college\/#\/schema\/logo\/image\/","url":"https:\/\/alberta.college\/wp-content\/uploads\/2021\/05\/rac-logo.png","contentUrl":"https:\/\/alberta.college\/wp-content\/uploads\/2021\/05\/rac-logo.png","width":400,"height":242,"caption":"The Royal Alberta College"},"image":{"@id":"https:\/\/alberta.college\/#\/schema\/logo\/image\/"},"sameAs":["https:\/\/www.facebook.com\/RoyalAlbertaCollege","https:\/\/x.com\/alberta_college"]}]}},"jetpack_sharing_enabled":true,"_links":{"self":[{"href":"https:\/\/alberta.college\/fr\/wp-json\/wp\/v2\/pages\/7040"}],"collection":[{"href":"https:\/\/alberta.college\/fr\/wp-json\/wp\/v2\/pages"}],"about":[{"href":"https:\/\/alberta.college\/fr\/wp-json\/wp\/v2\/types\/page"}],"author":[{"embeddable":true,"href":"https:\/\/alberta.college\/fr\/wp-json\/wp\/v2\/users\/1"}],"replies":[{"embeddable":true,"href":"https:\/\/alberta.college\/fr\/wp-json\/wp\/v2\/comments?post=7040"}],"version-history":[{"count":9,"href":"https:\/\/alberta.college\/fr\/wp-json\/wp\/v2\/pages\/7040\/revisions"}],"predecessor-version":[{"id":18809,"href":"https:\/\/alberta.college\/fr\/wp-json\/wp\/v2\/pages\/7040\/revisions\/18809"}],"wp:attachment":[{"href":"https:\/\/alberta.college\/fr\/wp-json\/wp\/v2\/media?parent=7040"}],"curies":[{"name":"wp","href":"https:\/\/api.w.org\/{rel}","templated":true}]}}