
{"id":3244,"date":"2021-06-04T11:59:08","date_gmt":"2021-06-04T17:59:08","guid":{"rendered":"https:\/\/dev.alberta.college\/?page_id=3244"},"modified":"2022-09-11T17:42:37","modified_gmt":"2022-09-11T23:42:37","slug":"treaty-six-acknowledgement","status":"publish","type":"page","link":"https:\/\/alberta.college\/fr\/treaty-six-acknowledgement\/","title":{"rendered":"Reconnaissance du Trait\u00e9 Six"},"content":{"rendered":"<div data-elementor-type=\"wp-page\" data-elementor-id=\"3244\" class=\"elementor elementor-3244\" data-elementor-post-type=\"page\">\n\t\t\t\t\t\t<section class=\"elementor-section elementor-top-section elementor-element elementor-element-42844ea elementor-section-boxed elementor-section-height-default elementor-section-height-default\" data-id=\"42844ea\" data-element_type=\"section\" data-settings=\"{&quot;_ha_eqh_enable&quot;:false}\">\n\t\t\t\t\t\t<div class=\"elementor-container elementor-column-gap-default\">\n\t\t\t\t\t<div class=\"elementor-column elementor-col-50 elementor-top-column elementor-element elementor-element-5a3c25b\" data-id=\"5a3c25b\" data-element_type=\"column\">\n\t\t\t<div class=\"elementor-widget-wrap elementor-element-populated\">\n\t\t\t\t\t\t<div class=\"elementor-element elementor-element-b8f2a3e elementor-widget elementor-widget-heading\" data-id=\"b8f2a3e\" data-element_type=\"widget\" data-widget_type=\"heading.default\">\n\t\t\t\t<div class=\"elementor-widget-container\">\n\t\t\t<style>\/*! elementor - v3.19.0 - 28-02-2024 *\/\n.elementor-heading-title{padding:0;margin:0;line-height:1}.elementor-widget-heading .elementor-heading-title[class*=elementor-size-]>a{color:inherit;font-size:inherit;line-height:inherit}.elementor-widget-heading .elementor-heading-title.elementor-size-small{font-size:15px}.elementor-widget-heading .elementor-heading-title.elementor-size-medium{font-size:19px}.elementor-widget-heading .elementor-heading-title.elementor-size-large{font-size:29px}.elementor-widget-heading .elementor-heading-title.elementor-size-xl{font-size:39px}.elementor-widget-heading .elementor-heading-title.elementor-size-xxl{font-size:59px}<\/style><h1 class=\"elementor-heading-title elementor-size-default\">Reconnaissance du Trait\u00e9 Six<\/h1>\t\t<\/div>\n\t\t\t\t<\/div>\n\t\t\t\t<div class=\"elementor-element elementor-element-433d29b elementor-widget elementor-widget-text-editor\" data-id=\"433d29b\" data-element_type=\"widget\" data-widget_type=\"text-editor.default\">\n\t\t\t\t<div class=\"elementor-widget-container\">\n\t\t\t<style>\/*! elementor - v3.19.0 - 28-02-2024 *\/\n.elementor-widget-text-editor.elementor-drop-cap-view-stacked .elementor-drop-cap{background-color:#69727d;color:#fff}.elementor-widget-text-editor.elementor-drop-cap-view-framed .elementor-drop-cap{color:#69727d;border:3px solid;background-color:transparent}.elementor-widget-text-editor:not(.elementor-drop-cap-view-default) .elementor-drop-cap{margin-top:8px}.elementor-widget-text-editor:not(.elementor-drop-cap-view-default) .elementor-drop-cap-letter{width:1em;height:1em}.elementor-widget-text-editor .elementor-drop-cap{float:left;text-align:center;line-height:1;font-size:50px}.elementor-widget-text-editor .elementor-drop-cap-letter{display:inline-block}<\/style>\t\t\t\t<p>Le Royal Alberta College reconna\u00eet que nous sommes sur les terres traditionnelles du Trait\u00e9 6 et que nous sommes le foyer de la Nation m\u00e9tisse de l&#039;Alberta, zone 4.<\/p>\t\t\t\t\t\t<\/div>\n\t\t\t\t<\/div>\n\t\t\t\t<div class=\"elementor-element elementor-element-1ccf2a0 elementor-widget elementor-widget-text-editor\" data-id=\"1ccf2a0\" data-element_type=\"widget\" data-widget_type=\"text-editor.default\">\n\t\t\t\t<div class=\"elementor-widget-container\">\n\t\t\t\t\t\t\t<p>Nous reconnaissons \u00e9galement les Inuits et d\u2019autres peuples autochtones divers dont les anc\u00eatres ont marqu\u00e9 ce territoire pendant des si\u00e8cles, un lieu qui a accueilli de nombreux peuples du monde entier pour y \u00e9tablir leur demeure.<\/p>\t\t\t\t\t\t<\/div>\n\t\t\t\t<\/div>\n\t\t\t\t<div class=\"elementor-element elementor-element-1ceaffb elementor-widget elementor-widget-text-editor\" data-id=\"1ceaffb\" data-element_type=\"widget\" data-widget_type=\"text-editor.default\">\n\t\t\t\t<div class=\"elementor-widget-container\">\n\t\t\t\t\t\t\t<p>Au Royal Alberta College, nous nous engageons \u00e0 r\u00e9tablir et \u00e0 honorer les appels \u00e0 l&#039;action de V\u00e9rit\u00e9 et r\u00e9conciliation\u00a0; nous croyons fermement que la v\u00e9rit\u00e9 doit \u00eatre reconnue pour avancer vers la r\u00e9conciliation.<\/p>\t\t\t\t\t\t<\/div>\n\t\t\t\t<\/div>\n\t\t\t\t<div class=\"elementor-element elementor-element-d833110 elementor-widget elementor-widget-text-editor\" data-id=\"d833110\" data-element_type=\"widget\" data-widget_type=\"text-editor.default\">\n\t\t\t\t<div class=\"elementor-widget-container\">\n\t\t\t\t\t\t\t<p>\u00ab Ensemble, nous appelons toutes nos communaut\u00e9s collectives \u00e0 b\u00e2tir une meilleure compr\u00e9hension de tous les peuples qui habitent sur cette terre que nous appelons notre chez-nous. \u00bb \u2013 Le Conseil des gouverneurs du Royal Alberta College<\/p>\t\t\t\t\t\t<\/div>\n\t\t\t\t<\/div>\n\t\t\t\t\t<\/div>\n\t\t<\/div>\n\t\t\t\t<div class=\"elementor-column elementor-col-50 elementor-top-column elementor-element elementor-element-d5a3050\" data-id=\"d5a3050\" data-element_type=\"column\">\n\t\t\t<div class=\"elementor-widget-wrap elementor-element-populated\">\n\t\t\t\t\t\t<div class=\"elementor-element elementor-element-f245862 elementor-widget elementor-widget-image\" data-id=\"f245862\" data-element_type=\"widget\" data-widget_type=\"image.default\">\n\t\t\t\t<div class=\"elementor-widget-container\">\n\t\t\t<style>\/*! elementor - v3.19.0 - 28-02-2024 *\/\n.elementor-widget-image{text-align:center}.elementor-widget-image a{display:inline-block}.elementor-widget-image a img[src$=\".svg\"]{width:48px}.elementor-widget-image img{vertical-align:middle;display:inline-block}<\/style>\t\t\t\t\t\t\t\t\t\t<img fetchpriority=\"high\" decoding=\"async\" width=\"672\" height=\"637\" src=\"https:\/\/alberta.college\/wp-content\/uploads\/2021\/06\/Treaty-6-acknowledgment.png\" class=\"attachment-large size-large wp-image-3246\" alt=\"Treaty Six Acknowledgement\" srcset=\"https:\/\/alberta.college\/wp-content\/uploads\/2021\/06\/Treaty-6-acknowledgment.png 672w, https:\/\/alberta.college\/wp-content\/uploads\/2021\/06\/Treaty-6-acknowledgment-600x569.png 600w, https:\/\/alberta.college\/wp-content\/uploads\/2021\/06\/Treaty-6-acknowledgment-300x284.png 300w\" sizes=\"(max-width: 672px) 100vw, 672px\" \/>\t\t\t\t\t\t\t\t\t\t\t\t\t<\/div>\n\t\t\t\t<\/div>\n\t\t\t\t\t<\/div>\n\t\t<\/div>\n\t\t\t\t\t<\/div>\n\t\t<\/section>\n\t\t\t\t<section class=\"elementor-section elementor-top-section elementor-element elementor-element-764022d elementor-section-boxed elementor-section-height-default elementor-section-height-default\" data-id=\"764022d\" data-element_type=\"section\" data-settings=\"{&quot;_ha_eqh_enable&quot;:false}\">\n\t\t\t\t\t\t<div class=\"elementor-container elementor-column-gap-default\">\n\t\t\t\t\t<div class=\"elementor-column elementor-col-100 elementor-top-column elementor-element elementor-element-bc47212\" data-id=\"bc47212\" data-element_type=\"column\">\n\t\t\t<div class=\"elementor-widget-wrap\">\n\t\t\t\t\t\t\t<\/div>\n\t\t<\/div>\n\t\t\t\t\t<\/div>\n\t\t<\/section>\n\t\t\t\t<\/div>","protected":false},"excerpt":{"rendered":"<p>Reconnaissance du Trait\u00e9 6 Le Coll\u00e8ge royal de l&#039;Alberta reconna\u00eet que nous sommes sur les terres traditionnelles du Trait\u00e9 6 et que nous abritons la zone 4 de la Nation m\u00e9tisse de l&#039;Alberta. Nous reconnaissons \u00e9galement [\u2026]<\/p>","protected":false},"author":5,"featured_media":0,"parent":0,"menu_order":0,"comment_status":"closed","ping_status":"closed","template":"","meta":{"footnotes":""},"yoast_head":"<!-- This site is optimized with the Yoast SEO plugin v23.5 - https:\/\/yoast.com\/wordpress\/plugins\/seo\/ -->\n<title>Treaty Six Acknowledgement - The Royal Alberta College<\/title>\n<meta name=\"description\" content=\"The Royal Alberta College acknowledges that we are on the traditional land of Treaty 6 and home of M\u00e9tis Nation of Alberta Zone 4.\" \/>\n<meta name=\"robots\" content=\"index, follow, max-snippet:-1, max-image-preview:large, max-video-preview:-1\" \/>\n<link rel=\"canonical\" href=\"https:\/\/ec2-52-60-82-137.ca-central-1.compute.amazonaws.com\/treaty-six-acknowledgement\/\" \/>\n<meta property=\"og:locale\" content=\"fr_CA\" \/>\n<meta property=\"og:type\" content=\"article\" \/>\n<meta property=\"og:title\" content=\"Treaty Six Acknowledgement - The Royal Alberta College\" \/>\n<meta property=\"og:description\" content=\"The Royal Alberta College acknowledges that we are on the traditional land of Treaty 6 and home of M\u00e9tis Nation of Alberta Zone 4.\" \/>\n<meta property=\"og:url\" content=\"https:\/\/ec2-52-60-82-137.ca-central-1.compute.amazonaws.com\/treaty-six-acknowledgement\/\" \/>\n<meta property=\"og:site_name\" content=\"The Royal Alberta College\" \/>\n<meta property=\"article:publisher\" content=\"https:\/\/www.facebook.com\/RoyalAlbertaCollege\" \/>\n<meta property=\"article:modified_time\" content=\"2022-09-11T23:42:37+00:00\" \/>\n<meta property=\"og:image\" content=\"https:\/\/alberta.college\/wp-content\/uploads\/2021\/06\/Treaty-6-acknowledgment.png\" \/>\n<meta name=\"twitter:card\" content=\"summary_large_image\" \/>\n<meta name=\"twitter:site\" content=\"@alberta_college\" \/>\n<meta name=\"twitter:label1\" content=\"Estimation du temps de lecture\" \/>\n\t<meta name=\"twitter:data1\" content=\"1 minute\" \/>\n<script type=\"application\/ld+json\" class=\"yoast-schema-graph\">{\"@context\":\"https:\/\/schema.org\",\"@graph\":[{\"@type\":\"WebPage\",\"@id\":\"https:\/\/ec2-52-60-82-137.ca-central-1.compute.amazonaws.com\/treaty-six-acknowledgement\/\",\"url\":\"https:\/\/ec2-52-60-82-137.ca-central-1.compute.amazonaws.com\/treaty-six-acknowledgement\/\",\"name\":\"Treaty Six Acknowledgement - The Royal Alberta College\",\"isPartOf\":{\"@id\":\"https:\/\/www.alberta.college\/fr\/#website\"},\"primaryImageOfPage\":{\"@id\":\"https:\/\/ec2-52-60-82-137.ca-central-1.compute.amazonaws.com\/treaty-six-acknowledgement\/#primaryimage\"},\"image\":{\"@id\":\"https:\/\/ec2-52-60-82-137.ca-central-1.compute.amazonaws.com\/treaty-six-acknowledgement\/#primaryimage\"},\"thumbnailUrl\":\"https:\/\/alberta.college\/wp-content\/uploads\/2021\/06\/Treaty-6-acknowledgment.png\",\"datePublished\":\"2021-06-04T17:59:08+00:00\",\"dateModified\":\"2022-09-11T23:42:37+00:00\",\"description\":\"The Royal Alberta College acknowledges that we are on the traditional land of Treaty 6 and home of M\u00e9tis Nation of Alberta Zone 4.\",\"breadcrumb\":{\"@id\":\"https:\/\/ec2-52-60-82-137.ca-central-1.compute.amazonaws.com\/treaty-six-acknowledgement\/#breadcrumb\"},\"inLanguage\":\"fr-CA\",\"potentialAction\":[{\"@type\":\"ReadAction\",\"target\":[\"https:\/\/ec2-52-60-82-137.ca-central-1.compute.amazonaws.com\/treaty-six-acknowledgement\/\"]}]},{\"@type\":\"ImageObject\",\"inLanguage\":\"fr-CA\",\"@id\":\"https:\/\/ec2-52-60-82-137.ca-central-1.compute.amazonaws.com\/treaty-six-acknowledgement\/#primaryimage\",\"url\":\"https:\/\/alberta.college\/wp-content\/uploads\/2021\/06\/Treaty-6-acknowledgment.png\",\"contentUrl\":\"https:\/\/alberta.college\/wp-content\/uploads\/2021\/06\/Treaty-6-acknowledgment.png\"},{\"@type\":\"BreadcrumbList\",\"@id\":\"https:\/\/ec2-52-60-82-137.ca-central-1.compute.amazonaws.com\/treaty-six-acknowledgement\/#breadcrumb\",\"itemListElement\":[{\"@type\":\"ListItem\",\"position\":1,\"name\":\"Home\",\"item\":\"https:\/\/www.alberta.college\/fr\/\"},{\"@type\":\"ListItem\",\"position\":2,\"name\":\"Treaty Six Acknowledgement\"}]},{\"@type\":\"WebSite\",\"@id\":\"https:\/\/www.alberta.college\/fr\/#website\",\"url\":\"https:\/\/www.alberta.college\/fr\/\",\"name\":\"The Royal Alberta College\",\"description\":\"High-Quality Affordable, Accessible Education for everyone\",\"publisher\":{\"@id\":\"https:\/\/www.alberta.college\/fr\/#organization\"},\"potentialAction\":[{\"@type\":\"SearchAction\",\"target\":{\"@type\":\"EntryPoint\",\"urlTemplate\":\"https:\/\/www.alberta.college\/fr\/?s={search_term_string}\"},\"query-input\":{\"@type\":\"PropertyValueSpecification\",\"valueRequired\":true,\"valueName\":\"search_term_string\"}}],\"inLanguage\":\"fr-CA\"},{\"@type\":\"Organization\",\"@id\":\"https:\/\/www.alberta.college\/fr\/#organization\",\"name\":\"The Royal Alberta College\",\"url\":\"https:\/\/www.alberta.college\/fr\/\",\"logo\":{\"@type\":\"ImageObject\",\"inLanguage\":\"fr-CA\",\"@id\":\"https:\/\/www.alberta.college\/fr\/#\/schema\/logo\/image\/\",\"url\":\"https:\/\/alberta.college\/wp-content\/uploads\/2021\/05\/rac-logo.png\",\"contentUrl\":\"https:\/\/alberta.college\/wp-content\/uploads\/2021\/05\/rac-logo.png\",\"width\":400,\"height\":242,\"caption\":\"The Royal Alberta College\"},\"image\":{\"@id\":\"https:\/\/www.alberta.college\/fr\/#\/schema\/logo\/image\/\"},\"sameAs\":[\"https:\/\/www.facebook.com\/RoyalAlbertaCollege\",\"https:\/\/x.com\/alberta_college\"]}]}<\/script>\n<!-- \/ Yoast SEO plugin. -->","yoast_head_json":{"title":"Treaty Six Acknowledgement - The Royal Alberta College","description":"The Royal Alberta College acknowledges that we are on the traditional land of Treaty 6 and home of M\u00e9tis Nation of Alberta Zone 4.","robots":{"index":"index","follow":"follow","max-snippet":"max-snippet:-1","max-image-preview":"max-image-preview:large","max-video-preview":"max-video-preview:-1"},"canonical":"https:\/\/ec2-52-60-82-137.ca-central-1.compute.amazonaws.com\/treaty-six-acknowledgement\/","og_locale":"fr_CA","og_type":"article","og_title":"Treaty Six Acknowledgement - The Royal Alberta College","og_description":"The Royal Alberta College acknowledges that we are on the traditional land of Treaty 6 and home of M\u00e9tis Nation of Alberta Zone 4.","og_url":"https:\/\/ec2-52-60-82-137.ca-central-1.compute.amazonaws.com\/treaty-six-acknowledgement\/","og_site_name":"The Royal Alberta College","article_publisher":"https:\/\/www.facebook.com\/RoyalAlbertaCollege","article_modified_time":"2022-09-11T23:42:37+00:00","og_image":[{"url":"https:\/\/alberta.college\/wp-content\/uploads\/2021\/06\/Treaty-6-acknowledgment.png"}],"twitter_card":"summary_large_image","twitter_site":"@alberta_college","twitter_misc":{"Estimation du temps de lecture":"1 minute"},"schema":{"@context":"https:\/\/schema.org","@graph":[{"@type":"WebPage","@id":"https:\/\/ec2-52-60-82-137.ca-central-1.compute.amazonaws.com\/treaty-six-acknowledgement\/","url":"https:\/\/ec2-52-60-82-137.ca-central-1.compute.amazonaws.com\/treaty-six-acknowledgement\/","name":"Treaty Six Acknowledgement - The Royal Alberta College","isPartOf":{"@id":"https:\/\/www.alberta.college\/fr\/#website"},"primaryImageOfPage":{"@id":"https:\/\/ec2-52-60-82-137.ca-central-1.compute.amazonaws.com\/treaty-six-acknowledgement\/#primaryimage"},"image":{"@id":"https:\/\/ec2-52-60-82-137.ca-central-1.compute.amazonaws.com\/treaty-six-acknowledgement\/#primaryimage"},"thumbnailUrl":"https:\/\/alberta.college\/wp-content\/uploads\/2021\/06\/Treaty-6-acknowledgment.png","datePublished":"2021-06-04T17:59:08+00:00","dateModified":"2022-09-11T23:42:37+00:00","description":"The Royal Alberta College acknowledges that we are on the traditional land of Treaty 6 and home of M\u00e9tis Nation of Alberta Zone 4.","breadcrumb":{"@id":"https:\/\/ec2-52-60-82-137.ca-central-1.compute.amazonaws.com\/treaty-six-acknowledgement\/#breadcrumb"},"inLanguage":"fr-CA","potentialAction":[{"@type":"ReadAction","target":["https:\/\/ec2-52-60-82-137.ca-central-1.compute.amazonaws.com\/treaty-six-acknowledgement\/"]}]},{"@type":"ImageObject","inLanguage":"fr-CA","@id":"https:\/\/ec2-52-60-82-137.ca-central-1.compute.amazonaws.com\/treaty-six-acknowledgement\/#primaryimage","url":"https:\/\/alberta.college\/wp-content\/uploads\/2021\/06\/Treaty-6-acknowledgment.png","contentUrl":"https:\/\/alberta.college\/wp-content\/uploads\/2021\/06\/Treaty-6-acknowledgment.png"},{"@type":"BreadcrumbList","@id":"https:\/\/ec2-52-60-82-137.ca-central-1.compute.amazonaws.com\/treaty-six-acknowledgement\/#breadcrumb","itemListElement":[{"@type":"ListItem","position":1,"name":"Home","item":"https:\/\/www.alberta.college\/fr\/"},{"@type":"ListItem","position":2,"name":"Treaty Six Acknowledgement"}]},{"@type":"WebSite","@id":"https:\/\/www.alberta.college\/fr\/#website","url":"https:\/\/www.alberta.college\/fr\/","name":"The Royal Alberta College","description":"High-Quality Affordable, Accessible Education for everyone","publisher":{"@id":"https:\/\/www.alberta.college\/fr\/#organization"},"potentialAction":[{"@type":"SearchAction","target":{"@type":"EntryPoint","urlTemplate":"https:\/\/www.alberta.college\/fr\/?s={search_term_string}"},"query-input":{"@type":"PropertyValueSpecification","valueRequired":true,"valueName":"search_term_string"}}],"inLanguage":"fr-CA"},{"@type":"Organization","@id":"https:\/\/www.alberta.college\/fr\/#organization","name":"The Royal Alberta College","url":"https:\/\/www.alberta.college\/fr\/","logo":{"@type":"ImageObject","inLanguage":"fr-CA","@id":"https:\/\/www.alberta.college\/fr\/#\/schema\/logo\/image\/","url":"https:\/\/alberta.college\/wp-content\/uploads\/2021\/05\/rac-logo.png","contentUrl":"https:\/\/alberta.college\/wp-content\/uploads\/2021\/05\/rac-logo.png","width":400,"height":242,"caption":"The Royal Alberta College"},"image":{"@id":"https:\/\/www.alberta.college\/fr\/#\/schema\/logo\/image\/"},"sameAs":["https:\/\/www.facebook.com\/RoyalAlbertaCollege","https:\/\/x.com\/alberta_college"]}]}},"jetpack_sharing_enabled":true,"_links":{"self":[{"href":"https:\/\/alberta.college\/fr\/wp-json\/wp\/v2\/pages\/3244"}],"collection":[{"href":"https:\/\/alberta.college\/fr\/wp-json\/wp\/v2\/pages"}],"about":[{"href":"https:\/\/alberta.college\/fr\/wp-json\/wp\/v2\/types\/page"}],"author":[{"embeddable":true,"href":"https:\/\/alberta.college\/fr\/wp-json\/wp\/v2\/users\/5"}],"replies":[{"embeddable":true,"href":"https:\/\/alberta.college\/fr\/wp-json\/wp\/v2\/comments?post=3244"}],"version-history":[{"count":4,"href":"https:\/\/alberta.college\/fr\/wp-json\/wp\/v2\/pages\/3244\/revisions"}],"predecessor-version":[{"id":16650,"href":"https:\/\/alberta.college\/fr\/wp-json\/wp\/v2\/pages\/3244\/revisions\/16650"}],"wp:attachment":[{"href":"https:\/\/alberta.college\/fr\/wp-json\/wp\/v2\/media?parent=3244"}],"curies":[{"name":"wp","href":"https:\/\/api.w.org\/{rel}","templated":true}]}}