
{"id":3150,"date":"2021-06-03T16:26:24","date_gmt":"2021-06-03T22:26:24","guid":{"rendered":"https:\/\/dev.alberta.college\/?page_id=3150"},"modified":"2023-02-28T11:14:00","modified_gmt":"2023-02-28T18:14:00","slug":"social-insurance-information","status":"publish","type":"page","link":"https:\/\/alberta.college\/fr\/social-insurance-information\/","title":{"rendered":"Informations sur l&#039;assurance sociale"},"content":{"rendered":"<div data-elementor-type=\"wp-page\" data-elementor-id=\"3150\" class=\"elementor elementor-3150\" data-elementor-post-type=\"page\">\n\t\t\t\t\t\t<section class=\"elementor-section elementor-top-section elementor-element elementor-element-301ec51d elementor-section-full_width elementor-section-height-default elementor-section-height-default\" data-id=\"301ec51d\" data-element_type=\"section\" data-settings=\"{&quot;_ha_eqh_enable&quot;:false}\">\n\t\t\t\t\t\t<div class=\"elementor-container elementor-column-gap-no\">\n\t\t\t\t\t<div class=\"elementor-column elementor-col-100 elementor-top-column elementor-element elementor-element-13be0a1b\" data-id=\"13be0a1b\" data-element_type=\"column\">\n\t\t\t<div class=\"elementor-widget-wrap elementor-element-populated\">\n\t\t\t\t\t\t<div class=\"elementor-element elementor-element-29bde4ae elementor--h-position-center elementor--v-position-middle elementor-arrows-position-inside elementor-pagination-position-inside ha-has-bg-overlay elementor-widget elementor-widget-slides\" data-id=\"29bde4ae\" data-element_type=\"widget\" data-settings=\"{&quot;navigation&quot;:&quot;both&quot;,&quot;autoplay&quot;:&quot;yes&quot;,&quot;pause_on_hover&quot;:&quot;yes&quot;,&quot;pause_on_interaction&quot;:&quot;yes&quot;,&quot;autoplay_speed&quot;:5000,&quot;infinite&quot;:&quot;yes&quot;,&quot;transition&quot;:&quot;slide&quot;,&quot;transition_speed&quot;:500}\" data-widget_type=\"slides.default\">\n\t\t\t\t<div class=\"elementor-widget-container\">\n\t\t\t<style>.elementor-slides .swiper-slide-bg{background-size:cover;background-position:50%;background-repeat:no-repeat;min-width:100%;min-height:100%}.elementor-slides .swiper-slide-inner{background-repeat:no-repeat;background-position:50%;position:absolute;top:0;left:0;bottom:0;right:0;padding:50px;margin:auto}.elementor-slides .swiper-slide-inner,.elementor-slides .swiper-slide-inner:hover{color:#fff;display:flex}.elementor-slides .swiper-slide-inner .elementor-background-overlay{position:absolute;z-index:0;top:0;bottom:0;left:0;right:0}.elementor-slides .swiper-slide-inner .elementor-slide-content{position:relative;z-index:1;width:100%}.elementor-slides .swiper-slide-inner .elementor-slide-heading{font-size:35px;font-weight:700;line-height:1}.elementor-slides .swiper-slide-inner .elementor-slide-description{font-size:17px;line-height:1.4}.elementor-slides .swiper-slide-inner .elementor-slide-description:not(:last-child),.elementor-slides .swiper-slide-inner .elementor-slide-heading:not(:last-child){margin-bottom:30px}.elementor-slides .swiper-slide-inner .elementor-slide-button{border:2px solid #fff;color:#fff;background:transparent;display:inline-block}.elementor-slides .swiper-slide-inner .elementor-slide-button,.elementor-slides .swiper-slide-inner .elementor-slide-button:hover{background:transparent;color:inherit;text-decoration:none}.elementor--v-position-top .swiper-slide-inner{align-items:flex-start}.elementor--v-position-bottom .swiper-slide-inner{align-items:flex-end}.elementor--v-position-middle .swiper-slide-inner{align-items:center}.elementor--h-position-left .swiper-slide-inner{justify-content:flex-start}.elementor--h-position-right .swiper-slide-inner{justify-content:flex-end}.elementor--h-position-center .swiper-slide-inner{justify-content:center}body.rtl .elementor-widget-slides .elementor-swiper-button-next{left:10px;right:auto}body.rtl .elementor-widget-slides .elementor-swiper-button-prev{right:10px;left:auto}.elementor-slides-wrapper div:not(.swiper-slide)>.swiper-slide-inner{display:none}@media (max-width:481px){.elementor-slides .swiper-slide-inner{padding:30px}.elementor-slides .swiper-slide-inner .elementor-slide-heading{font-size:23px;line-height:1;margin-bottom:15px}.elementor-slides .swiper-slide-inner .elementor-slide-description{font-size:13px;line-height:1.4;margin-bottom:15px}}<\/style>\t\t<div class=\"elementor-swiper\">\n\t\t\t<div class=\"elementor-slides-wrapper elementor-main-swiper swiper-container\" dir=\"ltr\" data-animation=\"fadeInUp\">\n\t\t\t\t<div class=\"swiper-wrapper elementor-slides\">\n\t\t\t\t\t\t\t\t\t\t<div class=\"elementor-repeater-item-08b1272 swiper-slide\"><div class=\"swiper-slide-bg\" role=\"img\"><\/div><div class=\"swiper-slide-inner\" ><div class=\"swiper-slide-contents\"><div class=\"elementor-slide-heading\"><h1 style=\"font-size:90%\">Dans quels cas la loi ne vous oblige-t-elle PAS \u00e0 fournir votre NAS\u00a0?<\/h1><\/div><\/div><\/div><\/div>\t\t\t\t<\/div>\n\t\t\t\t\t\t\t<\/div>\n\t\t<\/div>\n\t\t\t\t<\/div>\n\t\t\t\t<\/div>\n\t\t\t\t\t<\/div>\n\t\t<\/div>\n\t\t\t\t\t<\/div>\n\t\t<\/section>\n\t\t\t\t<section class=\"elementor-section elementor-top-section elementor-element elementor-element-033804f elementor-section-boxed elementor-section-height-default elementor-section-height-default\" data-id=\"033804f\" data-element_type=\"section\" data-settings=\"{&quot;_ha_eqh_enable&quot;:false}\">\n\t\t\t\t\t\t<div class=\"elementor-container elementor-column-gap-default\">\n\t\t\t\t\t<div class=\"elementor-column elementor-col-50 elementor-top-column elementor-element elementor-element-4a96c89\" data-id=\"4a96c89\" data-element_type=\"column\">\n\t\t\t<div class=\"elementor-widget-wrap elementor-element-populated\">\n\t\t\t\t\t\t<div class=\"elementor-element elementor-element-9315cfa elementor-widget elementor-widget-text-editor\" data-id=\"9315cfa\" data-element_type=\"widget\" data-widget_type=\"text-editor.default\">\n\t\t\t\t<div class=\"elementor-widget-container\">\n\t\t\t<style>\/*! elementor - v3.19.0 - 28-02-2024 *\/\n.elementor-widget-text-editor.elementor-drop-cap-view-stacked .elementor-drop-cap{background-color:#69727d;color:#fff}.elementor-widget-text-editor.elementor-drop-cap-view-framed .elementor-drop-cap{color:#69727d;border:3px solid;background-color:transparent}.elementor-widget-text-editor:not(.elementor-drop-cap-view-default) .elementor-drop-cap{margin-top:8px}.elementor-widget-text-editor:not(.elementor-drop-cap-view-default) .elementor-drop-cap-letter{width:1em;height:1em}.elementor-widget-text-editor .elementor-drop-cap{float:left;text-align:center;line-height:1;font-size:50px}.elementor-widget-text-editor .elementor-drop-cap-letter{display:inline-block}<\/style>\t\t\t\t<p>Vous n&#039;\u00eates pas oblig\u00e9 de donner votre\u00a0<abbr>P\u00c9CH\u00c9<\/abbr>\u00a0lorsque vous achetez ou obtenez la plupart des biens et services. Il vous sera peut-\u00eatre demand\u00e9 de fournir votre\u00a0<abbr>P\u00c9CH\u00c9<\/abbr>\u00a0aux fins suivantes, mais vous \u00eates\u00a0<strong>pas l\u00e9galement requis<\/strong>\u00a0de le fournir lorsque\u00a0:<\/p>\t\t\t\t\t\t<\/div>\n\t\t\t\t<\/div>\n\t\t\t\t<div class=\"elementor-element elementor-element-434434f elementor-widget elementor-widget-text-editor\" data-id=\"434434f\" data-element_type=\"widget\" data-widget_type=\"text-editor.default\">\n\t\t\t\t<div class=\"elementor-widget-container\">\n\t\t\t\t\t\t\t<ul><li>arrangements fun\u00e9raires<\/li><li>prouver votre identit\u00e9 (sauf pour certains programmes gouvernementaux sp\u00e9cifiques)<\/li><li>remplir une demande d&#039;emploi (avant de recevoir une offre d&#039;emploi)<\/li><li>remplir une demande de location d&#039;une propri\u00e9t\u00e9<\/li><li>remplir des demandes de produits de cr\u00e9dit (par exemple, carte de cr\u00e9dit, pr\u00eat ou hypoth\u00e8que) aupr\u00e8s d&#039;une institution financi\u00e8re pour faciliter une v\u00e9rification de la cote de cr\u00e9dit<\/li><li>encaisser un ch\u00e8que<\/li><li>demander une adh\u00e9sion \u00e0 un vid\u00e9oclub<\/li><li>effectuer certaines op\u00e9rations bancaires (hypoth\u00e8ques, marges de cr\u00e9dit, pr\u00eats)<\/li><li>remplir des questionnaires m\u00e9dicaux<\/li><li>louer une voiture<\/li><li>abonnement \u00e0 des services de t\u00e9l\u00e9phonie longue distance ou cellulaire<\/li><li>r\u00e9diger un testament<\/li><li>postuler aux universit\u00e9s et coll\u00e8ges<\/li><li>n\u00e9gocier un bail avec un propri\u00e9taire<\/li><li>vous inscrire \u00e0 la compl\u00e9mentaire sant\u00e9 propos\u00e9e par votre employeur<\/li><li>communiquer par voie \u00e9lectronique, notamment en ligne<\/li><\/ul>\t\t\t\t\t\t<\/div>\n\t\t\t\t<\/div>\n\t\t\t\t<div class=\"elementor-element elementor-element-dc85cdd elementor-widget elementor-widget-text-editor\" data-id=\"dc85cdd\" data-element_type=\"widget\" data-widget_type=\"text-editor.default\">\n\t\t\t\t<div class=\"elementor-widget-container\">\n\t\t\t\t\t\t\t<p>*Les informations sur cette page ont \u00e9t\u00e9 extraites du site Web du gouvernement du Canada pour obtenir des informations concernant <strong><a href=\"https:\/\/www.canada.ca\/en\/employment-social-development\/services\/sin\/reports\/code-of-practice\/section-2.html\">Informations sur l&#039;assurance sociale.<\/a><\/strong><\/p>\t\t\t\t\t\t<\/div>\n\t\t\t\t<\/div>\n\t\t\t\t\t<\/div>\n\t\t<\/div>\n\t\t\t\t<div class=\"elementor-column elementor-col-50 elementor-top-column elementor-element elementor-element-7a231e6 elementor-hidden-tablet elementor-hidden-mobile_extra elementor-hidden-mobile\" data-id=\"7a231e6\" data-element_type=\"column\">\n\t\t\t<div class=\"elementor-widget-wrap elementor-element-populated\">\n\t\t\t\t\t\t<div class=\"elementor-element elementor-element-94b8690 elementor-widget elementor-widget-image\" data-id=\"94b8690\" data-element_type=\"widget\" data-widget_type=\"image.default\">\n\t\t\t\t<div class=\"elementor-widget-container\">\n\t\t\t<style>\/*! elementor - v3.19.0 - 28-02-2024 *\/\n.elementor-widget-image{text-align:center}.elementor-widget-image a{display:inline-block}.elementor-widget-image a img[src$=\".svg\"]{width:48px}.elementor-widget-image img{vertical-align:middle;display:inline-block}<\/style>\t\t\t\t\t\t\t\t\t\t<img fetchpriority=\"high\" decoding=\"async\" width=\"400\" height=\"511\" src=\"https:\/\/alberta.college\/wp-content\/uploads\/2021\/06\/13317656_web1_180828-BPD-SCAM2.jpg\" class=\"elementor-animation-grow attachment-large size-large wp-image-3727\" alt=\"\" srcset=\"https:\/\/alberta.college\/wp-content\/uploads\/2021\/06\/13317656_web1_180828-BPD-SCAM2.jpg 400w, https:\/\/alberta.college\/wp-content\/uploads\/2021\/06\/13317656_web1_180828-BPD-SCAM2-235x300.jpg 235w\" sizes=\"(max-width: 400px) 100vw, 400px\" \/>\t\t\t\t\t\t\t\t\t\t\t\t\t<\/div>\n\t\t\t\t<\/div>\n\t\t\t\t\t<\/div>\n\t\t<\/div>\n\t\t\t\t\t<\/div>\n\t\t<\/section>\n\t\t\t\t<section class=\"elementor-section elementor-top-section elementor-element elementor-element-61fa156 elementor-hidden-widescreen elementor-hidden-desktop elementor-hidden-laptop elementor-hidden-tablet_extra elementor-section-boxed elementor-section-height-default elementor-section-height-default\" data-id=\"61fa156\" data-element_type=\"section\" data-settings=\"{&quot;_ha_eqh_enable&quot;:false}\">\n\t\t\t\t\t\t<div class=\"elementor-container elementor-column-gap-default\">\n\t\t\t\t\t<div class=\"elementor-column elementor-col-100 elementor-top-column elementor-element elementor-element-fd7d228\" data-id=\"fd7d228\" data-element_type=\"column\">\n\t\t\t<div class=\"elementor-widget-wrap elementor-element-populated\">\n\t\t\t\t\t\t<div class=\"elementor-element elementor-element-14b8225 elementor-widget elementor-widget-image\" data-id=\"14b8225\" data-element_type=\"widget\" data-widget_type=\"image.default\">\n\t\t\t\t<div class=\"elementor-widget-container\">\n\t\t\t\t\t\t\t\t\t\t\t\t\t<img decoding=\"async\" width=\"400\" height=\"511\" src=\"https:\/\/alberta.college\/wp-content\/uploads\/2021\/06\/13317656_web1_180828-BPD-SCAM2.jpg\" class=\"attachment-large size-large wp-image-3727\" alt=\"\" srcset=\"https:\/\/alberta.college\/wp-content\/uploads\/2021\/06\/13317656_web1_180828-BPD-SCAM2.jpg 400w, https:\/\/alberta.college\/wp-content\/uploads\/2021\/06\/13317656_web1_180828-BPD-SCAM2-235x300.jpg 235w\" sizes=\"(max-width: 400px) 100vw, 400px\" \/>\t\t\t\t\t\t\t\t\t\t\t\t\t<\/div>\n\t\t\t\t<\/div>\n\t\t\t\t\t<\/div>\n\t\t<\/div>\n\t\t\t\t\t<\/div>\n\t\t<\/section>\n\t\t\t\t<\/div>","protected":false},"excerpt":{"rendered":"<p>Dans quels cas la loi ne vous oblige-t-elle PAS \u00e0 fournir votre NAS\u00a0? Vous n&#039;\u00eates pas oblig\u00e9 de donner votre NAS lorsque vous achetez ou obtenez la plupart des biens et services. On vous demandera peut-\u00eatre [\u2026]<\/p>","protected":false},"author":5,"featured_media":0,"parent":0,"menu_order":0,"comment_status":"closed","ping_status":"closed","template":"","meta":{"footnotes":""},"yoast_head":"<!-- This site is optimized with the Yoast SEO plugin v23.5 - https:\/\/yoast.com\/wordpress\/plugins\/seo\/ -->\n<title>Social Insurance Information - The Royal Alberta College<\/title>\n<meta name=\"description\" content=\"The information on this page has been retrieved from the Government of Canada&#039;s website for information regarding Social Insurance Information.\" \/>\n<meta name=\"robots\" content=\"index, follow, max-snippet:-1, max-image-preview:large, max-video-preview:-1\" \/>\n<link rel=\"canonical\" href=\"https:\/\/alberta.college\/fr\/social-insurance-information\/\" \/>\n<meta property=\"og:locale\" content=\"fr_CA\" \/>\n<meta property=\"og:type\" content=\"article\" \/>\n<meta property=\"og:title\" content=\"Social Insurance Information - The Royal Alberta College\" \/>\n<meta property=\"og:description\" content=\"The information on this page has been retrieved from the Government of Canada&#039;s website for information regarding Social Insurance Information.\" \/>\n<meta property=\"og:url\" content=\"https:\/\/alberta.college\/fr\/social-insurance-information\/\" \/>\n<meta property=\"og:site_name\" content=\"The Royal Alberta College\" \/>\n<meta property=\"article:publisher\" content=\"https:\/\/www.facebook.com\/RoyalAlbertaCollege\" \/>\n<meta property=\"article:modified_time\" content=\"2023-02-28T18:14:00+00:00\" \/>\n<meta property=\"og:image\" content=\"https:\/\/alberta.college\/wp-content\/uploads\/2021\/06\/13317656_web1_180828-BPD-SCAM2.jpg\" \/>\n<meta name=\"twitter:card\" content=\"summary_large_image\" \/>\n<meta name=\"twitter:site\" content=\"@alberta_college\" \/>\n<meta name=\"twitter:label1\" content=\"Estimation du temps de lecture\" \/>\n\t<meta name=\"twitter:data1\" content=\"2 minutes\" \/>\n<script type=\"application\/ld+json\" class=\"yoast-schema-graph\">{\"@context\":\"https:\/\/schema.org\",\"@graph\":[{\"@type\":\"WebPage\",\"@id\":\"https:\/\/alberta.college\/social-insurance-information\/\",\"url\":\"https:\/\/alberta.college\/social-insurance-information\/\",\"name\":\"Social Insurance Information - The Royal Alberta College\",\"isPartOf\":{\"@id\":\"https:\/\/www.alberta.college\/fr\/#website\"},\"primaryImageOfPage\":{\"@id\":\"https:\/\/alberta.college\/social-insurance-information\/#primaryimage\"},\"image\":{\"@id\":\"https:\/\/alberta.college\/social-insurance-information\/#primaryimage\"},\"thumbnailUrl\":\"https:\/\/alberta.college\/wp-content\/uploads\/2021\/06\/13317656_web1_180828-BPD-SCAM2.jpg\",\"datePublished\":\"2021-06-03T22:26:24+00:00\",\"dateModified\":\"2023-02-28T18:14:00+00:00\",\"description\":\"The information on this page has been retrieved from the Government of Canada's website for information regarding Social Insurance Information.\",\"breadcrumb\":{\"@id\":\"https:\/\/alberta.college\/social-insurance-information\/#breadcrumb\"},\"inLanguage\":\"fr-CA\",\"potentialAction\":[{\"@type\":\"ReadAction\",\"target\":[\"https:\/\/alberta.college\/social-insurance-information\/\"]}]},{\"@type\":\"ImageObject\",\"inLanguage\":\"fr-CA\",\"@id\":\"https:\/\/alberta.college\/social-insurance-information\/#primaryimage\",\"url\":\"https:\/\/alberta.college\/wp-content\/uploads\/2021\/06\/13317656_web1_180828-BPD-SCAM2.jpg\",\"contentUrl\":\"https:\/\/alberta.college\/wp-content\/uploads\/2021\/06\/13317656_web1_180828-BPD-SCAM2.jpg\"},{\"@type\":\"BreadcrumbList\",\"@id\":\"https:\/\/alberta.college\/social-insurance-information\/#breadcrumb\",\"itemListElement\":[{\"@type\":\"ListItem\",\"position\":1,\"name\":\"Home\",\"item\":\"https:\/\/www.alberta.college\/fr\/\"},{\"@type\":\"ListItem\",\"position\":2,\"name\":\"Social Insurance Information\"}]},{\"@type\":\"WebSite\",\"@id\":\"https:\/\/www.alberta.college\/fr\/#website\",\"url\":\"https:\/\/www.alberta.college\/fr\/\",\"name\":\"The Royal Alberta College\",\"description\":\"High-Quality Affordable, Accessible Education for everyone\",\"publisher\":{\"@id\":\"https:\/\/www.alberta.college\/fr\/#organization\"},\"potentialAction\":[{\"@type\":\"SearchAction\",\"target\":{\"@type\":\"EntryPoint\",\"urlTemplate\":\"https:\/\/www.alberta.college\/fr\/?s={search_term_string}\"},\"query-input\":{\"@type\":\"PropertyValueSpecification\",\"valueRequired\":true,\"valueName\":\"search_term_string\"}}],\"inLanguage\":\"fr-CA\"},{\"@type\":\"Organization\",\"@id\":\"https:\/\/www.alberta.college\/fr\/#organization\",\"name\":\"The Royal Alberta College\",\"url\":\"https:\/\/www.alberta.college\/fr\/\",\"logo\":{\"@type\":\"ImageObject\",\"inLanguage\":\"fr-CA\",\"@id\":\"https:\/\/www.alberta.college\/fr\/#\/schema\/logo\/image\/\",\"url\":\"https:\/\/alberta.college\/wp-content\/uploads\/2021\/05\/rac-logo.png\",\"contentUrl\":\"https:\/\/alberta.college\/wp-content\/uploads\/2021\/05\/rac-logo.png\",\"width\":400,\"height\":242,\"caption\":\"The Royal Alberta College\"},\"image\":{\"@id\":\"https:\/\/www.alberta.college\/fr\/#\/schema\/logo\/image\/\"},\"sameAs\":[\"https:\/\/www.facebook.com\/RoyalAlbertaCollege\",\"https:\/\/x.com\/alberta_college\"]}]}<\/script>\n<!-- \/ Yoast SEO plugin. -->","yoast_head_json":{"title":"Social Insurance Information - The Royal Alberta College","description":"The information on this page has been retrieved from the Government of Canada's website for information regarding Social Insurance Information.","robots":{"index":"index","follow":"follow","max-snippet":"max-snippet:-1","max-image-preview":"max-image-preview:large","max-video-preview":"max-video-preview:-1"},"canonical":"https:\/\/alberta.college\/fr\/social-insurance-information\/","og_locale":"fr_CA","og_type":"article","og_title":"Social Insurance Information - The Royal Alberta College","og_description":"The information on this page has been retrieved from the Government of Canada's website for information regarding Social Insurance Information.","og_url":"https:\/\/alberta.college\/fr\/social-insurance-information\/","og_site_name":"The Royal Alberta College","article_publisher":"https:\/\/www.facebook.com\/RoyalAlbertaCollege","article_modified_time":"2023-02-28T18:14:00+00:00","og_image":[{"url":"https:\/\/alberta.college\/wp-content\/uploads\/2021\/06\/13317656_web1_180828-BPD-SCAM2.jpg"}],"twitter_card":"summary_large_image","twitter_site":"@alberta_college","twitter_misc":{"Estimation du temps de lecture":"2 minutes"},"schema":{"@context":"https:\/\/schema.org","@graph":[{"@type":"WebPage","@id":"https:\/\/alberta.college\/social-insurance-information\/","url":"https:\/\/alberta.college\/social-insurance-information\/","name":"Social Insurance Information - The Royal Alberta College","isPartOf":{"@id":"https:\/\/www.alberta.college\/fr\/#website"},"primaryImageOfPage":{"@id":"https:\/\/alberta.college\/social-insurance-information\/#primaryimage"},"image":{"@id":"https:\/\/alberta.college\/social-insurance-information\/#primaryimage"},"thumbnailUrl":"https:\/\/alberta.college\/wp-content\/uploads\/2021\/06\/13317656_web1_180828-BPD-SCAM2.jpg","datePublished":"2021-06-03T22:26:24+00:00","dateModified":"2023-02-28T18:14:00+00:00","description":"The information on this page has been retrieved from the Government of Canada's website for information regarding Social Insurance Information.","breadcrumb":{"@id":"https:\/\/alberta.college\/social-insurance-information\/#breadcrumb"},"inLanguage":"fr-CA","potentialAction":[{"@type":"ReadAction","target":["https:\/\/alberta.college\/social-insurance-information\/"]}]},{"@type":"ImageObject","inLanguage":"fr-CA","@id":"https:\/\/alberta.college\/social-insurance-information\/#primaryimage","url":"https:\/\/alberta.college\/wp-content\/uploads\/2021\/06\/13317656_web1_180828-BPD-SCAM2.jpg","contentUrl":"https:\/\/alberta.college\/wp-content\/uploads\/2021\/06\/13317656_web1_180828-BPD-SCAM2.jpg"},{"@type":"BreadcrumbList","@id":"https:\/\/alberta.college\/social-insurance-information\/#breadcrumb","itemListElement":[{"@type":"ListItem","position":1,"name":"Home","item":"https:\/\/www.alberta.college\/fr\/"},{"@type":"ListItem","position":2,"name":"Social Insurance Information"}]},{"@type":"WebSite","@id":"https:\/\/www.alberta.college\/fr\/#website","url":"https:\/\/www.alberta.college\/fr\/","name":"The Royal Alberta College","description":"High-Quality Affordable, Accessible Education for everyone","publisher":{"@id":"https:\/\/www.alberta.college\/fr\/#organization"},"potentialAction":[{"@type":"SearchAction","target":{"@type":"EntryPoint","urlTemplate":"https:\/\/www.alberta.college\/fr\/?s={search_term_string}"},"query-input":{"@type":"PropertyValueSpecification","valueRequired":true,"valueName":"search_term_string"}}],"inLanguage":"fr-CA"},{"@type":"Organization","@id":"https:\/\/www.alberta.college\/fr\/#organization","name":"The Royal Alberta College","url":"https:\/\/www.alberta.college\/fr\/","logo":{"@type":"ImageObject","inLanguage":"fr-CA","@id":"https:\/\/www.alberta.college\/fr\/#\/schema\/logo\/image\/","url":"https:\/\/alberta.college\/wp-content\/uploads\/2021\/05\/rac-logo.png","contentUrl":"https:\/\/alberta.college\/wp-content\/uploads\/2021\/05\/rac-logo.png","width":400,"height":242,"caption":"The Royal Alberta College"},"image":{"@id":"https:\/\/www.alberta.college\/fr\/#\/schema\/logo\/image\/"},"sameAs":["https:\/\/www.facebook.com\/RoyalAlbertaCollege","https:\/\/x.com\/alberta_college"]}]}},"jetpack_sharing_enabled":true,"_links":{"self":[{"href":"https:\/\/alberta.college\/fr\/wp-json\/wp\/v2\/pages\/3150"}],"collection":[{"href":"https:\/\/alberta.college\/fr\/wp-json\/wp\/v2\/pages"}],"about":[{"href":"https:\/\/alberta.college\/fr\/wp-json\/wp\/v2\/types\/page"}],"author":[{"embeddable":true,"href":"https:\/\/alberta.college\/fr\/wp-json\/wp\/v2\/users\/5"}],"replies":[{"embeddable":true,"href":"https:\/\/alberta.college\/fr\/wp-json\/wp\/v2\/comments?post=3150"}],"version-history":[{"count":6,"href":"https:\/\/alberta.college\/fr\/wp-json\/wp\/v2\/pages\/3150\/revisions"}],"predecessor-version":[{"id":17519,"href":"https:\/\/alberta.college\/fr\/wp-json\/wp\/v2\/pages\/3150\/revisions\/17519"}],"wp:attachment":[{"href":"https:\/\/alberta.college\/fr\/wp-json\/wp\/v2\/media?parent=3150"}],"curies":[{"name":"wp","href":"https:\/\/api.w.org\/{rel}","templated":true}]}}