
{"id":23846,"date":"2023-09-01T11:21:32","date_gmt":"2023-09-01T17:21:32","guid":{"rendered":"https:\/\/alberta.college\/?page_id=23846"},"modified":"2024-02-23T11:46:46","modified_gmt":"2024-02-23T18:46:46","slug":"privacy-policy","status":"publish","type":"page","link":"https:\/\/alberta.college\/fr\/privacy-policy\/","title":{"rendered":"politique de confidentialit\u00e9"},"content":{"rendered":"<div data-elementor-type=\"wp-page\" data-elementor-id=\"23846\" class=\"elementor elementor-23846\" data-elementor-post-type=\"page\">\n\t\t\t\t<div class=\"elementor-element elementor-element-755e1e0 e-flex e-con-boxed e-con e-parent\" data-id=\"755e1e0\" data-element_type=\"container\" data-settings=\"{&quot;content_width&quot;:&quot;boxed&quot;,&quot;_ha_eqh_enable&quot;:false}\" data-core-v316-plus=\"true\">\n\t\t\t\t\t<div class=\"e-con-inner\">\n\t\t\t\t<div class=\"elementor-element elementor-element-a44152e elementor-widget elementor-widget-heading\" data-id=\"a44152e\" data-element_type=\"widget\" data-widget_type=\"heading.default\">\n\t\t\t\t<div class=\"elementor-widget-container\">\n\t\t\t<style>\/*! elementor - v3.19.0 - 28-02-2024 *\/\n.elementor-heading-title{padding:0;margin:0;line-height:1}.elementor-widget-heading .elementor-heading-title[class*=elementor-size-]>a{color:inherit;font-size:inherit;line-height:inherit}.elementor-widget-heading .elementor-heading-title.elementor-size-small{font-size:15px}.elementor-widget-heading .elementor-heading-title.elementor-size-medium{font-size:19px}.elementor-widget-heading .elementor-heading-title.elementor-size-large{font-size:29px}.elementor-widget-heading .elementor-heading-title.elementor-size-xl{font-size:39px}.elementor-widget-heading .elementor-heading-title.elementor-size-xxl{font-size:59px}<\/style><h2 class=\"elementor-heading-title elementor-size-default\">Engagement de confidentialit\u00e9<\/h2>\t\t<\/div>\n\t\t\t\t<\/div>\n\t\t\t\t<div class=\"elementor-element elementor-element-5797dba elementor-widget elementor-widget-heading\" data-id=\"5797dba\" data-element_type=\"widget\" data-widget_type=\"heading.default\">\n\t\t\t\t<div class=\"elementor-widget-container\">\n\t\t\t<h2 class=\"elementor-heading-title elementor-size-default\">Le Coll\u00e8ge royal de l&#039;Alberta<\/h2>\t\t<\/div>\n\t\t\t\t<\/div>\n\t\t\t\t\t<\/div>\n\t\t\t\t<\/div>\n\t\t\t\t<section class=\"elementor-section elementor-top-section elementor-element elementor-element-193c742c elementor-section-boxed elementor-section-height-default elementor-section-height-default\" data-id=\"193c742c\" data-element_type=\"section\" data-settings=\"{&quot;_ha_eqh_enable&quot;:false}\">\n\t\t\t\t\t\t<div class=\"elementor-container elementor-column-gap-default\">\n\t\t\t\t\t<div class=\"elementor-column elementor-col-100 elementor-top-column elementor-element elementor-element-668782b7\" data-id=\"668782b7\" data-element_type=\"column\">\n\t\t\t<div class=\"elementor-widget-wrap elementor-element-populated\">\n\t\t\t\t\t\t<div class=\"elementor-element elementor-element-3d425738 elementor-widget elementor-widget-text-editor\" data-id=\"3d425738\" data-element_type=\"widget\" data-widget_type=\"text-editor.default\">\n\t\t\t\t<div class=\"elementor-widget-container\">\n\t\t\t<style>\/*! elementor - v3.19.0 - 28-02-2024 *\/\n.elementor-widget-text-editor.elementor-drop-cap-view-stacked .elementor-drop-cap{background-color:#69727d;color:#fff}.elementor-widget-text-editor.elementor-drop-cap-view-framed .elementor-drop-cap{color:#69727d;border:3px solid;background-color:transparent}.elementor-widget-text-editor:not(.elementor-drop-cap-view-default) .elementor-drop-cap{margin-top:8px}.elementor-widget-text-editor:not(.elementor-drop-cap-view-default) .elementor-drop-cap-letter{width:1em;height:1em}.elementor-widget-text-editor .elementor-drop-cap{float:left;text-align:center;line-height:1;font-size:50px}.elementor-widget-text-editor .elementor-drop-cap-letter{display:inline-block}<\/style>\t\t\t\t<p><!-- wp:heading --><\/p>\n<h4>Le Royal Alberta College adh\u00e8re rigoureusement aux principes de confidentialit\u00e9 et de confidentialit\u00e9, garantissant que la vie priv\u00e9e des visiteurs de notre site Web est respect\u00e9e. Ce document d\u00e9crit nos politiques et pratiques en mati\u00e8re de confidentialit\u00e9 en ce qui concerne le site Web du Royal Alberta College.<\/h4>\n<h2>Liens vers des sites Web externes<\/h2>\n<p>Notre site Web comprend des liens vers des sites externes. Veuillez noter que le Royal Alberta College n&#039;assume aucune responsabilit\u00e9 quant au contenu ou aux pratiques de confidentialit\u00e9 de ces sites Web externes. Nous vous recommandons de consulter les politiques de confidentialit\u00e9 de chaque site que vous visitez.<\/p>\n<h2>Politique en mati\u00e8re de cookies<\/h2>\n<p>Pour am\u00e9liorer l&#039;exp\u00e9rience utilisateur et fournir des publicit\u00e9s personnalis\u00e9es, notre site Web utilise des cookies et des services de localisation. Les cookies sont de petits fichiers texte stock\u00e9s sur votre disque dur, contenant des informations bas\u00e9es sur vos pr\u00e9f\u00e9rences et votre historique de navigation sur notre site. Ces cookies sont destin\u00e9s \u00e0 personnaliser vos futures visites sur notre site. Il est important de noter que les cookies stockent uniquement les informations fournies par vous ou les choix que vous faites lors de votre navigation. Par ailleurs, la cr\u00e9ation d&#039;un cookie par un site Internet ne permet pas d&#039;acc\u00e9der au reste de votre ordinateur ; il est accessible uniquement par le site qui l&#039;a cr\u00e9\u00e9.<\/p>\n<p>Les param\u00e8tres des cookies peuvent \u00eatre g\u00e9r\u00e9s via votre navigateur Internet : acc\u00e9dez \u00e0 Outils -&gt; Options Internet, s\u00e9lectionnez l&#039;onglet S\u00e9curit\u00e9, puis Niveau personnalis\u00e9. La bo\u00eete de dialogue Param\u00e8tres de s\u00e9curit\u00e9 affichera vos param\u00e8tres de cookies.<\/p>\n<h2>Collecte de renseignements personnels<\/h2>\n<p>Le Royal Alberta College ne recueille pas automatiquement de renseignements personnels tels que les noms, num\u00e9ros de t\u00e9l\u00e9phone, courriels ou adresses des visiteurs du site Web. Toutes les informations personnelles re\u00e7ues par e-mail ou via notre formulaire de commentaires, y compris, mais sans s&#039;y limiter, votre nom et votre adresse e-mail, sont utilis\u00e9es uniquement pour r\u00e9pondre \u00e0 vos demandes. Cette collection est en stricte conformit\u00e9 avec la loi de l&#039;Alberta sur l&#039;acc\u00e8s \u00e0 l&#039;information et la protection de la vie priv\u00e9e (FOIP Act) et n&#039;est divulgu\u00e9e qu&#039;au personnel autoris\u00e9 dans le but de r\u00e9pondre \u00e0 votre requ\u00eate.<\/p>\n<p>En tant qu&#039;institution, le Royal Alberta College est r\u00e9gi par la Freedom of Information and Protection of Privacy Act du gouvernement de l&#039;Alberta.<\/p>\n<h2>Coordonn\u00e9es<\/h2>\n<p>Pour les demandes li\u00e9es \u00e0 la confidentialit\u00e9 et \u00e0 l\u2019acc\u00e8s \u00e0 l\u2019information :<\/p>\n<p>Directeur acc\u00e8s et confidentialit\u00e9<br \/>Bureau du registraire, Services du campus <br \/>E-mail: <strong>confidentialit\u00e9@alberta.college<\/strong><\/p>\n<p>Pour les \u00e9tudiants inscrits \u00e0 temps plein au Royal Alberta College, un ensemble complet de politiques est disponible pour r\u00e9f\u00e9rence sur la page Web des politiques du Royal Alberta College. <strong><a href=\"https:\/\/alberta.college\/fr\/policies\/\">ici<\/a><\/strong>.<\/p>\n<p><br \/>Ces politiques englobent un large \u00e9ventail de domaines acad\u00e9miques et administratifs, notamment\u00a0:<\/p>\n<p>\u2013 Politique d\u2019int\u00e9grit\u00e9 acad\u00e9mique<br \/>\u2013 Politique d\u2019admission<br \/>\u2013 Politique d\u2019\u00e9valuation et de paiement des frais de scolarit\u00e9 et des frais<br \/>\u2013 Politique d\u2019\u00e9ducation coop\u00e9rative<br \/>\u2013 Politique de harc\u00e8lement<br \/>\u2013 Paiements des \u00e9tudiants internationaux et politique des frais de scolarit\u00e9<br \/>\u2013 Gestion des dossiers \u00e9tudiants et politique d\u2019information<br \/>\u2013 Politique de protection des mineurs<br \/>\u2013 Politique de destruction des dossiers<br \/>\u2013 Politique de gestion des dossiers<br \/>\u2013 Remboursements des frais de scolarit\u00e9 et des frais d\u2019\u00e9tudes<br \/>\u2013 Politique d\u2019habilitation de s\u00e9curit\u00e9<br \/>\u2013 Politique d\u2019appel des \u00e9tudiants<br \/>\u2013 Politique des \u00e9tudiants ayant des capacit\u00e9s diff\u00e9rentes<br \/>\u2013 Politique des droits et responsabilit\u00e9s des \u00e9tudiants<br \/>\u2013 Politique de vacances \u00e9tudiantes<br \/>\u2013 Informations personnelles pour la politique de recherche acad\u00e9mique ou statistique<br \/>\u2013 Politique d\u2019apprentissage int\u00e9gr\u00e9 au travail<br \/>\u2013 Politique d\u2019avertissement et de probation acad\u00e9mique<br \/>\u2013 D\u00e9claration d\u2019absence de l\u2019\u00e9tudiant (court terme)<br \/>\u2013 Projet de loi C35 du gouvernement du Canada<br \/>\u2013 Projet de loi C-35, Loi r\u00e9primant les consultants v\u00e9reux<br \/>\u2013 R\u00e9sum\u00e9 l\u00e9gislatif du projet de loi C-35 \u2013 Biblioth\u00e8que du Parlement<\/p>\n<p>Veuillez noter qu&#039;en raison des retards actuels de Postes Canada, toutes les demandes FOIP (acc\u00e8s \u00e0 l&#039;information et protection de la vie priv\u00e9e) doivent \u00eatre adress\u00e9es par courrier \u00e9lectronique pour un traitement rapide.<\/p>\n<p><!-- \/wp:paragraph --><\/p>\t\t\t\t\t\t<\/div>\n\t\t\t\t<\/div>\n\t\t\t\t\t<\/div>\n\t\t<\/div>\n\t\t\t\t\t<\/div>\n\t\t<\/section>\n\t\t\t\t<\/div>","protected":false},"excerpt":{"rendered":"<p>Engagement en mati\u00e8re de confidentialit\u00e9 Le Royal Alberta College Le Royal Alberta College adh\u00e8re rigoureusement aux principes de confidentialit\u00e9 et de confidentialit\u00e9, garantissant ainsi le respect de la vie priv\u00e9e des visiteurs de notre site Web. [\u2026]<\/p>","protected":false},"author":6,"featured_media":0,"parent":0,"menu_order":0,"comment_status":"closed","ping_status":"closed","template":"","meta":{"footnotes":""},"yoast_head":"<!-- This site is optimized with the Yoast SEO plugin v23.5 - https:\/\/yoast.com\/wordpress\/plugins\/seo\/ -->\n<title>Privacy Policy - The Royal Alberta College<\/title>\n<meta name=\"robots\" content=\"index, follow, max-snippet:-1, max-image-preview:large, max-video-preview:-1\" \/>\n<link rel=\"canonical\" href=\"https:\/\/www.alberta.college\/fr\/privacy-policy\/\" \/>\n<meta property=\"og:locale\" content=\"fr_CA\" \/>\n<meta property=\"og:type\" content=\"article\" \/>\n<meta property=\"og:title\" content=\"Privacy Policy - The Royal Alberta College\" \/>\n<meta property=\"og:description\" content=\"Privacy Commitment The Royal Alberta College The Royal Alberta College rigorously adheres to the principles of privacy and confidentiality, ensuring that the privacy of visitors to our website is respected. [&hellip;]\" \/>\n<meta property=\"og:url\" content=\"https:\/\/www.alberta.college\/fr\/privacy-policy\/\" \/>\n<meta property=\"og:site_name\" content=\"The Royal Alberta College\" \/>\n<meta property=\"article:publisher\" content=\"https:\/\/www.facebook.com\/RoyalAlbertaCollege\" \/>\n<meta property=\"article:modified_time\" content=\"2024-02-23T18:46:46+00:00\" \/>\n<meta name=\"twitter:card\" content=\"summary_large_image\" \/>\n<meta name=\"twitter:site\" content=\"@alberta_college\" \/>\n<meta name=\"twitter:label1\" content=\"Estimation du temps de lecture\" \/>\n\t<meta name=\"twitter:data1\" content=\"3 minutes\" \/>\n<script type=\"application\/ld+json\" class=\"yoast-schema-graph\">{\"@context\":\"https:\/\/schema.org\",\"@graph\":[{\"@type\":\"WebPage\",\"@id\":\"https:\/\/www.alberta.college\/fr\/privacy-policy\/\",\"url\":\"https:\/\/www.alberta.college\/fr\/privacy-policy\/\",\"name\":\"Privacy Policy - The Royal Alberta College\",\"isPartOf\":{\"@id\":\"https:\/\/www.alberta.college\/fr\/#website\"},\"datePublished\":\"2023-09-01T17:21:32+00:00\",\"dateModified\":\"2024-02-23T18:46:46+00:00\",\"breadcrumb\":{\"@id\":\"https:\/\/www.alberta.college\/fr\/privacy-policy\/#breadcrumb\"},\"inLanguage\":\"fr-CA\",\"potentialAction\":[{\"@type\":\"ReadAction\",\"target\":[\"https:\/\/www.alberta.college\/fr\/privacy-policy\/\"]}]},{\"@type\":\"BreadcrumbList\",\"@id\":\"https:\/\/www.alberta.college\/fr\/privacy-policy\/#breadcrumb\",\"itemListElement\":[{\"@type\":\"ListItem\",\"position\":1,\"name\":\"Home\",\"item\":\"https:\/\/www.alberta.college\/fr\/\"},{\"@type\":\"ListItem\",\"position\":2,\"name\":\"Privacy Policy\"}]},{\"@type\":\"WebSite\",\"@id\":\"https:\/\/www.alberta.college\/fr\/#website\",\"url\":\"https:\/\/www.alberta.college\/fr\/\",\"name\":\"The Royal Alberta College\",\"description\":\"High-Quality Affordable, Accessible Education for everyone\",\"publisher\":{\"@id\":\"https:\/\/www.alberta.college\/fr\/#organization\"},\"potentialAction\":[{\"@type\":\"SearchAction\",\"target\":{\"@type\":\"EntryPoint\",\"urlTemplate\":\"https:\/\/www.alberta.college\/fr\/?s={search_term_string}\"},\"query-input\":{\"@type\":\"PropertyValueSpecification\",\"valueRequired\":true,\"valueName\":\"search_term_string\"}}],\"inLanguage\":\"fr-CA\"},{\"@type\":\"Organization\",\"@id\":\"https:\/\/www.alberta.college\/fr\/#organization\",\"name\":\"The Royal Alberta College\",\"url\":\"https:\/\/www.alberta.college\/fr\/\",\"logo\":{\"@type\":\"ImageObject\",\"inLanguage\":\"fr-CA\",\"@id\":\"https:\/\/www.alberta.college\/fr\/#\/schema\/logo\/image\/\",\"url\":\"https:\/\/alberta.college\/wp-content\/uploads\/2021\/05\/rac-logo.png\",\"contentUrl\":\"https:\/\/alberta.college\/wp-content\/uploads\/2021\/05\/rac-logo.png\",\"width\":400,\"height\":242,\"caption\":\"The Royal Alberta College\"},\"image\":{\"@id\":\"https:\/\/www.alberta.college\/fr\/#\/schema\/logo\/image\/\"},\"sameAs\":[\"https:\/\/www.facebook.com\/RoyalAlbertaCollege\",\"https:\/\/x.com\/alberta_college\"]}]}<\/script>\n<!-- \/ Yoast SEO plugin. -->","yoast_head_json":{"title":"Privacy Policy - The Royal Alberta College","robots":{"index":"index","follow":"follow","max-snippet":"max-snippet:-1","max-image-preview":"max-image-preview:large","max-video-preview":"max-video-preview:-1"},"canonical":"https:\/\/www.alberta.college\/fr\/privacy-policy\/","og_locale":"fr_CA","og_type":"article","og_title":"Privacy Policy - The Royal Alberta College","og_description":"Privacy Commitment The Royal Alberta College The Royal Alberta College rigorously adheres to the principles of privacy and confidentiality, ensuring that the privacy of visitors to our website is respected. [&hellip;]","og_url":"https:\/\/www.alberta.college\/fr\/privacy-policy\/","og_site_name":"The Royal Alberta College","article_publisher":"https:\/\/www.facebook.com\/RoyalAlbertaCollege","article_modified_time":"2024-02-23T18:46:46+00:00","twitter_card":"summary_large_image","twitter_site":"@alberta_college","twitter_misc":{"Estimation du temps de lecture":"3 minutes"},"schema":{"@context":"https:\/\/schema.org","@graph":[{"@type":"WebPage","@id":"https:\/\/www.alberta.college\/fr\/privacy-policy\/","url":"https:\/\/www.alberta.college\/fr\/privacy-policy\/","name":"Privacy Policy - The Royal Alberta College","isPartOf":{"@id":"https:\/\/www.alberta.college\/fr\/#website"},"datePublished":"2023-09-01T17:21:32+00:00","dateModified":"2024-02-23T18:46:46+00:00","breadcrumb":{"@id":"https:\/\/www.alberta.college\/fr\/privacy-policy\/#breadcrumb"},"inLanguage":"fr-CA","potentialAction":[{"@type":"ReadAction","target":["https:\/\/www.alberta.college\/fr\/privacy-policy\/"]}]},{"@type":"BreadcrumbList","@id":"https:\/\/www.alberta.college\/fr\/privacy-policy\/#breadcrumb","itemListElement":[{"@type":"ListItem","position":1,"name":"Home","item":"https:\/\/www.alberta.college\/fr\/"},{"@type":"ListItem","position":2,"name":"Privacy Policy"}]},{"@type":"WebSite","@id":"https:\/\/www.alberta.college\/fr\/#website","url":"https:\/\/www.alberta.college\/fr\/","name":"The Royal Alberta College","description":"High-Quality Affordable, Accessible Education for everyone","publisher":{"@id":"https:\/\/www.alberta.college\/fr\/#organization"},"potentialAction":[{"@type":"SearchAction","target":{"@type":"EntryPoint","urlTemplate":"https:\/\/www.alberta.college\/fr\/?s={search_term_string}"},"query-input":{"@type":"PropertyValueSpecification","valueRequired":true,"valueName":"search_term_string"}}],"inLanguage":"fr-CA"},{"@type":"Organization","@id":"https:\/\/www.alberta.college\/fr\/#organization","name":"The Royal Alberta College","url":"https:\/\/www.alberta.college\/fr\/","logo":{"@type":"ImageObject","inLanguage":"fr-CA","@id":"https:\/\/www.alberta.college\/fr\/#\/schema\/logo\/image\/","url":"https:\/\/alberta.college\/wp-content\/uploads\/2021\/05\/rac-logo.png","contentUrl":"https:\/\/alberta.college\/wp-content\/uploads\/2021\/05\/rac-logo.png","width":400,"height":242,"caption":"The Royal Alberta College"},"image":{"@id":"https:\/\/www.alberta.college\/fr\/#\/schema\/logo\/image\/"},"sameAs":["https:\/\/www.facebook.com\/RoyalAlbertaCollege","https:\/\/x.com\/alberta_college"]}]}},"jetpack_sharing_enabled":true,"_links":{"self":[{"href":"https:\/\/alberta.college\/fr\/wp-json\/wp\/v2\/pages\/23846"}],"collection":[{"href":"https:\/\/alberta.college\/fr\/wp-json\/wp\/v2\/pages"}],"about":[{"href":"https:\/\/alberta.college\/fr\/wp-json\/wp\/v2\/types\/page"}],"author":[{"embeddable":true,"href":"https:\/\/alberta.college\/fr\/wp-json\/wp\/v2\/users\/6"}],"replies":[{"embeddable":true,"href":"https:\/\/alberta.college\/fr\/wp-json\/wp\/v2\/comments?post=23846"}],"version-history":[{"count":12,"href":"https:\/\/alberta.college\/fr\/wp-json\/wp\/v2\/pages\/23846\/revisions"}],"predecessor-version":[{"id":25686,"href":"https:\/\/alberta.college\/fr\/wp-json\/wp\/v2\/pages\/23846\/revisions\/25686"}],"wp:attachment":[{"href":"https:\/\/alberta.college\/fr\/wp-json\/wp\/v2\/media?parent=23846"}],"curies":[{"name":"wp","href":"https:\/\/api.w.org\/{rel}","templated":true}]}}