
{"id":2102,"date":"2021-05-28T16:54:04","date_gmt":"2021-05-28T22:54:04","guid":{"rendered":"https:\/\/dev.alberta.college\/?page_id=2102"},"modified":"2023-02-21T15:28:20","modified_gmt":"2023-02-21T22:28:20","slug":"canada-summer-jobs","status":"publish","type":"page","link":"https:\/\/alberta.college\/fr\/canada-summer-jobs\/","title":{"rendered":"Emplois d\u2019\u00e9t\u00e9 Canada"},"content":{"rendered":"<div data-elementor-type=\"wp-page\" data-elementor-id=\"2102\" class=\"elementor elementor-2102\" data-elementor-post-type=\"page\">\n\t\t\t\t\t\t<section class=\"elementor-section elementor-top-section elementor-element elementor-element-65a99e1 elementor-section-full_width elementor-section-height-default elementor-section-height-default\" data-id=\"65a99e1\" data-element_type=\"section\">\n\t\t\t\t\t\t<div class=\"elementor-container elementor-column-gap-no\">\n\t\t\t\t\t<div class=\"elementor-column elementor-col-100 elementor-top-column elementor-element elementor-element-557f84f\" data-id=\"557f84f\" data-element_type=\"column\">\n\t\t\t<div class=\"elementor-widget-wrap elementor-element-populated\">\n\t\t\t\t\t\t<div class=\"elementor-element elementor-element-454e82b elementor--h-position-center elementor--v-position-middle elementor-arrows-position-inside elementor-pagination-position-inside elementor-widget elementor-widget-slides\" data-id=\"454e82b\" data-element_type=\"widget\" data-settings=\"{&quot;navigation&quot;:&quot;both&quot;,&quot;autoplay&quot;:&quot;yes&quot;,&quot;pause_on_hover&quot;:&quot;yes&quot;,&quot;pause_on_interaction&quot;:&quot;yes&quot;,&quot;autoplay_speed&quot;:5000,&quot;infinite&quot;:&quot;yes&quot;,&quot;transition&quot;:&quot;slide&quot;,&quot;transition_speed&quot;:500}\" data-widget_type=\"slides.default\">\n\t\t\t\t<div class=\"elementor-widget-container\">\n\t\t\t<style>.elementor-slides .swiper-slide-bg{background-size:cover;background-position:50%;background-repeat:no-repeat;min-width:100%;min-height:100%}.elementor-slides .swiper-slide-inner{background-repeat:no-repeat;background-position:50%;position:absolute;top:0;left:0;bottom:0;right:0;padding:50px;margin:auto}.elementor-slides .swiper-slide-inner,.elementor-slides .swiper-slide-inner:hover{color:#fff;display:flex}.elementor-slides .swiper-slide-inner .elementor-background-overlay{position:absolute;z-index:0;top:0;bottom:0;left:0;right:0}.elementor-slides .swiper-slide-inner .elementor-slide-content{position:relative;z-index:1;width:100%}.elementor-slides .swiper-slide-inner .elementor-slide-heading{font-size:35px;font-weight:700;line-height:1}.elementor-slides .swiper-slide-inner .elementor-slide-description{font-size:17px;line-height:1.4}.elementor-slides .swiper-slide-inner .elementor-slide-description:not(:last-child),.elementor-slides .swiper-slide-inner .elementor-slide-heading:not(:last-child){margin-bottom:30px}.elementor-slides .swiper-slide-inner .elementor-slide-button{border:2px solid #fff;color:#fff;background:transparent;display:inline-block}.elementor-slides .swiper-slide-inner .elementor-slide-button,.elementor-slides .swiper-slide-inner .elementor-slide-button:hover{background:transparent;color:inherit;text-decoration:none}.elementor--v-position-top .swiper-slide-inner{align-items:flex-start}.elementor--v-position-bottom .swiper-slide-inner{align-items:flex-end}.elementor--v-position-middle .swiper-slide-inner{align-items:center}.elementor--h-position-left .swiper-slide-inner{justify-content:flex-start}.elementor--h-position-right .swiper-slide-inner{justify-content:flex-end}.elementor--h-position-center .swiper-slide-inner{justify-content:center}body.rtl .elementor-widget-slides .elementor-swiper-button-next{left:10px;right:auto}body.rtl .elementor-widget-slides .elementor-swiper-button-prev{right:10px;left:auto}.elementor-slides-wrapper div:not(.swiper-slide)>.swiper-slide-inner{display:none}@media (max-width:481px){.elementor-slides .swiper-slide-inner{padding:30px}.elementor-slides .swiper-slide-inner .elementor-slide-heading{font-size:23px;line-height:1;margin-bottom:15px}.elementor-slides .swiper-slide-inner .elementor-slide-description{font-size:13px;line-height:1.4;margin-bottom:15px}}<\/style>\t\t<div class=\"elementor-swiper\">\n\t\t\t<div class=\"elementor-slides-wrapper elementor-main-swiper swiper-container\" dir=\"ltr\" data-animation=\"fadeInUp\">\n\t\t\t\t<div class=\"swiper-wrapper elementor-slides\">\n\t\t\t\t\t\t\t\t\t\t<div class=\"elementor-repeater-item-7e6d08d swiper-slide\"><div class=\"swiper-slide-bg\" role=\"img\"><\/div><div class=\"elementor-background-overlay\"><\/div><div class=\"swiper-slide-inner\" ><div class=\"swiper-slide-contents\"><div class=\"elementor-slide-heading\"><h1 style=\"font-size:130%;\">Programme Emplois d\u2019\u00e9t\u00e9 Canada (CSJ)<\/h1><\/div><div class=\"elementor-slide-description\">Le Royal Alberta College s&#039;est associ\u00e9 au gouvernement du Canada (GOC) pour employer des jeunes \u00e2g\u00e9s de 15 \u00e0 30 ans. Les postes offerts sont de niveau d\u00e9butant et sont offerts pour 8 semaines. Le programme Emplois d&#039;\u00e9t\u00e9 Canada (CSJ) se termine le 3 septembre 2022. TOUS les candidats DOIVENT \u00eatre \u00e9ligibles pour participer au programme CSJ.<\/div><a href=\"https:\/\/docs.google.com\/forms\/d\/e\/1FAIpQLSeySpWj3pMA3mSYh1nSdL8AxxYe0EIRihc-PZV6Ji393vyR1Q\/viewform?usp=sf_link\" class=\"elementor-button elementor-slide-button elementor-size-md\">Cliquez ici pour postuler<\/a><\/div><\/div><\/div>\t\t\t\t<\/div>\n\t\t\t\t\t\t\t<\/div>\n\t\t<\/div>\n\t\t\t\t<\/div>\n\t\t\t\t<\/div>\n\t\t\t\t\t<\/div>\n\t\t<\/div>\n\t\t\t\t\t<\/div>\n\t\t<\/section>\n\t\t\t\t<section class=\"elementor-section elementor-top-section elementor-element elementor-element-51b29f1 elementor-section-boxed elementor-section-height-default elementor-section-height-default\" data-id=\"51b29f1\" data-element_type=\"section\" data-settings=\"{&quot;_ha_eqh_enable&quot;:false}\">\n\t\t\t\t\t\t<div class=\"elementor-container elementor-column-gap-default\">\n\t\t\t\t\t<div class=\"elementor-column elementor-col-66 elementor-top-column elementor-element elementor-element-43a73a1\" data-id=\"43a73a1\" data-element_type=\"column\">\n\t\t\t<div class=\"elementor-widget-wrap elementor-element-populated\">\n\t\t\t\t\t\t<div class=\"elementor-element elementor-element-517b6c2 elementor-widget elementor-widget-text-editor\" data-id=\"517b6c2\" data-element_type=\"widget\" data-widget_type=\"text-editor.default\">\n\t\t\t\t<div class=\"elementor-widget-container\">\n\t\t\t<style>\/*! elementor - v3.19.0 - 28-02-2024 *\/\n.elementor-widget-text-editor.elementor-drop-cap-view-stacked .elementor-drop-cap{background-color:#69727d;color:#fff}.elementor-widget-text-editor.elementor-drop-cap-view-framed .elementor-drop-cap{color:#69727d;border:3px solid;background-color:transparent}.elementor-widget-text-editor:not(.elementor-drop-cap-view-default) .elementor-drop-cap{margin-top:8px}.elementor-widget-text-editor:not(.elementor-drop-cap-view-default) .elementor-drop-cap-letter{width:1em;height:1em}.elementor-widget-text-editor .elementor-drop-cap{float:left;text-align:center;line-height:1;font-size:50px}.elementor-widget-text-editor .elementor-drop-cap-letter{display:inline-block}<\/style>\t\t\t\tLes candidats doivent \u00eatre\u00a0:\t\t\t\t\t\t<\/div>\n\t\t\t\t<\/div>\n\t\t\t\t<div class=\"elementor-element elementor-element-b78da87 elementor-widget elementor-widget-text-editor\" data-id=\"b78da87\" data-element_type=\"widget\" data-widget_type=\"text-editor.default\">\n\t\t\t\t<div class=\"elementor-widget-container\">\n\t\t\t\t\t\t\t<p>\u2013 entre 15 et 30 ans au d\u00e9but de l\u2019emploi* ;<\/p><p>\u2013 un citoyen canadien, un r\u00e9sident permanent ou une personne \u00e0 qui la protection du statut de r\u00e9fugi\u00e9 a \u00e9t\u00e9 conf\u00e9r\u00e9e en vertu de la Loi sur l&#039;immigration et la protection des r\u00e9fugi\u00e9s pour la dur\u00e9e de l&#039;emploi**\u00a0; et,<\/p><p>\u2013 avoir un num\u00e9ro d\u2019assurance sociale valide au d\u00e9but de votre emploi et \u00eatre l\u00e9galement autoris\u00e9 \u00e0 travailler au Canada conform\u00e9ment aux lois et r\u00e8glements provinciaux ou territoriaux pertinents<\/p><p>*Le jeune doit \u00eatre \u00e2g\u00e9 de 15 ans au d\u00e9but de la p\u00e9riode d&#039;emploi. Le jeune peut avoir plus de 30 ans \u00e0 la fin de la p\u00e9riode d&#039;emploi \u00e0 condition qu&#039;il ait 30 ans au d\u00e9but de la p\u00e9riode d&#039;emploi.<\/p><p>**Les \u00e9tudiants internationaux sont <strong>PAS<\/strong> participants \u00e9ligibles. Les \u00e9tudiants internationaux comprennent toute personne qui est temporairement au Canada pour \u00e9tudier et qui n&#039;est pas un citoyen canadien, un r\u00e9sident permanent ou une personne ayant obtenu le statut de r\u00e9fugi\u00e9 au Canada. Les jeunes en attente d&#039;une d\u00e9cision relative au statut de r\u00e9fugi\u00e9, ainsi que ceux qui sont titulaires d&#039;un visa de visiteur temporaire, d&#039;un visa jeunesse ou d&#039;un visa de travail ne sont pas \u00e9ligibles.<\/p>\t\t\t\t\t\t<\/div>\n\t\t\t\t<\/div>\n\t\t\t\t<div class=\"elementor-element elementor-element-8524743 elementor-widget elementor-widget-text-editor\" data-id=\"8524743\" data-element_type=\"widget\" data-widget_type=\"text-editor.default\">\n\t\t\t\t<div class=\"elementor-widget-container\">\n\t\t\t\t\t\t\t<p>Le Royal Alberta College (RAC) prend le respect de votre vie priv\u00e9e au s\u00e9rieux et ne partagera, ne louera ni n&#039;utilisera jamais votre adresse \u00e9lectronique \u00e0 d&#039;autres fins que celle de vous fournir une r\u00e9ponse, \u00e0 moins que vous nous ayez donn\u00e9 votre permission expresse de le faire.<\/p><p>Les informations personnelles sont collect\u00e9es en vertu de l&#039;autorit\u00e9 de l&#039;article 33 (c) de la loi sur l&#039;acc\u00e8s \u00e0 l&#039;information et la protection de la vie priv\u00e9e (FOIP). Il sera utilis\u00e9 dans l&#039;administration et la gestion du RAC pour \u00e9valuer votre admissibilit\u00e9 et vos qualifications au programme Emplois d&#039;\u00e9t\u00e9 Canada (CSJ).<\/p>\t\t\t\t\t\t<\/div>\n\t\t\t\t<\/div>\n\t\t\t\t<div class=\"elementor-element elementor-element-61e8fc7 elementor-align-center elementor-tablet-align-center elementor-widget elementor-widget-button\" data-id=\"61e8fc7\" data-element_type=\"widget\" data-widget_type=\"button.default\">\n\t\t\t\t<div class=\"elementor-widget-container\">\n\t\t\t\t\t<div class=\"elementor-button-wrapper\">\n\t\t\t<a class=\"elementor-button elementor-button-link elementor-size-md\" href=\"https:\/\/docs.google.com\/forms\/d\/e\/1FAIpQLSeySpWj3pMA3mSYh1nSdL8AxxYe0EIRihc-PZV6Ji393vyR1Q\/viewform?usp=sf_link\">\n\t\t\t\t\t\t<span class=\"elementor-button-content-wrapper\">\n\t\t\t\t\t\t<span class=\"elementor-button-text\">Cliquez ici pour postuler<\/span>\n\t\t<\/span>\n\t\t\t\t\t<\/a>\n\t\t<\/div>\n\t\t\t\t<\/div>\n\t\t\t\t<\/div>\n\t\t\t\t\t<\/div>\n\t\t<\/div>\n\t\t\t\t<div class=\"elementor-column elementor-col-33 elementor-top-column elementor-element elementor-element-c155273 elementor-hidden-tablet elementor-hidden-phone\" data-id=\"c155273\" data-element_type=\"column\">\n\t\t\t<div class=\"elementor-widget-wrap elementor-element-populated\">\n\t\t\t\t\t\t<div class=\"elementor-element elementor-element-af6a837 elementor-widget elementor-widget-image\" data-id=\"af6a837\" data-element_type=\"widget\" data-widget_type=\"image.default\">\n\t\t\t\t<div class=\"elementor-widget-container\">\n\t\t\t<style>\/*! elementor - v3.19.0 - 28-02-2024 *\/\n.elementor-widget-image{text-align:center}.elementor-widget-image a{display:inline-block}.elementor-widget-image a img[src$=\".svg\"]{width:48px}.elementor-widget-image img{vertical-align:middle;display:inline-block}<\/style>\t\t\t\t\t\t\t\t\t\t<img fetchpriority=\"high\" decoding=\"async\" width=\"576\" height=\"1024\" src=\"https:\/\/alberta.college\/wp-content\/uploads\/2021\/05\/We-Are-Hiring-3-576x1024-1.png\" class=\"attachment-large size-large wp-image-2105\" alt=\"We are Hiring\" srcset=\"https:\/\/alberta.college\/wp-content\/uploads\/2021\/05\/We-Are-Hiring-3-576x1024-1.png 576w, https:\/\/alberta.college\/wp-content\/uploads\/2021\/05\/We-Are-Hiring-3-576x1024-1-169x300.png 169w\" sizes=\"(max-width: 576px) 100vw, 576px\" \/>\t\t\t\t\t\t\t\t\t\t\t\t\t<\/div>\n\t\t\t\t<\/div>\n\t\t\t\t\t<\/div>\n\t\t<\/div>\n\t\t\t\t\t<\/div>\n\t\t<\/section>\n\t\t\t\t<\/div>","protected":false},"excerpt":{"rendered":"<p>Programme Emplois d&#039;\u00e9t\u00e9 Canada (CSJ) Le Royal Alberta College s&#039;est associ\u00e9 au gouvernement du Canada (GOC) pour employer des jeunes \u00e2g\u00e9s de 15 \u00e0 30 ans. [\u2026]<\/p>","protected":false},"author":5,"featured_media":0,"parent":0,"menu_order":0,"comment_status":"closed","ping_status":"closed","template":"","meta":{"footnotes":""},"yoast_head":"<!-- This site is optimized with the Yoast SEO plugin v23.5 - https:\/\/yoast.com\/wordpress\/plugins\/seo\/ -->\n<title>Canada Summer Jobs - The Royal Alberta College<\/title>\n<meta name=\"description\" content=\"The RAC has partnered with The Government of Canada to employ youth between the ages of 15 and 30 years of age through the Canada Summer Jobs program.\" \/>\n<meta name=\"robots\" content=\"index, follow, max-snippet:-1, max-image-preview:large, max-video-preview:-1\" \/>\n<link rel=\"canonical\" href=\"https:\/\/alberta.college\/fr\/canada-summer-jobs\/\" \/>\n<meta property=\"og:locale\" content=\"fr_CA\" \/>\n<meta property=\"og:type\" content=\"article\" \/>\n<meta property=\"og:title\" content=\"Canada Summer Jobs - The Royal Alberta College\" \/>\n<meta property=\"og:description\" content=\"The RAC has partnered with The Government of Canada to employ youth between the ages of 15 and 30 years of age through the Canada Summer Jobs program.\" \/>\n<meta property=\"og:url\" content=\"https:\/\/alberta.college\/fr\/canada-summer-jobs\/\" \/>\n<meta property=\"og:site_name\" content=\"The Royal Alberta College\" \/>\n<meta property=\"article:publisher\" content=\"https:\/\/www.facebook.com\/RoyalAlbertaCollege\" \/>\n<meta property=\"article:modified_time\" content=\"2023-02-21T22:28:20+00:00\" \/>\n<meta property=\"og:image\" content=\"https:\/\/alberta.college\/wp-content\/uploads\/2021\/05\/We-Are-Hiring-3-576x1024-1.png\" \/>\n<meta name=\"twitter:card\" content=\"summary_large_image\" \/>\n<meta name=\"twitter:site\" content=\"@alberta_college\" \/>\n<meta name=\"twitter:label1\" content=\"Estimation du temps de lecture\" \/>\n\t<meta name=\"twitter:data1\" content=\"2 minutes\" \/>\n<script type=\"application\/ld+json\" class=\"yoast-schema-graph\">{\"@context\":\"https:\/\/schema.org\",\"@graph\":[{\"@type\":\"WebPage\",\"@id\":\"https:\/\/alberta.college\/fr\/canada-summer-jobs\/\",\"url\":\"https:\/\/alberta.college\/fr\/canada-summer-jobs\/\",\"name\":\"Canada Summer Jobs - The Royal Alberta College\",\"isPartOf\":{\"@id\":\"https:\/\/www.alberta.college\/fr\/#website\"},\"primaryImageOfPage\":{\"@id\":\"https:\/\/alberta.college\/fr\/canada-summer-jobs\/#primaryimage\"},\"image\":{\"@id\":\"https:\/\/alberta.college\/fr\/canada-summer-jobs\/#primaryimage\"},\"thumbnailUrl\":\"https:\/\/alberta.college\/wp-content\/uploads\/2021\/05\/We-Are-Hiring-3-576x1024-1.png\",\"datePublished\":\"2021-05-28T22:54:04+00:00\",\"dateModified\":\"2023-02-21T22:28:20+00:00\",\"description\":\"The RAC has partnered with The Government of Canada to employ youth between the ages of 15 and 30 years of age through the Canada Summer Jobs program.\",\"breadcrumb\":{\"@id\":\"https:\/\/alberta.college\/fr\/canada-summer-jobs\/#breadcrumb\"},\"inLanguage\":\"fr-CA\",\"potentialAction\":[{\"@type\":\"ReadAction\",\"target\":[\"https:\/\/alberta.college\/fr\/canada-summer-jobs\/\"]}]},{\"@type\":\"ImageObject\",\"inLanguage\":\"fr-CA\",\"@id\":\"https:\/\/alberta.college\/fr\/canada-summer-jobs\/#primaryimage\",\"url\":\"https:\/\/alberta.college\/wp-content\/uploads\/2021\/05\/We-Are-Hiring-3-576x1024-1.png\",\"contentUrl\":\"https:\/\/alberta.college\/wp-content\/uploads\/2021\/05\/We-Are-Hiring-3-576x1024-1.png\"},{\"@type\":\"BreadcrumbList\",\"@id\":\"https:\/\/alberta.college\/fr\/canada-summer-jobs\/#breadcrumb\",\"itemListElement\":[{\"@type\":\"ListItem\",\"position\":1,\"name\":\"Home\",\"item\":\"https:\/\/www.alberta.college\/fr\/\"},{\"@type\":\"ListItem\",\"position\":2,\"name\":\"Canada Summer Jobs\"}]},{\"@type\":\"WebSite\",\"@id\":\"https:\/\/www.alberta.college\/fr\/#website\",\"url\":\"https:\/\/www.alberta.college\/fr\/\",\"name\":\"The Royal Alberta College\",\"description\":\"High-Quality Affordable, Accessible Education for everyone\",\"publisher\":{\"@id\":\"https:\/\/www.alberta.college\/fr\/#organization\"},\"potentialAction\":[{\"@type\":\"SearchAction\",\"target\":{\"@type\":\"EntryPoint\",\"urlTemplate\":\"https:\/\/www.alberta.college\/fr\/?s={search_term_string}\"},\"query-input\":{\"@type\":\"PropertyValueSpecification\",\"valueRequired\":true,\"valueName\":\"search_term_string\"}}],\"inLanguage\":\"fr-CA\"},{\"@type\":\"Organization\",\"@id\":\"https:\/\/www.alberta.college\/fr\/#organization\",\"name\":\"The Royal Alberta College\",\"url\":\"https:\/\/www.alberta.college\/fr\/\",\"logo\":{\"@type\":\"ImageObject\",\"inLanguage\":\"fr-CA\",\"@id\":\"https:\/\/www.alberta.college\/fr\/#\/schema\/logo\/image\/\",\"url\":\"https:\/\/alberta.college\/wp-content\/uploads\/2021\/05\/rac-logo.png\",\"contentUrl\":\"https:\/\/alberta.college\/wp-content\/uploads\/2021\/05\/rac-logo.png\",\"width\":400,\"height\":242,\"caption\":\"The Royal Alberta College\"},\"image\":{\"@id\":\"https:\/\/www.alberta.college\/fr\/#\/schema\/logo\/image\/\"},\"sameAs\":[\"https:\/\/www.facebook.com\/RoyalAlbertaCollege\",\"https:\/\/x.com\/alberta_college\"]}]}<\/script>\n<!-- \/ Yoast SEO plugin. -->","yoast_head_json":{"title":"Canada Summer Jobs - The Royal Alberta College","description":"The RAC has partnered with The Government of Canada to employ youth between the ages of 15 and 30 years of age through the Canada Summer Jobs program.","robots":{"index":"index","follow":"follow","max-snippet":"max-snippet:-1","max-image-preview":"max-image-preview:large","max-video-preview":"max-video-preview:-1"},"canonical":"https:\/\/alberta.college\/fr\/canada-summer-jobs\/","og_locale":"fr_CA","og_type":"article","og_title":"Canada Summer Jobs - The Royal Alberta College","og_description":"The RAC has partnered with The Government of Canada to employ youth between the ages of 15 and 30 years of age through the Canada Summer Jobs program.","og_url":"https:\/\/alberta.college\/fr\/canada-summer-jobs\/","og_site_name":"The Royal Alberta College","article_publisher":"https:\/\/www.facebook.com\/RoyalAlbertaCollege","article_modified_time":"2023-02-21T22:28:20+00:00","og_image":[{"url":"https:\/\/alberta.college\/wp-content\/uploads\/2021\/05\/We-Are-Hiring-3-576x1024-1.png"}],"twitter_card":"summary_large_image","twitter_site":"@alberta_college","twitter_misc":{"Estimation du temps de lecture":"2 minutes"},"schema":{"@context":"https:\/\/schema.org","@graph":[{"@type":"WebPage","@id":"https:\/\/alberta.college\/fr\/canada-summer-jobs\/","url":"https:\/\/alberta.college\/fr\/canada-summer-jobs\/","name":"Canada Summer Jobs - The Royal Alberta College","isPartOf":{"@id":"https:\/\/www.alberta.college\/fr\/#website"},"primaryImageOfPage":{"@id":"https:\/\/alberta.college\/fr\/canada-summer-jobs\/#primaryimage"},"image":{"@id":"https:\/\/alberta.college\/fr\/canada-summer-jobs\/#primaryimage"},"thumbnailUrl":"https:\/\/alberta.college\/wp-content\/uploads\/2021\/05\/We-Are-Hiring-3-576x1024-1.png","datePublished":"2021-05-28T22:54:04+00:00","dateModified":"2023-02-21T22:28:20+00:00","description":"The RAC has partnered with The Government of Canada to employ youth between the ages of 15 and 30 years of age through the Canada Summer Jobs program.","breadcrumb":{"@id":"https:\/\/alberta.college\/fr\/canada-summer-jobs\/#breadcrumb"},"inLanguage":"fr-CA","potentialAction":[{"@type":"ReadAction","target":["https:\/\/alberta.college\/fr\/canada-summer-jobs\/"]}]},{"@type":"ImageObject","inLanguage":"fr-CA","@id":"https:\/\/alberta.college\/fr\/canada-summer-jobs\/#primaryimage","url":"https:\/\/alberta.college\/wp-content\/uploads\/2021\/05\/We-Are-Hiring-3-576x1024-1.png","contentUrl":"https:\/\/alberta.college\/wp-content\/uploads\/2021\/05\/We-Are-Hiring-3-576x1024-1.png"},{"@type":"BreadcrumbList","@id":"https:\/\/alberta.college\/fr\/canada-summer-jobs\/#breadcrumb","itemListElement":[{"@type":"ListItem","position":1,"name":"Home","item":"https:\/\/www.alberta.college\/fr\/"},{"@type":"ListItem","position":2,"name":"Canada Summer Jobs"}]},{"@type":"WebSite","@id":"https:\/\/www.alberta.college\/fr\/#website","url":"https:\/\/www.alberta.college\/fr\/","name":"The Royal Alberta College","description":"High-Quality Affordable, Accessible Education for everyone","publisher":{"@id":"https:\/\/www.alberta.college\/fr\/#organization"},"potentialAction":[{"@type":"SearchAction","target":{"@type":"EntryPoint","urlTemplate":"https:\/\/www.alberta.college\/fr\/?s={search_term_string}"},"query-input":{"@type":"PropertyValueSpecification","valueRequired":true,"valueName":"search_term_string"}}],"inLanguage":"fr-CA"},{"@type":"Organization","@id":"https:\/\/www.alberta.college\/fr\/#organization","name":"The Royal Alberta College","url":"https:\/\/www.alberta.college\/fr\/","logo":{"@type":"ImageObject","inLanguage":"fr-CA","@id":"https:\/\/www.alberta.college\/fr\/#\/schema\/logo\/image\/","url":"https:\/\/alberta.college\/wp-content\/uploads\/2021\/05\/rac-logo.png","contentUrl":"https:\/\/alberta.college\/wp-content\/uploads\/2021\/05\/rac-logo.png","width":400,"height":242,"caption":"The Royal Alberta College"},"image":{"@id":"https:\/\/www.alberta.college\/fr\/#\/schema\/logo\/image\/"},"sameAs":["https:\/\/www.facebook.com\/RoyalAlbertaCollege","https:\/\/x.com\/alberta_college"]}]}},"jetpack_sharing_enabled":true,"_links":{"self":[{"href":"https:\/\/alberta.college\/fr\/wp-json\/wp\/v2\/pages\/2102"}],"collection":[{"href":"https:\/\/alberta.college\/fr\/wp-json\/wp\/v2\/pages"}],"about":[{"href":"https:\/\/alberta.college\/fr\/wp-json\/wp\/v2\/types\/page"}],"author":[{"embeddable":true,"href":"https:\/\/alberta.college\/fr\/wp-json\/wp\/v2\/users\/5"}],"replies":[{"embeddable":true,"href":"https:\/\/alberta.college\/fr\/wp-json\/wp\/v2\/comments?post=2102"}],"version-history":[{"count":3,"href":"https:\/\/alberta.college\/fr\/wp-json\/wp\/v2\/pages\/2102\/revisions"}],"predecessor-version":[{"id":16787,"href":"https:\/\/alberta.college\/fr\/wp-json\/wp\/v2\/pages\/2102\/revisions\/16787"}],"wp:attachment":[{"href":"https:\/\/alberta.college\/fr\/wp-json\/wp\/v2\/media?parent=2102"}],"curies":[{"name":"wp","href":"https:\/\/api.w.org\/{rel}","templated":true}]}}