
{"id":10915,"date":"2022-11-03T13:48:08","date_gmt":"2022-11-03T19:48:08","guid":{"rendered":"http:\/\/15.222.4.10\/?page_id=10915"},"modified":"2022-11-03T13:49:09","modified_gmt":"2022-11-03T19:49:09","slug":"gen-z-needs-assessment-landing-page","status":"publish","type":"page","link":"https:\/\/alberta.college\/fr\/gen-z-needs-assessment-landing-page\/","title":{"rendered":"Page d&#039;accueil de l&#039;\u00e9valuation des besoins de la g\u00e9n\u00e9ration Z"},"content":{"rendered":"<div data-elementor-type=\"wp-page\" data-elementor-id=\"10915\" class=\"elementor elementor-10915\" data-elementor-post-type=\"page\">\n\t\t\t\t\t\t<section class=\"elementor-section elementor-top-section elementor-element elementor-element-57cace5 elementor-section-height-min-height elementor-section-content-middle elementor-section-boxed elementor-section-height-default elementor-section-items-middle\" data-id=\"57cace5\" data-element_type=\"section\" data-settings=\"{&quot;background_background&quot;:&quot;classic&quot;,&quot;_ha_eqh_enable&quot;:false}\">\n\t\t\t\t\t\t\t<div class=\"elementor-background-overlay\"><\/div>\n\t\t\t\t\t\t\t<div class=\"elementor-container elementor-column-gap-no\">\n\t\t\t\t\t<div class=\"elementor-column elementor-col-100 elementor-top-column elementor-element elementor-element-a44f66f animated-fast elementor-invisible\" data-id=\"a44f66f\" data-element_type=\"column\" data-settings=\"{&quot;animation&quot;:&quot;fadeInUp&quot;,&quot;animation_delay&quot;:200}\">\n\t\t\t<div class=\"elementor-widget-wrap elementor-element-populated\">\n\t\t\t\t\t\t<div class=\"elementor-element elementor-element-04683be elementor-widget elementor-widget-image\" data-id=\"04683be\" data-element_type=\"widget\" data-widget_type=\"image.default\">\n\t\t\t\t<div class=\"elementor-widget-container\">\n\t\t\t<style>\/*! elementor - v3.19.0 - 28-02-2024 *\/\n.elementor-widget-image{text-align:center}.elementor-widget-image a{display:inline-block}.elementor-widget-image a img[src$=\".svg\"]{width:48px}.elementor-widget-image img{vertical-align:middle;display:inline-block}<\/style>\t\t\t\t\t\t\t\t\t\t<img decoding=\"async\" src=\"https:\/\/dev.alberta.college\/wp-content\/uploads\/2022\/10\/02-GenZ-Development-41-white.png\" title=\"\" alt=\"\" loading=\"lazy\" \/>\t\t\t\t\t\t\t\t\t\t\t\t\t<\/div>\n\t\t\t\t<\/div>\n\t\t\t\t<div class=\"elementor-element elementor-element-8dcc305 elementor-widget elementor-widget-text-editor\" data-id=\"8dcc305\" data-element_type=\"widget\" data-widget_type=\"text-editor.default\">\n\t\t\t\t<div class=\"elementor-widget-container\">\n\t\t\t<style>\/*! elementor - v3.19.0 - 28-02-2024 *\/\n.elementor-widget-text-editor.elementor-drop-cap-view-stacked .elementor-drop-cap{background-color:#69727d;color:#fff}.elementor-widget-text-editor.elementor-drop-cap-view-framed .elementor-drop-cap{color:#69727d;border:3px solid;background-color:transparent}.elementor-widget-text-editor:not(.elementor-drop-cap-view-default) .elementor-drop-cap{margin-top:8px}.elementor-widget-text-editor:not(.elementor-drop-cap-view-default) .elementor-drop-cap-letter{width:1em;height:1em}.elementor-widget-text-editor .elementor-drop-cap{float:left;text-align:center;line-height:1;font-size:50px}.elementor-widget-text-editor .elementor-drop-cap-letter{display:inline-block}<\/style>\t\t\t\t<p>Vous \u00eates l&#039;avenir !<\/p>\t\t\t\t\t\t<\/div>\n\t\t\t\t<\/div>\n\t\t\t\t<div class=\"elementor-element elementor-element-78074fe elementor-widget elementor-widget-text-editor\" data-id=\"78074fe\" data-element_type=\"widget\" data-widget_type=\"text-editor.default\">\n\t\t\t\t<div class=\"elementor-widget-container\">\n\t\t\t\t\t\t\t<p>Les participants \u00e9ligibles peuvent r\u00e9pondre \u00e0 notre questionnaire (5 min) et participer pour gagner un prix<\/p>\t\t\t\t\t\t<\/div>\n\t\t\t\t<\/div>\n\t\t\t\t<div class=\"elementor-element elementor-element-358cc18 elementor-align-center elementor-widget elementor-widget-button\" data-id=\"358cc18\" data-element_type=\"widget\" data-widget_type=\"button.default\">\n\t\t\t\t<div class=\"elementor-widget-container\">\n\t\t\t\t\t<div class=\"elementor-button-wrapper\">\n\t\t\t<a class=\"elementor-button elementor-button-link elementor-size-sm elementor-animation-grow\" href=\"https:\/\/alberta.college\/fr\/gen-z-needs-assessment-form\/\">\n\t\t\t\t\t\t<span class=\"elementor-button-content-wrapper\">\n\t\t\t\t\t\t<span class=\"elementor-button-text\">Passer l&#039;\u00e9valuation<\/span>\n\t\t<\/span>\n\t\t\t\t\t<\/a>\n\t\t<\/div>\n\t\t\t\t<\/div>\n\t\t\t\t<\/div>\n\t\t\t\t\t<\/div>\n\t\t<\/div>\n\t\t\t\t\t<\/div>\n\t\t<\/section>\n\t\t\t\t<\/div>","protected":false},"excerpt":{"rendered":"<p>Vous \u00eates l&#039;avenir ! Les participants \u00e9ligibles peuvent r\u00e9pondre \u00e0 notre questionnaire (5 min) et participer pour gagner un prix. Passer l&#039;\u00e9valuation<\/p>","protected":false},"author":16,"featured_media":0,"parent":0,"menu_order":0,"comment_status":"closed","ping_status":"closed","template":"elementor_canvas","meta":{"footnotes":""},"yoast_head":"<!-- This site is optimized with the Yoast SEO plugin v23.5 - https:\/\/yoast.com\/wordpress\/plugins\/seo\/ -->\n<title>Gen-Z Needs Assessment Landing Page - The Royal Alberta College<\/title>\n<meta name=\"robots\" content=\"index, follow, max-snippet:-1, max-image-preview:large, max-video-preview:-1\" \/>\n<link rel=\"canonical\" href=\"https:\/\/ec2-52-60-82-137.ca-central-1.compute.amazonaws.com\/fr\/gen-z-needs-assessment-landing-page\/\" \/>\n<meta property=\"og:locale\" content=\"fr_CA\" \/>\n<meta property=\"og:type\" content=\"article\" \/>\n<meta property=\"og:title\" content=\"Gen-Z Needs Assessment Landing Page - The Royal Alberta College\" \/>\n<meta property=\"og:description\" content=\"You are the future! Eligible participants can take our questionnaire (5 min) and enter to win a prize Take the assessment\" \/>\n<meta property=\"og:url\" content=\"https:\/\/ec2-52-60-82-137.ca-central-1.compute.amazonaws.com\/fr\/gen-z-needs-assessment-landing-page\/\" \/>\n<meta property=\"og:site_name\" content=\"The Royal Alberta College\" \/>\n<meta property=\"article:publisher\" content=\"https:\/\/www.facebook.com\/RoyalAlbertaCollege\" \/>\n<meta property=\"article:modified_time\" content=\"2022-11-03T19:49:09+00:00\" \/>\n<meta property=\"og:image\" content=\"https:\/\/alberta.college\/wp-content\/uploads\/2022\/10\/02-GenZ-Development-41-white.png\" \/>\n<meta name=\"twitter:card\" content=\"summary_large_image\" \/>\n<meta name=\"twitter:site\" content=\"@alberta_college\" \/>\n<meta name=\"twitter:label1\" content=\"Estimation du temps de lecture\" \/>\n\t<meta name=\"twitter:data1\" content=\"1 minute\" \/>\n<script type=\"application\/ld+json\" class=\"yoast-schema-graph\">{\"@context\":\"https:\/\/schema.org\",\"@graph\":[{\"@type\":\"WebPage\",\"@id\":\"https:\/\/ec2-52-60-82-137.ca-central-1.compute.amazonaws.com\/fr\/gen-z-needs-assessment-landing-page\/\",\"url\":\"https:\/\/ec2-52-60-82-137.ca-central-1.compute.amazonaws.com\/fr\/gen-z-needs-assessment-landing-page\/\",\"name\":\"Gen-Z Needs Assessment Landing Page - The Royal Alberta College\",\"isPartOf\":{\"@id\":\"https:\/\/alberta.college\/#website\"},\"primaryImageOfPage\":{\"@id\":\"https:\/\/ec2-52-60-82-137.ca-central-1.compute.amazonaws.com\/fr\/gen-z-needs-assessment-landing-page\/#primaryimage\"},\"image\":{\"@id\":\"https:\/\/ec2-52-60-82-137.ca-central-1.compute.amazonaws.com\/fr\/gen-z-needs-assessment-landing-page\/#primaryimage\"},\"thumbnailUrl\":\"https:\/\/alberta.college\/wp-content\/uploads\/2022\/10\/02-GenZ-Development-41-white.png\",\"datePublished\":\"2022-11-03T19:48:08+00:00\",\"dateModified\":\"2022-11-03T19:49:09+00:00\",\"breadcrumb\":{\"@id\":\"https:\/\/ec2-52-60-82-137.ca-central-1.compute.amazonaws.com\/fr\/gen-z-needs-assessment-landing-page\/#breadcrumb\"},\"inLanguage\":\"fr-CA\",\"potentialAction\":[{\"@type\":\"ReadAction\",\"target\":[\"https:\/\/ec2-52-60-82-137.ca-central-1.compute.amazonaws.com\/fr\/gen-z-needs-assessment-landing-page\/\"]}]},{\"@type\":\"ImageObject\",\"inLanguage\":\"fr-CA\",\"@id\":\"https:\/\/ec2-52-60-82-137.ca-central-1.compute.amazonaws.com\/fr\/gen-z-needs-assessment-landing-page\/#primaryimage\",\"url\":\"https:\/\/alberta.college\/wp-content\/uploads\/2022\/10\/02-GenZ-Development-41-white.png\",\"contentUrl\":\"https:\/\/alberta.college\/wp-content\/uploads\/2022\/10\/02-GenZ-Development-41-white.png\"},{\"@type\":\"BreadcrumbList\",\"@id\":\"https:\/\/ec2-52-60-82-137.ca-central-1.compute.amazonaws.com\/fr\/gen-z-needs-assessment-landing-page\/#breadcrumb\",\"itemListElement\":[{\"@type\":\"ListItem\",\"position\":1,\"name\":\"Home\",\"item\":\"https:\/\/alberta.college\/\"},{\"@type\":\"ListItem\",\"position\":2,\"name\":\"Gen-Z Needs Assessment Landing Page\"}]},{\"@type\":\"WebSite\",\"@id\":\"https:\/\/alberta.college\/#website\",\"url\":\"https:\/\/alberta.college\/\",\"name\":\"The Royal Alberta College\",\"description\":\"High-Quality Affordable, Accessible Education for everyone\",\"publisher\":{\"@id\":\"https:\/\/alberta.college\/#organization\"},\"potentialAction\":[{\"@type\":\"SearchAction\",\"target\":{\"@type\":\"EntryPoint\",\"urlTemplate\":\"https:\/\/alberta.college\/?s={search_term_string}\"},\"query-input\":{\"@type\":\"PropertyValueSpecification\",\"valueRequired\":true,\"valueName\":\"search_term_string\"}}],\"inLanguage\":\"fr-CA\"},{\"@type\":\"Organization\",\"@id\":\"https:\/\/alberta.college\/#organization\",\"name\":\"The Royal Alberta College\",\"url\":\"https:\/\/alberta.college\/\",\"logo\":{\"@type\":\"ImageObject\",\"inLanguage\":\"fr-CA\",\"@id\":\"https:\/\/alberta.college\/#\/schema\/logo\/image\/\",\"url\":\"https:\/\/alberta.college\/wp-content\/uploads\/2021\/05\/rac-logo.png\",\"contentUrl\":\"https:\/\/alberta.college\/wp-content\/uploads\/2021\/05\/rac-logo.png\",\"width\":400,\"height\":242,\"caption\":\"The Royal Alberta College\"},\"image\":{\"@id\":\"https:\/\/alberta.college\/#\/schema\/logo\/image\/\"},\"sameAs\":[\"https:\/\/www.facebook.com\/RoyalAlbertaCollege\",\"https:\/\/x.com\/alberta_college\"]}]}<\/script>\n<!-- \/ Yoast SEO plugin. -->","yoast_head_json":{"title":"Gen-Z Needs Assessment Landing Page - The Royal Alberta College","robots":{"index":"index","follow":"follow","max-snippet":"max-snippet:-1","max-image-preview":"max-image-preview:large","max-video-preview":"max-video-preview:-1"},"canonical":"https:\/\/ec2-52-60-82-137.ca-central-1.compute.amazonaws.com\/fr\/gen-z-needs-assessment-landing-page\/","og_locale":"fr_CA","og_type":"article","og_title":"Gen-Z Needs Assessment Landing Page - The Royal Alberta College","og_description":"You are the future! Eligible participants can take our questionnaire (5 min) and enter to win a prize Take the assessment","og_url":"https:\/\/ec2-52-60-82-137.ca-central-1.compute.amazonaws.com\/fr\/gen-z-needs-assessment-landing-page\/","og_site_name":"The Royal Alberta College","article_publisher":"https:\/\/www.facebook.com\/RoyalAlbertaCollege","article_modified_time":"2022-11-03T19:49:09+00:00","og_image":[{"url":"https:\/\/alberta.college\/wp-content\/uploads\/2022\/10\/02-GenZ-Development-41-white.png"}],"twitter_card":"summary_large_image","twitter_site":"@alberta_college","twitter_misc":{"Estimation du temps de lecture":"1 minute"},"schema":{"@context":"https:\/\/schema.org","@graph":[{"@type":"WebPage","@id":"https:\/\/ec2-52-60-82-137.ca-central-1.compute.amazonaws.com\/fr\/gen-z-needs-assessment-landing-page\/","url":"https:\/\/ec2-52-60-82-137.ca-central-1.compute.amazonaws.com\/fr\/gen-z-needs-assessment-landing-page\/","name":"Gen-Z Needs Assessment Landing Page - The Royal Alberta College","isPartOf":{"@id":"https:\/\/alberta.college\/#website"},"primaryImageOfPage":{"@id":"https:\/\/ec2-52-60-82-137.ca-central-1.compute.amazonaws.com\/fr\/gen-z-needs-assessment-landing-page\/#primaryimage"},"image":{"@id":"https:\/\/ec2-52-60-82-137.ca-central-1.compute.amazonaws.com\/fr\/gen-z-needs-assessment-landing-page\/#primaryimage"},"thumbnailUrl":"https:\/\/alberta.college\/wp-content\/uploads\/2022\/10\/02-GenZ-Development-41-white.png","datePublished":"2022-11-03T19:48:08+00:00","dateModified":"2022-11-03T19:49:09+00:00","breadcrumb":{"@id":"https:\/\/ec2-52-60-82-137.ca-central-1.compute.amazonaws.com\/fr\/gen-z-needs-assessment-landing-page\/#breadcrumb"},"inLanguage":"fr-CA","potentialAction":[{"@type":"ReadAction","target":["https:\/\/ec2-52-60-82-137.ca-central-1.compute.amazonaws.com\/fr\/gen-z-needs-assessment-landing-page\/"]}]},{"@type":"ImageObject","inLanguage":"fr-CA","@id":"https:\/\/ec2-52-60-82-137.ca-central-1.compute.amazonaws.com\/fr\/gen-z-needs-assessment-landing-page\/#primaryimage","url":"https:\/\/alberta.college\/wp-content\/uploads\/2022\/10\/02-GenZ-Development-41-white.png","contentUrl":"https:\/\/alberta.college\/wp-content\/uploads\/2022\/10\/02-GenZ-Development-41-white.png"},{"@type":"BreadcrumbList","@id":"https:\/\/ec2-52-60-82-137.ca-central-1.compute.amazonaws.com\/fr\/gen-z-needs-assessment-landing-page\/#breadcrumb","itemListElement":[{"@type":"ListItem","position":1,"name":"Home","item":"https:\/\/alberta.college\/"},{"@type":"ListItem","position":2,"name":"Gen-Z Needs Assessment Landing Page"}]},{"@type":"WebSite","@id":"https:\/\/alberta.college\/#website","url":"https:\/\/alberta.college\/","name":"The Royal Alberta College","description":"High-Quality Affordable, Accessible Education for everyone","publisher":{"@id":"https:\/\/alberta.college\/#organization"},"potentialAction":[{"@type":"SearchAction","target":{"@type":"EntryPoint","urlTemplate":"https:\/\/alberta.college\/?s={search_term_string}"},"query-input":{"@type":"PropertyValueSpecification","valueRequired":true,"valueName":"search_term_string"}}],"inLanguage":"fr-CA"},{"@type":"Organization","@id":"https:\/\/alberta.college\/#organization","name":"The Royal Alberta College","url":"https:\/\/alberta.college\/","logo":{"@type":"ImageObject","inLanguage":"fr-CA","@id":"https:\/\/alberta.college\/#\/schema\/logo\/image\/","url":"https:\/\/alberta.college\/wp-content\/uploads\/2021\/05\/rac-logo.png","contentUrl":"https:\/\/alberta.college\/wp-content\/uploads\/2021\/05\/rac-logo.png","width":400,"height":242,"caption":"The Royal Alberta College"},"image":{"@id":"https:\/\/alberta.college\/#\/schema\/logo\/image\/"},"sameAs":["https:\/\/www.facebook.com\/RoyalAlbertaCollege","https:\/\/x.com\/alberta_college"]}]}},"jetpack_sharing_enabled":true,"_links":{"self":[{"href":"https:\/\/alberta.college\/fr\/wp-json\/wp\/v2\/pages\/10915"}],"collection":[{"href":"https:\/\/alberta.college\/fr\/wp-json\/wp\/v2\/pages"}],"about":[{"href":"https:\/\/alberta.college\/fr\/wp-json\/wp\/v2\/types\/page"}],"author":[{"embeddable":true,"href":"https:\/\/alberta.college\/fr\/wp-json\/wp\/v2\/users\/16"}],"replies":[{"embeddable":true,"href":"https:\/\/alberta.college\/fr\/wp-json\/wp\/v2\/comments?post=10915"}],"version-history":[{"count":4,"href":"https:\/\/alberta.college\/fr\/wp-json\/wp\/v2\/pages\/10915\/revisions"}],"predecessor-version":[{"id":10919,"href":"https:\/\/alberta.college\/fr\/wp-json\/wp\/v2\/pages\/10915\/revisions\/10919"}],"wp:attachment":[{"href":"https:\/\/alberta.college\/fr\/wp-json\/wp\/v2\/media?parent=10915"}],"curies":[{"name":"wp","href":"https:\/\/api.w.org\/{rel}","templated":true}]}}